{"id":45202,"date":"2024-01-11T17:13:49","date_gmt":"2024-01-11T14:13:49","guid":{"rendered":"https:\/\/minimax.md\/product\/45202.html"},"modified":"2024-03-13T01:04:39","modified_gmt":"2024-03-12T22:04:39","slug":"ru_ru-uno-nastolnaja-igra-trim-ro_ro-uno","status":"publish","type":"product","link":"https:\/\/minimax.md\/ru\/product\/45202.html","title":{"rendered":"UNO \u041d\u0430\u0441\u0442\u043e\u043b\u044c\u043d\u0430\u044f \u0438\u0433\u0440\u0430"},"content":{"rendered":"<p>[:ru_RU]\u0418\u0433\u0440\u0430 &#8220;Uno&#8221; Mattel \u043d\u0435 \u0434\u0430\u0441\u0442 \u0437\u0430\u0441\u043a\u0443\u0447\u0430\u0442\u044c \u0432 \u043b\u044e\u0431\u043e\u0439 \u043a\u043e\u043c\u043f\u0430\u043d\u0438\u0438! \u0421 UNO \u2014 \u043d\u0438\u043a\u0430\u043a\u043e\u0439 \u0441\u043a\u0443\u043a\u0438, \u0442\u043e\u043b\u044c\u043a\u043e \u0444\u0430\u043d\u0442\u0430\u0441\u0442\u0438\u0447\u0435\u0441\u043a\u0438\u0435 \u0440\u0430\u0437\u0432\u043b\u0435\u0447\u0435\u043d\u0438\u044f! \u041f\u0440\u0438\u043d\u0446\u0438\u043f \u0438\u0433\u0440\u044b: &#8220;\u0432\u044b\u0431\u0440\u043e\u0441\u0438\u0442\u044c&#8221; \u0441\u0432\u043e\u0438 \u043a\u0430\u0440\u0442\u044b \u0440\u0430\u043d\u044c\u0448\u0435 \u0432\u0441\u0435\u0445. \u041a\u043e\u0433\u0434\u0430 \u0443 \u0438\u0433\u0440\u043e\u043a\u0430 \u043e\u0441\u0442\u0430\u0435\u0442\u0441\u044f 1 \u043a\u0430\u0440\u0442\u0430, \u043d\u0443\u0436\u043d\u043e \u0432\u0435\u0441\u0435\u043b\u043e \u043f\u0440\u043e\u043a\u0440\u0438\u0447\u0430\u0442\u044c Uno! \u0412 \u043d\u0430\u0431\u043e\u0440\u0435 108 \u043a\u0430\u0440\u0442\u043e\u0447\u0435\u043a \u0438 \u0438\u043d\u0441\u0442\u0440\u0443\u043a\u0446\u0438\u044f.<br \/>\n\u041c\u0430\u043b\u0435\u043d\u044c\u043a\u0443\u044e \u043a\u043e\u0440\u043e\u0431\u043e\u0447\u043a\u0443 \u0441 \u0438\u0433\u0440\u043e\u0439 \u0443\u0434\u043e\u0431\u043d\u043e \u0431\u0440\u0430\u0442\u044c \u0441 \u0441\u043e\u0431\u043e\u0439 \u0432 \u043f\u043e\u0435\u0437\u0434\u043a\u0438, \u0438 \u043c\u043e\u0436\u043d\u043e \u0441\u043a\u043e\u0440\u043e\u0442\u0430\u0442\u044c \u0432\u0440\u0435\u043c\u044f \u0437\u0430 \u0443\u0432\u043b\u0435\u043a\u0430\u0442\u0435\u043b\u044c\u043d\u044b\u043c \u0437\u0430\u043d\u044f\u0442\u0438\u0435\u043c.<\/p>\n<p>\u041a\u043e\u043b\u0438\u0447\u0435\u0441\u0442\u0432\u043e \u0438\u0433\u0440\u043e\u043a\u043e\u0432: 2 &#8211; 10 \u0447\u0435\u043b<br \/>\n\u0412 \u043a\u043e\u043c\u043f\u043b\u0435\u043a\u0442\u0435: 108 \u043a\u0430\u0440\u0442 \u0438 \u0438\u043d\u0441\u0442\u0440\u0443\u043a\u0446\u0438\u044f.[trim][:ro_RO]Trebuie s\u0103 ac\u021bionezi foarte repede pentru ca \u0219i ceilal\u021bi juc\u0103tori au numere \u0219i culori care se potrivesc.<br \/>\nScopul jocului <strong>&#8220;Uno&#8221;<\/strong> este de a r\u0103m\u00eene f\u0103r\u0103 c\u0103r\u021bi \u00een m\u00een\u0103!<br \/>\nC\u0103r\u021bile Uno este un joc popular, pentru distrac\u021bia \u00eentregii familii! Jocul de c\u0103r\u021bi UNO este un joc ce poate fi jucat de 2 pan\u0103 la 10 juc\u0103tori, cu cat sunt mai mul\u021bi juc\u0103tori, cu atat mai incitant este jocul! Pachetul con\u021bine 108 c\u0103r\u021bi, de 4 culori, numerotate de la 0 la 9 \u0219i cateva c\u0103r\u021bi cu func\u021bii speciale: stai un rand, e\u0219ti obligat s\u0103 iei c\u0103r\u021bi, etc.<br \/>\nLa fiecare rand trebuie s\u0103 completezi cartea ultima de pe masa de joc, potrivind culoarea sau num\u0103rul.<br \/>\nCand ramai cu o singur\u0103 carte \u00een man\u0103, strigi UNO! Jocul s-a finisat!<\/p>\n<p><strong>Setul contine:<\/strong> 108 c\u0103r\u021bi \u0219i 1 ghid de utilizare.<br \/>\n<strong>Num\u0103rul juc\u0103torilor:<\/strong> 2 &#8211; 10 persoane<\/p>\n","protected":false},"excerpt":{"rendered":"<p>[:ru_RU]\u0418\u0433\u0440\u0430 &#8220;Uno&#8221; Mattel \u043d\u0435 \u0434\u0430\u0441\u0442 \u0437\u0430\u0441\u043a\u0443\u0447\u0430\u0442\u044c \u0432 \u043b\u044e\u0431\u043e\u0439 \u043a\u043e\u043c\u043f\u0430\u043d\u0438\u0438! \u0421 UNO \u2014 \u043d\u0438\u043a\u0430\u043a\u043e\u0439 \u0441\u043a\u0443\u043a\u0438, \u0442\u043e\u043b\u044c\u043a\u043e \u0444\u0430\u043d\u0442\u0430\u0441\u0442\u0438\u0447\u0435\u0441\u043a\u0438\u0435 \u0440\u0430\u0437\u0432\u043b\u0435\u0447\u0435\u043d\u0438\u044f! \u041f\u0440\u0438\u043d\u0446\u0438\u043f \u0438\u0433\u0440\u044b: &#8220;\u0432\u044b\u0431\u0440\u043e\u0441\u0438\u0442\u044c&#8221; \u0441\u0432\u043e\u0438 \u043a\u0430\u0440\u0442\u044b \u0440\u0430\u043d\u044c\u0448\u0435 \u0432\u0441\u0435\u0445. \u041a\u043e\u0433\u0434\u0430 \u0443 \u0438\u0433\u0440\u043e\u043a\u0430 \u043e\u0441\u0442\u0430\u0435\u0442\u0441\u044f 1 \u043a\u0430\u0440\u0442\u0430, \u043d\u0443\u0436\u043d\u043e \u0432\u0435\u0441\u0435\u043b\u043e \u043f\u0440\u043e\u043a\u0440\u0438\u0447\u0430\u0442\u044c Uno! \u0412 \u043d\u0430\u0431\u043e\u0440\u0435 108 \u043a\u0430\u0440\u0442\u043e\u0447\u0435\u043a \u0438 \u0438\u043d\u0441\u0442\u0440\u0443\u043a\u0446\u0438\u044f. \u041c\u0430\u043b\u0435\u043d\u044c\u043a\u0443\u044e \u043a\u043e\u0440\u043e\u0431\u043e\u0447\u043a\u0443 \u0441 \u0438\u0433\u0440\u043e\u0439 \u0443\u0434\u043e\u0431\u043d\u043e \u0431\u0440\u0430\u0442\u044c \u0441 \u0441\u043e\u0431\u043e\u0439 \u0432 \u043f\u043e\u0435\u0437\u0434\u043a\u0438, \u0438 \u043c\u043e\u0436\u043d\u043e \u0441\u043a\u043e\u0440\u043e\u0442\u0430\u0442\u044c \u0432\u0440\u0435\u043c\u044f \u0437\u0430 [&hellip;]<\/p>\n","protected":false},"featured_media":45199,"comment_status":"open","ping_status":"closed","template":"","meta":{"_acf_changed":false},"product_brand":[],"product_cat":[6695],"product_tag":[],"class_list":{"0":"post-45202","1":"product","2":"type-product","3":"status-publish","4":"has-post-thumbnail","6":"product_cat-ru_ru-logicheskie-trim-ro_r","8":"first","9":"instock","10":"shipping-taxable","11":"purchasable","12":"product-type-simple"},"acf":[],"_links":{"self":[{"href":"https:\/\/minimax.md\/ru\/wp-json\/wp\/v2\/product\/45202","targetHints":{"allow":["GET"]}}],"collection":[{"href":"https:\/\/minimax.md\/ru\/wp-json\/wp\/v2\/product"}],"about":[{"href":"https:\/\/minimax.md\/ru\/wp-json\/wp\/v2\/types\/product"}],"replies":[{"embeddable":true,"href":"https:\/\/minimax.md\/ru\/wp-json\/wp\/v2\/comments?post=45202"}],"version-history":[{"count":0,"href":"https:\/\/minimax.md\/ru\/wp-json\/wp\/v2\/product\/45202\/revisions"}],"wp:featuredmedia":[{"embeddable":true,"href":"https:\/\/minimax.md\/ru\/wp-json\/wp\/v2\/media\/45199"}],"wp:attachment":[{"href":"https:\/\/minimax.md\/ru\/wp-json\/wp\/v2\/media?parent=45202"}],"wp:term":[{"taxonomy":"product_brand","embeddable":true,"href":"https:\/\/minimax.md\/ru\/wp-json\/wp\/v2\/product_brand?post=45202"},{"taxonomy":"product_cat","embeddable":true,"href":"https:\/\/minimax.md\/ru\/wp-json\/wp\/v2\/product_cat?post=45202"},{"taxonomy":"product_tag","embeddable":true,"href":"https:\/\/minimax.md\/ru\/wp-json\/wp\/v2\/product_tag?post=45202"}],"curies":[{"name":"wp","href":"https:\/\/api.w.org\/{rel}","templated":true}]}}