{"id":45204,"date":"2024-01-11T17:13:49","date_gmt":"2024-01-11T14:13:49","guid":{"rendered":"https:\/\/minimax.md\/product\/45204.html"},"modified":"2024-03-13T01:04:10","modified_gmt":"2024-03-12T22:04:10","slug":"ru_ru-1-16-inercionnyj-avtovoz-i-tank-svet-zvuk-trim-ro_ro-1-16-camion-transportator-cu-fric-iune-cu-tanc-lumini-sunete","status":"publish","type":"product","link":"https:\/\/minimax.md\/ru\/product\/45204.html","title":{"rendered":"1:16 \u0418\u043d\u0435\u0440\u0446\u0438\u043e\u043d\u043d\u044b\u0439 \u0410\u0432\u0442\u043e\u0432\u043e\u0437 \u0438 \u0442\u0430\u043d\u043a (\u0441\u0432\u0435\u0442 \/ \u0437\u0432\u0443\u043a)"},"content":{"rendered":"<p>[:ru_RU]\u0418\u0433\u0440\u0443\u0448\u043a\u0430 \u043f\u0440\u0435\u0434\u043d\u0430\u0437\u043d\u0430\u0447\u0435\u043d\u0430 \u0434\u043b\u044f \u0441\u044e\u0436\u0435\u0442\u043d\u043e-\u0440\u043e\u043b\u0435\u0432\u044b\u0445 \u0438\u0433\u0440, \u0441\u043f\u043e\u0441\u043e\u0431\u0441\u0442\u0432\u0443\u0435\u0442 \u0440\u0430\u0437\u0432\u0438\u0442\u0438\u044e \u043f\u043e\u0437\u043d\u0430\u0432\u0430\u0442\u0435\u043b\u044c\u043d\u043e\u0433\u043e \u043c\u044b\u0448\u043b\u0435\u043d\u0438\u044f \u0438 \u043c\u043e\u0442\u043e\u0440\u0438\u043a\u0438, \u0442\u0440\u0435\u043d\u0438\u0440\u0443\u0435\u0442 \u043a\u043e\u043e\u0440\u0434\u0438\u043d\u0430\u0446\u0438\u044e \u0434\u0432\u0438\u0436\u0435\u043d\u0438\u0439, \u0432\u043d\u0438\u043c\u0430\u043d\u0438\u0435 \u0438 \u043b\u043e\u0432\u043a\u043e\u0441\u0442\u044c. \u0421\u044e\u0436\u0435\u0442\u043d\u043e-\u0440\u043e\u043b\u0435\u0432\u044b\u0435 \u0438\u0433\u0440\u044b \u0432\u0430\u0436\u043d\u0430\u044f \u0447\u0430\u0441\u0442\u044c \u0440\u0430\u0437\u0432\u0438\u0442\u0438\u044f \u0440\u0435\u0431\u0451\u043d\u043a\u0430, \u0442\u0430\u043a\u0438\u0435 \u0438\u0433\u0440\u044b \u043f\u043e\u043c\u043e\u0433\u0430\u044e\u0442 \u0435\u043c\u0443 \u043e\u0441\u0432\u043e\u0438\u0442\u044c \u043d\u043e\u0432\u044b\u0435 \u0441\u043e\u0446\u0438\u0430\u043b\u044c\u043d\u044b\u0435 \u0440\u043e\u043b\u0438 \u0438 \u0441\u0442\u0438\u043c\u0443\u043b\u0438\u0440\u0443\u044e\u0442 \u0440\u0430\u0437\u0432\u0438\u0442\u0438\u0435 \u0432\u043e\u043e\u0431\u0440\u0430\u0436\u0435\u043d\u0438\u044f. \u041c\u0430\u0448\u0438\u043d\u044b \u0432 \u043d\u0430\u0431\u043e\u0440\u0435 \u043e\u0441\u043d\u0430\u0449\u0435\u043d\u044b \u0438\u043d\u0435\u0440\u0446\u0438\u043e\u043d\u043d\u044b\u043c \u043c\u0435\u0445\u0430\u043d\u0438\u0437\u043c\u043e\u043c.<br \/>\n\u0425\u0430\u0440\u0430\u043a\u0442\u0435\u0440\u0438\u0441\u0442\u0438\u043a\u0438:<br \/>\n\u2022 4 \u0430\u0432\u0442\u043e\u043c\u043e\u0431\u0438\u043b\u044c\u043d\u044b\u0445 \u0437\u0432\u0443\u043a\u0430.<br \/>\n\u2022 \u041c\u0438\u0433\u0430\u043d\u0438\u0435 \u043f\u0440\u043e\u0431\u043b\u0435\u0441\u043a\u043e\u0432\u044b\u0445 \u043c\u0430\u044f\u043a\u043e\u0432.<br \/>\n\u2022 \u0412 \u043a\u043e\u043c\u043f\u043b\u0435\u043a\u0442\u0435 \u0442\u0430\u043d\u043a<br \/>\n\u2022 \u0421\u0432\u0435\u0442 \u0438 \u0437\u0432\u0443\u043a \u0440\u0430\u0431\u043e\u0442\u0430\u044e\u0442 \u043e\u0442 3-\u0445 \u0431\u0430\u0442\u0430\u0440\u0435\u0435\u043a &#8220;AG13&#8221; (\u0432\u0445\u043e\u0434\u044f\u0442 \u0432 \u043a\u043e\u043c\u043f\u043b\u0435\u043a\u0442 \u0434\u043b\u044f \u0434\u0435\u043c\u043e\u043d\u0441\u0442\u0440\u0430\u0446\u0438\u0438)<br \/>\n\u2022 \u041c\u0430\u0442\u0435\u0440\u0438\u0430\u043b: \u043f\u043b\u0430\u0441\u0442\u0438\u043a.<br \/>\n\u2022 \u0414\u043b\u044f \u0434\u0435\u0442\u0435\u0439 \u043e\u0442 3-\u0445 \u043b\u0435\u0442.[trim][:ro_RO]Camionul transportator cu tanc va oferi distrac\u021bie creativ\u0103. Ma\u0219ina este echipat\u0103 cu efecte sonore \u0219i luminoase, a\u0219a ca distrac\u021bia va fi \u0219i mai realist\u0103.<\/p>\n<p>Atrac\u021bii ale vehiculului:<br \/>\n\u2013 camionul condus de mecanismul de putere de fric\u021biune, adic\u0103 accelerat prin mutarea juc\u0103riei pe o suprafa\u021ba neted\u0103<br \/>\n\u2013 lumini pe acoperi\u0219ul camionului<br \/>\n\u2013 prin ap\u0103sarea butoanelor de pe acoperi\u0219 pute\u021bi auzi sunetul vehiculului pornind, munca motorului, inversarea, claxonul<br \/>\n\u2013 juc\u0103ria este realizat\u0103 din plastic de calitate \u00eenalt\u0103<br \/>\n\u2013 anvelopele pentru camioane sunt \u00eenconjurate de o band\u0103 de cauciuc<br \/>\n\u2013 tancul i\u0219i poate roti turela<\/p>\n<p>Setul include:<br \/>\n\u2013 camion \u2013 camion tractant<br \/>\n\u2013 1 tanc<\/p>\n<p>\u2013 scara 1:16<br \/>\nJuc\u0103ria este alimentat\u0103 de baterii (3 x AG13) incluse \u00een set.<\/p>\n","protected":false},"excerpt":{"rendered":"<p>[:ru_RU]\u0418\u0433\u0440\u0443\u0448\u043a\u0430 \u043f\u0440\u0435\u0434\u043d\u0430\u0437\u043d\u0430\u0447\u0435\u043d\u0430 \u0434\u043b\u044f \u0441\u044e\u0436\u0435\u0442\u043d\u043e-\u0440\u043e\u043b\u0435\u0432\u044b\u0445 \u0438\u0433\u0440, \u0441\u043f\u043e\u0441\u043e\u0431\u0441\u0442\u0432\u0443\u0435\u0442 \u0440\u0430\u0437\u0432\u0438\u0442\u0438\u044e \u043f\u043e\u0437\u043d\u0430\u0432\u0430\u0442\u0435\u043b\u044c\u043d\u043e\u0433\u043e \u043c\u044b\u0448\u043b\u0435\u043d\u0438\u044f \u0438 \u043c\u043e\u0442\u043e\u0440\u0438\u043a\u0438, \u0442\u0440\u0435\u043d\u0438\u0440\u0443\u0435\u0442 \u043a\u043e\u043e\u0440\u0434\u0438\u043d\u0430\u0446\u0438\u044e \u0434\u0432\u0438\u0436\u0435\u043d\u0438\u0439, \u0432\u043d\u0438\u043c\u0430\u043d\u0438\u0435 \u0438 \u043b\u043e\u0432\u043a\u043e\u0441\u0442\u044c. \u0421\u044e\u0436\u0435\u0442\u043d\u043e-\u0440\u043e\u043b\u0435\u0432\u044b\u0435 \u0438\u0433\u0440\u044b \u0432\u0430\u0436\u043d\u0430\u044f \u0447\u0430\u0441\u0442\u044c \u0440\u0430\u0437\u0432\u0438\u0442\u0438\u044f \u0440\u0435\u0431\u0451\u043d\u043a\u0430, \u0442\u0430\u043a\u0438\u0435 \u0438\u0433\u0440\u044b \u043f\u043e\u043c\u043e\u0433\u0430\u044e\u0442 \u0435\u043c\u0443 \u043e\u0441\u0432\u043e\u0438\u0442\u044c \u043d\u043e\u0432\u044b\u0435 \u0441\u043e\u0446\u0438\u0430\u043b\u044c\u043d\u044b\u0435 \u0440\u043e\u043b\u0438 \u0438 \u0441\u0442\u0438\u043c\u0443\u043b\u0438\u0440\u0443\u044e\u0442 \u0440\u0430\u0437\u0432\u0438\u0442\u0438\u0435 \u0432\u043e\u043e\u0431\u0440\u0430\u0436\u0435\u043d\u0438\u044f. \u041c\u0430\u0448\u0438\u043d\u044b \u0432 \u043d\u0430\u0431\u043e\u0440\u0435 \u043e\u0441\u043d\u0430\u0449\u0435\u043d\u044b \u0438\u043d\u0435\u0440\u0446\u0438\u043e\u043d\u043d\u044b\u043c \u043c\u0435\u0445\u0430\u043d\u0438\u0437\u043c\u043e\u043c. \u0425\u0430\u0440\u0430\u043a\u0442\u0435\u0440\u0438\u0441\u0442\u0438\u043a\u0438: \u2022 4 \u0430\u0432\u0442\u043e\u043c\u043e\u0431\u0438\u043b\u044c\u043d\u044b\u0445 \u0437\u0432\u0443\u043a\u0430. \u2022 \u041c\u0438\u0433\u0430\u043d\u0438\u0435 \u043f\u0440\u043e\u0431\u043b\u0435\u0441\u043a\u043e\u0432\u044b\u0445 \u043c\u0430\u044f\u043a\u043e\u0432. \u2022 \u0412 \u043a\u043e\u043c\u043f\u043b\u0435\u043a\u0442\u0435 \u0442\u0430\u043d\u043a \u2022 [&hellip;]<\/p>\n","protected":false},"featured_media":45203,"comment_status":"open","ping_status":"closed","template":"","meta":{"_acf_changed":false},"product_brand":[],"product_cat":[6726],"product_tag":[],"class_list":{"0":"post-45204","1":"product","2":"type-product","3":"status-publish","4":"has-post-thumbnail","6":"product_cat-ru_ru-mashinki-trim-ro_ro-m","8":"first","9":"instock","10":"shipping-taxable","11":"purchasable","12":"product-type-simple"},"acf":[],"_links":{"self":[{"href":"https:\/\/minimax.md\/ru\/wp-json\/wp\/v2\/product\/45204","targetHints":{"allow":["GET"]}}],"collection":[{"href":"https:\/\/minimax.md\/ru\/wp-json\/wp\/v2\/product"}],"about":[{"href":"https:\/\/minimax.md\/ru\/wp-json\/wp\/v2\/types\/product"}],"replies":[{"embeddable":true,"href":"https:\/\/minimax.md\/ru\/wp-json\/wp\/v2\/comments?post=45204"}],"version-history":[{"count":0,"href":"https:\/\/minimax.md\/ru\/wp-json\/wp\/v2\/product\/45204\/revisions"}],"wp:featuredmedia":[{"embeddable":true,"href":"https:\/\/minimax.md\/ru\/wp-json\/wp\/v2\/media\/45203"}],"wp:attachment":[{"href":"https:\/\/minimax.md\/ru\/wp-json\/wp\/v2\/media?parent=45204"}],"wp:term":[{"taxonomy":"product_brand","embeddable":true,"href":"https:\/\/minimax.md\/ru\/wp-json\/wp\/v2\/product_brand?post=45204"},{"taxonomy":"product_cat","embeddable":true,"href":"https:\/\/minimax.md\/ru\/wp-json\/wp\/v2\/product_cat?post=45204"},{"taxonomy":"product_tag","embeddable":true,"href":"https:\/\/minimax.md\/ru\/wp-json\/wp\/v2\/product_tag?post=45204"}],"curies":[{"name":"wp","href":"https:\/\/api.w.org\/{rel}","templated":true}]}}