{"id":45211,"date":"2024-01-11T17:13:50","date_gmt":"2024-01-11T14:13:50","guid":{"rendered":"https:\/\/minimax.md\/product\/45211.html"},"modified":"2024-03-13T00:35:05","modified_gmt":"2024-03-12T21:35:05","slug":"ru_ru-hot-wheels-igrovoj-nabor-dispetcherat-policejskogo-uchastka-matchbox-trim-ro_ro-hot-wheels-set-dispecerat-de-poli-ie-matchbox","status":"publish","type":"product","link":"https:\/\/minimax.md\/ru\/product\/45211.html","title":{"rendered":"Hot Wheels \u0418\u0433\u0440\u043e\u0432\u043e\u0439 \u043d\u0430\u0431\u043e\u0440 \"\u0414\u0438\u0441\u043f\u0435\u0442\u0447\u0435\u0440\u0430\u0442 \u043f\u043e\u043b\u0438\u0446\u0435\u0439\u0441\u043a\u043e\u0433\u043e \u0443\u0447\u0430\u0441\u0442\u043a\u0430\" Matchbox"},"content":{"rendered":"<p>[:ru_RU]\u0414\u0438\u0441\u043f\u0435\u0442\u0447\u0435\u0440 \u043f\u043e\u043b\u0438\u0446\u0435\u0439\u0441\u043a\u043e\u0433\u043e \u0443\u0447\u0430\u0441\u0442\u043a\u0430 Matchbox Action Drivers \u0433\u043e\u0442\u043e\u0432 \u0440\u0430\u0437\u0432\u0435\u0440\u043d\u0443\u0442\u044c \u0432\u0441\u0435 \u043f\u043e\u0434\u0440\u0430\u0437\u0434\u0435\u043b\u0435\u043d\u0438\u044f \u0438 \u0441\u043f\u0430\u0441\u0442\u0438 \u043f\u043e\u043b\u043e\u0436\u0435\u043d\u0438\u0435!<\/p>\n<p>\u042d\u0442\u043e\u0442 \u0434\u0438\u043d\u0430\u043c\u0438\u0447\u043d\u044b\u0439 \u0438\u0433\u0440\u043e\u0432\u043e\u0439 \u043d\u0430\u0431\u043e\u0440 \u0432\u043a\u043b\u044e\u0447\u0430\u0435\u0442 \u0432 \u0441\u0435\u0431\u044f \u0441\u0432\u0435\u0442\u043e\u0432\u044b\u0435 \u0438 \u0437\u0432\u0443\u043a\u043e\u0432\u044b\u0435 \u044d\u0444\u0444\u0435\u043a\u0442\u044b, \u0430 \u0442\u0430\u043a\u0436\u0435 \u043c\u043d\u043e\u0436\u0435\u0441\u0442\u0432\u043e \u0444\u0443\u043d\u043a\u0446\u0438\u0439, \u0430\u043a\u0442\u0438\u0432\u0438\u0440\u0443\u0435\u043c\u044b\u0445 \u0430\u0432\u0442\u043e\u043c\u043e\u0431\u0438\u043b\u0435\u043c.<\/p>\n<p>\u041f\u0440\u0438\u0437\u0435\u043c\u043b\u0438\u0442\u0435 \u0432\u043a\u043b\u044e\u0447\u0435\u043d\u043d\u044b\u0439 \u0432\u0435\u0440\u0442\u043e\u043b\u0435\u0442 \u043d\u0430 \u0432\u0435\u0440\u0442\u043e\u043b\u0435\u0442\u043d\u0443\u044e \u043f\u043b\u043e\u0449\u0430\u0434\u043a\u0443, \u0447\u0442\u043e\u0431\u044b \u0437\u0430\u043f\u0443\u0441\u0442\u0438\u0442\u044c \u0434\u043e \u0442\u0440\u0435\u0445 \u043f\u043e\u043b\u0438\u0446\u0435\u0439\u0441\u043a\u0438\u0445 \u043c\u0430\u0448\u0438\u043d \u0438\u0437 \u0433\u0430\u0440\u0430\u0436\u0430 \u0438 \u0432\u044b\u0432\u0435\u0441\u0442\u0438 \u043e\u0444\u0438\u0446\u0435\u0440\u0430. \u041d\u0430\u0436\u043c\u0438\u0442\u0435 \u0434\u0440\u0443\u0433\u0443\u044e \u043a\u043d\u043e\u043f\u043a\u0443, \u0447\u0442\u043e\u0431\u044b \u0430\u043a\u0442\u0438\u0432\u0438\u0440\u043e\u0432\u0430\u0442\u044c \u0440\u0435\u0430\u043b\u0438\u0441\u0442\u0438\u0447\u043d\u044b\u0435 \u043e\u0433\u043d\u0438 \u0438 \u0437\u0432\u0443\u043a\u0438.<\/p>\n<p>\u0412 \u043d\u0430\u0431\u043e\u0440 \u0432\u0445\u043e\u0434\u0438\u0442 1 \u0432\u0435\u0440\u0442\u043e\u043b\u0435\u0442 Matchbox \u0438 1 \u043f\u043e\u043b\u0438\u0446\u0435\u0439\u0441\u043a\u0430\u044f \u043c\u0430\u0448\u0438\u043d\u0430 Matchbox Ford Interceptor. \u041e\u043d \u0441\u043e\u0435\u0434\u0438\u043d\u044f\u0435\u0442\u0441\u044f \u0441 \u0434\u0440\u0443\u0433\u0438\u043c\u0438 \u043d\u0430\u0431\u043e\u0440\u0430\u043c\u0438 Matchbox \u0438 Hot Wheels, \u0447\u0442\u043e\u0431\u044b \u043f\u0440\u043e\u0434\u043b\u0438\u0442\u044c \u043f\u0440\u0438\u043a\u043b\u044e\u0447\u0435\u043d\u0438\u0435.<\/p>\n<p>\u0414\u043e\u043f\u043e\u043b\u043d\u0438\u0442\u0435\u043b\u044c\u043d\u044b\u0435 \u043d\u0430\u0431\u043e\u0440\u044b \u043f\u0440\u043e\u0434\u0430\u044e\u0442\u0441\u044f \u043e\u0442\u0434\u0435\u043b\u044c\u043d\u043e.<\/p>\n<p>\u0426\u0432\u0435\u0442\u0430 \u0438 \u0443\u043a\u0440\u0430\u0448\u0435\u043d\u0438\u044f \u043c\u043e\u0433\u0443\u0442 \u043e\u0442\u043b\u0438\u0447\u0430\u0442\u044c\u0441\u044f.[trim][:ro_RO]<strong>Dispeceratul sec\u021biei de poli\u021bie Matchbox Action Drivers este gata s\u0103 \u00eentoarc\u0103 toate unit\u0103\u021bile \u0219i s\u0103 salveze ziua!<\/strong><\/p>\n<p>Acest set de joc dinamic include efecte de lumin\u0103 \u0219i sunet \u0219i o serie de func\u021bii activate de vehicul.<\/p>\n<p>Aterizeaz\u0103 elicopterul motorizat pe heliport pentru a lansa p\u00e2n\u0103 la trei ma\u0219ini de poli\u021bie din garaj \u0219i a scoate ofi\u021berul. Ap\u0103sa\u021bi un alt buton pentru a activa lumini \u0219i sunete realiste.<\/p>\n<p>Include 1 elicopter Matchbox \u0219i 1 ma\u0219in\u0103 de poli\u021bie Ford Interceptor Matchbox.<\/p>\n<p>Se conecteaz\u0103 cu alte seturi Matchbox \u0219i Hot Wheels.Seturile suplimentare se v\u00e2nd separat.<\/p>\n<p><em>Culorile \u0219i ornamentele pot varia.<\/em><\/p>\n","protected":false},"excerpt":{"rendered":"<p>[:ru_RU]\u0414\u0438\u0441\u043f\u0435\u0442\u0447\u0435\u0440 \u043f\u043e\u043b\u0438\u0446\u0435\u0439\u0441\u043a\u043e\u0433\u043e \u0443\u0447\u0430\u0441\u0442\u043a\u0430 Matchbox Action Drivers \u0433\u043e\u0442\u043e\u0432 \u0440\u0430\u0437\u0432\u0435\u0440\u043d\u0443\u0442\u044c \u0432\u0441\u0435 \u043f\u043e\u0434\u0440\u0430\u0437\u0434\u0435\u043b\u0435\u043d\u0438\u044f \u0438 \u0441\u043f\u0430\u0441\u0442\u0438 \u043f\u043e\u043b\u043e\u0436\u0435\u043d\u0438\u0435! \u042d\u0442\u043e\u0442 \u0434\u0438\u043d\u0430\u043c\u0438\u0447\u043d\u044b\u0439 \u0438\u0433\u0440\u043e\u0432\u043e\u0439 \u043d\u0430\u0431\u043e\u0440 \u0432\u043a\u043b\u044e\u0447\u0430\u0435\u0442 \u0432 \u0441\u0435\u0431\u044f \u0441\u0432\u0435\u0442\u043e\u0432\u044b\u0435 \u0438 \u0437\u0432\u0443\u043a\u043e\u0432\u044b\u0435 \u044d\u0444\u0444\u0435\u043a\u0442\u044b, \u0430 \u0442\u0430\u043a\u0436\u0435 \u043c\u043d\u043e\u0436\u0435\u0441\u0442\u0432\u043e \u0444\u0443\u043d\u043a\u0446\u0438\u0439, \u0430\u043a\u0442\u0438\u0432\u0438\u0440\u0443\u0435\u043c\u044b\u0445 \u0430\u0432\u0442\u043e\u043c\u043e\u0431\u0438\u043b\u0435\u043c. \u041f\u0440\u0438\u0437\u0435\u043c\u043b\u0438\u0442\u0435 \u0432\u043a\u043b\u044e\u0447\u0435\u043d\u043d\u044b\u0439 \u0432\u0435\u0440\u0442\u043e\u043b\u0435\u0442 \u043d\u0430 \u0432\u0435\u0440\u0442\u043e\u043b\u0435\u0442\u043d\u0443\u044e \u043f\u043b\u043e\u0449\u0430\u0434\u043a\u0443, \u0447\u0442\u043e\u0431\u044b \u0437\u0430\u043f\u0443\u0441\u0442\u0438\u0442\u044c \u0434\u043e \u0442\u0440\u0435\u0445 \u043f\u043e\u043b\u0438\u0446\u0435\u0439\u0441\u043a\u0438\u0445 \u043c\u0430\u0448\u0438\u043d \u0438\u0437 \u0433\u0430\u0440\u0430\u0436\u0430 \u0438 \u0432\u044b\u0432\u0435\u0441\u0442\u0438 \u043e\u0444\u0438\u0446\u0435\u0440\u0430. \u041d\u0430\u0436\u043c\u0438\u0442\u0435 \u0434\u0440\u0443\u0433\u0443\u044e \u043a\u043d\u043e\u043f\u043a\u0443, \u0447\u0442\u043e\u0431\u044b \u0430\u043a\u0442\u0438\u0432\u0438\u0440\u043e\u0432\u0430\u0442\u044c \u0440\u0435\u0430\u043b\u0438\u0441\u0442\u0438\u0447\u043d\u044b\u0435 \u043e\u0433\u043d\u0438 \u0438 [&hellip;]<\/p>\n","protected":false},"featured_media":45205,"comment_status":"open","ping_status":"closed","template":"","meta":{"_acf_changed":false},"product_brand":[],"product_cat":[6725],"product_tag":[],"class_list":{"0":"post-45211","1":"product","2":"type-product","3":"status-publish","4":"has-post-thumbnail","6":"product_cat-ru_ru-avtoralli-trim-ro_ro","8":"first","9":"instock","10":"shipping-taxable","11":"purchasable","12":"product-type-simple"},"acf":[],"_links":{"self":[{"href":"https:\/\/minimax.md\/ru\/wp-json\/wp\/v2\/product\/45211","targetHints":{"allow":["GET"]}}],"collection":[{"href":"https:\/\/minimax.md\/ru\/wp-json\/wp\/v2\/product"}],"about":[{"href":"https:\/\/minimax.md\/ru\/wp-json\/wp\/v2\/types\/product"}],"replies":[{"embeddable":true,"href":"https:\/\/minimax.md\/ru\/wp-json\/wp\/v2\/comments?post=45211"}],"version-history":[{"count":0,"href":"https:\/\/minimax.md\/ru\/wp-json\/wp\/v2\/product\/45211\/revisions"}],"wp:featuredmedia":[{"embeddable":true,"href":"https:\/\/minimax.md\/ru\/wp-json\/wp\/v2\/media\/45205"}],"wp:attachment":[{"href":"https:\/\/minimax.md\/ru\/wp-json\/wp\/v2\/media?parent=45211"}],"wp:term":[{"taxonomy":"product_brand","embeddable":true,"href":"https:\/\/minimax.md\/ru\/wp-json\/wp\/v2\/product_brand?post=45211"},{"taxonomy":"product_cat","embeddable":true,"href":"https:\/\/minimax.md\/ru\/wp-json\/wp\/v2\/product_cat?post=45211"},{"taxonomy":"product_tag","embeddable":true,"href":"https:\/\/minimax.md\/ru\/wp-json\/wp\/v2\/product_tag?post=45211"}],"curies":[{"name":"wp","href":"https:\/\/api.w.org\/{rel}","templated":true}]}}