{"id":45217,"date":"2024-01-11T17:13:50","date_gmt":"2024-01-11T14:13:50","guid":{"rendered":"https:\/\/minimax.md\/product\/45217.html"},"modified":"2024-02-21T09:03:23","modified_gmt":"2024-02-21T06:03:23","slug":"ru_ru-derevjannyj-begovel-dlja-malyshej-trim-ro_ro-biciclet-de-echilibru-din-lemn-pentru-copii","status":"publish","type":"product","link":"https:\/\/minimax.md\/ru\/product\/45217.html","title":{"rendered":"\u0414\u0435\u0440\u0435\u0432\u044f\u043d\u043d\u044b\u0439 \u0431\u0435\u0433\u043e\u0432\u0435\u043b \u0434\u043b\u044f \u043c\u0430\u043b\u044b\u0448\u0435\u0439"},"content":{"rendered":"<p>[:ru_RU]\u0417\u0430\u0431\u0430\u0432\u043d\u044b\u0439, \u0434\u0435\u0440\u0435\u0432\u044f\u043d\u043d\u044b\u0439 \u0431\u0435\u0433\u043e\u0432\u0435\u043b \u0434\u043b\u044f \u043c\u0430\u043b\u044b\u0448\u0435\u0439 \u043e\u0442 Viga Toys \u0434\u0430\u0441\u0442 \u0432\u043e\u0437\u043c\u043e\u0436\u043d\u043e\u0441\u0442\u044c \u043c\u0430\u043b\u0435\u043d\u044c\u043a\u043e\u043c\u0443 \u043d\u0435\u043f\u043e\u0441\u0435\u0434\u0435 \u043f\u043e\u0447\u0443\u0432\u0441\u0442\u0432\u043e\u0432\u0430\u0442\u044c \u0441\u0435\u0431\u044f \u043d\u0430\u0441\u0442\u043e\u044f\u0449\u0438\u043c \u0433\u043e\u043d\u0449\u0438\u043a\u043e\u043c. \u041e\u0442\u0442\u0430\u043b\u043a\u0438\u0432\u0430\u044f\u0441\u044c \u043d\u043e\u0433\u0430\u043c\u0438, \u043c\u0430\u043b\u044b\u0448 \u043d\u0430\u0443\u0447\u0438\u0442\u0441\u044f \u0434\u0435\u0440\u0436\u0430\u0442\u044c \u0440\u0430\u0432\u043d\u043e\u0432\u0435\u0441\u0438\u0435 \u0438 \u043f\u043e\u0434\u0433\u043e\u0442\u043e\u0432\u0438\u0442\u0441\u044f \u0432\u0441\u043a\u043e\u0440\u0435 \u043f\u0435\u0440\u0435\u0441\u0435\u0441\u0442\u044c \u043d\u0430 \u043d\u0430\u0441\u0442\u043e\u044f\u0449\u0438\u0439 \u0434\u0432\u0443\u0445\u043a\u043e\u043b\u0435\u0441\u043d\u044b\u0439 \u0432\u0435\u043b\u043e\u0441\u0438\u043f\u0435\u0434.<\/p>\n<p> \t\u041c\u0430\u043a\u0441\u0438\u043c\u0430\u043b\u044c\u043d\u0430\u044f \u043d\u0430\u0433\u0440\u0443\u0437\u043a\u0430: 15 \u043a\u0438\u043b\u043e\u0433\u0440\u0430\u043c\u043c<br \/>\n \t\u041c\u0430\u0442\u0435\u0440\u0438\u0430\u043b \u0432\u0435\u043b\u043e\u0441\u0438\u043f\u0435\u0434\u0430: \u0434\u0435\u0440\u0435\u0432\u043e<br \/>\n \t\u041c\u0430\u0442\u0435\u0440\u0438\u0430\u043b \u043a\u043e\u043b\u0435\u0441: \u0440\u0435\u0437\u0438\u043d\u0430.<\/p>\n<p>\u0414\u0435\u0440\u0435\u0432\u044f\u043d\u043d\u044b\u0435 \u0438\u0433\u0440\u0443\u0448\u043a\u0438 VIGA \u2014 \u044d\u0442\u043e \u0442\u0440\u0430\u0434\u0438\u0446\u0438\u043e\u043d\u043d\u044b\u0435 \u0438\u0433\u0440\u0443\u0448\u043a\u0438, \u043d\u0435 \u043d\u0443\u0436\u0434\u0430\u044e\u0449\u0438\u0435\u0441\u044f \u0432 \u0431\u0430\u0442\u0430\u0440\u0435\u0439\u043a\u0430\u0445, \u043d\u043e \u0440\u0430\u0431\u043e\u0442\u0430\u044e\u0449\u0438\u0435 \u043d\u0430 100% \u0441 \u0432\u043e\u043e\u0431\u0440\u0430\u0436\u0435\u043d\u0438\u0435\u043c \u0440\u0435\u0431\u0435\u043d\u043a\u0430! VIGA \u043f\u0440\u0435\u0434\u043b\u0430\u0433\u0430\u0435\u0442 \u0448\u0438\u0440\u043e\u043a\u0438\u0439 \u0432\u044b\u0431\u043e\u0440 \u0438\u0433\u0440\u0443\u0448\u0435\u043a \u0438\u0437 \u043d\u0430\u0442\u0443\u0440\u0430\u043b\u044c\u043d\u044b\u0445 \u044d\u043a\u043e\u043b\u043e\u0433\u0438\u0447\u0435\u0441\u043a\u0438 \u0447\u0438\u0441\u0442\u044b\u0445 \u043c\u0430\u0442\u0435\u0440\u0438\u0430\u043b\u043e\u0432, \u043a\u043e\u0442\u043e\u0440\u044b\u0435 \u043f\u043e\u043c\u043e\u0433\u0430\u044e\u0442 \u0440\u0430\u0437\u0432\u0438\u0432\u0430\u0442\u044c \u0432\u0430\u0448\u0435\u0433\u043e \u043c\u0430\u043b\u044b\u0448\u0430.[trim][:ro_RO]<strong>O biciclet\u0103 distractiv\u0103\u00a0din lemn pentru copii\u00a0 de la Viga Toys<\/strong> \u00eel va face pe micul agitat s\u0103 se simt\u0103 ca un adev\u0103rat pilot de curse. \u00cemping\u00e2nd cu picioarele, bebelu\u0219ul va \u00eenv\u0103\u021ba s\u0103 men\u021bin\u0103 echilibreze \u0219i \u00een cur\u00e2nd va fi gata s\u0103 se transfere pe o adev\u0103rat\u0103 biciclet\u0103 cu dou\u0103 ro\u021bi.<\/p>\n<ul>\n<li>Sarcina maxima: 15 kilograme<\/li>\n<li>Material: lemn<\/li>\n<li>Material ro\u021bi: cauciuc.<\/li>\n<\/ul>\n<p><em>Juc\u0103riile din lemn VIGA sunt juc\u0103rii tradi\u021bionale care nu au nevoie de baterii, dar func\u021bioneaz\u0103 100% cu imagina\u021bia copilului! VIGA ofer\u0103 o gam\u0103 larg\u0103 de juc\u0103rii realizate din materiale naturale, durabile, care ajut\u0103 micu\u021bul s\u0103 se dezvolte.<\/em><\/p>\n","protected":false},"excerpt":{"rendered":"<p>[:ru_RU]\u0417\u0430\u0431\u0430\u0432\u043d\u044b\u0439, \u0434\u0435\u0440\u0435\u0432\u044f\u043d\u043d\u044b\u0439 \u0431\u0435\u0433\u043e\u0432\u0435\u043b \u0434\u043b\u044f \u043c\u0430\u043b\u044b\u0448\u0435\u0439 \u043e\u0442 Viga Toys \u0434\u0430\u0441\u0442 \u0432\u043e\u0437\u043c\u043e\u0436\u043d\u043e\u0441\u0442\u044c \u043c\u0430\u043b\u0435\u043d\u044c\u043a\u043e\u043c\u0443 \u043d\u0435\u043f\u043e\u0441\u0435\u0434\u0435 \u043f\u043e\u0447\u0443\u0432\u0441\u0442\u0432\u043e\u0432\u0430\u0442\u044c \u0441\u0435\u0431\u044f \u043d\u0430\u0441\u0442\u043e\u044f\u0449\u0438\u043c \u0433\u043e\u043d\u0449\u0438\u043a\u043e\u043c. \u041e\u0442\u0442\u0430\u043b\u043a\u0438\u0432\u0430\u044f\u0441\u044c \u043d\u043e\u0433\u0430\u043c\u0438, \u043c\u0430\u043b\u044b\u0448 \u043d\u0430\u0443\u0447\u0438\u0442\u0441\u044f \u0434\u0435\u0440\u0436\u0430\u0442\u044c \u0440\u0430\u0432\u043d\u043e\u0432\u0435\u0441\u0438\u0435 \u0438 \u043f\u043e\u0434\u0433\u043e\u0442\u043e\u0432\u0438\u0442\u0441\u044f \u0432\u0441\u043a\u043e\u0440\u0435 \u043f\u0435\u0440\u0435\u0441\u0435\u0441\u0442\u044c \u043d\u0430 \u043d\u0430\u0441\u0442\u043e\u044f\u0449\u0438\u0439 \u0434\u0432\u0443\u0445\u043a\u043e\u043b\u0435\u0441\u043d\u044b\u0439 \u0432\u0435\u043b\u043e\u0441\u0438\u043f\u0435\u0434. \u041c\u0430\u043a\u0441\u0438\u043c\u0430\u043b\u044c\u043d\u0430\u044f \u043d\u0430\u0433\u0440\u0443\u0437\u043a\u0430: 15 \u043a\u0438\u043b\u043e\u0433\u0440\u0430\u043c\u043c \u041c\u0430\u0442\u0435\u0440\u0438\u0430\u043b \u0432\u0435\u043b\u043e\u0441\u0438\u043f\u0435\u0434\u0430: \u0434\u0435\u0440\u0435\u0432\u043e \u041c\u0430\u0442\u0435\u0440\u0438\u0430\u043b \u043a\u043e\u043b\u0435\u0441: \u0440\u0435\u0437\u0438\u043d\u0430. \u0414\u0435\u0440\u0435\u0432\u044f\u043d\u043d\u044b\u0435 \u0438\u0433\u0440\u0443\u0448\u043a\u0438 VIGA \u2014 \u044d\u0442\u043e \u0442\u0440\u0430\u0434\u0438\u0446\u0438\u043e\u043d\u043d\u044b\u0435 \u0438\u0433\u0440\u0443\u0448\u043a\u0438, \u043d\u0435 \u043d\u0443\u0436\u0434\u0430\u044e\u0449\u0438\u0435\u0441\u044f \u0432 \u0431\u0430\u0442\u0430\u0440\u0435\u0439\u043a\u0430\u0445, \u043d\u043e \u0440\u0430\u0431\u043e\u0442\u0430\u044e\u0449\u0438\u0435 \u043d\u0430 100% [&hellip;]<\/p>\n","protected":false},"featured_media":45212,"comment_status":"open","ping_status":"closed","template":"","meta":{"_acf_changed":false},"product_brand":[],"product_cat":[6730],"product_tag":[],"class_list":{"0":"post-45217","1":"product","2":"type-product","3":"status-publish","4":"has-post-thumbnail","6":"product_cat-ru_ru-razvivashki-trim-ro_r","8":"first","9":"instock","10":"shipping-taxable","11":"purchasable","12":"product-type-simple"},"acf":[],"_links":{"self":[{"href":"https:\/\/minimax.md\/ru\/wp-json\/wp\/v2\/product\/45217","targetHints":{"allow":["GET"]}}],"collection":[{"href":"https:\/\/minimax.md\/ru\/wp-json\/wp\/v2\/product"}],"about":[{"href":"https:\/\/minimax.md\/ru\/wp-json\/wp\/v2\/types\/product"}],"replies":[{"embeddable":true,"href":"https:\/\/minimax.md\/ru\/wp-json\/wp\/v2\/comments?post=45217"}],"version-history":[{"count":0,"href":"https:\/\/minimax.md\/ru\/wp-json\/wp\/v2\/product\/45217\/revisions"}],"wp:featuredmedia":[{"embeddable":true,"href":"https:\/\/minimax.md\/ru\/wp-json\/wp\/v2\/media\/45212"}],"wp:attachment":[{"href":"https:\/\/minimax.md\/ru\/wp-json\/wp\/v2\/media?parent=45217"}],"wp:term":[{"taxonomy":"product_brand","embeddable":true,"href":"https:\/\/minimax.md\/ru\/wp-json\/wp\/v2\/product_brand?post=45217"},{"taxonomy":"product_cat","embeddable":true,"href":"https:\/\/minimax.md\/ru\/wp-json\/wp\/v2\/product_cat?post=45217"},{"taxonomy":"product_tag","embeddable":true,"href":"https:\/\/minimax.md\/ru\/wp-json\/wp\/v2\/product_tag?post=45217"}],"curies":[{"name":"wp","href":"https:\/\/api.w.org\/{rel}","templated":true}]}}