{"id":45226,"date":"2024-01-11T17:13:51","date_gmt":"2024-01-11T14:13:51","guid":{"rendered":"https:\/\/minimax.md\/product\/45226.html"},"modified":"2024-03-13T00:32:01","modified_gmt":"2024-03-12T21:32:01","slug":"ru_ru-sup-doska-sea-breeze-305h84h12sm-trim-ro_ro-sup-sea-breeze-305h84h12cm","status":"publish","type":"product","link":"https:\/\/minimax.md\/ru\/product\/45226.html","title":{"rendered":"SUP-\u0434\u043e\u0441\u043a\u0430 Sea Breeze 305\u044584\u044512\u0441\u043c"},"content":{"rendered":"<p>[:ru_RU]\u2022 \u0420\u0430\u0437\u043c\u0435\u0440 \u0432 \u043d\u0430\u0434\u0443\u0442\u043e\u043c \u0432\u0438\u0434\u0435: 305 \u0445 84 \u0445 12 \u0441\u043c.<br \/>\n\u2022 \u0420\u0430\u0437\u043c\u0435\u0440 \u0432 \u0441\u0434\u0443\u0442\u043e\u043c \u0432\u0438\u0434\u0435 303 \u0445 83 \u0441\u043c.<br \/>\n\u2022 \u041c\u0430\u043a\u0441\u0438\u043c\u0430\u043b\u044c\u043d\u0430\u044f \u043d\u0430\u0433\u0440\u0443\u0437\u043a\u0430: 120 \u043a\u0433<br \/>\n\u2022 \u041c\u0430\u043a\u0441\u0438\u043c\u0430\u043b\u044c\u043d\u043e\u0435 \u043a\u043e\u043b\u0438\u0447\u0435\u0441\u0442\u0432\u043e \u0447\u0435\u043b\u043e\u0432\u0435\u043a: 1<br \/>\n\u2022 \u041c\u0430\u0442\u0435\u0440\u0438\u0430\u043b DropStitch \u043e\u0442\u043b\u0438\u0447\u0430\u0435\u0442\u0441\u044f \u0438\u0441\u043a\u043b\u044e\u0447\u0438\u0442\u0435\u043b\u044c\u043d\u043e\u0439 \u0442\u0432\u0435\u0440\u0434\u043e\u0441\u0442\u044c\u044e \u0438 \u0434\u043e\u043b\u0433\u043e\u0432\u0435\u0447\u043d\u043e\u0441\u0442\u044c\u044e.<br \/>\n\u2022 \u041b\u0430\u043c\u0438\u043d\u0438\u0440\u043e\u0432\u0430\u043d\u043d\u0430\u044f \u043f\u043e\u0432\u0435\u0440\u0445\u043d\u043e\u0441\u0442\u044c \u0438\u0437 \u043c\u0430\u0442\u0435\u0440\u0438\u0430\u043b\u0430 \u041f\u0412\u0425<br \/>\n\u2022 \u0418\u0434\u0435\u0430\u043b\u044c\u043d\u043e \u043f\u043e\u0434\u0445\u043e\u0434\u0438\u0442 \u0434\u043b\u044f \u043c\u0435\u043b\u043a\u043e\u0432\u043e\u0434\u044c\u044f \u0438 \u043d\u0435\u0431\u043e\u043b\u044c\u0448\u0438\u0445 \u0432\u043e\u043b\u043d<\/p>\n<p>\u041f\u0440\u0435\u0438\u043c\u0443\u0449\u0435\u0441\u0442\u0432\u0430:<br \/>\n\u25e6 1 \u0441\u044a\u0435\u043c\u043d\u044b\u0439 \u043f\u043b\u0430\u0432\u043d\u0438\u043a<br \/>\n\u25e6 \u041f\u0440\u043e\u0442\u0438\u0432\u043e\u0441\u043a\u043e\u043b\u044c\u0437\u044f\u0449\u0430\u044f \u043f\u043e\u0432\u0435\u0440\u0445\u043d\u043e\u0441\u0442\u044c<br \/>\n\u25e6 \u042d\u043b\u0430\u0441\u0442\u0438\u0447\u043d\u0430\u044f \u043b\u0435\u043d\u0442\u0430 \u0434\u043b\u044f \u0434\u043e\u043f\u043e\u043b\u043d\u0438\u0442\u0435\u043b\u044c\u043d\u043e\u0433\u043e \u0445\u0440\u0430\u043d\u0435\u043d\u0438\u044f<\/p>\n<p>\u0412 \u043a\u043e\u043c\u043f\u043b\u0435\u043a\u0442\u0435:<br \/>\n\u25e6 \u0420\u0443\u0447\u043d\u043e\u0439 \u043d\u0430\u0441\u043e\u0441 SUP<br \/>\n\u25e6 \u0420\u0435\u0433\u0443\u043b\u0438\u0440\u0443\u0435\u043c\u043e\u0435 \u0430\u043b\u044e\u043c\u0438\u043d\u0438\u0435\u0432\u043e\u0435 \u0432\u0435\u0441\u043b\u043e 217 \u0441\u043c (3 \u0447\u0430\u0441\u0442\u0438)<br \/>\n\u25e6 \u0420\u0435\u043c\u043e\u043d\u0442\u043d\u044b\u0439 \u043a\u043e\u043c\u043f\u043b\u0435\u043a\u0442<br \/>\n\u25e6 \u0420\u044e\u043a\u0437\u0430\u043a \u0434\u043b\u044f \u0442\u0440\u0430\u043d\u0441\u043f\u043e\u0440\u0442\u0438\u0440\u043e\u0432\u043a\u0438<br \/>\n\u25e6 \u041a\u0430\u0442\u0443\u0448\u043a\u0430-\u043f\u043e\u0432\u043e\u0434\u043e\u043a<br \/>\n\u0425\u0430\u0440\u0430\u043a\u0442\u0435\u0440\u0438\u0441\u0442\u0438\u043a\u0438 \u0438 \u043a\u043e\u043c\u043f\u043b\u0435\u043a\u0442\u0430\u0446\u0438\u044f \u043c\u043e\u0433\u0443\u0442 \u0431\u044b\u0442\u044c \u0438\u0437\u043c\u0435\u043d\u0435\u043d\u044b \u043f\u0440\u043e\u0438\u0437\u0432\u043e\u0434\u0438\u0442\u0435\u043b\u0435\u043c \u0431\u0435\u0437 \u043f\u0440\u0435\u0434\u0432\u0430\u0440\u0438\u0442\u0435\u043b\u044c\u043d\u043e\u0433\u043e \u0443\u0432\u0435\u0434\u043e\u043c\u043b\u0435\u043d\u0438\u044f.<\/p>\n<p>&nbsp;<\/p>\n<p>SUP (Stand Up Paddle ) \u0431oarding\u00a0\u00a0\u2013 \u043f\u0435\u0440\u0435\u0432\u043e\u0434\u0438\u0442\u044c\u0441\u044f \u043a\u0430\u043a \u00ab\u0433\u0440\u0435\u0431\u043b\u044f \u043d\u0430 \u0434\u043e\u0441\u043a\u0435 \u0441\u0442\u043e\u044f\u00bb.<\/p>\n<p>SUP \u0431\u043e\u0440\u0434\u0438\u043d\u0433 \u2014 \u044d\u0442\u043e \u043d\u043e\u0432\u044b\u0439 \u0438 \u043e\u0447\u0435\u043d\u044c \u0440\u0430\u0437\u043d\u043e\u0441\u0442\u043e\u0440\u043e\u043d\u043d\u0438\u0439 \u0432\u0438\u0434 \u0441\u043f\u043e\u0440\u0442\u0430, \u043f\u043e\u043f\u0443\u043b\u044f\u0440\u043d\u044b\u0439\u00a0\u0432\u043e \u0432\u0441\u0435\u043c \u043c\u0438\u0440\u0435. \u041d\u0430\u0445\u043e\u0434\u044f\u0441\u044c \u043d\u0430 \u0441\u043f\u0435\u0446\u0438\u0430\u043b\u044c\u043d\u043e\u0439 \u0434\u043e\u0441\u043a\u0435 \u0441 \u0432\u0435\u0441\u043b\u043e\u043c \u0432 \u0440\u0443\u043a\u0430\u0445, \u0432\u044b \u043c\u043e\u0436\u0435\u0442\u0435 \u0440\u0430\u0441\u0441\u043b\u0430\u0431\u043b\u0435\u043d\u043d\u043e \u0438\u0441\u0441\u043b\u0435\u0434\u043e\u0432\u0430\u0442\u044c \u043e\u043a\u0440\u0443\u0436\u0430\u044e\u0449\u0438\u0435 \u0432\u0430\u0441 \u043c\u0435\u0441\u0442\u0430. \u041c\u043e\u0436\u0435\u0442\u0435 \u043b\u043e\u0432\u0438\u0442\u044c \u0432\u043e\u043b\u043d\u044b \u0438 \u00ab\u043a\u0430\u0439\u0442\u0438\u0442\u044c\u00bb \u043a\u0430\u043a [trim][:ro_RO]\u2022 Dimensiune umflat: 305 \u0445 84 \u0445 12 \u0441\u043c.<br \/>\n\u2022 Dimensiune dezumflat\u0103 303 \u0445 83 \u0441\u043c.<br \/>\n\u2022 Sarcina maxima: 120 \u043a\u0433<br \/>\n\u2022 Num\u0103r maxim de persoane: 1<br \/>\n\u2022 Materialul DropStitch este excep\u021bional de dur \u0219i durabil.<br \/>\n\u2022 Suprafata laminata PVC<br \/>\n\u2022 Ideal pentru ape pu\u021bin ad\u00e2nci \u0219i valuri mici<\/p>\n<p>Avantaje:<br \/>\n\u25e6 1 aripioar\u0103 deta\u0219abil\u0103<br \/>\n\u25e6 Suprafa\u021b\u0103 anti-alunecare<br \/>\n\u25e6 Banda elastica pentru depozitare suplimentara<\/p>\n<p>Inclus in set:<br \/>\n\u25e6 Pomp\u0103 manual\u0103 SUP<br \/>\n\u25e6 V\u00e2sl\u0103 reglabil\u0103 din aluminiu 217 cm (3 buc\u0103\u021bi)<br \/>\n\u25e6 Kit de repara\u021bii<br \/>\n\u25e6 Rucsac pentru transport<br \/>\n\u25e6 Bobina de plumb<\/p>\n<p>Ce \u00eenseamn\u0103 abrevierea SUP? Traducerea \u00een limba rom\u00e2n\u0103 a acestui sport ar fi\u00a0<strong>\u201ev\u00e2slitul din picioare\u201c<\/strong>. Dar pentru c\u0103 nu orice traducere este neap\u0103rat cea mai bun\u0103 traducere, ar fi correct s\u0103 utiliz\u0103m varianta din limba englez\u0103\u00a0<strong>\u201dStand Up Paddle\u201d<\/strong>. Utilizatorul (raiderul) pl\u0103cii din picioare v\u00e2sle\u0219te lunec\u00e2nd pe ap\u0103.<\/p>\n<p>Provinien\u021ba acestui sport a fost inspirat din tradi\u0163ia locuitorilor din Hawaii. \u00cen anii 1950, pe plajele din Waikiki, care erau fa<\/p>\n","protected":false},"excerpt":{"rendered":"<p>[:ru_RU]\u2022 \u0420\u0430\u0437\u043c\u0435\u0440 \u0432 \u043d\u0430\u0434\u0443\u0442\u043e\u043c \u0432\u0438\u0434\u0435: 305 \u0445 84 \u0445 12 \u0441\u043c. \u2022 \u0420\u0430\u0437\u043c\u0435\u0440 \u0432 \u0441\u0434\u0443\u0442\u043e\u043c \u0432\u0438\u0434\u0435 303 \u0445 83 \u0441\u043c. \u2022 \u041c\u0430\u043a\u0441\u0438\u043c\u0430\u043b\u044c\u043d\u0430\u044f \u043d\u0430\u0433\u0440\u0443\u0437\u043a\u0430: 120 \u043a\u0433 \u2022 \u041c\u0430\u043a\u0441\u0438\u043c\u0430\u043b\u044c\u043d\u043e\u0435 \u043a\u043e\u043b\u0438\u0447\u0435\u0441\u0442\u0432\u043e \u0447\u0435\u043b\u043e\u0432\u0435\u043a: 1 \u2022 \u041c\u0430\u0442\u0435\u0440\u0438\u0430\u043b DropStitch \u043e\u0442\u043b\u0438\u0447\u0430\u0435\u0442\u0441\u044f \u0438\u0441\u043a\u043b\u044e\u0447\u0438\u0442\u0435\u043b\u044c\u043d\u043e\u0439 \u0442\u0432\u0435\u0440\u0434\u043e\u0441\u0442\u044c\u044e \u0438 \u0434\u043e\u043b\u0433\u043e\u0432\u0435\u0447\u043d\u043e\u0441\u0442\u044c\u044e. \u2022 \u041b\u0430\u043c\u0438\u043d\u0438\u0440\u043e\u0432\u0430\u043d\u043d\u0430\u044f \u043f\u043e\u0432\u0435\u0440\u0445\u043d\u043e\u0441\u0442\u044c \u0438\u0437 \u043c\u0430\u0442\u0435\u0440\u0438\u0430\u043b\u0430 \u041f\u0412\u0425 \u2022 \u0418\u0434\u0435\u0430\u043b\u044c\u043d\u043e \u043f\u043e\u0434\u0445\u043e\u0434\u0438\u0442 \u0434\u043b\u044f \u043c\u0435\u043b\u043a\u043e\u0432\u043e\u0434\u044c\u044f \u0438 \u043d\u0435\u0431\u043e\u043b\u044c\u0448\u0438\u0445 \u0432\u043e\u043b\u043d \u041f\u0440\u0435\u0438\u043c\u0443\u0449\u0435\u0441\u0442\u0432\u0430: \u25e6 1 [&hellip;]<\/p>\n","protected":false},"featured_media":45221,"comment_status":"open","ping_status":"closed","template":"","meta":{"_acf_changed":false},"product_brand":[],"product_cat":[6701],"product_tag":[],"class_list":{"0":"post-45226","1":"product","2":"type-product","3":"status-publish","4":"has-post-thumbnail","6":"product_cat-ru_ru-sportivnyj-inventar-t","8":"first","9":"instock","10":"shipping-taxable","11":"purchasable","12":"product-type-simple"},"acf":[],"_links":{"self":[{"href":"https:\/\/minimax.md\/ru\/wp-json\/wp\/v2\/product\/45226","targetHints":{"allow":["GET"]}}],"collection":[{"href":"https:\/\/minimax.md\/ru\/wp-json\/wp\/v2\/product"}],"about":[{"href":"https:\/\/minimax.md\/ru\/wp-json\/wp\/v2\/types\/product"}],"replies":[{"embeddable":true,"href":"https:\/\/minimax.md\/ru\/wp-json\/wp\/v2\/comments?post=45226"}],"version-history":[{"count":0,"href":"https:\/\/minimax.md\/ru\/wp-json\/wp\/v2\/product\/45226\/revisions"}],"wp:featuredmedia":[{"embeddable":true,"href":"https:\/\/minimax.md\/ru\/wp-json\/wp\/v2\/media\/45221"}],"wp:attachment":[{"href":"https:\/\/minimax.md\/ru\/wp-json\/wp\/v2\/media?parent=45226"}],"wp:term":[{"taxonomy":"product_brand","embeddable":true,"href":"https:\/\/minimax.md\/ru\/wp-json\/wp\/v2\/product_brand?post=45226"},{"taxonomy":"product_cat","embeddable":true,"href":"https:\/\/minimax.md\/ru\/wp-json\/wp\/v2\/product_cat?post=45226"},{"taxonomy":"product_tag","embeddable":true,"href":"https:\/\/minimax.md\/ru\/wp-json\/wp\/v2\/product_tag?post=45226"}],"curies":[{"name":"wp","href":"https:\/\/api.w.org\/{rel}","templated":true}]}}