{"id":45253,"date":"2024-01-11T17:13:55","date_gmt":"2024-01-11T14:13:55","guid":{"rendered":"https:\/\/minimax.md\/product\/45253.html"},"modified":"2024-03-13T01:03:58","modified_gmt":"2024-03-12T22:03:58","slug":"ru_ru-hot-wheels-kontejner-dlja-29-bazovyh-mashinok-trim-ro_ro-hot-wheels-container-pentru-29-ma-inu-e-de-baz","status":"publish","type":"product","link":"https:\/\/minimax.md\/ru\/product\/45253.html","title":{"rendered":"Hot Wheels \u041a\u043e\u043d\u0442\u0435\u0439\u043d\u0435\u0440 \u0434\u043b\u044f 29 \u0431\u0430\u0437\u043e\u0432\u044b\u0445 \u043c\u0430\u0448\u0438\u043d\u043e\u043a"},"content":{"rendered":"<p>[:ru_RU]\u041a\u043e\u043d\u0442\u0435\u0439\u043d\u0435\u0440 \u0434\u043b\u044f \u043c\u0430\u0448\u0438\u043d\u043e\u043a Hot Wheels \u2013 \u044d\u043a\u0441\u043a\u043b\u044e\u0437\u0438\u0432\u043d\u044b\u0439, \u043f\u0440\u043e\u0447\u043d\u044b\u0439 \u0438 \u0443\u0434\u043e\u0431\u043d\u044b\u0439. \u041f\u0440\u0435\u043a\u0440\u0430\u0441\u043d\u043e \u043f\u043e\u0434\u043e\u0439\u0434\u0435\u0442 \u0434\u043b\u044f \u0445\u0440\u0430\u043d\u0435\u043d\u0438\u044f \u0438\u043b\u0438 \u0442\u0440\u0430\u043d\u0441\u043f\u043e\u0440\u0442\u0438\u0440\u043e\u0432\u043a\u0438 \u043a\u043e\u043b\u043b\u0435\u043a\u0446\u0438\u043e\u043d\u043d\u044b\u0445 \u043c\u0430\u0448\u0438\u043d\u043e\u043a Hot Wheels.<br \/>\n\u041e\u0441\u043d\u043e\u0432\u043d\u044b\u0435 \u043f\u0440\u0435\u0438\u043c\u0443\u0449\u0435\u0441\u0442\u0432\u0430:<\/p>\n<p>\u043a\u043e\u043d\u0442\u0435\u0439\u043d\u0435\u0440 \u043c\u043e\u0436\u0435\u0442 \u0432\u043c\u0435\u0441\u0442\u0438\u0442\u044c\u00a029 \u0431\u0430\u0437\u043e\u0432\u044b\u0445 \u043c\u0430\u0448\u0438\u043d\u043e\u043a<\/p>\n<p>\u0438\u043c\u0435\u0435\u0442 \u0443\u043d\u0438\u043a\u0430\u043b\u044c\u043d\u044b\u0439 \u0434\u0438\u0437\u0430\u0439\u043d<\/p>\n<p>\u043e\u0441\u043d\u0430\u0449\u0435\u043d \u0440\u0443\u0447\u043a\u043e\u0439 \u0434\u043b\u044f \u0443\u0434\u043e\u0431\u043d\u043e\u0439 \u0442\u0440\u0430\u043d\u0441\u043f\u043e\u0440\u0442\u0438\u0440\u043e\u0432\u043a\u0438<\/p>\n<p>\u0435\u0441\u0442\u044c \u0441\u043f\u0435\u0446\u0438\u0430\u043b\u044c\u043d\u044b\u0439 \u0437\u0430\u043c\u043e\u043a, \u043d\u0430 \u043a\u043e\u0442\u043e\u0440\u044b\u0439 \u0437\u0430\u043a\u0440\u044b\u0432\u0430\u0435\u0442\u0441\u044f &#8220;\u0433\u0430\u0440\u0430\u0436&#8221;<\/p>\n<p>\u041c\u0410\u0428\u0418\u041d\u041a\u0418 \u0412 \u041d\u0410\u0411\u041e\u0420 \u041d\u0415 \u0412\u0425\u041e\u0414\u042f\u0422.<\/p>\n<p>\u0412\u0435\u0441: 275 \u0433<\/p>\n<p>\u0412\u043c\u0435\u0441\u0442\u0438\u043c\u043e\u0441\u0442\u044c:\u00a029 \u043c\u0430\u0448\u0438\u043d\u043e\u043a<\/p>\n<p>\u0426\u0432\u0435\u0442:\u00a0\u0441\u0438\u043d\u0438\u0439<\/p>\n<p>\u041f\u0440\u043e\u0438\u0437\u0432\u043e\u0434\u0438\u0442\u0435\u043b\u044c: Mattel[trim][:ro_RO]<strong>Containerul pentru ma\u0219inile Hot Wheels este exclusiv, durabil \u0219i convenabil. Perfect pentru depozitarea sau transportul ma\u0219inilor Hot Wheels de colec\u021bie.<\/strong><\/p>\n<p>Principalele avantaje:<\/p>\n<ul>\n<li>containerul poate depozita 29 ma\u0219ini de baz\u0103<\/li>\n<li>are un design unic<\/li>\n<li>prevazut cu maner pentru transport usor<\/li>\n<li>are o \u00eencuietoare special\u0103 care \u00eenchide \u201egarajul\u201d<\/li>\n<\/ul>\n<p><strong>MA\u0218INELE NU SUNT INCLUSE \u00ceN SET.<\/strong><\/p>\n<ul>\n<li>Greutate: 275 g<\/li>\n<li>Capacitate: 29 de ma\u0219ini<\/li>\n<li>Culoarea albastra<\/li>\n<li>Producator: Mattel<\/li>\n<\/ul>\n","protected":false},"excerpt":{"rendered":"<p>[:ru_RU]\u041a\u043e\u043d\u0442\u0435\u0439\u043d\u0435\u0440 \u0434\u043b\u044f \u043c\u0430\u0448\u0438\u043d\u043e\u043a Hot Wheels \u2013 \u044d\u043a\u0441\u043a\u043b\u044e\u0437\u0438\u0432\u043d\u044b\u0439, \u043f\u0440\u043e\u0447\u043d\u044b\u0439 \u0438 \u0443\u0434\u043e\u0431\u043d\u044b\u0439. \u041f\u0440\u0435\u043a\u0440\u0430\u0441\u043d\u043e \u043f\u043e\u0434\u043e\u0439\u0434\u0435\u0442 \u0434\u043b\u044f \u0445\u0440\u0430\u043d\u0435\u043d\u0438\u044f \u0438\u043b\u0438 \u0442\u0440\u0430\u043d\u0441\u043f\u043e\u0440\u0442\u0438\u0440\u043e\u0432\u043a\u0438 \u043a\u043e\u043b\u043b\u0435\u043a\u0446\u0438\u043e\u043d\u043d\u044b\u0445 \u043c\u0430\u0448\u0438\u043d\u043e\u043a Hot Wheels. \u041e\u0441\u043d\u043e\u0432\u043d\u044b\u0435 \u043f\u0440\u0435\u0438\u043c\u0443\u0449\u0435\u0441\u0442\u0432\u0430: \u043a\u043e\u043d\u0442\u0435\u0439\u043d\u0435\u0440 \u043c\u043e\u0436\u0435\u0442 \u0432\u043c\u0435\u0441\u0442\u0438\u0442\u044c\u00a029 \u0431\u0430\u0437\u043e\u0432\u044b\u0445 \u043c\u0430\u0448\u0438\u043d\u043e\u043a \u0438\u043c\u0435\u0435\u0442 \u0443\u043d\u0438\u043a\u0430\u043b\u044c\u043d\u044b\u0439 \u0434\u0438\u0437\u0430\u0439\u043d \u043e\u0441\u043d\u0430\u0449\u0435\u043d \u0440\u0443\u0447\u043a\u043e\u0439 \u0434\u043b\u044f \u0443\u0434\u043e\u0431\u043d\u043e\u0439 \u0442\u0440\u0430\u043d\u0441\u043f\u043e\u0440\u0442\u0438\u0440\u043e\u0432\u043a\u0438 \u0435\u0441\u0442\u044c \u0441\u043f\u0435\u0446\u0438\u0430\u043b\u044c\u043d\u044b\u0439 \u0437\u0430\u043c\u043e\u043a, \u043d\u0430 \u043a\u043e\u0442\u043e\u0440\u044b\u0439 \u0437\u0430\u043a\u0440\u044b\u0432\u0430\u0435\u0442\u0441\u044f &#8220;\u0433\u0430\u0440\u0430\u0436&#8221; \u041c\u0410\u0428\u0418\u041d\u041a\u0418 \u0412 \u041d\u0410\u0411\u041e\u0420 \u041d\u0415 \u0412\u0425\u041e\u0414\u042f\u0422. \u0412\u0435\u0441: 275 \u0433 \u0412\u043c\u0435\u0441\u0442\u0438\u043c\u043e\u0441\u0442\u044c:\u00a029 \u043c\u0430\u0448\u0438\u043d\u043e\u043a \u0426\u0432\u0435\u0442:\u00a0\u0441\u0438\u043d\u0438\u0439 \u041f\u0440\u043e\u0438\u0437\u0432\u043e\u0434\u0438\u0442\u0435\u043b\u044c: Mattel[trim][:ro_RO]Containerul [&hellip;]<\/p>\n","protected":false},"featured_media":45245,"comment_status":"open","ping_status":"closed","template":"","meta":{"_acf_changed":false},"product_brand":[],"product_cat":[6724],"product_tag":[],"class_list":{"0":"post-45253","1":"product","2":"type-product","3":"status-publish","4":"has-post-thumbnail","6":"product_cat-ru_ru-nabor-avtomobilej-tri","8":"first","9":"instock","10":"shipping-taxable","11":"purchasable","12":"product-type-simple"},"acf":[],"_links":{"self":[{"href":"https:\/\/minimax.md\/ru\/wp-json\/wp\/v2\/product\/45253","targetHints":{"allow":["GET"]}}],"collection":[{"href":"https:\/\/minimax.md\/ru\/wp-json\/wp\/v2\/product"}],"about":[{"href":"https:\/\/minimax.md\/ru\/wp-json\/wp\/v2\/types\/product"}],"replies":[{"embeddable":true,"href":"https:\/\/minimax.md\/ru\/wp-json\/wp\/v2\/comments?post=45253"}],"version-history":[{"count":0,"href":"https:\/\/minimax.md\/ru\/wp-json\/wp\/v2\/product\/45253\/revisions"}],"wp:featuredmedia":[{"embeddable":true,"href":"https:\/\/minimax.md\/ru\/wp-json\/wp\/v2\/media\/45245"}],"wp:attachment":[{"href":"https:\/\/minimax.md\/ru\/wp-json\/wp\/v2\/media?parent=45253"}],"wp:term":[{"taxonomy":"product_brand","embeddable":true,"href":"https:\/\/minimax.md\/ru\/wp-json\/wp\/v2\/product_brand?post=45253"},{"taxonomy":"product_cat","embeddable":true,"href":"https:\/\/minimax.md\/ru\/wp-json\/wp\/v2\/product_cat?post=45253"},{"taxonomy":"product_tag","embeddable":true,"href":"https:\/\/minimax.md\/ru\/wp-json\/wp\/v2\/product_tag?post=45253"}],"curies":[{"name":"wp","href":"https:\/\/api.w.org\/{rel}","templated":true}]}}