{"id":45259,"date":"2024-01-11T17:13:56","date_gmt":"2024-01-11T14:13:56","guid":{"rendered":"https:\/\/minimax.md\/product\/45259.html"},"modified":"2024-03-13T00:35:05","modified_gmt":"2024-03-12T21:35:05","slug":"ru_ru-hot-wheels-monster-trucks-menjajushhij-cvet-v-assort-trim-ro_ro-hot-wheels-monster-trucks-care-i-pot-schimba-culoarea-n-asortiment","status":"publish","type":"product","link":"https:\/\/minimax.md\/ru\/product\/45259.html","title":{"rendered":"Hot Wheels Monster Trucks \u043c\u0435\u043d\u044f\u044e\u0449\u0438\u0439 \u0446\u0432\u0435\u0442 \u0432 \u0430\u0441\u0441\u043e\u0440\u0442."},"content":{"rendered":"<p>[:ru_RU]\u0413\u0440\u0443\u0437\u043e\u0432\u0438\u043a\u0438-\u043c\u043e\u043d\u0441\u0442\u0440\u044b Hot Wheels \u0432 \u043c\u0430\u0441\u0448\u0442\u0430\u0431\u0435 1:64 Color Shifters \u043c\u0435\u043d\u044f\u044e\u0442 \u0446\u0432\u0435\u0442!<\/p>\n<p>\u041f\u0440\u043e\u0441\u0442\u043e \u043f\u043e\u0433\u0440\u0443\u0437\u0438\u0442\u0435 \u0433\u0440\u0443\u0437\u043e\u0432\u0438\u043a Color Shifters\u2122 \u0432 \u043b\u0435\u0434\u044f\u043d\u0443\u044e \u0432\u043e\u0434\u0443, \u0447\u0442\u043e\u0431\u044b \u0432\u043e\u043b\u0448\u0435\u0431\u043d\u044b\u043c \u043e\u0431\u0440\u0430\u0437\u043e\u043c \u0438\u0437\u043c\u0435\u043d\u0438\u0442\u044c \u0435\u0433\u043e \u043f\u0435\u0440\u0432\u043e\u043d\u0430\u0447\u0430\u043b\u044c\u043d\u044b\u0439 \u0432\u0438\u0434, \u0430 \u0437\u0430\u0442\u0435\u043c \u0432\u0435\u0440\u043d\u0438\u0442\u0435 \u0435\u0433\u043e \u043e\u0431\u0440\u0430\u0442\u043d\u043e, \u043f\u043e\u0433\u0440\u0443\u0437\u0438\u0432 \u0432 \u0442\u0435\u043f\u043b\u0443\u044e \u0432\u043e\u0434\u0443.<\/p>\n<p>\u041f\u043e\u0432\u0442\u043e\u0440\u044f\u0439\u0442\u0435 \u043f\u0440\u043e\u0446\u0435\u0441\u0441 \u0441\u043d\u043e\u0432\u0430 \u0438 \u0441\u043d\u043e\u0432\u0430, \u0447\u0442\u043e\u0431\u044b \u0447\u0435\u0440\u0435\u0434\u043e\u0432\u0430\u0442\u044c \u0434\u0438\u0437\u0430\u0439\u043d\u044b.<\/p>\n<p>\u0412 \u043d\u0430\u043b\u0438\u0447\u0438\u0438 \u0442\u0430\u043a \u043c\u043d\u043e\u0433\u043e \u043f\u043e\u0442\u0440\u044f\u0441\u0430\u044e\u0449\u0438\u0445 \u0433\u0440\u0443\u0437\u043e\u0432\u0438\u043a\u043e\u0432-\u043c\u043e\u043d\u0441\u0442\u0440\u043e\u0432 Color Shifters\u2122, \u0447\u0442\u043e \u0434\u0435\u0442\u0438 \u0437\u0430\u0445\u043e\u0442\u044f\u0442 \u0441\u043e\u0431\u0440\u0430\u0442\u044c \u0438\u0445 \u0432\u0441\u0435.<\/p>\n<p>\u041a\u0430\u0436\u0434\u044b\u0439 \u043f\u0440\u043e\u0434\u0430\u0435\u0442\u0441\u044f \u043e\u0442\u0434\u0435\u043b\u044c\u043d\u043e, \u0432 \u0437\u0430\u0432\u0438\u0441\u0438\u043c\u043e\u0441\u0442\u0438 \u043e\u0442 \u043d\u0430\u043b\u0438\u0447\u0438\u044f. \u0426\u0432\u0435\u0442\u0430 \u0438 \u0443\u043a\u0440\u0430\u0448\u0435\u043d\u0438\u044f \u043c\u043e\u0433\u0443\u0442 \u043e\u0442\u043b\u0438\u0447\u0430\u0442\u044c\u0441\u044f.[trim][:ro_RO]<strong>\u00a0Hot Wheels Scala 1:64 Monster Trucks Color Shifters \u00ee\u0219i schimb\u0103 culoarea!<\/strong><\/p>\n<p>Pur \u0219i simplu scufunda\u021bi camionul Color Shifters \u00een ap\u0103 cu ghea\u021b\u0103 pentru ca acesta s\u0103 \u00ee\u0219i schimbe \u00een mod magic aspectul original, apoi aduce\u021bi-l \u00eenapoi \u00een ap\u0103 cald\u0103.<\/p>\n<p>Repeta\u021bi procesul de mai multe ori pentru a alterna modele.<\/p>\n<p>Exist\u0103 at\u00e2t de multe camioane uimitoare Color Shifters disponibile, \u00eenc\u00e2t copiii vor dori s\u0103 le adune pe toate.<\/p>\n<p><strong>Fiecare se vinde separat, \u00een func\u021bie de disponibilitate. <\/strong><\/p>\n<p><strong>Culorile \u0219i ornamentele pot varia.<\/strong><\/p>\n","protected":false},"excerpt":{"rendered":"<p>[:ru_RU]\u0413\u0440\u0443\u0437\u043e\u0432\u0438\u043a\u0438-\u043c\u043e\u043d\u0441\u0442\u0440\u044b Hot Wheels \u0432 \u043c\u0430\u0441\u0448\u0442\u0430\u0431\u0435 1:64 Color Shifters \u043c\u0435\u043d\u044f\u044e\u0442 \u0446\u0432\u0435\u0442! \u041f\u0440\u043e\u0441\u0442\u043e \u043f\u043e\u0433\u0440\u0443\u0437\u0438\u0442\u0435 \u0433\u0440\u0443\u0437\u043e\u0432\u0438\u043a Color Shifters\u2122 \u0432 \u043b\u0435\u0434\u044f\u043d\u0443\u044e \u0432\u043e\u0434\u0443, \u0447\u0442\u043e\u0431\u044b \u0432\u043e\u043b\u0448\u0435\u0431\u043d\u044b\u043c \u043e\u0431\u0440\u0430\u0437\u043e\u043c \u0438\u0437\u043c\u0435\u043d\u0438\u0442\u044c \u0435\u0433\u043e \u043f\u0435\u0440\u0432\u043e\u043d\u0430\u0447\u0430\u043b\u044c\u043d\u044b\u0439 \u0432\u0438\u0434, \u0430 \u0437\u0430\u0442\u0435\u043c \u0432\u0435\u0440\u043d\u0438\u0442\u0435 \u0435\u0433\u043e \u043e\u0431\u0440\u0430\u0442\u043d\u043e, \u043f\u043e\u0433\u0440\u0443\u0437\u0438\u0432 \u0432 \u0442\u0435\u043f\u043b\u0443\u044e \u0432\u043e\u0434\u0443. \u041f\u043e\u0432\u0442\u043e\u0440\u044f\u0439\u0442\u0435 \u043f\u0440\u043e\u0446\u0435\u0441\u0441 \u0441\u043d\u043e\u0432\u0430 \u0438 \u0441\u043d\u043e\u0432\u0430, \u0447\u0442\u043e\u0431\u044b \u0447\u0435\u0440\u0435\u0434\u043e\u0432\u0430\u0442\u044c \u0434\u0438\u0437\u0430\u0439\u043d\u044b. \u0412 \u043d\u0430\u043b\u0438\u0447\u0438\u0438 \u0442\u0430\u043a \u043c\u043d\u043e\u0433\u043e \u043f\u043e\u0442\u0440\u044f\u0441\u0430\u044e\u0449\u0438\u0445 \u0433\u0440\u0443\u0437\u043e\u0432\u0438\u043a\u043e\u0432-\u043c\u043e\u043d\u0441\u0442\u0440\u043e\u0432 Color Shifters\u2122, \u0447\u0442\u043e \u0434\u0435\u0442\u0438 \u0437\u0430\u0445\u043e\u0442\u044f\u0442 \u0441\u043e\u0431\u0440\u0430\u0442\u044c \u0438\u0445 [&hellip;]<\/p>\n","protected":false},"featured_media":45254,"comment_status":"open","ping_status":"closed","template":"","meta":{"_acf_changed":false},"product_brand":[],"product_cat":[6726],"product_tag":[],"class_list":{"0":"post-45259","1":"product","2":"type-product","3":"status-publish","4":"has-post-thumbnail","6":"product_cat-ru_ru-mashinki-trim-ro_ro-m","8":"first","9":"instock","10":"shipping-taxable","11":"purchasable","12":"product-type-simple"},"acf":[],"_links":{"self":[{"href":"https:\/\/minimax.md\/ru\/wp-json\/wp\/v2\/product\/45259","targetHints":{"allow":["GET"]}}],"collection":[{"href":"https:\/\/minimax.md\/ru\/wp-json\/wp\/v2\/product"}],"about":[{"href":"https:\/\/minimax.md\/ru\/wp-json\/wp\/v2\/types\/product"}],"replies":[{"embeddable":true,"href":"https:\/\/minimax.md\/ru\/wp-json\/wp\/v2\/comments?post=45259"}],"version-history":[{"count":0,"href":"https:\/\/minimax.md\/ru\/wp-json\/wp\/v2\/product\/45259\/revisions"}],"wp:featuredmedia":[{"embeddable":true,"href":"https:\/\/minimax.md\/ru\/wp-json\/wp\/v2\/media\/45254"}],"wp:attachment":[{"href":"https:\/\/minimax.md\/ru\/wp-json\/wp\/v2\/media?parent=45259"}],"wp:term":[{"taxonomy":"product_brand","embeddable":true,"href":"https:\/\/minimax.md\/ru\/wp-json\/wp\/v2\/product_brand?post=45259"},{"taxonomy":"product_cat","embeddable":true,"href":"https:\/\/minimax.md\/ru\/wp-json\/wp\/v2\/product_cat?post=45259"},{"taxonomy":"product_tag","embeddable":true,"href":"https:\/\/minimax.md\/ru\/wp-json\/wp\/v2\/product_tag?post=45259"}],"curies":[{"name":"wp","href":"https:\/\/api.w.org\/{rel}","templated":true}]}}