{"id":45268,"date":"2024-01-11T17:13:57","date_gmt":"2024-01-11T14:13:57","guid":{"rendered":"https:\/\/minimax.md\/product\/45268.html"},"modified":"2024-03-13T01:04:10","modified_gmt":"2024-03-12T22:04:10","slug":"ru_ru-hot-wheels-gonochnyj-avtomobil-garazh-2-v-1-trim-ro_ro-hot-wheels-automobil-de-curse-i-garaj-2-n-1","status":"publish","type":"product","link":"https:\/\/minimax.md\/ru\/product\/45268.html","title":{"rendered":"Hot Wheels \u0413\u043e\u043d\u043e\u0447\u043d\u044b\u0439 \u0430\u0432\u0442\u043e\u043c\u043e\u0431\u0438\u043b\u044c-\u0433\u0430\u0440\u0430\u0436 2 \u0432 1"},"content":{"rendered":"<p>[:ru_RU]\u041f\u0435\u0440\u0435\u0432\u043e\u0437\u0438\u0442\u0435 \u0441\u0432\u043e\u044e \u043b\u044e\u0431\u0438\u043c\u0443\u044e \u043a\u043e\u043b\u043b\u0435\u043a\u0446\u0438\u044e \u043d\u0430 \u043c\u0430\u043a\u0441\u0438\u043c\u0430\u043b\u044c\u043d\u043e\u0439 \u0441\u043a\u043e\u0440\u043e\u0441\u0442\u0438 \u0432 \u043d\u043e\u0432\u043e\u043c \u0433\u043e\u043d\u043e\u0447\u043d\u043e\u043c \u0430\u0432\u0442\u043e\u043c\u043e\u0431\u0438\u043b\u0435-\u0433\u0430\u0440\u0430\u0436\u0435 2 \u0432 1 \u043e\u0442 Hot Wheels. \u041e\u043d \u043e\u0441\u043d\u0430\u0449\u0435\u043d \u0432\u044b\u0434\u0432\u0438\u0436\u043d\u043e\u0439 \u0440\u0443\u0447\u043a\u043e\u0439 \u0434\u043b\u044f \u0443\u0434\u043e\u0431\u043d\u043e\u0439 \u0442\u0440\u0430\u043d\u0441\u043f\u043e\u0440\u0442\u0438\u0440\u043e\u0432\u043a\u0438.<\/p>\n<p>\u0424\u0443\u043d\u043a\u0446\u0438\u0438:<\/p>\n<p> \t2 \u0432 1 &#8211; \u0412\u044b \u043c\u043e\u0436\u0435\u0442\u0435 \u0438\u0433\u0440\u0430\u0442\u044c \u0441 \u0430\u0432\u0442\u043e\u043c\u043e\u0431\u0438\u043b\u0435\u043c \u0438 \u043e\u0434\u043d\u043e\u0432\u0440\u0435\u043c\u0435\u043d\u043d\u043e \u0445\u0440\u0430\u043d\u0438\u0442\u044c \u0432 \u043d\u0435\u043c \u043c\u0430\u0448\u0438\u043d\u043a\u0438 Hot Wheels;<br \/>\n \t\u0432\u043c\u0435\u0449\u0430\u0435\u0442 \u0432 \u0441\u0435\u0431\u044f \u0434\u043e 15 \u043c\u0430\u0448\u0438\u043d\u043e\u043a Hot Wheels, \u043a\u043e\u0442\u043e\u0440\u044b\u0435 \u0442\u0435\u043f\u0435\u0440\u044c \u0442\u0430\u043a \u0443\u0434\u043e\u0431\u043d\u043e \u043d\u043e\u0441\u0438\u0442\u044c \u0441 \u0441\u043e\u0431\u043e\u0439;<br \/>\n \t\u043f\u043e\u043c\u043e\u0433\u0430\u0435\u0442 \u043f\u0440\u0435\u0432\u0440\u0430\u0442\u0438\u0442\u044c \u0443\u0431\u043e\u0440\u043a\u0443 \u0432 \u0432\u0435\u0441\u0435\u043b\u0443\u044e \u0438\u0433\u0440\u0443;<br \/>\n \t\u043e\u0441\u043d\u0430\u0449\u0435\u043d \u0432\u044b\u0434\u0432\u0438\u0436\u043d\u044b\u043c \u0431\u0430\u043c\u043f\u0435\u0440\u043e\u043c \u0434\u043b\u044f \u0443\u0434\u043e\u0431\u043d\u043e\u0439 \u0442\u0440\u0430\u043d\u0441\u043f\u043e\u0440\u0442\u0438\u0440\u043e\u0432\u043a\u0438.[trim][:ro_RO]<\/p>\n<p id=\"tw-target-text\" class=\"tw-data-text tw-text-large tw-ta\" dir=\"ltr\" data-placeholder=\"\u041f\u0435\u0440\u0435\u0432\u043e\u0434\"><span class=\"Y2IQFc\" lang=\"ro\">Transporta\u021bi-v\u0103 colec\u021bia preferat\u0103 la vitez\u0103 maxim\u0103 \u00een noua ma\u0219in\u0103 de curse- garaj 2-\u00een-1 de la Hot Wheels. <\/span><\/p>\n<p class=\"tw-data-text tw-text-large tw-ta\" dir=\"ltr\" data-placeholder=\"\u041f\u0435\u0440\u0435\u0432\u043e\u0434\"><span class=\"Y2IQFc\" lang=\"ro\">Dispune de un maner retractabil pentru un transport usor.<\/span><\/p>\n<p dir=\"ltr\" data-placeholder=\"\u041f\u0435\u0440\u0435\u0432\u043e\u0434\"><em><strong>Caracteristici<\/strong><\/em><\/p>\n<ul>\n<li dir=\"ltr\" data-placeholder=\"\u041f\u0435\u0440\u0435\u0432\u043e\u0434\">\n<p id=\"tw-target-text\" class=\"tw-data-text tw-text-large tw-ta\" dir=\"ltr\" data-placeholder=\"\u041f\u0435\u0440\u0435\u0432\u043e\u0434\"><span class=\"Y2IQFc\" lang=\"ro\">2 \u00een 1 &#8211; Pute\u021bi s\u0103 v\u0103 juca\u021bi cu\u00a0 ma\u0219in\u0103 \u0219i \u00een acela\u0219i timp s\u0103 depozita\u021bi ma\u0219inile Hot Wheels \u00een ea;<\/span><\/p>\n<\/li>\n<li dir=\"ltr\" data-placeholder=\"\u041f\u0435\u0440\u0435\u0432\u043e\u0434\">\n<p id=\"tw-target-text\" class=\"tw-data-text tw-text-large tw-ta\" dir=\"ltr\" data-placeholder=\"\u041f\u0435\u0440\u0435\u0432\u043e\u0434\"><span class=\"Y2IQFc\" lang=\"ro\">se pot depozita p\u00een\u0103 l<\/p>\n","protected":false},"excerpt":{"rendered":"<p>[:ru_RU]\u041f\u0435\u0440\u0435\u0432\u043e\u0437\u0438\u0442\u0435 \u0441\u0432\u043e\u044e \u043b\u044e\u0431\u0438\u043c\u0443\u044e \u043a\u043e\u043b\u043b\u0435\u043a\u0446\u0438\u044e \u043d\u0430 \u043c\u0430\u043a\u0441\u0438\u043c\u0430\u043b\u044c\u043d\u043e\u0439 \u0441\u043a\u043e\u0440\u043e\u0441\u0442\u0438 \u0432 \u043d\u043e\u0432\u043e\u043c \u0433\u043e\u043d\u043e\u0447\u043d\u043e\u043c \u0430\u0432\u0442\u043e\u043c\u043e\u0431\u0438\u043b\u0435-\u0433\u0430\u0440\u0430\u0436\u0435 2 \u0432 1 \u043e\u0442 Hot Wheels. \u041e\u043d \u043e\u0441\u043d\u0430\u0449\u0435\u043d \u0432\u044b\u0434\u0432\u0438\u0436\u043d\u043e\u0439 \u0440\u0443\u0447\u043a\u043e\u0439 \u0434\u043b\u044f \u0443\u0434\u043e\u0431\u043d\u043e\u0439 \u0442\u0440\u0430\u043d\u0441\u043f\u043e\u0440\u0442\u0438\u0440\u043e\u0432\u043a\u0438. \u0424\u0443\u043d\u043a\u0446\u0438\u0438: 2 \u0432 1 &#8211; \u0412\u044b \u043c\u043e\u0436\u0435\u0442\u0435 \u0438\u0433\u0440\u0430\u0442\u044c \u0441 \u0430\u0432\u0442\u043e\u043c\u043e\u0431\u0438\u043b\u0435\u043c \u0438 \u043e\u0434\u043d\u043e\u0432\u0440\u0435\u043c\u0435\u043d\u043d\u043e \u0445\u0440\u0430\u043d\u0438\u0442\u044c \u0432 \u043d\u0435\u043c \u043c\u0430\u0448\u0438\u043d\u043a\u0438 Hot Wheels; \u0432\u043c\u0435\u0449\u0430\u0435\u0442 \u0432 \u0441\u0435\u0431\u044f \u0434\u043e 15 \u043c\u0430\u0448\u0438\u043d\u043e\u043a Hot Wheels, \u043a\u043e\u0442\u043e\u0440\u044b\u0435 \u0442\u0435\u043f\u0435\u0440\u044c \u0442\u0430\u043a \u0443\u0434\u043e\u0431\u043d\u043e \u043d\u043e\u0441\u0438\u0442\u044c [&hellip;]<\/p>\n","protected":false},"featured_media":45260,"comment_status":"open","ping_status":"closed","template":"","meta":{"_acf_changed":false},"product_brand":[],"product_cat":[6726],"product_tag":[],"class_list":{"0":"post-45268","1":"product","2":"type-product","3":"status-publish","4":"has-post-thumbnail","6":"product_cat-ru_ru-mashinki-trim-ro_ro-m","8":"first","9":"instock","10":"shipping-taxable","11":"purchasable","12":"product-type-simple"},"acf":[],"_links":{"self":[{"href":"https:\/\/minimax.md\/ru\/wp-json\/wp\/v2\/product\/45268","targetHints":{"allow":["GET"]}}],"collection":[{"href":"https:\/\/minimax.md\/ru\/wp-json\/wp\/v2\/product"}],"about":[{"href":"https:\/\/minimax.md\/ru\/wp-json\/wp\/v2\/types\/product"}],"replies":[{"embeddable":true,"href":"https:\/\/minimax.md\/ru\/wp-json\/wp\/v2\/comments?post=45268"}],"version-history":[{"count":0,"href":"https:\/\/minimax.md\/ru\/wp-json\/wp\/v2\/product\/45268\/revisions"}],"wp:featuredmedia":[{"embeddable":true,"href":"https:\/\/minimax.md\/ru\/wp-json\/wp\/v2\/media\/45260"}],"wp:attachment":[{"href":"https:\/\/minimax.md\/ru\/wp-json\/wp\/v2\/media?parent=45268"}],"wp:term":[{"taxonomy":"product_brand","embeddable":true,"href":"https:\/\/minimax.md\/ru\/wp-json\/wp\/v2\/product_brand?post=45268"},{"taxonomy":"product_cat","embeddable":true,"href":"https:\/\/minimax.md\/ru\/wp-json\/wp\/v2\/product_cat?post=45268"},{"taxonomy":"product_tag","embeddable":true,"href":"https:\/\/minimax.md\/ru\/wp-json\/wp\/v2\/product_tag?post=45268"}],"curies":[{"name":"wp","href":"https:\/\/api.w.org\/{rel}","templated":true}]}}