{"id":45302,"date":"2024-01-11T17:14:01","date_gmt":"2024-01-11T14:14:01","guid":{"rendered":"https:\/\/minimax.md\/product\/45302.html"},"modified":"2024-03-13T01:04:12","modified_gmt":"2024-03-12T22:04:12","slug":"ru_ru-1-16-inercionnyj-traktor-quot-trailered-farm-tractor-quot-trim-ro_ro-1-16-tractor-cu-fric-iune-trailered-farm-tractor-lumina-sunet-2","status":"publish","type":"product","link":"https:\/\/minimax.md\/ru\/product\/45302.html","title":{"rendered":"1:16 \u0418\u043d\u0435\u0440\u0446\u0438\u043e\u043d\u043d\u044b\u0439 \u0442\u0440\u0430\u043a\u0442\u043e\u0440 &quot;Trailered Farm Tractor&quot;"},"content":{"rendered":"<p>[:ru_RU]\u0420\u0435\u0430\u043b\u0438\u0441\u0442\u0438\u0447\u043d\u044b\u0435 \u043c\u043e\u0434\u0435\u043b\u0438 \u0441\u043f\u0435\u0446\u0442\u0435\u0445\u043d\u0438\u043a\u0438 \u0432\u0441\u0435\u0433\u0434\u0430 \u043f\u0440\u0438\u0432\u043b\u0435\u043a\u0430\u043b\u0438 \u043c\u0430\u043b\u044c\u0447\u0438\u0448\u0435\u043a \u0432\u0441\u0435\u0445 \u0432\u043e\u0437\u0440\u0430\u0441\u0442\u043e\u0432. \u042e\u043d\u044b\u043c\u0438 \u0438\u0441\u0441\u043b\u0435\u0434\u043e\u0432\u0430\u0442\u0435\u043b\u044f\u043c\u0438 \u0434\u0432\u0438\u0436\u0435\u0442 \u0438\u043d\u0442\u0435\u0440\u0435\u0441 \u0443\u0437\u043d\u0430\u0442\u044c, \u043a\u0430\u043a \u0436\u0435 \u0440\u0430\u0431\u043e\u0442\u0430\u044e\u0442 \u0447\u0443\u0434\u0435\u0441\u0430 \u0441\u043e\u0432\u0440\u0435\u043c\u0435\u043d\u043d\u043e\u0439 \u0442\u0435\u0445\u043d\u0438\u043a\u0438, \u0430 \u0434\u043e\u043a\u043e\u043f\u0430\u0442\u044c\u0441\u044f \u0434\u043e \u0438\u0441\u0442\u0438\u043d\u044b \u043f\u043e\u043c\u043e\u0436\u0435\u0442 \u0442\u0440\u0430\u043a\u0442\u043e\u0440 \u0441 \u043f\u0440\u0438\u0446\u0435\u043f\u043e\u043c WY 900 E. \u041f\u0440\u0435\u043a\u0440\u0430\u0441\u043d\u043e \u0434\u0435\u0442\u0430\u043b\u0438\u0437\u0438\u0440\u043e\u0432\u0430\u043d\u043d\u0430\u044f \u0441 \u043c\u0430\u0441\u0448\u0442\u0430\u0431\u043e\u043c 1:16 \u043c\u043e\u0434\u0435\u043b\u044c \u0442\u0440\u0430\u043a\u0442\u043e\u0440\u0430 \u0440\u0430\u0431\u043e\u0442\u0430\u0435\u0442 \u043e\u0442 3-\u0445 \u0431\u0430\u0442\u0430\u0440\u0435\u0435\u043a \u0442\u0438\u043f\u0430 AG13 (\u0432\u0445\u043e\u0434\u044f\u0442 \u0432 \u043a\u043e\u043c\u043f\u043b\u0435\u043a\u0442), \u043a\u043e\u0442\u043e\u0440\u044b\u0435 \u043e\u0431\u0435\u0441\u043f\u0435\u0447\u0438\u0432\u0430\u044e\u0442 \u0437\u0432\u0443\u043a\u043e\u0432\u044b\u0435 \u044d\u0444\u0444\u0435\u043a\u0442\u044b (\u0441\u043f\u0435\u0446\u0441\u0438\u0433\u043d\u0430\u043b\u044b, \u0437\u0430\u0436\u0438\u0433\u0430\u043d\u0438\u0435, \u0437\u0432\u0443\u043a \u043c\u043e\u0442\u043e\u0440\u0430) \u0438 \u043f\u043e\u0434\u0441\u0432\u0435\u0442\u043a\u0443 \u0444\u0430\u0440. \u0421\u043f\u0435\u0446\u0438\u0430\u043b\u044c\u043d\u044b\u0439 \u043f\u0440\u0438\u0446\u0435\u043f \u0442\u0440\u0430\u043a\u0442\u043e\u0440\u0430 \u043f\u0440\u0435\u0434\u043d\u0430\u0437\u043d\u0430\u0447\u0435\u043d \u0434\u043b\u044f \u0444\u0435\u0440\u043c\u0435\u0440\u0441\u043a\u0438\u0445 \u0440\u0430\u0431\u043e\u0442 \u0438 \u043e\u0441\u043d\u0430\u0449\u0435\u043d \u043f\u043e\u0434\u0432\u0438\u0436\u043d\u044b\u043c\u0438 \u044d\u043b\u0435\u043c\u0435\u043d\u0442\u0430\u043c\u0438. \u0422\u0440\u0430\u043a\u0442\u043e\u0440 \u043e\u0441\u043d\u0430\u0449\u0435\u043d \u043c\u0435\u0445\u0430\u043d\u0438\u0437\u043c\u043e\u043c \u0438\u043d\u0435\u0440\u0446\u0438\u043e\u043d\u043d\u043e\u0433\u043e \u0434\u0432\u0438\u0436\u0435\u043d\u0438\u044f. \u041c\u0430\u0442\u0435\u0440\u0438\u0430\u043b: \u043f\u043b\u0430\u0441\u0442\u0438\u043a, \u0440\u0435\u0437\u0438\u043d\u043e\u0432\u044b\u0435 \u043a\u043e\u043b\u0435\u0441\u0430<\/p>\n<p>&nbsp;[trim][:ro_RO]Copilul dumneavoastr\u0103 poate s\u0103 se joace \u00een siguran\u021b\u0103, pun\u00e2nd imagina\u021bia \u00een lucru \u0219i s\u0103 fie un \u0219ofer de tractor pentru a dezvolta abiliit\u0103\u021bile unui bun fermier. Formele speciale \u0219i culorile vii \u00eencurajeaz\u0103 copilul s\u0103 exerseze \u0219i s\u0103 se joace, stimul\u00e2nd astfel dezvoltarea individual\u0103. Execu\u021bia robust\u0103 \u0219i culorile vibrante vor atrage cu siguran\u021b\u0103 aten\u021bia \u0219i curiozitatea oric\u0103rui copil.<\/p>\n<p>Acestea reprezint\u0103 replici fidele ale utilajelor utilizate \u00een realitate de c\u0103tre marii agricultori, tractoarele emit sunete \u0219i lumini de aten\u021bionare. Sunetele specifice pot fi ac\u021bionate prin butoanele plasate deasupra cabinei. Ro\u021bile sunt de cauciuc. Remorca special\u0103 este proiectat\u0103 pentru lucr\u0103rile agricole \u0219i este echipat\u0103 cu elemente mobile. Tractoarele din seria \u201eTrailered Farm Tractor\u201d sunt fabricate din material plastic de \u00eenalt\u0103 calitate. Tractorul este construit la o scara de 1:16. Juc\u0103ria este dotat\u0103 cu motor cu fric\u021biune, astfel, ea va fi \u00eempins\u0103 pu\u021bin \u0219i datorit\u0103 fric\u021biunii ea se va deplasa o mare distan\u021b\u0103 pe direc\u021bia<\/p>\n","protected":false},"excerpt":{"rendered":"<p>[:ru_RU]\u0420\u0435\u0430\u043b\u0438\u0441\u0442\u0438\u0447\u043d\u044b\u0435 \u043c\u043e\u0434\u0435\u043b\u0438 \u0441\u043f\u0435\u0446\u0442\u0435\u0445\u043d\u0438\u043a\u0438 \u0432\u0441\u0435\u0433\u0434\u0430 \u043f\u0440\u0438\u0432\u043b\u0435\u043a\u0430\u043b\u0438 \u043c\u0430\u043b\u044c\u0447\u0438\u0448\u0435\u043a \u0432\u0441\u0435\u0445 \u0432\u043e\u0437\u0440\u0430\u0441\u0442\u043e\u0432. \u042e\u043d\u044b\u043c\u0438 \u0438\u0441\u0441\u043b\u0435\u0434\u043e\u0432\u0430\u0442\u0435\u043b\u044f\u043c\u0438 \u0434\u0432\u0438\u0436\u0435\u0442 \u0438\u043d\u0442\u0435\u0440\u0435\u0441 \u0443\u0437\u043d\u0430\u0442\u044c, \u043a\u0430\u043a \u0436\u0435 \u0440\u0430\u0431\u043e\u0442\u0430\u044e\u0442 \u0447\u0443\u0434\u0435\u0441\u0430 \u0441\u043e\u0432\u0440\u0435\u043c\u0435\u043d\u043d\u043e\u0439 \u0442\u0435\u0445\u043d\u0438\u043a\u0438, \u0430 \u0434\u043e\u043a\u043e\u043f\u0430\u0442\u044c\u0441\u044f \u0434\u043e \u0438\u0441\u0442\u0438\u043d\u044b \u043f\u043e\u043c\u043e\u0436\u0435\u0442 \u0442\u0440\u0430\u043a\u0442\u043e\u0440 \u0441 \u043f\u0440\u0438\u0446\u0435\u043f\u043e\u043c WY 900 E. \u041f\u0440\u0435\u043a\u0440\u0430\u0441\u043d\u043e \u0434\u0435\u0442\u0430\u043b\u0438\u0437\u0438\u0440\u043e\u0432\u0430\u043d\u043d\u0430\u044f \u0441 \u043c\u0430\u0441\u0448\u0442\u0430\u0431\u043e\u043c 1:16 \u043c\u043e\u0434\u0435\u043b\u044c \u0442\u0440\u0430\u043a\u0442\u043e\u0440\u0430 \u0440\u0430\u0431\u043e\u0442\u0430\u0435\u0442 \u043e\u0442 3-\u0445 \u0431\u0430\u0442\u0430\u0440\u0435\u0435\u043a \u0442\u0438\u043f\u0430 AG13 (\u0432\u0445\u043e\u0434\u044f\u0442 \u0432 \u043a\u043e\u043c\u043f\u043b\u0435\u043a\u0442), \u043a\u043e\u0442\u043e\u0440\u044b\u0435 \u043e\u0431\u0435\u0441\u043f\u0435\u0447\u0438\u0432\u0430\u044e\u0442 \u0437\u0432\u0443\u043a\u043e\u0432\u044b\u0435 \u044d\u0444\u0444\u0435\u043a\u0442\u044b (\u0441\u043f\u0435\u0446\u0441\u0438\u0433\u043d\u0430\u043b\u044b, \u0437\u0430\u0436\u0438\u0433\u0430\u043d\u0438\u0435, \u0437\u0432\u0443\u043a \u043c\u043e\u0442\u043e\u0440\u0430) \u0438 [&hellip;]<\/p>\n","protected":false},"featured_media":45300,"comment_status":"open","ping_status":"closed","template":"","meta":{"_acf_changed":false},"product_brand":[],"product_cat":[6726],"product_tag":[],"class_list":{"0":"post-45302","1":"product","2":"type-product","3":"status-publish","4":"has-post-thumbnail","6":"product_cat-ru_ru-mashinki-trim-ro_ro-m","8":"first","9":"instock","10":"shipping-taxable","11":"purchasable","12":"product-type-simple"},"acf":[],"_links":{"self":[{"href":"https:\/\/minimax.md\/ru\/wp-json\/wp\/v2\/product\/45302","targetHints":{"allow":["GET"]}}],"collection":[{"href":"https:\/\/minimax.md\/ru\/wp-json\/wp\/v2\/product"}],"about":[{"href":"https:\/\/minimax.md\/ru\/wp-json\/wp\/v2\/types\/product"}],"replies":[{"embeddable":true,"href":"https:\/\/minimax.md\/ru\/wp-json\/wp\/v2\/comments?post=45302"}],"version-history":[{"count":0,"href":"https:\/\/minimax.md\/ru\/wp-json\/wp\/v2\/product\/45302\/revisions"}],"wp:featuredmedia":[{"embeddable":true,"href":"https:\/\/minimax.md\/ru\/wp-json\/wp\/v2\/media\/45300"}],"wp:attachment":[{"href":"https:\/\/minimax.md\/ru\/wp-json\/wp\/v2\/media?parent=45302"}],"wp:term":[{"taxonomy":"product_brand","embeddable":true,"href":"https:\/\/minimax.md\/ru\/wp-json\/wp\/v2\/product_brand?post=45302"},{"taxonomy":"product_cat","embeddable":true,"href":"https:\/\/minimax.md\/ru\/wp-json\/wp\/v2\/product_cat?post=45302"},{"taxonomy":"product_tag","embeddable":true,"href":"https:\/\/minimax.md\/ru\/wp-json\/wp\/v2\/product_tag?post=45302"}],"curies":[{"name":"wp","href":"https:\/\/api.w.org\/{rel}","templated":true}]}}