{"id":45310,"date":"2024-01-11T17:14:02","date_gmt":"2024-01-11T14:14:02","guid":{"rendered":"https:\/\/minimax.md\/product\/45310.html"},"modified":"2024-02-21T09:03:28","modified_gmt":"2024-02-21T06:03:28","slug":"ru_ru-hot-wheels-drift-master-champion-v-acs-trim-ro_ro-hot-wheels-drift-master-champion-as","status":"publish","type":"product","link":"https:\/\/minimax.md\/ru\/product\/45310.html","title":{"rendered":"Hot Wheels \"Drift Master Champion\" \u0432 (\u0430c\u0441)."},"content":{"rendered":"<p>[:ru_RU]\u0417\u0430\u043c\u0435\u0447\u0430\u0442\u0435\u043b\u044c\u043d\u044b\u0435 \u0438\u0433\u0440\u043e\u0432\u044b\u0435 \u043d\u0430\u0431\u043e\u0440\u044b HOT WHEELS \u043f\u0440\u0438\u0432\u0435\u0434\u0443\u0442 \u0432 \u0432\u043e\u0441\u0442\u043e\u0440\u0433 \u043b\u044e\u0431\u043e\u0433\u043e \u043c\u0430\u043b\u044c\u0447\u0438\u0448\u043a\u0443 \u0438 \u0441\u0442\u0430\u043d\u0443\u0442 \u043e\u0442\u043b\u0438\u0447\u043d\u044b\u043c \u043f\u043e\u0434\u0430\u0440\u043a\u043e\u043c \u0434\u043b\u044f \u043c\u0430\u043b\u0435\u043d\u044c\u043a\u043e\u0433\u043e \u0433\u043e\u043d\u0449\u0438\u043a\u0430! \u042d\u0442\u0438 \u0443\u0432\u043b\u0435\u043a\u0430\u0442\u0435\u043b\u044c\u043d\u044b\u0435 \u043d\u0430\u0431\u043e\u0440\u044b \u043f\u043e\u0434\u0430\u0440\u044f\u0442 \u043c\u0430\u0441\u0441\u0443 \u043f\u043e\u043b\u043e\u0436\u0438\u0442\u0435\u043b\u044c\u043d\u044b\u0445 \u044d\u043c\u043e\u0446\u0438\u0439 \u0432\u0430\u0448\u0435\u043c\u0443 \u043c\u0430\u043b\u044b\u0448\u0443 \u0438 \u0434\u0430\u0434\u0443\u0442 \u0435\u043c\u0443 \u043f\u043e\u0447\u0443\u0432\u0441\u0442\u0432\u043e\u0432\u0430\u0442\u044c \u0441\u0435\u0431\u044f \u043a\u0440\u0443\u0442\u044b\u043c \u0430\u0432\u0442\u043e\u0433\u043e\u043d\u0449\u0438\u043a\u043e\u043c. \u0412 \u043a\u0430\u0436\u0434\u043e\u043c \u043d\u0430\u0431\u043e\u0440\u0435 \u0432\u044b \u043d\u0430\u0439\u0434\u0435\u0442\u0435 \u0433\u043e\u043d\u043e\u0447\u043d\u044b\u0435 \u0442\u0440\u0430\u0441\u0441\u044b \u0440\u0430\u0437\u043b\u0438\u0447\u043d\u043e\u0439 \u043a\u043e\u043d\u0444\u0438\u0433\u0443\u0440\u0430\u0446\u0438\u0438, \u043f\u0443\u0441\u043a\u043e\u0432\u044b\u0435 \u0443\u0441\u0442\u0430\u043d\u043e\u0432\u043a\u0438 \u0438 \u043e\u0434\u0438\u043d \u0430\u0432\u0442\u043e\u043c\u043e\u0431\u0438\u043b\u044c.<br \/>\n\u0417\u0430\u0434\u0430\u0447\u0438 \u0430\u0432\u0442\u043e\u0433\u043e\u043d\u0449\u0438\u043a\u0430 \u2013 \u043f\u0440\u0435\u043e\u0434\u043e\u043b\u0435\u0442\u044c \u0441\u043b\u043e\u0436\u043d\u0443\u044e \u0442\u0440\u0430\u0441\u0441\u0443 \u0438 \u0434\u043e\u0431\u0440\u0430\u0442\u044c\u0441\u044f \u0434\u043e \u0444\u0438\u043d\u0438\u0448\u0430. \u0414\u043b\u044f \u0443\u0447\u0430\u0441\u0442\u0438\u044f \u0432 \u0433\u043e\u043d\u043a\u0435 \u043d\u0443\u0436\u043d\u043e \u0443\u0441\u0442\u0430\u043d\u043e\u0432\u0438\u0442\u044c \u043c\u0430\u0448\u0438\u043d\u043a\u0443 \u0432 \u043d\u0430\u0447\u0430\u043b\u0435 \u0433\u043e\u043d\u043e\u0447\u043d\u043e\u0433\u043e \u0442\u0440\u0435\u043a\u0430 \u0438 \u043f\u0440\u0438 \u043f\u043e\u043c\u043e\u0449\u0438 \u0441\u043f\u0435\u0446\u0438\u0430\u043b\u044c\u043d\u043e\u0433\u043e \u043f\u0443\u0441\u043a\u043e\u0432\u043e\u0433\u043e \u043c\u0435\u0445\u0430\u043d\u0438\u0437\u043c\u0430 \u0437\u0430\u043f\u0443\u0441\u0442\u0438\u0442\u044c \u0430\u0432\u0442\u043e\u043c\u043e\u0431\u0438\u043b\u044c. \u041d\u0430 \u043f\u0443\u0442\u0438 \u0433\u043e\u043d\u0449\u0438\u043a\u0430 \u043c\u043e\u0433\u0443\u0442 \u0432\u0441\u0442\u0440\u0435\u0447\u0430\u0442\u044c\u0441\u044f \u043f\u0440\u0435\u043f\u044f\u0442\u0441\u0442\u0432\u0438\u044f, \u043d\u043e \u0434\u043b\u044f \u043d\u0430\u0441\u0442\u043e\u044f\u0449\u0435\u0433\u043e \u0447\u0435\u043c\u043f\u0438\u043e\u043d\u0430 \u044d\u0442\u043e \u043d\u0435 \u043f\u043e\u043c\u0435\u0445\u0430.<br \/>\n\u0423\u0441\u0442\u0440\u0430\u0438\u0432\u0430\u0439 \u043d\u0435\u0432\u0435\u0440\u043e\u044f\u0442\u043d\u043e \u0437\u0430\u0445\u0432\u0430\u0442\u044b\u0432\u0430\u044e\u0449\u0438\u0435 \u0447\u0435\u043c\u043f\u0438\u043e\u043d\u0430\u0442\u044b \u0441 \u0434\u0440\u0443\u0437\u044c\u044f\u043c\u0438 \u0438 \u0441\u0442\u0430\u043d\u044c \u0430\u0431\u0441\u043e\u043b\u044e\u0442\u043d\u044b\u043c \u0447\u0435\u043c\u043f\u0438\u043e\u043d\u043e\u043c \u0433\u043e\u043d\u043e\u0447\u043d\u043e\u0439 \u0442\u0440\u0430\u0441\u0441\u044b \u0441 \u043a\u043e\u043b\u043b\u0435\u043a\u0446\u0438\u0435\u0439 \u043d\u0430\u0431\u043e\u0440\u043e\u0432 HOT WHEELS (\u043a\u0430\u0436\u0434\u044b\u0439 \u043d\u0430\u0431\u043e\u0440 \u043f\u0440\u043e\u0434\u0430\u0435\u0442\u0441\u044f \u043e\u0442\u0434\u0435\u043b\u044c\u043d\u043e)!<br \/>\n\u041e\u0441\u043e\u0431\u0435\u043d\u043d\u043e\u0441\u0442\u0438<br \/>\n\u042f\u0440\u043a\u0430\u044f \u0442\u0440\u0430\u0441\u0441\u0430, \u043a\u043e\u0442\u043e\u0440\u0443\u044e \u043c\u043e\u0436\u043d\u043e \u0434\u043e\u043f\u043e\u043b\u043d\u044f\u0442\u044c \u043d\u043e\u0432\u044b\u043c\u0438 \u0434\u0435\u0442\u0430\u043b\u044f\u043c\u0438<br \/>\n\u0412 \u043d\u0430\u0431\u043e\u0440\u0435 \u0438\u0434\u0435\u0442 1 \u0433\u043e\u043d\u043e\u0447\u043d\u0430\u044f \u043c\u0430\u0448\u0438\u043d\u043a\u0430, \u043e\u0441\u0442\u0430\u043b\u044c\u043d\u044b\u0435 \u043c\u0430\u0448\u0438\u043d\u043a\u0438 \u043f\u0440\u043e\u0434\u0430\u044e\u0442\u0441\u044f \u043e\u0442\u0434\u0435\u043b\u044c\u043d\u043e<br \/>\n\u041a\u0430\u0436\u0434\u044b\u0439 \u043d\u0430\u0431\u043e\u0440 \u043a\u043e\u043c\u0431\u0438\u043d\u0438\u0440\u0443\u0435\u0442\u0441\u044f \u0441 \u0434\u0440\u0443\u0433\u0438\u043c\u0438 \u043d\u0430\u0431\u043e\u0440\u0430\u043c\u0438 HOT WHEELS<br \/>\n[trim][:ro_RO]Datorit\u0103 Pistelor diverse &#8220;Champion Track&#8221; pentru rezultate de neegalat \u00een curse, drifting \u0219i trucuri performante, copiii vor putea concura cu prietenii!<br \/>\nCopiii \u00ee\u0219i vor putea testa puterea \u00een 3 \u00eencerc\u0103ri, care includ un drift circular, o curs\u0103 pentru lider \u0219i o urcare f\u0103r\u0103 team\u0103 la munte.<br \/>\nCopilul va fi \u00eenc\u00e2ntat de pista nou\u0103 a brand-ului Hot Wheels, care va permite s\u0103 organiza\u021bi competi\u021bii de vitez\u0103 cu prietenii!<\/p>\n<p><strong>Sunt incluse:<\/strong><br \/>\n&#8211; pist\u0103 circular\u0103<br \/>\n&#8211; masina de curse marca Hot Wheels<br \/>\n&#8211; pista colorata dubla pentru pornirea simultana a 2 masini<br \/>\n&#8211; declan\u0219ator pentru vitez\u0103 mare<\/p>\n","protected":false},"excerpt":{"rendered":"<p>[:ru_RU]\u0417\u0430\u043c\u0435\u0447\u0430\u0442\u0435\u043b\u044c\u043d\u044b\u0435 \u0438\u0433\u0440\u043e\u0432\u044b\u0435 \u043d\u0430\u0431\u043e\u0440\u044b HOT WHEELS \u043f\u0440\u0438\u0432\u0435\u0434\u0443\u0442 \u0432 \u0432\u043e\u0441\u0442\u043e\u0440\u0433 \u043b\u044e\u0431\u043e\u0433\u043e \u043c\u0430\u043b\u044c\u0447\u0438\u0448\u043a\u0443 \u0438 \u0441\u0442\u0430\u043d\u0443\u0442 \u043e\u0442\u043b\u0438\u0447\u043d\u044b\u043c \u043f\u043e\u0434\u0430\u0440\u043a\u043e\u043c \u0434\u043b\u044f \u043c\u0430\u043b\u0435\u043d\u044c\u043a\u043e\u0433\u043e \u0433\u043e\u043d\u0449\u0438\u043a\u0430! \u042d\u0442\u0438 \u0443\u0432\u043b\u0435\u043a\u0430\u0442\u0435\u043b\u044c\u043d\u044b\u0435 \u043d\u0430\u0431\u043e\u0440\u044b \u043f\u043e\u0434\u0430\u0440\u044f\u0442 \u043c\u0430\u0441\u0441\u0443 \u043f\u043e\u043b\u043e\u0436\u0438\u0442\u0435\u043b\u044c\u043d\u044b\u0445 \u044d\u043c\u043e\u0446\u0438\u0439 \u0432\u0430\u0448\u0435\u043c\u0443 \u043c\u0430\u043b\u044b\u0448\u0443 \u0438 \u0434\u0430\u0434\u0443\u0442 \u0435\u043c\u0443 \u043f\u043e\u0447\u0443\u0432\u0441\u0442\u0432\u043e\u0432\u0430\u0442\u044c \u0441\u0435\u0431\u044f \u043a\u0440\u0443\u0442\u044b\u043c \u0430\u0432\u0442\u043e\u0433\u043e\u043d\u0449\u0438\u043a\u043e\u043c. \u0412 \u043a\u0430\u0436\u0434\u043e\u043c \u043d\u0430\u0431\u043e\u0440\u0435 \u0432\u044b \u043d\u0430\u0439\u0434\u0435\u0442\u0435 \u0433\u043e\u043d\u043e\u0447\u043d\u044b\u0435 \u0442\u0440\u0430\u0441\u0441\u044b \u0440\u0430\u0437\u043b\u0438\u0447\u043d\u043e\u0439 \u043a\u043e\u043d\u0444\u0438\u0433\u0443\u0440\u0430\u0446\u0438\u0438, \u043f\u0443\u0441\u043a\u043e\u0432\u044b\u0435 \u0443\u0441\u0442\u0430\u043d\u043e\u0432\u043a\u0438 \u0438 \u043e\u0434\u0438\u043d \u0430\u0432\u0442\u043e\u043c\u043e\u0431\u0438\u043b\u044c. \u0417\u0430\u0434\u0430\u0447\u0438 \u0430\u0432\u0442\u043e\u0433\u043e\u043d\u0449\u0438\u043a\u0430 \u2013 \u043f\u0440\u0435\u043e\u0434\u043e\u043b\u0435\u0442\u044c \u0441\u043b\u043e\u0436\u043d\u0443\u044e \u0442\u0440\u0430\u0441\u0441\u0443 \u0438 \u0434\u043e\u0431\u0440\u0430\u0442\u044c\u0441\u044f [&hellip;]<\/p>\n","protected":false},"featured_media":45305,"comment_status":"open","ping_status":"closed","template":"","meta":{"_acf_changed":false},"product_brand":[],"product_cat":[6725],"product_tag":[],"class_list":{"0":"post-45310","1":"product","2":"type-product","3":"status-publish","4":"has-post-thumbnail","6":"product_cat-ru_ru-avtoralli-trim-ro_ro","8":"first","9":"instock","10":"shipping-taxable","11":"purchasable","12":"product-type-simple"},"acf":[],"_links":{"self":[{"href":"https:\/\/minimax.md\/ru\/wp-json\/wp\/v2\/product\/45310","targetHints":{"allow":["GET"]}}],"collection":[{"href":"https:\/\/minimax.md\/ru\/wp-json\/wp\/v2\/product"}],"about":[{"href":"https:\/\/minimax.md\/ru\/wp-json\/wp\/v2\/types\/product"}],"replies":[{"embeddable":true,"href":"https:\/\/minimax.md\/ru\/wp-json\/wp\/v2\/comments?post=45310"}],"version-history":[{"count":0,"href":"https:\/\/minimax.md\/ru\/wp-json\/wp\/v2\/product\/45310\/revisions"}],"wp:featuredmedia":[{"embeddable":true,"href":"https:\/\/minimax.md\/ru\/wp-json\/wp\/v2\/media\/45305"}],"wp:attachment":[{"href":"https:\/\/minimax.md\/ru\/wp-json\/wp\/v2\/media?parent=45310"}],"wp:term":[{"taxonomy":"product_brand","embeddable":true,"href":"https:\/\/minimax.md\/ru\/wp-json\/wp\/v2\/product_brand?post=45310"},{"taxonomy":"product_cat","embeddable":true,"href":"https:\/\/minimax.md\/ru\/wp-json\/wp\/v2\/product_cat?post=45310"},{"taxonomy":"product_tag","embeddable":true,"href":"https:\/\/minimax.md\/ru\/wp-json\/wp\/v2\/product_tag?post=45310"}],"curies":[{"name":"wp","href":"https:\/\/api.w.org\/{rel}","templated":true}]}}