{"id":45358,"date":"2024-01-11T17:14:07","date_gmt":"2024-01-11T14:14:07","guid":{"rendered":"https:\/\/minimax.md\/product\/45358.html"},"modified":"2024-03-13T01:04:39","modified_gmt":"2024-03-12T22:04:39","slug":"ru_ru-nastolnaja-igra-raznocvetnoe-domino-s-fruktami-28-kartochek-trim-ro_ro-joc-de-mas-domino-multicolor-cu-fructe-28-dominouri","status":"publish","type":"product","link":"https:\/\/minimax.md\/ru\/product\/45358.html","title":{"rendered":"\u041d\u0430\u0441\u0442\u043e\u043b\u044c\u043d\u0430\u044f \u0438\u0433\u0440\u0430 \"\u0420\u0430\u0437\u043d\u043e\u0446\u0432\u0435\u0442\u043d\u043e\u0435 \u0434\u043e\u043c\u0438\u043d\u043e \u0441 \u0444\u0440\u0443\u043a\u0442\u0430\u043c\u0438\", 28 \u043a\u0430\u0440\u0442\u043e\u0447\u0435\u043a"},"content":{"rendered":"<p>[:ru_RU]\u041d\u0430\u0441\u0442\u043e\u043b\u044c\u043d\u0430\u044f \u0438\u0433\u0440\u0430 &#8220;\u0420\u0430\u0437\u043d\u043e\u0446\u0432\u0435\u0442\u043d\u043e\u0435 \u0434\u043e\u043c\u0438\u043d\u043e \u0441 \u0444\u0440\u0443\u043a\u0442\u0430\u043c\u0438&#8221; \u2013 \u043e\u0442\u043b\u0438\u0447\u043d\u044b\u0439 \u043f\u043e\u0434\u0430\u0440\u043e\u043a.\u00a0<\/p>\n<p>\u0414\u043e\u043c\u0438\u043d\u043e \u2013 \u043d\u0430\u0441\u0442\u043e\u043b\u044c\u043d\u0430\u044f \u0438\u0433\u0440\u0430, \u0432 \u043f\u0440\u043e\u0446\u0435\u0441\u0441\u0435 \u043a\u043e\u0442\u043e\u0440\u043e\u0439 \u0432\u044b\u0441\u0442\u0440\u0430\u0438\u0432\u0430\u0435\u0442\u0441\u044f \u0446\u0435\u043f\u044c \u043a\u0430\u0440\u0442\u0438\u043d\u043e\u043a, \u0441\u043e\u043f\u0440\u0438\u043a\u0430\u0441\u0430\u044e\u0449\u0438\u0445\u0441\u044f \u0441 \u043f\u043e\u043b\u043e\u0432\u0438\u043d\u043a\u0430\u043c\u0438 \u0441 \u043e\u0434\u0438\u043d\u0430\u043a\u043e\u0432\u044b\u043c\u0438 \u043e\u0431\u0440\u0430\u0437\u0430\u043c\u0438.<\/p>\n<p>\u0422\u0430\u043a\u0436\u0435 \u044d\u0442\u0438\u043c \u0442\u0435\u0440\u043c\u0438\u043d\u043e\u043c \u043d\u0430\u0437\u044b\u0432\u0430\u044e\u0442 \u0434\u0440\u0443\u0433\u0438\u0435 \u043d\u0430\u0441\u0442\u043e\u043b\u044c\u043d\u044b\u0435 \u0438\u0433\u0440\u044b, \u0446\u0435\u043b\u044c \u043a\u043e\u0442\u043e\u0440\u044b\u0445 \u0441\u043e\u0441\u0442\u043e\u0438\u0442 \u0432 \u0440\u0430\u0441\u043f\u043e\u043b\u043e\u0436\u0435\u043d\u0438\u0438 \u043d\u0430 \u0441\u0442\u043e\u043b\u0435 \u0438\u043b\u0438 \u0441\u043f\u0435\u0446\u0438\u0430\u043b\u044c\u043d\u043e\u043c \u0438\u0433\u0440\u043e\u0432\u043e\u043c \u043f\u043e\u043b\u0435 \u043a\u043e\u0441\u0442\u0435\u0439 \u0441 \u043d\u0430\u043d\u0435\u0441\u0435\u043d\u043d\u044b\u043c\u0438 \u043d\u0430 \u043d\u0438\u0445 \u043e\u0434\u043d\u0438\u043c \u0438\u043b\u0438 \u043d\u0435\u0441\u043a\u043e\u043b\u044c\u043a\u0438\u043c\u0438 \u0441\u0438\u043c\u0432\u043e\u043b\u0430\u043c\u0438 \u0442\u0430\u043a, \u0447\u0442\u043e\u0431\u044b \u043e\u043d\u0438 \u043a\u0430\u0441\u0430\u043b\u0438\u0441\u044c \u043e\u0434\u043d\u043e\u0438\u043c\u0435\u043d\u043d\u044b\u043c\u0438 \u0441\u0438\u043c\u0432\u043e\u043b\u0430\u043c\u0438 \u0434\u0440\u0443\u0433 \u0434\u0440\u0443\u0433\u0430.<\/p>\n<p>\u041a\u0430\u0436\u0434\u044b\u0439 \u0441\u0438\u043c\u0432\u043e\u043b \u043d\u0430\u0431\u043e\u0440\u0430 \u043e\u0431\u044b\u0447\u043d\u043e \u0438\u043c\u0435\u0435\u0442 \u0447\u0438\u0441\u043b\u0435\u043d\u043d\u043e\u0435 \u0437\u043d\u0430\u0447\u0435\u043d\u0438\u0435.<\/p>\n<p>\u0418\u0433\u0440\u0430\u044e\u0442 \u043e\u0442 \u0434\u0432\u0443\u0445 \u0434\u043e \u0447\u0435\u0442\u044b\u0440\u0435\u0445 \u0447\u0435\u043b\u043e\u0432\u0435\u043a.<\/p>\n<p>\u0412\u0441\u0435 \u0438\u0433\u0440\u0443\u0448\u043a\u0438 \u0422\u041c \u00ab\u041c\u0430\u043a\u0441\u0438\u043c\u0443\u0441\u00bb \u0438\u0437\u0433\u043e\u0442\u043e\u0432\u043b\u0435\u043d\u044b \u0438\u0437 \u0441\u0435\u0440\u0442\u0438\u0444\u0438\u0446\u0438\u0440\u043e\u0432\u0430\u043d\u043d\u043e\u0433\u043e \u0432\u044b\u0441\u043e\u043a\u043e\u043a\u0430\u0447\u0435\u0441\u0442\u0432\u0435\u043d\u043d\u043e\u0433\u043e \u043f\u043b\u0430\u0441\u0442\u0438\u043a\u0430 \u0438 \u0431\u0435\u0437\u043e\u043f\u0430\u0441\u043d\u044b\u0445 \u043f\u0438\u0449\u0435\u0432\u044b\u0445 \u043a\u0440\u0430\u0441\u0438\u0442\u0435\u043b\u0435\u0439.[trim][:ro_RO]<strong>Jocul de societate \u201eDomino\u201d este un cadou grozav.<\/strong><\/p>\n<p>Dominoul este un joc de societate \u00een timpul c\u0103ruia se construie\u0219te un lan\u021b de imagini, \u00een contact cu jum\u0103t\u0103\u021bi cu aceea\u0219i imagine.<\/p>\n<p><em>Toate juc\u0103riile TM \u201eMaximus\u201d sunt fabricate din plastic certificat de \u00eenalt\u0103 calitate \u0219i coloran\u021bi alimentari siguri.<\/em><\/p>\n","protected":false},"excerpt":{"rendered":"<p>[:ru_RU]\u041d\u0430\u0441\u0442\u043e\u043b\u044c\u043d\u0430\u044f \u0438\u0433\u0440\u0430 &#8220;\u0420\u0430\u0437\u043d\u043e\u0446\u0432\u0435\u0442\u043d\u043e\u0435 \u0434\u043e\u043c\u0438\u043d\u043e \u0441 \u0444\u0440\u0443\u043a\u0442\u0430\u043c\u0438&#8221; \u2013 \u043e\u0442\u043b\u0438\u0447\u043d\u044b\u0439 \u043f\u043e\u0434\u0430\u0440\u043e\u043a.\u00a0 \u0414\u043e\u043c\u0438\u043d\u043e \u2013 \u043d\u0430\u0441\u0442\u043e\u043b\u044c\u043d\u0430\u044f \u0438\u0433\u0440\u0430, \u0432 \u043f\u0440\u043e\u0446\u0435\u0441\u0441\u0435 \u043a\u043e\u0442\u043e\u0440\u043e\u0439 \u0432\u044b\u0441\u0442\u0440\u0430\u0438\u0432\u0430\u0435\u0442\u0441\u044f \u0446\u0435\u043f\u044c \u043a\u0430\u0440\u0442\u0438\u043d\u043e\u043a, \u0441\u043e\u043f\u0440\u0438\u043a\u0430\u0441\u0430\u044e\u0449\u0438\u0445\u0441\u044f \u0441 \u043f\u043e\u043b\u043e\u0432\u0438\u043d\u043a\u0430\u043c\u0438 \u0441 \u043e\u0434\u0438\u043d\u0430\u043a\u043e\u0432\u044b\u043c\u0438 \u043e\u0431\u0440\u0430\u0437\u0430\u043c\u0438. \u0422\u0430\u043a\u0436\u0435 \u044d\u0442\u0438\u043c \u0442\u0435\u0440\u043c\u0438\u043d\u043e\u043c \u043d\u0430\u0437\u044b\u0432\u0430\u044e\u0442 \u0434\u0440\u0443\u0433\u0438\u0435 \u043d\u0430\u0441\u0442\u043e\u043b\u044c\u043d\u044b\u0435 \u0438\u0433\u0440\u044b, \u0446\u0435\u043b\u044c \u043a\u043e\u0442\u043e\u0440\u044b\u0445 \u0441\u043e\u0441\u0442\u043e\u0438\u0442 \u0432 \u0440\u0430\u0441\u043f\u043e\u043b\u043e\u0436\u0435\u043d\u0438\u0438 \u043d\u0430 \u0441\u0442\u043e\u043b\u0435 \u0438\u043b\u0438 \u0441\u043f\u0435\u0446\u0438\u0430\u043b\u044c\u043d\u043e\u043c \u0438\u0433\u0440\u043e\u0432\u043e\u043c \u043f\u043e\u043b\u0435 \u043a\u043e\u0441\u0442\u0435\u0439 \u0441 \u043d\u0430\u043d\u0435\u0441\u0435\u043d\u043d\u044b\u043c\u0438 \u043d\u0430 \u043d\u0438\u0445 \u043e\u0434\u043d\u0438\u043c \u0438\u043b\u0438 \u043d\u0435\u0441\u043a\u043e\u043b\u044c\u043a\u0438\u043c\u0438 \u0441\u0438\u043c\u0432\u043e\u043b\u0430\u043c\u0438 \u0442\u0430\u043a, \u0447\u0442\u043e\u0431\u044b \u043e\u043d\u0438 [&hellip;]<\/p>\n","protected":false},"featured_media":45353,"comment_status":"open","ping_status":"closed","template":"","meta":{"_acf_changed":false},"product_brand":[],"product_cat":[6695],"product_tag":[],"class_list":{"0":"post-45358","1":"product","2":"type-product","3":"status-publish","4":"has-post-thumbnail","6":"product_cat-ru_ru-logicheskie-trim-ro_r","8":"first","9":"instock","10":"shipping-taxable","11":"purchasable","12":"product-type-simple"},"acf":[],"_links":{"self":[{"href":"https:\/\/minimax.md\/ru\/wp-json\/wp\/v2\/product\/45358","targetHints":{"allow":["GET"]}}],"collection":[{"href":"https:\/\/minimax.md\/ru\/wp-json\/wp\/v2\/product"}],"about":[{"href":"https:\/\/minimax.md\/ru\/wp-json\/wp\/v2\/types\/product"}],"replies":[{"embeddable":true,"href":"https:\/\/minimax.md\/ru\/wp-json\/wp\/v2\/comments?post=45358"}],"version-history":[{"count":0,"href":"https:\/\/minimax.md\/ru\/wp-json\/wp\/v2\/product\/45358\/revisions"}],"wp:featuredmedia":[{"embeddable":true,"href":"https:\/\/minimax.md\/ru\/wp-json\/wp\/v2\/media\/45353"}],"wp:attachment":[{"href":"https:\/\/minimax.md\/ru\/wp-json\/wp\/v2\/media?parent=45358"}],"wp:term":[{"taxonomy":"product_brand","embeddable":true,"href":"https:\/\/minimax.md\/ru\/wp-json\/wp\/v2\/product_brand?post=45358"},{"taxonomy":"product_cat","embeddable":true,"href":"https:\/\/minimax.md\/ru\/wp-json\/wp\/v2\/product_cat?post=45358"},{"taxonomy":"product_tag","embeddable":true,"href":"https:\/\/minimax.md\/ru\/wp-json\/wp\/v2\/product_tag?post=45358"}],"curies":[{"name":"wp","href":"https:\/\/api.w.org\/{rel}","templated":true}]}}