{"id":45366,"date":"2024-01-11T17:14:07","date_gmt":"2024-01-11T14:14:07","guid":{"rendered":"https:\/\/minimax.md\/product\/45366.html"},"modified":"2024-03-13T01:04:10","modified_gmt":"2024-03-12T22:04:10","slug":"ru_ru-1-18-inercionnaja-mashina-dance-and-music-svet-zvuk-trim-ro_ro-1-18-ma-in-cu-fric-iune-dance-and-music-lumini-sunete","status":"publish","type":"product","link":"https:\/\/minimax.md\/ru\/product\/45366.html","title":{"rendered":"1:18 \u0418\u043d\u0435\u0440\u0446\u0438\u043e\u043d\u043d\u0430\u044f \u043c\u0430\u0448\u0438\u043d\u0430 \"Dance and Music\" (\u0441\u0432\u0435\u0442 \/ \u0437\u0432\u0443\u043a)"},"content":{"rendered":"<p>[:ru_RU]\u0412\u0435\u043b\u0438\u043a\u043e\u043b\u0435\u043f\u043d\u0430\u044f \u043c\u043e\u0434\u0435\u043b\u044c \u0432\u043d\u0435\u0434\u043e\u0440\u043e\u0436\u043d\u0438\u043a\u0430 \u0441\u0442\u0430\u043d\u0435\u0442 \u043f\u0440\u0435\u043a\u0440\u0430\u0441\u043d\u043e\u0439 \u0438\u0433\u0440\u0443\u0448\u043a\u043e\u0439 \u0434\u043b\u044f \u0412\u0430\u0448\u0435\u0433\u043e \u0441\u044b\u043d\u0430.<br \/>\n\u041c\u0430\u0448\u0438\u043d\u0430 \u0432\u044b\u0433\u043b\u044f\u0434\u0438\u0442 \u043d\u0435\u0432\u0435\u0440\u043e\u044f\u0442\u043d\u043e \u0441\u0442\u0438\u043b\u044c\u043d\u043e \u0438 \u043f\u0440\u0438\u0432\u043b\u0435\u043a\u0430\u0442\u0435\u043b\u044c\u043d\u043e. \u0412 \u0435\u0435 \u043a\u043e\u043d\u0441\u0442\u0440\u0443\u043a\u0446\u0438\u044e \u0434\u043e\u0431\u0430\u0432\u0438\u043b\u0438 \u043d\u0438\u0437\u043a\u0438\u0439 \u0434\u043e\u0440\u043e\u0436\u043d\u044b\u0439 \u043f\u0440\u043e\u0441\u0432\u0435\u0442, \u043e\u0442\u043a\u0440\u044b\u0442\u0443\u044e \u0441\u0438\u0441\u0442\u0435\u043c\u0443 \u0434\u0432\u0438\u0433\u0430\u0442\u0435\u043b\u044f \u0438 \u043a\u0443\u0437\u043e\u0432 \u0441 \u0431\u043e\u043b\u044c\u0448\u043e\u0439 \u043c\u0443\u0437\u044b\u043a\u0430\u043b\u044c\u043d\u043e\u0439 \u043a\u043e\u043b\u043e\u043d\u043a\u043e\u0439.<br \/>\n\u042d\u0444\u0444\u0435\u043a\u0442\u044b \u043c\u043e\u0434\u0435\u043b\u0438:<br \/>\n\u2014 \u043a\u043d\u043e\u043f\u043a\u0430 \u0432\u043f\u0435\u0440\u0435\u0434 \u2013 \u0430\u043a\u0442\u0438\u0432\u0438\u0440\u0443\u0435\u0442 \u0434\u0432\u0438\u0436\u0435\u043d\u0438\u0435 \u0432\u043f\u0435\u0440\u0435\u0434;<br \/>\n\u2014 \u043a\u043d\u043e\u043f\u043a\u0430 \u043d\u0430\u0437\u0430\u0434 \u2013 \u0430\u043a\u0442\u0438\u0432\u0438\u0440\u0443\u0435\u0442 \u0434\u0432\u0438\u0436\u0435\u043d\u0438\u0435 \u043d\u0430\u0437\u0430\u0434;<br \/>\n\u2014 \u043a\u043d\u043e\u043f\u043a\u0430 \u043a\u043b\u044e\u0447 \u2013 \u0430\u043a\u0442\u0438\u0432\u0438\u0440\u0443\u0435\u0442 \u0437\u0432\u0443\u043a\u0438 \u0434\u0432\u0438\u0433\u0430\u0442\u0435\u043b\u044f;<br \/>\n\u2014 \u043a\u043d\u043e\u043f\u043a\u0430 \u0437\u0432\u0443\u043a \u2013 \u0430\u043a\u0442\u0438\u0432\u0438\u0440\u0443\u0435\u0442 \u0441\u0438\u0433\u043d\u0430\u043b \u043c\u0430\u0448\u0438\u043d\u044b;<br \/>\n\u2014 \u043a\u043d\u043e\u043f\u043a\u0430 \u0441 \u043d\u043e\u0442\u043e\u0439 \u2013 \u0430\u043a\u0442\u0438\u0432\u0438\u0440\u0443\u0435\u0442 \u043c\u0443\u0437\u044b\u043a\u0443, \u0430 \u043c\u0430\u0448\u0438\u043d\u043a\u0430 \u043d\u0430\u0447\u0438\u043d\u0430\u0435\u0442 \u0434\u0432\u0438\u0433\u0430\u0442\u044c\u0441\u044f \u0432\u043f\u0435\u0440\u0435\u0434 \u0438 \u043d\u0430\u0437\u0430\u0434;<br \/>\n\u2014 \u0434\u0432\u0438\u0433\u0430\u0442\u0435\u043b\u044c \u0441\u0432\u0435\u0442\u0438\u0442\u0441\u044f: \u043a\u0440\u0430\u0441\u043d\u044b\u043c, \u0441\u0438\u043d\u0438\u043c \u0438 \u0437\u0435\u043b\u0435\u043d\u044b\u043c \u0446\u0432\u0435\u0442\u043e\u043c;<\/p>\n<p>\u0425\u0430\u0440\u0430\u043a\u0442\u0435\u0440\u0438\u0441\u0442\u0438\u043a\u0438:<\/p>\n<p> \t\u041c\u0430\u0441\u0448\u0442\u0430\u0431: 1:18.<br \/>\n \t\u0418\u043d\u0435\u0440\u0446\u0438\u043e\u043d\u043d\u044b\u0439 \u043c\u0435\u0445\u0430\u043d\u0438\u0437\u043c.<br \/>\n \t\u041a\u043e\u043b\u0451\u0441\u0430 \u0441 \u0440\u0435\u0437\u0438\u043d\u043e\u0432\u044b\u043c\u0438 \u043f\u043e\u043a\u0440\u044b\u0448\u043a\u0430\u043c\u0438.<br \/>\n \t\u0421\u0432\u0435\u0442 \u0438 \u0437\u0432\u0443\u043a \u0440\u0430\u0431\u043e\u0442\u0430\u044e\u0442 \u043e\u0442 3-\u0445 \u0431\u0430\u0442\u0430\u0440\u0435\u0435\u043a &#8220;AG13&#8221; (\u0432\u0445\u043e\u0434\u044f\u0442 \u0432 \u043a\u043e\u043c\u043f\u043b\u0435\u043a\u0442 \u0434\u043b\u044f \u0434\u0435\u043c\u043e\u043d\u0441\u0442\u0440\u0430\u0446\u0438\u0438).<br \/>\n \t\u0418\u0437\u0433\u043e\u0442\u043e\u0432\u043b\u0435\u043d\u043e \u0438\u0437 \u0432\u044b\u0441\u043e\u043a\u043e\u043a\u0430\u0447\u0435\u0441\u0442\u0432\u0435\u043d\u043d\u043e\u0433\u043e \u043f\u043b\u0430\u0441\u0442\u0438\u043a\u0430.[trim][:ro_RO]Acest model magnific va fi o juc\u0103rie grozav\u0103 pentru copilul dumneavoastr\u0103.<br \/>\nMa\u0219ina arat\u0103 incredibil de elegant\u0103 \u0219i atr\u0103g\u0103toare. \u00cen construc\u021bia sa au fost ad\u0103ugate numeroase elemente de design exterior uimitoare: motor vizibil \u0219i o caroserie \u00een care este montat un difuzor muzical gigant.<\/p>\n<p>Efectele modelului:<br \/>\n&#8211; butonul \u00eenainte &#8211; activeaz\u0103 deplasarea \u00eenainte;<br \/>\n&#8211; butonul \u00eenapoi &#8211; activeaz\u0103 deplasarea \u00eenapoi;<br \/>\n&#8211; butonul cu cheie &#8211; activeaz\u0103 sunetele motorului;<br \/>\n&#8211; butonul de sunet &#8211; activeaz\u0103 semnalul ma\u0219inii;<br \/>\n&#8211; butonul cu not\u0103 muzical\u0103- activeaz\u0103 muzica, iar ma\u0219ina \u00eencepe s\u0103 se mi\u0219te \u00eenainte \u0219i \u00eenapoi;<br \/>\n&#8211; motorul lumineaz\u0103: ro\u0219u, albastru \u0219i verde;<\/p>\n<p>Ma\u0219inu\u021ba \u00abDance and Music\u00bb are urm\u0103toarele caracteristici :<\/p>\n<ul>\n<li>Ro\u021bile sunt de cauciuc.<\/li>\n<li>Este fabricat\u0103 din material plastic de \u00eenalt\u0103 calitate.<\/li>\n<li>Ma\u0219ina este construit\u0103 la o scara de 1:18.<\/li>\n<li>Juc\u0103ria este alimentat\u0103 de baterii: 3 x AG13 (bateriile sunt incluse).<\/li>\n<\/ul>\n","protected":false},"excerpt":{"rendered":"<p>[:ru_RU]\u0412\u0435\u043b\u0438\u043a\u043e\u043b\u0435\u043f\u043d\u0430\u044f \u043c\u043e\u0434\u0435\u043b\u044c \u0432\u043d\u0435\u0434\u043e\u0440\u043e\u0436\u043d\u0438\u043a\u0430 \u0441\u0442\u0430\u043d\u0435\u0442 \u043f\u0440\u0435\u043a\u0440\u0430\u0441\u043d\u043e\u0439 \u0438\u0433\u0440\u0443\u0448\u043a\u043e\u0439 \u0434\u043b\u044f \u0412\u0430\u0448\u0435\u0433\u043e \u0441\u044b\u043d\u0430. \u041c\u0430\u0448\u0438\u043d\u0430 \u0432\u044b\u0433\u043b\u044f\u0434\u0438\u0442 \u043d\u0435\u0432\u0435\u0440\u043e\u044f\u0442\u043d\u043e \u0441\u0442\u0438\u043b\u044c\u043d\u043e \u0438 \u043f\u0440\u0438\u0432\u043b\u0435\u043a\u0430\u0442\u0435\u043b\u044c\u043d\u043e. \u0412 \u0435\u0435 \u043a\u043e\u043d\u0441\u0442\u0440\u0443\u043a\u0446\u0438\u044e \u0434\u043e\u0431\u0430\u0432\u0438\u043b\u0438 \u043d\u0438\u0437\u043a\u0438\u0439 \u0434\u043e\u0440\u043e\u0436\u043d\u044b\u0439 \u043f\u0440\u043e\u0441\u0432\u0435\u0442, \u043e\u0442\u043a\u0440\u044b\u0442\u0443\u044e \u0441\u0438\u0441\u0442\u0435\u043c\u0443 \u0434\u0432\u0438\u0433\u0430\u0442\u0435\u043b\u044f \u0438 \u043a\u0443\u0437\u043e\u0432 \u0441 \u0431\u043e\u043b\u044c\u0448\u043e\u0439 \u043c\u0443\u0437\u044b\u043a\u0430\u043b\u044c\u043d\u043e\u0439 \u043a\u043e\u043b\u043e\u043d\u043a\u043e\u0439. \u042d\u0444\u0444\u0435\u043a\u0442\u044b \u043c\u043e\u0434\u0435\u043b\u0438: \u2014 \u043a\u043d\u043e\u043f\u043a\u0430 \u0432\u043f\u0435\u0440\u0435\u0434 \u2013 \u0430\u043a\u0442\u0438\u0432\u0438\u0440\u0443\u0435\u0442 \u0434\u0432\u0438\u0436\u0435\u043d\u0438\u0435 \u0432\u043f\u0435\u0440\u0435\u0434; \u2014 \u043a\u043d\u043e\u043f\u043a\u0430 \u043d\u0430\u0437\u0430\u0434 \u2013 \u0430\u043a\u0442\u0438\u0432\u0438\u0440\u0443\u0435\u0442 \u0434\u0432\u0438\u0436\u0435\u043d\u0438\u0435 \u043d\u0430\u0437\u0430\u0434; \u2014 \u043a\u043d\u043e\u043f\u043a\u0430 \u043a\u043b\u044e\u0447 \u2013 \u0430\u043a\u0442\u0438\u0432\u0438\u0440\u0443\u0435\u0442 \u0437\u0432\u0443\u043a\u0438 \u0434\u0432\u0438\u0433\u0430\u0442\u0435\u043b\u044f; \u2014 [&hellip;]<\/p>\n","protected":false},"featured_media":45365,"comment_status":"open","ping_status":"closed","template":"","meta":{"_acf_changed":false},"product_brand":[],"product_cat":[6726],"product_tag":[],"class_list":{"0":"post-45366","1":"product","2":"type-product","3":"status-publish","4":"has-post-thumbnail","6":"product_cat-ru_ru-mashinki-trim-ro_ro-m","8":"first","9":"instock","10":"shipping-taxable","11":"purchasable","12":"product-type-simple"},"acf":[],"_links":{"self":[{"href":"https:\/\/minimax.md\/ru\/wp-json\/wp\/v2\/product\/45366","targetHints":{"allow":["GET"]}}],"collection":[{"href":"https:\/\/minimax.md\/ru\/wp-json\/wp\/v2\/product"}],"about":[{"href":"https:\/\/minimax.md\/ru\/wp-json\/wp\/v2\/types\/product"}],"replies":[{"embeddable":true,"href":"https:\/\/minimax.md\/ru\/wp-json\/wp\/v2\/comments?post=45366"}],"version-history":[{"count":0,"href":"https:\/\/minimax.md\/ru\/wp-json\/wp\/v2\/product\/45366\/revisions"}],"wp:featuredmedia":[{"embeddable":true,"href":"https:\/\/minimax.md\/ru\/wp-json\/wp\/v2\/media\/45365"}],"wp:attachment":[{"href":"https:\/\/minimax.md\/ru\/wp-json\/wp\/v2\/media?parent=45366"}],"wp:term":[{"taxonomy":"product_brand","embeddable":true,"href":"https:\/\/minimax.md\/ru\/wp-json\/wp\/v2\/product_brand?post=45366"},{"taxonomy":"product_cat","embeddable":true,"href":"https:\/\/minimax.md\/ru\/wp-json\/wp\/v2\/product_cat?post=45366"},{"taxonomy":"product_tag","embeddable":true,"href":"https:\/\/minimax.md\/ru\/wp-json\/wp\/v2\/product_tag?post=45366"}],"curies":[{"name":"wp","href":"https:\/\/api.w.org\/{rel}","templated":true}]}}