{"id":45414,"date":"2024-01-11T17:14:13","date_gmt":"2024-01-11T14:14:13","guid":{"rendered":"https:\/\/minimax.md\/product\/45414.html"},"modified":"2024-03-13T01:03:57","modified_gmt":"2024-03-12T22:03:57","slug":"ru_ru-brelochek-koshka-heather-10-sm-mini-boos-trim-ro_ro-breloc-pisica-heather-10-cm-mini-boos","status":"publish","type":"product","link":"https:\/\/minimax.md\/ru\/product\/45414.html","title":{"rendered":"\u0411\u0440\u0435\u043b\u043e\u0447\u0435\u043a - \u041a\u043e\u0448\u043a\u0430 Heather 10 \u0441\u043c (MINI BOOS)"},"content":{"rendered":"<p>[:ru_RU]TY Incorporation \u2013 \u044d\u0442\u043e \u0431\u0435\u0437\u043e\u043f\u0430\u0441\u043d\u044b\u0435 \u0438 \u0443\u0432\u043b\u0435\u043a\u0430\u0442\u0435\u043b\u044c\u043d\u044b\u0435 \u043f\u043b\u044e\u0448\u0435\u0432\u044b\u0435 \u0438\u0433\u0440\u0443\u0448\u043a\u0438, \u043a\u043e\u0442\u043e\u0440\u044b\u0435 \u044f\u0432\u043b\u044f\u044e\u0442\u0441\u044f \u043d\u0435\u043e\u0431\u044b\u0447\u0430\u0439\u043d\u043e \u043f\u043e\u043f\u0443\u043b\u044f\u0440\u043d\u044b\u043c\u0438 \u0441\u0440\u0435\u0434\u0438 \u0434\u0435\u0442\u0435\u0439 \u0441\u043e \u0432\u0441\u0435\u0433\u043e \u0437\u0435\u043c\u043d\u043e\u0433\u043e \u0448\u0430\u0440\u0430. \u041e\u043d\u0438 \u0432\u044b\u043f\u043e\u043b\u043d\u0435\u043d\u044b \u0438\u0437 \u0430\u043d\u0442\u0438\u0430\u043b\u043b\u0435\u0440\u0433\u0435\u043d\u043d\u044b\u0445, \u044d\u043a\u043e\u043b\u043e\u0433\u0438\u0447\u0435\u0441\u043a\u0438 \u0447\u0438\u0441\u0442\u044b\u0445 \u0438 \u0432\u044b\u0441\u043e\u043a\u043e\u043a\u0430\u0447\u0435\u0441\u0442\u0432\u0435\u043d\u043d\u044b\u0445 \u043c\u0430\u0442\u0435\u0440\u0438\u0430\u043b\u043e\u0432. \u0410 \u043f\u0440\u0438 \u0438\u0445 \u043f\u0440\u043e\u0438\u0437\u0432\u043e\u0434\u0441\u0442\u0432\u0435 \u0431\u044b\u043b\u043e \u0437\u0430\u0434\u0435\u0439\u0441\u0442\u0432\u043e\u0432\u0430\u043d\u043e \u043f\u0435\u0440\u0435\u0434\u043e\u0432\u043e\u0435 \u0438 \u043d\u043e\u0432\u0435\u0439\u0448\u0435\u0435 \u043e\u0431\u043e\u0440\u0443\u0434\u043e\u0432\u0430\u043d\u0438\u0435.<\/p>\n<p>\u041a\u043e\u0448\u043a\u0430 Heather, \u0431\u0440\u0435\u043b\u043e\u043a\u00a0\u0441 \u0441\u043e\u043e\u0442\u0432\u0435\u0442\u0441\u0442\u0432\u0443\u044e\u0449\u0435\u0439 \u043a\u0438\u0441\u0442\u043e\u0447\u043a\u043e\u0439 \u0438 \u0437\u043e\u043b\u043e\u0442\u0438\u0441\u0442\u044b\u043c \u0438\u043b\u0438 \u0441\u0435\u0440\u0435\u0431\u0440\u0438\u0441\u0442\u044b\u043c \u0437\u0430\u0436\u0438\u043c\u043e\u043c.<\/p>\n<p>\u0425\u0430\u0440\u0430\u043a\u0442\u0435\u0440\u0438\u0441\u0442\u0438\u043a\u0438:<\/p>\n<p> \t\u0440\u0443\u0447\u043d\u0430\u044f \u0440\u043e\u0441\u043f\u0438\u0441\u044c \u0432 \u044f\u0440\u043a\u0438\u0445 \u043c\u0430\u0442\u043e\u0432\u044b\u0445, \u0444\u043b\u0443\u043e\u0440\u0435\u0441\u0446\u0435\u043d\u0442\u043d\u044b\u0445 \u0438 \u043f\u0435\u0440\u0435\u043b\u0438\u0432\u0430\u044e\u0449\u0438\u0445\u0441\u044f \u0446\u0432\u0435\u0442\u0430\u0445,<br \/>\n \t\u0442\u0435\u043a\u0441\u0442\u0443\u0440\u0438\u0440\u043e\u0432\u0430\u043d\u043d\u044b\u0435 \u0430\u043a\u0446\u0435\u043d\u0442\u044b \u0441\u0443\u043f\u0435\u0440 \u0441\u0432\u0435\u0440\u043a\u0430\u044e\u0449\u0438\u0435 \u0438 \u0437\u043e\u043b\u043e\u0442\u044b\u0435 \u0431\u043b\u0435\u0441\u0442\u044f\u0449\u0438\u0435 \u0433\u043b\u0430\u0437\u0430 Beanie Boo,<br \/>\n \t\u0432\u043a\u043b\u044e\u0447\u0430\u0435\u0442 \u043e\u0444\u0438\u0446\u0438\u0430\u043b\u044c\u043d\u044b\u0439 Ty Heart \u0441 \u0434\u043d\u0435\u043c \u200b\u200b\u200b\u200b\u0440\u043e\u0436\u0434\u0435\u043d\u0438\u044f,<br \/>\n \t\u0440\u0430\u0437\u043c\u0435\u0440 \u0431\u0440\u0435\u043b\u043a\u0430: 10 \u0441\u043c,<br \/>\n \t\u0440\u0430\u0437\u043c\u0435\u0440 \u0438\u0433\u0440\u0443\u0448\u043a\u0438: 6,5 \u0441\u043c.[trim][:ro_RO]TY Incorporation &#8211; sunt juc\u0103rii de plu\u0219 distractive \u0219i inofensive, care sunt extrem de populare printre copiii din \u00eentreaga lume. Sunt fabricate din materiale anti-alergice pl\u0103cute la atingere, ecologice \u0219i de calitate \u00eenalt\u0103. \u00cen produc\u021bia lor au fost implicate echipamente de ultim\u0103 genera\u021bie.<\/p>\n<p><span class=\"Y2IQFc\" lang=\"ro\">Pisica Heather, reprezint\u0103 un breloc cu <\/span><span class=\"Y2IQFc\" lang=\"ro\">ciucure <\/span><span class=\"Y2IQFc\" lang=\"ro\">asortat \u0219i clem\u0103 aurie. <\/span><\/p>\n<p><span class=\"Y2IQFc\" lang=\"ro\"><strong>Caracteristici:<\/strong><\/span><\/p>\n<ul>\n<li id=\"tw-target-text\" class=\"tw-data-text tw-text-large tw-ta\" dir=\"ltr\" data-placeholder=\"\u041f\u0435\u0440\u0435\u0432\u043e\u0434\"><span class=\"Y2IQFc\" lang=\"ro\">pictat manual \u00een culori str\u0103lucitoare mate, fluorescente \u0219i irizate,<\/span><\/li>\n<li class=\"tw-data-text tw-text-large tw-ta\" dir=\"ltr\" data-placeholder=\"\u041f\u0435\u0440\u0435\u0432\u043e\u0434\">accente texturate super sclipitoare \u0219i ochi aurii cu sclipici Beanie Boo,<\/li>\n<li dir=\"ltr\" data-placeholder=\"\u041f\u0435\u0440\u0435\u0432\u043e\u0434\">\u00a0plu\u0219 include Inima TY oficial\u0103 cu<br \/>\n","protected":false},"excerpt":{"rendered":"<p>[:ru_RU]TY Incorporation \u2013 \u044d\u0442\u043e \u0431\u0435\u0437\u043e\u043f\u0430\u0441\u043d\u044b\u0435 \u0438 \u0443\u0432\u043b\u0435\u043a\u0430\u0442\u0435\u043b\u044c\u043d\u044b\u0435 \u043f\u043b\u044e\u0448\u0435\u0432\u044b\u0435 \u0438\u0433\u0440\u0443\u0448\u043a\u0438, \u043a\u043e\u0442\u043e\u0440\u044b\u0435 \u044f\u0432\u043b\u044f\u044e\u0442\u0441\u044f \u043d\u0435\u043e\u0431\u044b\u0447\u0430\u0439\u043d\u043e \u043f\u043e\u043f\u0443\u043b\u044f\u0440\u043d\u044b\u043c\u0438 \u0441\u0440\u0435\u0434\u0438 \u0434\u0435\u0442\u0435\u0439 \u0441\u043e \u0432\u0441\u0435\u0433\u043e \u0437\u0435\u043c\u043d\u043e\u0433\u043e \u0448\u0430\u0440\u0430. \u041e\u043d\u0438 \u0432\u044b\u043f\u043e\u043b\u043d\u0435\u043d\u044b \u0438\u0437 \u0430\u043d\u0442\u0438\u0430\u043b\u043b\u0435\u0440\u0433\u0435\u043d\u043d\u044b\u0445, \u044d\u043a\u043e\u043b\u043e\u0433\u0438\u0447\u0435\u0441\u043a\u0438 \u0447\u0438\u0441\u0442\u044b\u0445 \u0438 \u0432\u044b\u0441\u043e\u043a\u043e\u043a\u0430\u0447\u0435\u0441\u0442\u0432\u0435\u043d\u043d\u044b\u0445 \u043c\u0430\u0442\u0435\u0440\u0438\u0430\u043b\u043e\u0432. \u0410 \u043f\u0440\u0438 \u0438\u0445 \u043f\u0440\u043e\u0438\u0437\u0432\u043e\u0434\u0441\u0442\u0432\u0435 \u0431\u044b\u043b\u043e \u0437\u0430\u0434\u0435\u0439\u0441\u0442\u0432\u043e\u0432\u0430\u043d\u043e \u043f\u0435\u0440\u0435\u0434\u043e\u0432\u043e\u0435 \u0438 \u043d\u043e\u0432\u0435\u0439\u0448\u0435\u0435 \u043e\u0431\u043e\u0440\u0443\u0434\u043e\u0432\u0430\u043d\u0438\u0435. \u041a\u043e\u0448\u043a\u0430 Heather, \u0431\u0440\u0435\u043b\u043e\u043a\u00a0\u0441 \u0441\u043e\u043e\u0442\u0432\u0435\u0442\u0441\u0442\u0432\u0443\u044e\u0449\u0435\u0439 \u043a\u0438\u0441\u0442\u043e\u0447\u043a\u043e\u0439 \u0438 \u0437\u043e\u043b\u043e\u0442\u0438\u0441\u0442\u044b\u043c \u0438\u043b\u0438 \u0441\u0435\u0440\u0435\u0431\u0440\u0438\u0441\u0442\u044b\u043c \u0437\u0430\u0436\u0438\u043c\u043e\u043c. \u0425\u0430\u0440\u0430\u043a\u0442\u0435\u0440\u0438\u0441\u0442\u0438\u043a\u0438: \u0440\u0443\u0447\u043d\u0430\u044f \u0440\u043e\u0441\u043f\u0438\u0441\u044c \u0432 \u044f\u0440\u043a\u0438\u0445 \u043c\u0430\u0442\u043e\u0432\u044b\u0445, \u0444\u043b\u0443\u043e\u0440\u0435\u0441\u0446\u0435\u043d\u0442\u043d\u044b\u0445 [&hellip;]<\/p>\n","protected":false},"featured_media":45413,"comment_status":"open","ping_status":"closed","template":"","meta":{"_acf_changed":false},"product_brand":[],"product_cat":[6691],"product_tag":[],"class_list":{"0":"post-45414","1":"product","2":"type-product","3":"status-publish","4":"has-post-thumbnail","6":"product_cat-ru_ru-mjagkie-igrushki-trim","8":"first","9":"instock","10":"shipping-taxable","11":"purchasable","12":"product-type-simple"},"acf":[],"_links":{"self":[{"href":"https:\/\/minimax.md\/ru\/wp-json\/wp\/v2\/product\/45414","targetHints":{"allow":["GET"]}}],"collection":[{"href":"https:\/\/minimax.md\/ru\/wp-json\/wp\/v2\/product"}],"about":[{"href":"https:\/\/minimax.md\/ru\/wp-json\/wp\/v2\/types\/product"}],"replies":[{"embeddable":true,"href":"https:\/\/minimax.md\/ru\/wp-json\/wp\/v2\/comments?post=45414"}],"version-history":[{"count":0,"href":"https:\/\/minimax.md\/ru\/wp-json\/wp\/v2\/product\/45414\/revisions"}],"wp:featuredmedia":[{"embeddable":true,"href":"https:\/\/minimax.md\/ru\/wp-json\/wp\/v2\/media\/45413"}],"wp:attachment":[{"href":"https:\/\/minimax.md\/ru\/wp-json\/wp\/v2\/media?parent=45414"}],"wp:term":[{"taxonomy":"product_brand","embeddable":true,"href":"https:\/\/minimax.md\/ru\/wp-json\/wp\/v2\/product_brand?post=45414"},{"taxonomy":"product_cat","embeddable":true,"href":"https:\/\/minimax.md\/ru\/wp-json\/wp\/v2\/product_cat?post=45414"},{"taxonomy":"product_tag","embeddable":true,"href":"https:\/\/minimax.md\/ru\/wp-json\/wp\/v2\/product_tag?post=45414"}],"curies":[{"name":"wp","href":"https:\/\/api.w.org\/{rel}","templated":true}]}}