{"id":45446,"date":"2024-01-11T17:14:17","date_gmt":"2024-01-11T14:14:17","guid":{"rendered":"https:\/\/minimax.md\/product\/45446.html"},"modified":"2024-03-13T00:35:06","modified_gmt":"2024-03-12T21:35:06","slug":"ru_ru-igrovoj-nabor-chemodan-s-magnitami-trim-ro_ro-set-de-joc-valiza-cu-magne-i","status":"publish","type":"product","link":"https:\/\/minimax.md\/ru\/product\/45446.html","title":{"rendered":"\u0418\u0433\u0440\u043e\u0432\u043e\u0439 \u043d\u0430\u0431\u043e\u0440 \"\u0427\u0435\u043c\u043e\u0434\u0430\u043d \u0441 \u043c\u0430\u0433\u043d\u0438\u0442\u0430\u043c\u0438\""},"content":{"rendered":"<p>[:ru_RU]\u0420\u0430\u0441\u043a\u0440\u043e\u0439\u0442\u0435 \u0441\u0432\u043e\u0439 \u0442\u0432\u043e\u0440\u0447\u0435\u0441\u043a\u0438\u0439 \u043f\u043e\u0442\u0435\u043d\u0446\u0438\u0430\u043b, \u0438\u0433\u0440\u0430\u044f \u0441 \u043a\u0440\u0430\u0441\u043e\u0447\u043d\u043e\u0439 \u043a\u043e\u0440\u043e\u0431\u043a\u043e\u0439 \u0438\u0437 \u043c\u0430\u0433\u043d\u0438\u0442\u043d\u044b\u0445 \u0444\u043e\u0440\u043c. \u0412\u044b\u0431\u0435\u0440\u0438\u0442\u0435 \u0438\u0437 91-\u043e\u0439 \u043f\u0440\u0438\u043b\u0430\u0433\u0430\u0435\u043c\u043e\u0439 \u043c\u0430\u0433\u043d\u0438\u0442\u043d\u043e\u0439 \u0444\u043e\u0440\u043c\u044b \u0438 \u043f\u0440\u0438\u043a\u0440\u0435\u043f\u0438\u0442\u0435 \u0435\u0435 \u043a \u0432\u043d\u0443\u0442\u0440\u0435\u043d\u043d\u0435\u0439 \u0447\u0430\u0441\u0442\u0438 \u043a\u0440\u044b\u0448\u043a\u0438. \u041f\u043e\u043b\u0430\u0433\u0430\u044f\u0441\u044c \u043d\u0430 \u0441\u0432\u043e\u0435 \u0432\u043e\u043e\u0431\u0440\u0430\u0436\u0435\u043d\u0438\u0435, \u0432\u044b \u043c\u043e\u0436\u0435\u0442\u0435 \u0441\u043e\u0437\u0434\u0430\u0432\u0430\u0442\u044c \u0441\u0432\u043e\u0438 \u0441\u043e\u0431\u0441\u0442\u0432\u0435\u043d\u043d\u044b\u0435 \u043e\u0431\u044a\u0435\u043a\u0442\u044b \u0438\u043b\u0438 \u0441\u043b\u0435\u0434\u043e\u0432\u0430\u0442\u044c \u043f\u0440\u0438\u0432\u0435\u0434\u0435\u043d\u043d\u044b\u043c \u043f\u0440\u0438\u043c\u0435\u0440\u0430\u043c.[trim][:ro_RO]Hape Carcas\u0103 magnetic\u0103 cu forme<\/p>\n<p>Las\u0103-te purtat de creativitatea ta cu acest fantastic caz magnetic.<\/p>\n<p>Alege\u021bi dintre cele 91 de piese magnetice \u00eenchise de diferite forme \u0219i culori, plasa\u021bi scena lor ar\u0103tat\u0103 \u00een epoca interioar\u0103 sau crea\u021bi dup\u0103 imagina\u021bia dvs. pe spatele gol.<br \/>\nSetul include, de asemenea, c\u0103r\u021bi ilustrative pentru inspira\u021bie.<br \/>\nFabricat din material durabil \u0219i de calitate.<br \/>\nNum\u0103r de piese: 105.<br \/>\nDimensiunea ambalajului: 30 x 23 x 6 cm.<br \/>\nV\u00e2rsta: peste 3 ani<\/p>\n","protected":false},"excerpt":{"rendered":"<p>[:ru_RU]\u0420\u0430\u0441\u043a\u0440\u043e\u0439\u0442\u0435 \u0441\u0432\u043e\u0439 \u0442\u0432\u043e\u0440\u0447\u0435\u0441\u043a\u0438\u0439 \u043f\u043e\u0442\u0435\u043d\u0446\u0438\u0430\u043b, \u0438\u0433\u0440\u0430\u044f \u0441 \u043a\u0440\u0430\u0441\u043e\u0447\u043d\u043e\u0439 \u043a\u043e\u0440\u043e\u0431\u043a\u043e\u0439 \u0438\u0437 \u043c\u0430\u0433\u043d\u0438\u0442\u043d\u044b\u0445 \u0444\u043e\u0440\u043c. \u0412\u044b\u0431\u0435\u0440\u0438\u0442\u0435 \u0438\u0437 91-\u043e\u0439 \u043f\u0440\u0438\u043b\u0430\u0433\u0430\u0435\u043c\u043e\u0439 \u043c\u0430\u0433\u043d\u0438\u0442\u043d\u043e\u0439 \u0444\u043e\u0440\u043c\u044b \u0438 \u043f\u0440\u0438\u043a\u0440\u0435\u043f\u0438\u0442\u0435 \u0435\u0435 \u043a \u0432\u043d\u0443\u0442\u0440\u0435\u043d\u043d\u0435\u0439 \u0447\u0430\u0441\u0442\u0438 \u043a\u0440\u044b\u0448\u043a\u0438. \u041f\u043e\u043b\u0430\u0433\u0430\u044f\u0441\u044c \u043d\u0430 \u0441\u0432\u043e\u0435 \u0432\u043e\u043e\u0431\u0440\u0430\u0436\u0435\u043d\u0438\u0435, \u0432\u044b \u043c\u043e\u0436\u0435\u0442\u0435 \u0441\u043e\u0437\u0434\u0430\u0432\u0430\u0442\u044c \u0441\u0432\u043e\u0438 \u0441\u043e\u0431\u0441\u0442\u0432\u0435\u043d\u043d\u044b\u0435 \u043e\u0431\u044a\u0435\u043a\u0442\u044b \u0438\u043b\u0438 \u0441\u043b\u0435\u0434\u043e\u0432\u0430\u0442\u044c \u043f\u0440\u0438\u0432\u0435\u0434\u0435\u043d\u043d\u044b\u043c \u043f\u0440\u0438\u043c\u0435\u0440\u0430\u043c.[trim][:ro_RO]Hape Carcas\u0103 magnetic\u0103 cu forme Las\u0103-te purtat de creativitatea ta cu acest fantastic caz magnetic. Alege\u021bi dintre cele [&hellip;]<\/p>\n","protected":false},"featured_media":45438,"comment_status":"open","ping_status":"closed","template":"","meta":{"_acf_changed":false},"product_brand":[],"product_cat":[6730],"product_tag":[],"class_list":{"0":"post-45446","1":"product","2":"type-product","3":"status-publish","4":"has-post-thumbnail","6":"product_cat-ru_ru-razvivashki-trim-ro_r","8":"first","9":"instock","10":"shipping-taxable","11":"purchasable","12":"product-type-simple"},"acf":[],"_links":{"self":[{"href":"https:\/\/minimax.md\/ru\/wp-json\/wp\/v2\/product\/45446","targetHints":{"allow":["GET"]}}],"collection":[{"href":"https:\/\/minimax.md\/ru\/wp-json\/wp\/v2\/product"}],"about":[{"href":"https:\/\/minimax.md\/ru\/wp-json\/wp\/v2\/types\/product"}],"replies":[{"embeddable":true,"href":"https:\/\/minimax.md\/ru\/wp-json\/wp\/v2\/comments?post=45446"}],"version-history":[{"count":0,"href":"https:\/\/minimax.md\/ru\/wp-json\/wp\/v2\/product\/45446\/revisions"}],"wp:featuredmedia":[{"embeddable":true,"href":"https:\/\/minimax.md\/ru\/wp-json\/wp\/v2\/media\/45438"}],"wp:attachment":[{"href":"https:\/\/minimax.md\/ru\/wp-json\/wp\/v2\/media?parent=45446"}],"wp:term":[{"taxonomy":"product_brand","embeddable":true,"href":"https:\/\/minimax.md\/ru\/wp-json\/wp\/v2\/product_brand?post=45446"},{"taxonomy":"product_cat","embeddable":true,"href":"https:\/\/minimax.md\/ru\/wp-json\/wp\/v2\/product_cat?post=45446"},{"taxonomy":"product_tag","embeddable":true,"href":"https:\/\/minimax.md\/ru\/wp-json\/wp\/v2\/product_tag?post=45446"}],"curies":[{"name":"wp","href":"https:\/\/api.w.org\/{rel}","templated":true}]}}