{"id":45453,"date":"2024-01-11T17:14:17","date_gmt":"2024-01-11T14:14:17","guid":{"rendered":"https:\/\/minimax.md\/product\/45453.html"},"modified":"2024-03-13T00:18:12","modified_gmt":"2024-03-12T21:18:12","slug":"ru_ru-nastolnaja-igra-bingo-neo-loto-trim-ro_ro-joc-de-societate-bingo-neo-loto","status":"publish","type":"product","link":"https:\/\/minimax.md\/ru\/product\/45453.html","title":{"rendered":"\u041d\u0430\u0441\u0442\u043e\u043b\u044c\u043d\u0430\u044f \u0438\u0433\u0440\u0430 \"\u0411\u0438\u043d\u0433\u043e \u041d\u0435\u043e\" (\u041b\u043e\u0442\u043e)"},"content":{"rendered":"<p>[:ru_RU]\u0418\u0441\u043f\u044b\u0442\u0430\u0439\u0442\u0435 \u0443\u0434\u0430\u0447\u0443 \u0432 \u0432\u0435\u0441\u0451\u043b\u043e\u0439 \u043b\u043e\u0442\u0435\u0440\u0435\u0435 \u00ab\u0411\u0438\u043d\u0433\u043e \u041d\u0435\u043e\u00bb!<\/p>\n<p>\u041f\u0435\u0440\u0435\u0434 \u0432\u0430\u043c\u0438 \u0443\u0432\u043b\u0435\u043a\u0430\u0442\u0435\u043b\u044c\u043d\u0430\u044f \u0438\u0433\u0440\u0430, \u043a\u043e\u0442\u043e\u0440\u0430\u044f \u0437\u0430\u0432\u043e\u0435\u0432\u0430\u043b\u0430 \u043f\u043e\u043f\u0443\u043b\u044f\u0440\u043d\u043e\u0441\u0442\u044c \u0432\u043e \u0432\u0441\u0435\u043c \u043c\u0438\u0440\u0435! \u0423\u0441\u0442\u0440\u043e\u0439\u0442\u0435 \u0441\u043e\u0440\u0435\u0432\u043d\u043e\u0432\u0430\u043d\u0438\u0435 \u0432\u0441\u0435\u0439 \u0441\u0435\u043c\u044c\u0451\u0439 \u0438 \u043e\u043f\u0440\u0435\u0434\u0435\u043b\u0438\u0442\u0435 \u043d\u0430\u0441\u0442\u043e\u044f\u0449\u0435\u0433\u043e \u0432\u0435\u0437\u0443\u043d\u0447\u0438\u043a\u0430.<br \/>\n\u041f\u0440\u0430\u0432\u0438\u043b\u0430 \u0443\u0434\u0430\u0447\u043d\u043e\u0439 \u043a\u043e\u043c\u0431\u0438\u043d\u0430\u0446\u0438\u0438:<br \/>\n\u0412\u0435\u0434\u0443\u0449\u0438\u0439 \u0440\u0430\u0441\u043a\u0440\u0443\u0447\u0438\u0432\u0430\u0435\u0442 \u043b\u043e\u0442\u043e\u0442\u0440\u043e\u043d \u0438 \u043d\u0430\u0437\u044b\u0432\u0430\u0435\u0442 \u0446\u0438\u0444\u0440\u0443, \u0432\u044b\u043f\u0430\u0432\u0448\u0443\u044e \u0438\u0437 \u0448\u0430\u0440\u0430. \u0410 \u0432\u0441\u0435 \u0443\u0447\u0430\u0441\u0442\u043d\u0438\u043a\u0438 \u043e\u0442\u043c\u0435\u0447\u0430\u044e\u0442 \u0435\u0451 \u0443 \u0441\u0435\u0431\u044f \u043d\u0430 \u043a\u0430\u0440\u0442\u043e\u0447\u043a\u0430\u0445 \u0441\u043f\u0435\u0446\u0438\u0430\u043b\u044c\u043d\u044b\u043c\u0438 \u0436\u0435\u0442\u043e\u043d\u0430\u043c\u0438. \u041a\u0430\u043a \u0442\u043e\u043b\u044c\u043a\u043e \u043e\u0434\u043d\u043e\u043c\u0443 \u0438\u0433\u0440\u043e\u043a\u0443 \u0443\u0434\u0430\u0451\u0442\u0441\u044f \u0441\u043e\u0431\u0440\u0430\u0442\u044c \u0440\u044f\u0434 \u0447\u0438\u0441\u0435\u043b \u043f\u043e \u0433\u043e\u0440\u0438\u0437\u043e\u043d\u0442\u0430\u043b\u0438, \u0432\u0435\u0440\u0442\u0438\u043a\u0430\u043b\u0438 \u0438\u043b\u0438 \u0434\u0438\u0430\u0433\u043e\u043d\u0430\u043b\u0438 \u043e\u043d \u043a\u0440\u0438\u0447\u0438\u0442: \u00ab\u041f\u043e\u0431\u0435\u0434\u0430!\u00bb, \u2014 \u0438 \u0432\u044b\u0438\u0433\u0440\u044b\u0432\u0430\u0435\u0442 \u0441\u043e\u0440\u0435\u0432\u043d\u043e\u0432\u0430\u043d\u0438\u0435.<br \/>\n\u0412 \u0438\u0433\u0440\u0435 \u043c\u043e\u0433\u0443\u0442 \u043f\u0440\u0438\u043d\u0438\u043c\u0430\u0442\u044c \u0443\u0447\u0430\u0441\u0442\u0438\u0435 2 \u0438 \u0431\u043e\u043b\u0435\u0435 \u0438\u0433\u0440\u043e\u043a\u0430.<br \/>\n\u0412\u0440\u0435\u043c\u044f \u0438\u0433\u0440\u044b: \u043e\u0442 15 \u043c\u0438\u043d\u0443\u0442.<\/p>\n<p>\u0418\u0433\u0440\u0430\u044f \u0432 \u00ab\u0411\u0438\u043d\u0433\u043e \u041d\u0435\u043e\u00bb, \u0440\u0435\u0431\u0451\u043d\u043e\u043a \u0440\u0430\u0437\u0432\u0438\u0432\u0430\u0435\u0442 \u043e\u0431\u0440\u0430\u0437\u043d\u043e\u0435 \u0438 \u043b\u043e\u0433\u0438\u0447\u0435\u0441\u043a\u043e\u0435 \u043c\u044b\u0448\u043b\u0435\u043d\u0438\u0435, \u0441\u043a\u043e\u0440\u043e\u0441\u0442\u044c \u0440\u0435\u0430\u043a\u0446\u0438\u0438, \u0437\u0430\u043f\u043e\u043c\u0438\u043d\u0430\u0435\u0442 \u0446\u0438\u0444\u0440\u044b \u0438 \u0442\u0440\u0435\u043d\u0438\u0440\u0443\u0435\u0442 \u043d\u0430\u0432\u044b\u043a \u0443\u0441\u0442\u043d\u043e\u0433\u043e \u0441\u0447\u0451\u0442\u0430[trim][:ro_RO]\u00cencearc\u0103-\u021bi norocul la loteria distractiv\u0103 \u201eBingo Neo\u201d!<\/p>\n<p>Este un joc captivant care a c\u00e2\u0219tigat popularitate \u00een \u00eentreaga lume! Organiza\u021bi o competi\u021bie cu toat\u0103 familia \u0219i determina\u021bi-l pe adev\u0103ratul norocos.<\/p>\n<p>Dac\u0103 norocul i\u021bi sur\u00e2de, vei avea combina\u021bii de numere prestabilite pe cupoanele de joc, corespunz\u0103toare numerelor extrase \u0219i vei deveni fericitul c\u00e2\u0219tig\u0103tor al jocului! Po\u021bi rezista tentativei?<\/p>\n<p>Reguli pentru combina\u021bia de succes:<br \/>\nPune\u021bi bilu\u021bele \u00een container, roti\u021bi containerul folosind maneta lateral\u0103. Juc\u0103torii vor primi c\u00e2te un cartona\u0219 cu numere. Un juc\u0103tor extrage numerele \u0219i va anun\u021ba num\u0103rul extras pentru ca ceilal\u021bi s\u0103-l bifeze pe cartona\u0219. C\u00e2\u0219tig\u0103 premiul pus \u00een joc, primul juc\u0103tor care reu\u0219e\u0219te s\u0103 formeze o linie vertical\u0103, orizontal\u0103 sau diagonal\u0103.<\/p>\n<p>Se poate juca de c\u0103tre 2 sau mai multe persoane.<br \/>\nDurata jocului: de la 15 minute.<\/p>\n<p>Juc\u00e2nd \u201eBingo Neo\u201d, copilul \u00ee\u0219i dezvolt\u0103 g\u00e2ndirea creativ\u0103 \u0219i logic\u0103, viteza de reac\u021bie, memoreaz\u0103 numere \u0219i \u00ee\u0219i antreneaz\u0103 abilit\u0103\u021bile de calcul mental<\/p>\n","protected":false},"excerpt":{"rendered":"<p>[:ru_RU]\u0418\u0441\u043f\u044b\u0442\u0430\u0439\u0442\u0435 \u0443\u0434\u0430\u0447\u0443 \u0432 \u0432\u0435\u0441\u0451\u043b\u043e\u0439 \u043b\u043e\u0442\u0435\u0440\u0435\u0435 \u00ab\u0411\u0438\u043d\u0433\u043e \u041d\u0435\u043e\u00bb! \u041f\u0435\u0440\u0435\u0434 \u0432\u0430\u043c\u0438 \u0443\u0432\u043b\u0435\u043a\u0430\u0442\u0435\u043b\u044c\u043d\u0430\u044f \u0438\u0433\u0440\u0430, \u043a\u043e\u0442\u043e\u0440\u0430\u044f \u0437\u0430\u0432\u043e\u0435\u0432\u0430\u043b\u0430 \u043f\u043e\u043f\u0443\u043b\u044f\u0440\u043d\u043e\u0441\u0442\u044c \u0432\u043e \u0432\u0441\u0435\u043c \u043c\u0438\u0440\u0435! \u0423\u0441\u0442\u0440\u043e\u0439\u0442\u0435 \u0441\u043e\u0440\u0435\u0432\u043d\u043e\u0432\u0430\u043d\u0438\u0435 \u0432\u0441\u0435\u0439 \u0441\u0435\u043c\u044c\u0451\u0439 \u0438 \u043e\u043f\u0440\u0435\u0434\u0435\u043b\u0438\u0442\u0435 \u043d\u0430\u0441\u0442\u043e\u044f\u0449\u0435\u0433\u043e \u0432\u0435\u0437\u0443\u043d\u0447\u0438\u043a\u0430. \u041f\u0440\u0430\u0432\u0438\u043b\u0430 \u0443\u0434\u0430\u0447\u043d\u043e\u0439 \u043a\u043e\u043c\u0431\u0438\u043d\u0430\u0446\u0438\u0438: \u0412\u0435\u0434\u0443\u0449\u0438\u0439 \u0440\u0430\u0441\u043a\u0440\u0443\u0447\u0438\u0432\u0430\u0435\u0442 \u043b\u043e\u0442\u043e\u0442\u0440\u043e\u043d \u0438 \u043d\u0430\u0437\u044b\u0432\u0430\u0435\u0442 \u0446\u0438\u0444\u0440\u0443, \u0432\u044b\u043f\u0430\u0432\u0448\u0443\u044e \u0438\u0437 \u0448\u0430\u0440\u0430. \u0410 \u0432\u0441\u0435 \u0443\u0447\u0430\u0441\u0442\u043d\u0438\u043a\u0438 \u043e\u0442\u043c\u0435\u0447\u0430\u044e\u0442 \u0435\u0451 \u0443 \u0441\u0435\u0431\u044f \u043d\u0430 \u043a\u0430\u0440\u0442\u043e\u0447\u043a\u0430\u0445 \u0441\u043f\u0435\u0446\u0438\u0430\u043b\u044c\u043d\u044b\u043c\u0438 \u0436\u0435\u0442\u043e\u043d\u0430\u043c\u0438. \u041a\u0430\u043a \u0442\u043e\u043b\u044c\u043a\u043e \u043e\u0434\u043d\u043e\u043c\u0443 \u0438\u0433\u0440\u043e\u043a\u0443 \u0443\u0434\u0430\u0451\u0442\u0441\u044f \u0441\u043e\u0431\u0440\u0430\u0442\u044c \u0440\u044f\u0434 [&hellip;]<\/p>\n","protected":false},"featured_media":45452,"comment_status":"open","ping_status":"closed","template":"","meta":{"_acf_changed":false},"product_brand":[],"product_cat":[6695],"product_tag":[],"class_list":{"0":"post-45453","1":"product","2":"type-product","3":"status-publish","4":"has-post-thumbnail","6":"product_cat-ru_ru-logicheskie-trim-ro_r","8":"first","9":"instock","10":"shipping-taxable","11":"purchasable","12":"product-type-simple"},"acf":[],"_links":{"self":[{"href":"https:\/\/minimax.md\/ru\/wp-json\/wp\/v2\/product\/45453","targetHints":{"allow":["GET"]}}],"collection":[{"href":"https:\/\/minimax.md\/ru\/wp-json\/wp\/v2\/product"}],"about":[{"href":"https:\/\/minimax.md\/ru\/wp-json\/wp\/v2\/types\/product"}],"replies":[{"embeddable":true,"href":"https:\/\/minimax.md\/ru\/wp-json\/wp\/v2\/comments?post=45453"}],"version-history":[{"count":0,"href":"https:\/\/minimax.md\/ru\/wp-json\/wp\/v2\/product\/45453\/revisions"}],"wp:featuredmedia":[{"embeddable":true,"href":"https:\/\/minimax.md\/ru\/wp-json\/wp\/v2\/media\/45452"}],"wp:attachment":[{"href":"https:\/\/minimax.md\/ru\/wp-json\/wp\/v2\/media?parent=45453"}],"wp:term":[{"taxonomy":"product_brand","embeddable":true,"href":"https:\/\/minimax.md\/ru\/wp-json\/wp\/v2\/product_brand?post=45453"},{"taxonomy":"product_cat","embeddable":true,"href":"https:\/\/minimax.md\/ru\/wp-json\/wp\/v2\/product_cat?post=45453"},{"taxonomy":"product_tag","embeddable":true,"href":"https:\/\/minimax.md\/ru\/wp-json\/wp\/v2\/product_tag?post=45453"}],"curies":[{"name":"wp","href":"https:\/\/api.w.org\/{rel}","templated":true}]}}