{"id":45573,"date":"2024-01-11T17:14:35","date_gmt":"2024-01-11T14:14:35","guid":{"rendered":"https:\/\/minimax.md\/product\/45573.html"},"modified":"2024-02-21T09:04:06","modified_gmt":"2024-02-21T06:04:06","slug":"ru_ru-nastolnaja-igra-funny-eat-apples-trim-ro_ro-joc-de-societate-funny-eat-apples","status":"publish","type":"product","link":"https:\/\/minimax.md\/ru\/product\/45573.html","title":{"rendered":"\u041d\u0430\u0441\u0442\u043e\u043b\u044c\u043d\u0430\u044f \u0438\u0433\u0440\u0430 \"Funny Eat Apples\""},"content":{"rendered":"<p>[:ru_RU]\u041d\u0430\u0441\u0442\u043e\u043b\u044c\u043d\u0430\u044f \u0438\u0433\u0440\u0430 &#8220;Funny Eat Apples&#8221; &#8211; \u044d\u0442\u043e \u043d\u0435\u0437\u0430\u043c\u0435\u043d\u0438\u043c\u0430\u044f \u0438\u0433\u0440\u0430 \u0434\u043b\u044f \u0432\u0441\u0435\u0439 \u0441\u0435\u043c\u044c\u0438. \u0420\u0430\u0437\u0432\u0438\u0432\u0430\u044e\u0449\u0430\u044f \u043e\u0431\u0443\u0447\u0430\u044e\u0449\u0430\u044f \u0438\u0433\u0440\u0443\u0448\u043a\u0430 \u0441\u0442\u0430\u043d\u0435\u0442 \u043e\u0442\u043b\u0438\u0447\u043d\u044b\u043c \u043f\u043e\u0434\u0430\u0440\u043a\u043e\u043c \u0434\u043b\u044f \u0440\u0435\u0431\u0435\u043d\u043a\u0430.<br \/>\n\u041f\u0440\u043e\u0441\u0442\u0430\u044f \u0438 \u043b\u0435\u0433\u043a\u0430\u044f \u0438\u0433\u0440\u0430 \u0432 \u043e\u0441\u0432\u043e\u0435\u043d\u0438\u0438, \u043a\u043e\u0442\u043e\u0440\u0430\u044f \u0437\u0430\u0441\u0442\u0430\u0432\u0438\u0442 \u0432\u0430\u0448\u0435\u0433\u043e \u0440\u0435\u0431\u0435\u043d\u043a\u0430 \u0434\u0443\u043c\u0430\u0442\u044c \u0438 \u043a\u0440\u0435\u0430\u0442\u0438\u0432\u043d\u043e \u043f\u043e\u0441\u0442\u0443\u043f\u0430\u0442\u044c \u0432\u043e \u0432\u0440\u0435\u043c\u044f \u0445\u043e\u0434\u043e\u0432 \u0447\u0435\u0440\u0432\u044f\u043a\u043e\u0432. \u041f\u0440\u043e\u0441\u0442\u043e \u043a\u0438\u043d\u044c\u0442\u0435 \u043a\u0443\u0431\u0438\u043a \u0438 \u0437\u0430\u0441\u0442\u0430\u0432\u044c\u0442\u0435 \u0432\u0430\u0448\u0435\u0433\u043e \u0447\u0435\u0440\u0432\u044f\u0447\u043a\u0430 \u0441\u044a\u0435\u0441\u0442\u044c \u043a\u0430\u043a \u043c\u043e\u0436\u043d\u043e \u0431\u043e\u043b\u044c\u0448\u0435 \u044f\u0431\u043b\u043e\u043a \u043d\u0430 \u0434\u0435\u0440\u0435\u0432\u0435. \u041e\u0442\u043b\u0438\u0447\u043d\u0430\u044f \u0438\u0433\u0440\u0430 \u0434\u043b\u044f \u0442\u0435\u0445 \u043a\u0442\u043e \u043b\u044e\u0431\u0438\u0442 \u043a\u043e\u043d\u043a\u0443\u0440\u0435\u043d\u0446\u0438\u044e.<\/p>\n<p>\u0412 \u043d\u0430\u0431\u043e\u0440 \u0432\u0445\u043e\u0434\u0438\u0442:<\/p>\n<p> \t\u0438\u0433\u0440\u043e\u0432\u043e\u0435 \u043f\u043e\u043b\u0435,<br \/>\n \t\u044f\u0431\u043b\u043e\u043a\u0438,<br \/>\n \t\u0447\u0435\u0440\u0432\u044f\u0447\u043a\u0438,<br \/>\n \t\u043a\u0443\u0431\u0438\u043a\u0438<br \/>\n \t\u0438\u043d\u0441\u0442\u0440\u0443\u043a\u0446\u0438\u044f,<br \/>\n \t\u0430\u043a\u0441\u0435\u0441\u0441\u0443\u0430\u0440\u044b<\/p>\n<p>\u0425\u0430\u0440\u0430\u043a\u0442\u0435\u0440\u0438\u0441\u0442\u0438\u043a\u0438:<\/p>\n<p> \t\u0412\u043e\u0437\u0440\u0430\u0441\u0442\u043d\u043e\u0439 \u0434\u0438\u0430\u043f\u0430\u0437\u043e\u043d: \u0434\u043b\u044f \u0434\u0435\u0442\u0435\u0439 \u043e\u0442 3-\u0445 \u043b\u0435\u0442<br \/>\n \t\u041c\u0430\u0442\u0435\u0440\u0438\u0430\u043b: \u0432\u044b\u0441\u043e\u043a\u043e\u043a\u0430\u0447\u0435\u0441\u0442\u0432\u0435\u043d\u043d\u044b\u0439 \u043f\u043b\u0430\u0441\u0442\u0438\u043a[trim][:ro_RO]Jocul de societate \u201eFunny Eat Apples\u201d este un joc indispensabil pentru \u00eentreaga familie. Juc\u0103ria educativ\u0103 va fi un cadou minunat pentru copii. Este simplu \u0219i u\u0219or de jucat, totodat\u0103 acest joc \u00eel va face pe copil s\u0103 g\u00e2ndeasc\u0103 \u0219i s\u0103 ac\u021bioneze creativ \u00een timpul mi\u0219c\u0103rilor viermilor. Doar arunca\u021bi zarul \u0219i face\u021bi viermele s\u0103 m\u0103n\u00e2nce c\u00e2t mai multe mere din copac. Un joc grozav pentru cei care iubesc competi\u021bia.<\/p>\n<p>Setul include:<\/p>\n<ul>\n<li>teren de joc,<\/li>\n<li>mere,<\/li>\n<li>viermi,<\/li>\n<li>zaruri,<\/li>\n<li>instruc\u021biune,<\/li>\n<li>accesorii<\/li>\n<\/ul>\n<p>Caracteristici:<\/p>\n<p>V\u00e2rsta recomandat\u0103: de la 3 ani<br \/>\nMaterial: plastic de \u00eenalt\u0103 calitate<\/p>\n","protected":false},"excerpt":{"rendered":"<p>[:ru_RU]\u041d\u0430\u0441\u0442\u043e\u043b\u044c\u043d\u0430\u044f \u0438\u0433\u0440\u0430 &#8220;Funny Eat Apples&#8221; &#8211; \u044d\u0442\u043e \u043d\u0435\u0437\u0430\u043c\u0435\u043d\u0438\u043c\u0430\u044f \u0438\u0433\u0440\u0430 \u0434\u043b\u044f \u0432\u0441\u0435\u0439 \u0441\u0435\u043c\u044c\u0438. \u0420\u0430\u0437\u0432\u0438\u0432\u0430\u044e\u0449\u0430\u044f \u043e\u0431\u0443\u0447\u0430\u044e\u0449\u0430\u044f \u0438\u0433\u0440\u0443\u0448\u043a\u0430 \u0441\u0442\u0430\u043d\u0435\u0442 \u043e\u0442\u043b\u0438\u0447\u043d\u044b\u043c \u043f\u043e\u0434\u0430\u0440\u043a\u043e\u043c \u0434\u043b\u044f \u0440\u0435\u0431\u0435\u043d\u043a\u0430. \u041f\u0440\u043e\u0441\u0442\u0430\u044f \u0438 \u043b\u0435\u0433\u043a\u0430\u044f \u0438\u0433\u0440\u0430 \u0432 \u043e\u0441\u0432\u043e\u0435\u043d\u0438\u0438, \u043a\u043e\u0442\u043e\u0440\u0430\u044f \u0437\u0430\u0441\u0442\u0430\u0432\u0438\u0442 \u0432\u0430\u0448\u0435\u0433\u043e \u0440\u0435\u0431\u0435\u043d\u043a\u0430 \u0434\u0443\u043c\u0430\u0442\u044c \u0438 \u043a\u0440\u0435\u0430\u0442\u0438\u0432\u043d\u043e \u043f\u043e\u0441\u0442\u0443\u043f\u0430\u0442\u044c \u0432\u043e \u0432\u0440\u0435\u043c\u044f \u0445\u043e\u0434\u043e\u0432 \u0447\u0435\u0440\u0432\u044f\u043a\u043e\u0432. \u041f\u0440\u043e\u0441\u0442\u043e \u043a\u0438\u043d\u044c\u0442\u0435 \u043a\u0443\u0431\u0438\u043a \u0438 \u0437\u0430\u0441\u0442\u0430\u0432\u044c\u0442\u0435 \u0432\u0430\u0448\u0435\u0433\u043e \u0447\u0435\u0440\u0432\u044f\u0447\u043a\u0430 \u0441\u044a\u0435\u0441\u0442\u044c \u043a\u0430\u043a \u043c\u043e\u0436\u043d\u043e \u0431\u043e\u043b\u044c\u0448\u0435 \u044f\u0431\u043b\u043e\u043a \u043d\u0430 \u0434\u0435\u0440\u0435\u0432\u0435. \u041e\u0442\u043b\u0438\u0447\u043d\u0430\u044f \u0438\u0433\u0440\u0430 \u0434\u043b\u044f [&hellip;]<\/p>\n","protected":false},"featured_media":45567,"comment_status":"open","ping_status":"closed","template":"","meta":{"_acf_changed":false},"product_brand":[],"product_cat":[6695],"product_tag":[],"class_list":{"0":"post-45573","1":"product","2":"type-product","3":"status-publish","4":"has-post-thumbnail","6":"product_cat-ru_ru-logicheskie-trim-ro_r","8":"first","9":"instock","10":"shipping-taxable","11":"purchasable","12":"product-type-simple"},"acf":[],"_links":{"self":[{"href":"https:\/\/minimax.md\/ru\/wp-json\/wp\/v2\/product\/45573","targetHints":{"allow":["GET"]}}],"collection":[{"href":"https:\/\/minimax.md\/ru\/wp-json\/wp\/v2\/product"}],"about":[{"href":"https:\/\/minimax.md\/ru\/wp-json\/wp\/v2\/types\/product"}],"replies":[{"embeddable":true,"href":"https:\/\/minimax.md\/ru\/wp-json\/wp\/v2\/comments?post=45573"}],"version-history":[{"count":0,"href":"https:\/\/minimax.md\/ru\/wp-json\/wp\/v2\/product\/45573\/revisions"}],"wp:featuredmedia":[{"embeddable":true,"href":"https:\/\/minimax.md\/ru\/wp-json\/wp\/v2\/media\/45567"}],"wp:attachment":[{"href":"https:\/\/minimax.md\/ru\/wp-json\/wp\/v2\/media?parent=45573"}],"wp:term":[{"taxonomy":"product_brand","embeddable":true,"href":"https:\/\/minimax.md\/ru\/wp-json\/wp\/v2\/product_brand?post=45573"},{"taxonomy":"product_cat","embeddable":true,"href":"https:\/\/minimax.md\/ru\/wp-json\/wp\/v2\/product_cat?post=45573"},{"taxonomy":"product_tag","embeddable":true,"href":"https:\/\/minimax.md\/ru\/wp-json\/wp\/v2\/product_tag?post=45573"}],"curies":[{"name":"wp","href":"https:\/\/api.w.org\/{rel}","templated":true}]}}