{"id":45579,"date":"2024-01-11T17:14:36","date_gmt":"2024-01-11T14:14:36","guid":{"rendered":"https:\/\/minimax.md\/product\/45579.html"},"modified":"2024-03-11T22:37:59","modified_gmt":"2024-03-11T19:37:59","slug":"ru_ru-hit-amp-jump-trim-ro_ro-juc-rie-de-cioc-nit-animale","status":"publish","type":"product","link":"https:\/\/minimax.md\/ru\/product\/45579.html","title":{"rendered":"\u0418\u0433\u0440\u0443\u0448\u043a\u0430-\u0441\u0442\u0443\u0447\u0430\u043b\u043a\u0430 \"\u0417\u0432\u0435\u0440\u044f\u0442\u0430\""},"content":{"rendered":"<p>[:ru_RU]\u0418\u0433\u0440\u043e\u0432\u043e\u0439 \u043d\u0430\u0431\u043e\u0440 &#8220;\u0417\u0432\u0435\u0440\u044f\u0442\u0430&#8221; \u043e\u0442 Viga Toys!<\/p>\n<p>\u042d\u0442\u0430 \u0438\u0433\u0440\u0443\u0448\u043a\u0430 \u043f\u0440\u0435\u0434\u0441\u0442\u0430\u0432\u043b\u044f\u0435\u0442 \u0441\u043e\u0431\u043e\u0439 \u044f\u0440\u043a\u0443\u044e \u0434\u0435\u0440\u0435\u0432\u044f\u043d\u043d\u0443\u044e \u043f\u043e\u0434\u0441\u0442\u0430\u0432\u043a\u0443, \u0432 \u043a\u043e\u0442\u043e\u0440\u0443\u044e \u0432\u043c\u043e\u043d\u0442\u0438\u0440\u043e\u0432\u0430\u043d\u044b 3 \u0441\u0442\u0435\u0440\u0436\u043d\u044f \u0441 \u0444\u0438\u0433\u0443\u0440\u043a\u0430\u043c\u0438 \u0436\u0438\u0432\u043e\u0442\u043d\u044b\u0445. \u041f\u043e\u0434 \u043a\u0430\u0436\u0434\u044b\u043c \u0438\u0437 \u043d\u0438\u0445 \u0435\u0441\u0442\u044c \u0441\u0432\u043e\u044f \u0434\u0435\u0440\u0435\u0432\u044f\u043d\u043d\u0430\u044f \u043a\u043b\u0430\u0432\u0438\u0448\u0430. \u041a\u043e\u0433\u0434\u0430 \u043c\u0430\u043b\u044b\u0448 \u0443\u0434\u0430\u0440\u044f\u0435\u0442 \u043f\u043e \u043d\u0435\u0439 \u043c\u043e\u043b\u043e\u0442\u043a\u043e\u043c, \u0444\u0438\u0433\u0443\u0440\u043a\u0430 \u0436\u0438\u0432\u043e\u0442\u043d\u043e\u0433\u043e \u043f\u043e\u0434\u043f\u0440\u044b\u0433\u0438\u0432\u0430\u0435\u0442 \u0432\u0432\u0435\u0440\u0445.<\/p>\n<p>\u041d\u0435\u0441\u043c\u043e\u0442\u0440\u044f \u043d\u0430 \u043f\u0440\u043e\u0441\u0442\u0443\u044e \u043a\u043e\u043d\u0441\u0442\u0440\u0443\u043a\u0446\u0438\u044e, \u044d\u0442\u043e\u0442 \u0438\u0433\u0440\u043e\u0432\u043e\u0439 \u043d\u0430\u0431\u043e\u0440 \u043f\u0440\u0438\u043d\u043e\u0441\u0438\u0442 \u0440\u0435\u0431\u0435\u043d\u043a\u0443 \u043e\u0433\u0440\u043e\u043c\u043d\u0443\u044e \u043f\u043e\u043b\u044c\u0437\u0443. \u0412\u043e-\u043f\u0435\u0440\u0432\u044b\u0445, \u043e\u043d \u0443\u043a\u0440\u0435\u043f\u043b\u044f\u0435\u0442 \u0435\u0433\u043e \u0444\u0438\u0437\u0438\u0447\u0435\u0441\u043a\u0438 \u2013 \u0447\u0442\u043e\u0431\u044b \u0443\u0434\u0430\u0440\u0438\u0442\u044c \u0434\u043e\u0441\u0442\u0430\u0442\u043e\u0447\u043d\u043e \u0441\u0438\u043b\u044c\u043d\u043e, \u043d\u0443\u0436\u043d\u043e \u0437\u0434\u043e\u0440\u043e\u0432\u043e \u043f\u043e\u0442\u0440\u0435\u043d\u0438\u0440\u043e\u0432\u0430\u0442\u044c\u0441\u044f. \u0412\u043e-\u0432\u0442\u043e\u0440\u044b\u0445, \u0440\u0430\u0437\u0432\u0438\u0432\u0430\u0435\u0442\u0441\u044f \u0437\u0440\u0438\u0442\u0435\u043b\u044c\u043d\u043e-\u043c\u043e\u0442\u043e\u0440\u043d\u0430\u044f \u043a\u043e\u043e\u0440\u0434\u0438\u043d\u0430\u0446\u0438\u044f: \u043c\u0430\u043b\u044b\u0448 \u0443\u0447\u0438\u0442\u0441\u044f \u0444\u043e\u043a\u0443\u0441\u0438\u0440\u043e\u0432\u0430\u0442\u044c\u0441\u044f \u0438 \u0431\u0438\u0442\u044c \u0432 \u0446\u0435\u043b\u044c.<\/p>\n<p>\u0418\u0433\u0440\u043e\u0432\u043e\u0439 \u043d\u0430\u0431\u043e\u0440 Viga Toys \u0410\u0444\u0440\u0438\u043a\u0430 \u2013 \u0441\u0431\u0430\u043b\u0430\u043d\u0441\u0438\u0440\u043e\u0432\u0430\u043d\u043d\u0430\u044f \u043e\u0431\u0443\u0447\u0430\u044e\u0449\u0430\u044f \u0438\u0433\u0440\u0443\u0448\u043a\u0430. \u041e\u043d\u0430 \u0440\u0430\u0437\u0432\u0438\u0432\u0430\u0435\u0442 \u043c\u0430\u043b\u044b\u0448\u0430 \u0441 \u0440\u0430\u0437\u043d\u044b\u0445 \u0441\u0442\u043e\u0440\u043e\u043d \u2013 \u0444\u0438\u0437\u0438\u0447\u0435\u0441\u043a\u0438, \u044d\u043c\u043e\u0446\u0438\u043e\u043d\u0430\u043b\u044c\u043d\u043e, \u0443\u043c\u0441\u0442\u0432\u0435\u043d\u043d\u043e. \u0423\u043f\u0440\u0430\u0436\u043d\u0435\u043d\u0438\u044f \u0441 \u043c\u043e\u043b\u043e\u0442\u043e\u0447\u043a\u043e\u043c \u044f\u0432\u043b\u044f\u044e\u0442\u0441\u044f \u0447\u0430\u0441\u0442\u044c\u044e \u043c\u043d\u043e\u0433\u0438\u0445 \u043f\u0435\u0434\u0430\u0433\u043e\u0433\u0438\u0447\u0435\u0441\u043a\u0438\u0445 \u043c\u0435\u0442\u043e\u0434\u0438\u043a.[trim][:ro_RO]<strong>Juc\u0103rie de cioc\u0103nit &#8220;Animale&#8221; de la Viga Toys!<\/strong><\/p>\n<p>Aceasta jucarie este un suport din lemn colorat in care sunt montate 3 tije cu figuri de animale. Fiecare dintre ele are propria sa cheie de lemn. C\u00e2nd bebelu\u0219ul \u00eel love\u0219te cu un ciocan, figurina animalului sare \u00een sus.<\/p>\n<p>Desi are designul simplu, acest set de joac\u0103 aduce mari beneficii copilului. \u00cen primul r\u00e2nd, \u00eel \u00eent\u0103re\u0219te fizic &#8211; pentru a lovi suficient de tare, trebuie s\u0103 te antrenezi din greu. \u00cen al doilea r\u00e2nd, se dezvolt\u0103 coordonarea m\u00e2n\u0103-ochi: copilul \u00eenva\u021b\u0103 s\u0103 se concentreze \u0219i s\u0103 loveasc\u0103 \u021binta.<\/p>\n<p>Setul de joac\u0103 Viga Toys este o juc\u0103rie educa\u021bional\u0103 echilibrat\u0103. Ea dezvolt\u0103 copilul din diferite p\u0103r\u021bi &#8211; fizic, emo\u021bional, mental. Exerci\u021biile cu ciocanul fac parte din multe tehnici pedagogice.<\/p>\n","protected":false},"excerpt":{"rendered":"<p>[:ru_RU]\u0418\u0433\u0440\u043e\u0432\u043e\u0439 \u043d\u0430\u0431\u043e\u0440 &#8220;\u0417\u0432\u0435\u0440\u044f\u0442\u0430&#8221; \u043e\u0442 Viga Toys! \u042d\u0442\u0430 \u0438\u0433\u0440\u0443\u0448\u043a\u0430 \u043f\u0440\u0435\u0434\u0441\u0442\u0430\u0432\u043b\u044f\u0435\u0442 \u0441\u043e\u0431\u043e\u0439 \u044f\u0440\u043a\u0443\u044e \u0434\u0435\u0440\u0435\u0432\u044f\u043d\u043d\u0443\u044e \u043f\u043e\u0434\u0441\u0442\u0430\u0432\u043a\u0443, \u0432 \u043a\u043e\u0442\u043e\u0440\u0443\u044e \u0432\u043c\u043e\u043d\u0442\u0438\u0440\u043e\u0432\u0430\u043d\u044b 3 \u0441\u0442\u0435\u0440\u0436\u043d\u044f \u0441 \u0444\u0438\u0433\u0443\u0440\u043a\u0430\u043c\u0438 \u0436\u0438\u0432\u043e\u0442\u043d\u044b\u0445. \u041f\u043e\u0434 \u043a\u0430\u0436\u0434\u044b\u043c \u0438\u0437 \u043d\u0438\u0445 \u0435\u0441\u0442\u044c \u0441\u0432\u043e\u044f \u0434\u0435\u0440\u0435\u0432\u044f\u043d\u043d\u0430\u044f \u043a\u043b\u0430\u0432\u0438\u0448\u0430. \u041a\u043e\u0433\u0434\u0430 \u043c\u0430\u043b\u044b\u0448 \u0443\u0434\u0430\u0440\u044f\u0435\u0442 \u043f\u043e \u043d\u0435\u0439 \u043c\u043e\u043b\u043e\u0442\u043a\u043e\u043c, \u0444\u0438\u0433\u0443\u0440\u043a\u0430 \u0436\u0438\u0432\u043e\u0442\u043d\u043e\u0433\u043e \u043f\u043e\u0434\u043f\u0440\u044b\u0433\u0438\u0432\u0430\u0435\u0442 \u0432\u0432\u0435\u0440\u0445. \u041d\u0435\u0441\u043c\u043e\u0442\u0440\u044f \u043d\u0430 \u043f\u0440\u043e\u0441\u0442\u0443\u044e \u043a\u043e\u043d\u0441\u0442\u0440\u0443\u043a\u0446\u0438\u044e, \u044d\u0442\u043e\u0442 \u0438\u0433\u0440\u043e\u0432\u043e\u0439 \u043d\u0430\u0431\u043e\u0440 \u043f\u0440\u0438\u043d\u043e\u0441\u0438\u0442 \u0440\u0435\u0431\u0435\u043d\u043a\u0443 \u043e\u0433\u0440\u043e\u043c\u043d\u0443\u044e \u043f\u043e\u043b\u044c\u0437\u0443. \u0412\u043e-\u043f\u0435\u0440\u0432\u044b\u0445, \u043e\u043d \u0443\u043a\u0440\u0435\u043f\u043b\u044f\u0435\u0442 \u0435\u0433\u043e \u0444\u0438\u0437\u0438\u0447\u0435\u0441\u043a\u0438 [&hellip;]<\/p>\n","protected":false},"featured_media":45574,"comment_status":"open","ping_status":"closed","template":"","meta":{"_acf_changed":false},"product_brand":[],"product_cat":[6730],"product_tag":[],"class_list":{"0":"post-45579","1":"product","2":"type-product","3":"status-publish","4":"has-post-thumbnail","6":"product_cat-ru_ru-razvivashki-trim-ro_r","8":"first","9":"instock","10":"shipping-taxable","11":"purchasable","12":"product-type-simple"},"acf":[],"_links":{"self":[{"href":"https:\/\/minimax.md\/ru\/wp-json\/wp\/v2\/product\/45579","targetHints":{"allow":["GET"]}}],"collection":[{"href":"https:\/\/minimax.md\/ru\/wp-json\/wp\/v2\/product"}],"about":[{"href":"https:\/\/minimax.md\/ru\/wp-json\/wp\/v2\/types\/product"}],"replies":[{"embeddable":true,"href":"https:\/\/minimax.md\/ru\/wp-json\/wp\/v2\/comments?post=45579"}],"version-history":[{"count":0,"href":"https:\/\/minimax.md\/ru\/wp-json\/wp\/v2\/product\/45579\/revisions"}],"wp:featuredmedia":[{"embeddable":true,"href":"https:\/\/minimax.md\/ru\/wp-json\/wp\/v2\/media\/45574"}],"wp:attachment":[{"href":"https:\/\/minimax.md\/ru\/wp-json\/wp\/v2\/media?parent=45579"}],"wp:term":[{"taxonomy":"product_brand","embeddable":true,"href":"https:\/\/minimax.md\/ru\/wp-json\/wp\/v2\/product_brand?post=45579"},{"taxonomy":"product_cat","embeddable":true,"href":"https:\/\/minimax.md\/ru\/wp-json\/wp\/v2\/product_cat?post=45579"},{"taxonomy":"product_tag","embeddable":true,"href":"https:\/\/minimax.md\/ru\/wp-json\/wp\/v2\/product_tag?post=45579"}],"curies":[{"name":"wp","href":"https:\/\/api.w.org\/{rel}","templated":true}]}}