{"id":45675,"date":"2024-01-11T17:15:02","date_gmt":"2024-01-11T14:15:02","guid":{"rendered":"https:\/\/minimax.md\/product\/45675.html"},"modified":"2024-03-13T00:32:01","modified_gmt":"2024-03-12T21:32:01","slug":"ru_ru-nabor-dlja-badmintona-3-cveta-trim-ro_ro-set-badminton-3-culori","status":"publish","type":"product","link":"https:\/\/minimax.md\/ru\/product\/45675.html","title":{"rendered":"\u041d\u0430\u0431\u043e\u0440 \u0434\u043b\u044f \u0431\u0430\u0434\u043c\u0438\u043d\u0442\u043e\u043d\u0430, 3 \u0446\u0432\u0435\u0442\u0430"},"content":{"rendered":"<p>[:ru_RU]\u041d\u0430\u0431\u043e\u0440 \u0434\u043b\u044f \u0431\u0430\u0434\u043c\u0438\u043d\u0442\u043e\u043d\u0430\u00a0 \u043f\u0440\u0435\u0434\u043d\u0430\u0437\u043d\u0430\u0447\u0435\u043d \u0434\u043b\u044f \u0438\u0433\u0440\u044b \u0434\u0432\u0443\u0445 \u0438\u0433\u0440\u043e\u043a\u043e\u0432 \u043d\u0430 \u0443\u043b\u0438\u0446\u0435, \u0432 \u0441\u043f\u043e\u0440\u0442\u0437\u0430\u043b\u0435, \u043d\u0430 \u043b\u044e\u0431\u043e\u0439 \u043e\u0442\u043a\u0440\u044b\u0442\u043e\u0439 \u043f\u043b\u043e\u0449\u0430\u0434\u043a\u0435 \u0438\u043b\u0438 \u043f\u043b\u044f\u0436\u0435.<\/p>\n<p>\u041f\u043e\u0434\u043e\u0439\u0434\u0435\u0442 \u0434\u043b\u044f \u043d\u0430\u0447\u0438\u043d\u0430\u044e\u0449\u0438\u0445 \u0438 \u043e\u043f\u044b\u0442\u043d\u044b\u0445 \u0438\u0433\u0440\u043e\u043a\u043e\u0432.<\/p>\n<p>\u0412 \u043d\u0430\u0431\u043e\u0440 \u0432\u0445\u043e\u0434\u0438\u0442:<\/p>\n<p> \t2 \u0441\u043f\u043e\u0440\u0442\u0438\u0432\u043d\u044b\u0435 \u0440\u0430\u043a\u0435\u0442\u043a\u0438 \u0434\u043b\u044f \u0431\u0430\u0434\u043c\u0438\u043d\u0442\u043e\u043d\u0430<br \/>\n \t2 \u0432\u043e\u043b\u0430\u043d\u0447\u0438\u043a\u0430<\/p>\n<p>\u0414\u043e\u0441\u0442\u0443\u043f\u0435\u043d \u0432 3 \u0432\u0430\u0440\u0438\u0430\u0446\u0438\u0438 \u0446\u0432\u0435\u0442\u043e\u0432![trim][:ro_RO]<strong>Setul de badminton este conceput pentru jocul \u00een doi . Badmintonul poate fi jucat pe strad\u0103, \u00een sala de sport, pe orice zon\u0103 \u00een aer liber sau plaj\u0103.<\/strong><\/p>\n<p>Potrivit pentru juc\u0103tori experimenta\u021bi, dar \u0219i pentru cei care abia \u00eenva\u021b\u0103.<\/p>\n<p><strong>Setul include:<\/strong><\/p>\n<ul>\n<li>2 rachete sport de badminton<\/li>\n<li>2 volante<\/li>\n<\/ul>\n<p><strong>Disponibil \u00een 3 variante de culoare!<\/strong><\/p>\n","protected":false},"excerpt":{"rendered":"<p>[:ru_RU]\u041d\u0430\u0431\u043e\u0440 \u0434\u043b\u044f \u0431\u0430\u0434\u043c\u0438\u043d\u0442\u043e\u043d\u0430\u00a0 \u043f\u0440\u0435\u0434\u043d\u0430\u0437\u043d\u0430\u0447\u0435\u043d \u0434\u043b\u044f \u0438\u0433\u0440\u044b \u0434\u0432\u0443\u0445 \u0438\u0433\u0440\u043e\u043a\u043e\u0432 \u043d\u0430 \u0443\u043b\u0438\u0446\u0435, \u0432 \u0441\u043f\u043e\u0440\u0442\u0437\u0430\u043b\u0435, \u043d\u0430 \u043b\u044e\u0431\u043e\u0439 \u043e\u0442\u043a\u0440\u044b\u0442\u043e\u0439 \u043f\u043b\u043e\u0449\u0430\u0434\u043a\u0435 \u0438\u043b\u0438 \u043f\u043b\u044f\u0436\u0435. \u041f\u043e\u0434\u043e\u0439\u0434\u0435\u0442 \u0434\u043b\u044f \u043d\u0430\u0447\u0438\u043d\u0430\u044e\u0449\u0438\u0445 \u0438 \u043e\u043f\u044b\u0442\u043d\u044b\u0445 \u0438\u0433\u0440\u043e\u043a\u043e\u0432. \u0412 \u043d\u0430\u0431\u043e\u0440 \u0432\u0445\u043e\u0434\u0438\u0442: 2 \u0441\u043f\u043e\u0440\u0442\u0438\u0432\u043d\u044b\u0435 \u0440\u0430\u043a\u0435\u0442\u043a\u0438 \u0434\u043b\u044f \u0431\u0430\u0434\u043c\u0438\u043d\u0442\u043e\u043d\u0430 2 \u0432\u043e\u043b\u0430\u043d\u0447\u0438\u043a\u0430 \u0414\u043e\u0441\u0442\u0443\u043f\u0435\u043d \u0432 3 \u0432\u0430\u0440\u0438\u0430\u0446\u0438\u0438 \u0446\u0432\u0435\u0442\u043e\u0432![trim][:ro_RO]Setul de badminton este conceput pentru jocul \u00een doi . Badmintonul poate fi jucat pe strad\u0103, \u00een [&hellip;]<\/p>\n","protected":false},"featured_media":45674,"comment_status":"open","ping_status":"closed","template":"","meta":{"_acf_changed":false},"product_brand":[],"product_cat":[6701],"product_tag":[],"class_list":{"0":"post-45675","1":"product","2":"type-product","3":"status-publish","4":"has-post-thumbnail","6":"product_cat-ru_ru-sportivnyj-inventar-t","8":"first","9":"instock","10":"shipping-taxable","11":"purchasable","12":"product-type-simple"},"acf":[],"_links":{"self":[{"href":"https:\/\/minimax.md\/ru\/wp-json\/wp\/v2\/product\/45675","targetHints":{"allow":["GET"]}}],"collection":[{"href":"https:\/\/minimax.md\/ru\/wp-json\/wp\/v2\/product"}],"about":[{"href":"https:\/\/minimax.md\/ru\/wp-json\/wp\/v2\/types\/product"}],"replies":[{"embeddable":true,"href":"https:\/\/minimax.md\/ru\/wp-json\/wp\/v2\/comments?post=45675"}],"version-history":[{"count":0,"href":"https:\/\/minimax.md\/ru\/wp-json\/wp\/v2\/product\/45675\/revisions"}],"wp:featuredmedia":[{"embeddable":true,"href":"https:\/\/minimax.md\/ru\/wp-json\/wp\/v2\/media\/45674"}],"wp:attachment":[{"href":"https:\/\/minimax.md\/ru\/wp-json\/wp\/v2\/media?parent=45675"}],"wp:term":[{"taxonomy":"product_brand","embeddable":true,"href":"https:\/\/minimax.md\/ru\/wp-json\/wp\/v2\/product_brand?post=45675"},{"taxonomy":"product_cat","embeddable":true,"href":"https:\/\/minimax.md\/ru\/wp-json\/wp\/v2\/product_cat?post=45675"},{"taxonomy":"product_tag","embeddable":true,"href":"https:\/\/minimax.md\/ru\/wp-json\/wp\/v2\/product_tag?post=45675"}],"curies":[{"name":"wp","href":"https:\/\/api.w.org\/{rel}","templated":true}]}}