{"id":45724,"date":"2024-01-11T17:15:07","date_gmt":"2024-01-11T14:15:07","guid":{"rendered":"https:\/\/minimax.md\/product\/45724.html"},"modified":"2024-03-13T00:32:55","modified_gmt":"2024-03-12T21:32:55","slug":"ru_ru-kukla-ken-modnik-v-assortimente-trim-ro_ro-papusa-barbie-ken-fashion","status":"publish","type":"product","link":"https:\/\/minimax.md\/ru\/product\/45724.html","title":{"rendered":"\u041a\u0443\u043a\u043b\u0430 K\u0435\u043d \u201d\u041c\u043e\u0434\u043d\u0438\u043a\u201d, \u0432 \u0430\u0441\u0441\u043e\u0440\u0442\u0438\u043c\u0435\u043d\u0442\u0435"},"content":{"rendered":"<p>[:ru_RU]\u041a\u0435\u043d \u00ab\u041c\u043e\u0434\u043d\u0438\u043a\u00bb<\/p>\n<p>\u041a\u0435\u043d \u0438 \u0435\u0433\u043e \u0434\u0440\u0443\u0437\u044c\u044f \u0432\u0441\u0435\u0433\u0434\u0430 \u0432\u044b\u0433\u043b\u044f\u0434\u044f\u0442 \u0441\u0442\u0438\u043b\u044c\u043d\u043e! \u041c\u0430\u043b\u044c\u0447\u0438\u043a\u0438 \u043f\u043e\u043a\u043e\u0440\u044f\u0442 \u0432\u0430\u0441 \u0441 \u043f\u0435\u0440\u0432\u043e\u0433\u043e \u0432\u0437\u0433\u043b\u044f\u0434\u0430.\u041e\u0434\u0435\u0436\u0434\u0430 \u0432 \u0441\u0442\u0438\u043b\u0435 \u043a\u044d\u0436\u0443\u0430\u043b \u0432\u0441\u0435\u0433\u0434\u0430 \u0434\u0435\u043b\u0430\u0435\u0442 \u0438\u0445 \u0432\u044b\u0433\u043b\u044f\u0434\u0435\u0442\u044c \u043c\u043e\u0434\u043d\u043e. \u041a\u0440\u043e\u043c\u0435 \u0442\u043e\u0433\u043e \u043d\u043e\u0441\u044f\u0442 \u0443\u0434\u043e\u0431\u043d\u0443\u044e, \u043d\u043e \u0432 \u0442\u043e \u0436\u0435 \u0432\u0440\u0435\u043c\u044f \u044d\u043b\u0435\u0433\u0430\u043d\u0442\u043d\u0443\u044e \u043e\u0431\u0443\u0432\u044c. \u0421\u043e\u0431\u0435\u0440\u0438 \u0438\u0445 \u0432\u0441\u0435\u0445 \u0438 \u043f\u0440\u0438\u0434\u0443\u043c\u044b\u0432\u0430\u0439 \u0441\u0432\u043e\u0438 \u0441\u043e\u0431\u0441\u0442\u0432\u0435\u043d\u043d\u044b\u0435 \u0438\u0441\u0442\u043e\u0440\u0438\u0438.<\/p>\n<p>https:\/\/www.youtube.com\/watch?v=NW0bslf7GXE[trim][:ro_RO]Ken \u201dFashion\u201d<\/p>\n<p>Ken \u0219i prietenii s\u0103i arat\u0103 \u00eentotdeauna elegant! B\u0103ie\u021bii te cuceresc de la prima vedere.Stilul kezhual \u00eei face mereu s\u0103 arate la mod\u0103. De asemenea,poarta pantofi confortabili dar \u0219i \u00een acela\u0219i timp elegan\u021bi. Colec\u021bioneaz\u0103-i pe to\u021bi pentru e inventa propriile tale pove\u0219ti interesante \u0219i pentru a face jocul \u0219i mai distractiv.<\/p>\n","protected":false},"excerpt":{"rendered":"<p>[:ru_RU]\u041a\u0435\u043d \u00ab\u041c\u043e\u0434\u043d\u0438\u043a\u00bb \u041a\u0435\u043d \u0438 \u0435\u0433\u043e \u0434\u0440\u0443\u0437\u044c\u044f \u0432\u0441\u0435\u0433\u0434\u0430 \u0432\u044b\u0433\u043b\u044f\u0434\u044f\u0442 \u0441\u0442\u0438\u043b\u044c\u043d\u043e! \u041c\u0430\u043b\u044c\u0447\u0438\u043a\u0438 \u043f\u043e\u043a\u043e\u0440\u044f\u0442 \u0432\u0430\u0441 \u0441 \u043f\u0435\u0440\u0432\u043e\u0433\u043e \u0432\u0437\u0433\u043b\u044f\u0434\u0430.\u041e\u0434\u0435\u0436\u0434\u0430 \u0432 \u0441\u0442\u0438\u043b\u0435 \u043a\u044d\u0436\u0443\u0430\u043b \u0432\u0441\u0435\u0433\u0434\u0430 \u0434\u0435\u043b\u0430\u0435\u0442 \u0438\u0445 \u0432\u044b\u0433\u043b\u044f\u0434\u0435\u0442\u044c \u043c\u043e\u0434\u043d\u043e. \u041a\u0440\u043e\u043c\u0435 \u0442\u043e\u0433\u043e \u043d\u043e\u0441\u044f\u0442 \u0443\u0434\u043e\u0431\u043d\u0443\u044e, \u043d\u043e \u0432 \u0442\u043e \u0436\u0435 \u0432\u0440\u0435\u043c\u044f \u044d\u043b\u0435\u0433\u0430\u043d\u0442\u043d\u0443\u044e \u043e\u0431\u0443\u0432\u044c. \u0421\u043e\u0431\u0435\u0440\u0438 \u0438\u0445 \u0432\u0441\u0435\u0445 \u0438 \u043f\u0440\u0438\u0434\u0443\u043c\u044b\u0432\u0430\u0439 \u0441\u0432\u043e\u0438 \u0441\u043e\u0431\u0441\u0442\u0432\u0435\u043d\u043d\u044b\u0435 \u0438\u0441\u0442\u043e\u0440\u0438\u0438. https:\/\/www.youtube.com\/watch?v=NW0bslf7GXE[trim][:ro_RO]Ken \u201dFashion\u201d Ken \u0219i prietenii s\u0103i arat\u0103 \u00eentotdeauna elegant! B\u0103ie\u021bii te cuceresc de [&hellip;]<\/p>\n","protected":false},"featured_media":45706,"comment_status":"open","ping_status":"closed","template":"","meta":{"_acf_changed":false},"product_brand":[],"product_cat":[6697],"product_tag":[],"class_list":{"0":"post-45724","1":"product","2":"type-product","3":"status-publish","4":"has-post-thumbnail","6":"product_cat-ru_ru-kukly-trim-ro_ro-p-pu","8":"first","9":"instock","10":"shipping-taxable","11":"purchasable","12":"product-type-simple"},"acf":[],"_links":{"self":[{"href":"https:\/\/minimax.md\/ru\/wp-json\/wp\/v2\/product\/45724","targetHints":{"allow":["GET"]}}],"collection":[{"href":"https:\/\/minimax.md\/ru\/wp-json\/wp\/v2\/product"}],"about":[{"href":"https:\/\/minimax.md\/ru\/wp-json\/wp\/v2\/types\/product"}],"replies":[{"embeddable":true,"href":"https:\/\/minimax.md\/ru\/wp-json\/wp\/v2\/comments?post=45724"}],"version-history":[{"count":0,"href":"https:\/\/minimax.md\/ru\/wp-json\/wp\/v2\/product\/45724\/revisions"}],"wp:featuredmedia":[{"embeddable":true,"href":"https:\/\/minimax.md\/ru\/wp-json\/wp\/v2\/media\/45706"}],"wp:attachment":[{"href":"https:\/\/minimax.md\/ru\/wp-json\/wp\/v2\/media?parent=45724"}],"wp:term":[{"taxonomy":"product_brand","embeddable":true,"href":"https:\/\/minimax.md\/ru\/wp-json\/wp\/v2\/product_brand?post=45724"},{"taxonomy":"product_cat","embeddable":true,"href":"https:\/\/minimax.md\/ru\/wp-json\/wp\/v2\/product_cat?post=45724"},{"taxonomy":"product_tag","embeddable":true,"href":"https:\/\/minimax.md\/ru\/wp-json\/wp\/v2\/product_tag?post=45724"}],"curies":[{"name":"wp","href":"https:\/\/api.w.org\/{rel}","templated":true}]}}