{"id":45727,"date":"2024-01-11T17:15:07","date_gmt":"2024-01-11T14:15:07","guid":{"rendered":"https:\/\/minimax.md\/product\/45727.html"},"modified":"2024-03-13T00:17:41","modified_gmt":"2024-03-12T21:17:41","slug":"ru_ru-igrovoj-nabor-kukla-hozjajushka-trim-ro_ro-set-de-joc-p-pu-a-gospodin","status":"publish","type":"product","link":"https:\/\/minimax.md\/ru\/product\/45727.html","title":{"rendered":"\u0418\u0433\u0440\u043e\u0432\u043e\u0439 \u043d\u0430\u0431\u043e\u0440 \"\u041a\u0443\u043a\u043b\u0430 \u0445\u043e\u0437\u044f\u044e\u0448\u043a\u0430\""},"content":{"rendered":"<p>[:ru_RU]\u041a\u0443\u043a\u043b\u0430 \u2013 \u043e\u0434\u043d\u0430 \u0438\u0437 \u0433\u043b\u0430\u0432\u043d\u044b\u0445 \u0438\u0433\u0440\u0443\u0448\u0435\u043a \u0434\u043b\u044f \u0434\u0435\u0432\u043e\u0447\u043a\u0438.\u00a0\u0418\u0433\u0440\u0430 \u0441 \u043a\u0443\u043a\u043b\u043e\u0439 \u0440\u0430\u0437\u0432\u0438\u0432\u0430\u0435\u0442 \u043c\u043d\u043e\u0436\u0435\u0441\u0442\u0432\u043e \u043d\u043e\u0432\u044b\u0445 \u043f\u043e\u043b\u0435\u0437\u043d\u044b\u0445 \u043d\u0430\u0432\u044b\u043a\u043e\u0432. \u041a\u0443\u043a\u043b\u0430 \u043f\u043e\u043c\u043e\u0436\u0435\u0442 \u0434\u0435\u0432\u043e\u0447\u043a\u0435 \u0440\u0430\u0437\u0432\u0438\u0442\u044c \u0441\u0432\u043e\u044e \u0444\u0430\u043d\u0442\u0430\u0437\u0438\u044e \u0438 \u0441\u043b\u043e\u0432\u0430\u0440\u043d\u044b\u0439 \u0437\u0430\u043f\u0430\u0441, \u043f\u043e\u0442\u043e\u043c\u0443 \u0447\u0442\u043e \u043a\u0443\u043a\u043e\u043b\u043a\u0443 \u0438\u043d\u0442\u0435\u0440\u0435\u0441\u043d\u043e \u043f\u0435\u0440\u0435\u043e\u0434\u0435\u0432\u0430\u0442\u044c \u0438 \u043f\u0440\u0438\u0434\u0443\u043c\u044b\u0432\u0430\u0442\u044c \u0435\u0439 \u0440\u0430\u0437\u043d\u043e\u043e\u0431\u0440\u0430\u0437\u043d\u044b\u0435 \u043f\u0440\u0438\u043a\u043b\u044e\u0447\u0435\u043d\u0438\u044f.<\/p>\n<p>\u0422\u0430\u043a\u0436\u0435 \u043a\u0443\u043a\u043b\u0430 \u2013 \u043a\u043b\u044e\u0447 \u043a \u043e\u0431\u0449\u0435\u043d\u0438\u044e, \u0432\u0435\u0434\u044c \u0432\u0441\u0435\u0433\u0434\u0430 \u0438\u043d\u0442\u0435\u0440\u0435\u0441\u043d\u0435\u0435 \u0438\u0433\u0440\u0430\u0442\u044c \u0432\u043c\u0435\u0441\u0442\u0435 \u0441 \u043f\u043e\u0434\u0440\u0443\u0436\u043a\u043e\u044e \u0438\u043b\u0438 \u043c\u0430\u043c\u043e\u0439.<\/p>\n<p>\u0412\u044b\u0441\u043e\u0442\u0430 \u043a\u0443\u043a\u043b\u044b \u2013 27 \u0441\u043c.[trim][:ro_RO]<strong>P\u0103pu\u0219a este una dintre juc\u0103riile principale pentru feti\u021be.<\/strong>\u00a0Jocul cu o p\u0103pu\u0219\u0103 dezvolt\u0103 multe noi abilit\u0103\u021bi utile. P\u0103pu\u0219a va ajuta copilul s\u0103-\u0219i dezvolte imagina\u021bia \u0219i vocabularul, deoarece p\u0103pu\u0219a este interesant s\u0103 o \u00eembraci, ea mereu ascult\u0103 istoriile \u0219i particip\u0103 \u00een toate jocurile.<\/p>\n<p>P\u0103pu\u0219a este cheia comunic\u0103rii.<\/p>\n<p>\u00cen\u0103l\u021bimea p\u0103pu\u0219ii \u2013 27 cm.<\/p>\n","protected":false},"excerpt":{"rendered":"<p>[:ru_RU]\u041a\u0443\u043a\u043b\u0430 \u2013 \u043e\u0434\u043d\u0430 \u0438\u0437 \u0433\u043b\u0430\u0432\u043d\u044b\u0445 \u0438\u0433\u0440\u0443\u0448\u0435\u043a \u0434\u043b\u044f \u0434\u0435\u0432\u043e\u0447\u043a\u0438.\u00a0\u0418\u0433\u0440\u0430 \u0441 \u043a\u0443\u043a\u043b\u043e\u0439 \u0440\u0430\u0437\u0432\u0438\u0432\u0430\u0435\u0442 \u043c\u043d\u043e\u0436\u0435\u0441\u0442\u0432\u043e \u043d\u043e\u0432\u044b\u0445 \u043f\u043e\u043b\u0435\u0437\u043d\u044b\u0445 \u043d\u0430\u0432\u044b\u043a\u043e\u0432. \u041a\u0443\u043a\u043b\u0430 \u043f\u043e\u043c\u043e\u0436\u0435\u0442 \u0434\u0435\u0432\u043e\u0447\u043a\u0435 \u0440\u0430\u0437\u0432\u0438\u0442\u044c \u0441\u0432\u043e\u044e \u0444\u0430\u043d\u0442\u0430\u0437\u0438\u044e \u0438 \u0441\u043b\u043e\u0432\u0430\u0440\u043d\u044b\u0439 \u0437\u0430\u043f\u0430\u0441, \u043f\u043e\u0442\u043e\u043c\u0443 \u0447\u0442\u043e \u043a\u0443\u043a\u043e\u043b\u043a\u0443 \u0438\u043d\u0442\u0435\u0440\u0435\u0441\u043d\u043e \u043f\u0435\u0440\u0435\u043e\u0434\u0435\u0432\u0430\u0442\u044c \u0438 \u043f\u0440\u0438\u0434\u0443\u043c\u044b\u0432\u0430\u0442\u044c \u0435\u0439 \u0440\u0430\u0437\u043d\u043e\u043e\u0431\u0440\u0430\u0437\u043d\u044b\u0435 \u043f\u0440\u0438\u043a\u043b\u044e\u0447\u0435\u043d\u0438\u044f. \u0422\u0430\u043a\u0436\u0435 \u043a\u0443\u043a\u043b\u0430 \u2013 \u043a\u043b\u044e\u0447 \u043a \u043e\u0431\u0449\u0435\u043d\u0438\u044e, \u0432\u0435\u0434\u044c \u0432\u0441\u0435\u0433\u0434\u0430 \u0438\u043d\u0442\u0435\u0440\u0435\u0441\u043d\u0435\u0435 \u0438\u0433\u0440\u0430\u0442\u044c \u0432\u043c\u0435\u0441\u0442\u0435 \u0441 \u043f\u043e\u0434\u0440\u0443\u0436\u043a\u043e\u044e \u0438\u043b\u0438 \u043c\u0430\u043c\u043e\u0439. \u0412\u044b\u0441\u043e\u0442\u0430 \u043a\u0443\u043a\u043b\u044b \u2013 27 \u0441\u043c.[trim][:ro_RO]P\u0103pu\u0219a este [&hellip;]<\/p>\n","protected":false},"featured_media":45725,"comment_status":"open","ping_status":"closed","template":"","meta":{"_acf_changed":false},"product_brand":[],"product_cat":[6697],"product_tag":[],"class_list":{"0":"post-45727","1":"product","2":"type-product","3":"status-publish","4":"has-post-thumbnail","6":"product_cat-ru_ru-kukly-trim-ro_ro-p-pu","8":"first","9":"instock","10":"shipping-taxable","11":"purchasable","12":"product-type-simple"},"acf":[],"_links":{"self":[{"href":"https:\/\/minimax.md\/ru\/wp-json\/wp\/v2\/product\/45727","targetHints":{"allow":["GET"]}}],"collection":[{"href":"https:\/\/minimax.md\/ru\/wp-json\/wp\/v2\/product"}],"about":[{"href":"https:\/\/minimax.md\/ru\/wp-json\/wp\/v2\/types\/product"}],"replies":[{"embeddable":true,"href":"https:\/\/minimax.md\/ru\/wp-json\/wp\/v2\/comments?post=45727"}],"version-history":[{"count":0,"href":"https:\/\/minimax.md\/ru\/wp-json\/wp\/v2\/product\/45727\/revisions"}],"wp:featuredmedia":[{"embeddable":true,"href":"https:\/\/minimax.md\/ru\/wp-json\/wp\/v2\/media\/45725"}],"wp:attachment":[{"href":"https:\/\/minimax.md\/ru\/wp-json\/wp\/v2\/media?parent=45727"}],"wp:term":[{"taxonomy":"product_brand","embeddable":true,"href":"https:\/\/minimax.md\/ru\/wp-json\/wp\/v2\/product_brand?post=45727"},{"taxonomy":"product_cat","embeddable":true,"href":"https:\/\/minimax.md\/ru\/wp-json\/wp\/v2\/product_cat?post=45727"},{"taxonomy":"product_tag","embeddable":true,"href":"https:\/\/minimax.md\/ru\/wp-json\/wp\/v2\/product_tag?post=45727"}],"curies":[{"name":"wp","href":"https:\/\/api.w.org\/{rel}","templated":true}]}}