{"id":45731,"date":"2024-01-11T17:15:08","date_gmt":"2024-01-11T14:15:08","guid":{"rendered":"https:\/\/minimax.md\/product\/45731.html"},"modified":"2024-03-13T00:17:54","modified_gmt":"2024-03-12T21:17:54","slug":"ru_ru-hot-wheels-nabor-iz-5-i-bazovyh-mashinok-acs-trim-ro_ro-hot-wheels-set-5-masini-de-baza-as","status":"publish","type":"product","link":"https:\/\/minimax.md\/ru\/product\/45731.html","title":{"rendered":"Hot Wheels \u041d\u0430\u0431\u043e\u0440 \u0438\u0437 5-\u0438 \u0431\u0430\u0437\u043e\u0432\u044b\u0445 \u043c\u0430\u0448\u0438\u043d\u043e\u043a (\u0430c\u0441)."},"content":{"rendered":"<p>[:ru_RU]\u041d\u0430\u0431\u043e\u0440 \u0438\u0437 5 \u043c\u0430\u0448\u0438\u043d\u043e\u043a \u0432\u043a\u043b\u044e\u0447\u0430\u0435\u0442 \u0432 \u0441\u0435\u0431\u044f \u0440\u0430\u0437\u043d\u044b\u0435 \u043f\u043e \u0434\u0438\u0437\u0430\u0439\u043d\u0443 \u0438 \u0446\u0432\u0435\u0442\u0443 \u0430\u0432\u0442\u043e\u043c\u043e\u0431\u0438\u043b\u0438.<br \/>\n\u042f\u0440\u043a\u0438\u0435 \u0438 \u0434\u0435\u0442\u0430\u043b\u044c\u043d\u043e \u043f\u0440\u043e\u0440\u0430\u0431\u043e\u0442\u0430\u043d\u043d\u044b\u0435, \u043a\u0430\u0447\u0435\u0441\u0442\u0432\u0435\u043d\u043d\u043e \u0438\u0441\u043f\u043e\u043b\u043d\u0435\u043d\u043d\u044b\u0435 \u0438 \u0438\u0437\u0433\u043e\u0442\u043e\u0432\u043b\u0435\u043d\u043d\u044b\u0435 \u0438\u0445 \u044d\u0442\u0430\u043b\u043e\u043d\u043d\u044b\u0445 \u043c\u0430\u0442\u0435\u0440\u0438\u0430\u043b\u043e\u0432, \u043e\u043d\u0438 \u0434\u043e\u043b\u0433\u043e \u0438 \u0432\u0435\u0440\u043d\u043e \u0431\u0443\u0434\u0443\u0442 \u0441\u043b\u0443\u0436\u0438\u0442\u044c \u0432\u0430\u0448\u0435\u043c\u0443 \u0447\u0430\u0434\u0443! \u0427\u0435\u0442\u043a\u0430\u044f \u043f\u0440\u043e\u0440\u0438\u0441\u043e\u0432\u043a\u0430 \u0432\u0441\u0435\u0445 \u0434\u0435\u0442\u0430\u043b\u0435\u0439 \u043d\u0435\u043f\u0440\u0435\u043c\u0435\u043d\u043d\u043e \u043f\u043e\u043a\u043e\u0440\u0438\u0442 \u043a\u0430\u043a \u0438 \u0432\u0430\u0448\u0435\u0433\u043e \u0440\u0435\u0431\u0435\u043d\u043a\u0430, \u0442\u0430\u043a \u0438 \u0432\u0430\u0441 \u0441\u0430\u043c\u0438\u0445.<\/p>\n<p><iframe title=\"Hot Wheels (5785) \u0411\u0430\u0437\u043e\u0432\u0430\u044f \u043c\u0430\u0448\u0438\u043d\u043a\u0430\" width=\"640\" height=\"360\" src=\"https:\/\/www.youtube.com\/embed\/FHpl6ZEUECg?start=3&#038;feature=oembed\" frameborder=\"0\" allow=\"accelerometer; autoplay; clipboard-write; encrypted-media; gyroscope; picture-in-picture; web-share\" referrerpolicy=\"strict-origin-when-cross-origin\" allowfullscreen><\/iframe>[trim][:ro_RO]Un set fantastic de 5 ma\u0219ini superbe Hot Wheels! Cu siguran\u021b\u0103 o s\u0103-\u021bi plac\u0103 forma \u0219i modelul acesteia. Ma\u0219inu\u021ba are o elegan\u021b\u0103 proprie care te face s\u0103 vrei s\u0103 cuno\u0219ti mai bine. Hot Wheels revin cu calitatea sa \u00eenalt\u0103 \u0219i modele perfecte pentru colec\u021bia ta de ma\u0219ini!<\/p>\n<p><iframe title=\"Hot Wheels (5785) \u0411\u0430\u0437\u043e\u0432\u0430\u044f \u043c\u0430\u0448\u0438\u043d\u043a\u0430\" width=\"640\" height=\"360\" src=\"https:\/\/www.youtube.com\/embed\/FHpl6ZEUECg?start=3&#038;feature=oembed\" frameborder=\"0\" allow=\"accelerometer; autoplay; clipboard-write; encrypted-media; gyroscope; picture-in-picture; web-share\" referrerpolicy=\"strict-origin-when-cross-origin\" allowfullscreen><\/iframe><\/p>\n","protected":false},"excerpt":{"rendered":"<p>[:ru_RU]\u041d\u0430\u0431\u043e\u0440 \u0438\u0437 5 \u043c\u0430\u0448\u0438\u043d\u043e\u043a \u0432\u043a\u043b\u044e\u0447\u0430\u0435\u0442 \u0432 \u0441\u0435\u0431\u044f \u0440\u0430\u0437\u043d\u044b\u0435 \u043f\u043e \u0434\u0438\u0437\u0430\u0439\u043d\u0443 \u0438 \u0446\u0432\u0435\u0442\u0443 \u0430\u0432\u0442\u043e\u043c\u043e\u0431\u0438\u043b\u0438. \u042f\u0440\u043a\u0438\u0435 \u0438 \u0434\u0435\u0442\u0430\u043b\u044c\u043d\u043e \u043f\u0440\u043e\u0440\u0430\u0431\u043e\u0442\u0430\u043d\u043d\u044b\u0435, \u043a\u0430\u0447\u0435\u0441\u0442\u0432\u0435\u043d\u043d\u043e \u0438\u0441\u043f\u043e\u043b\u043d\u0435\u043d\u043d\u044b\u0435 \u0438 \u0438\u0437\u0433\u043e\u0442\u043e\u0432\u043b\u0435\u043d\u043d\u044b\u0435 \u0438\u0445 \u044d\u0442\u0430\u043b\u043e\u043d\u043d\u044b\u0445 \u043c\u0430\u0442\u0435\u0440\u0438\u0430\u043b\u043e\u0432, \u043e\u043d\u0438 \u0434\u043e\u043b\u0433\u043e \u0438 \u0432\u0435\u0440\u043d\u043e \u0431\u0443\u0434\u0443\u0442 \u0441\u043b\u0443\u0436\u0438\u0442\u044c \u0432\u0430\u0448\u0435\u043c\u0443 \u0447\u0430\u0434\u0443! \u0427\u0435\u0442\u043a\u0430\u044f \u043f\u0440\u043e\u0440\u0438\u0441\u043e\u0432\u043a\u0430 \u0432\u0441\u0435\u0445 \u0434\u0435\u0442\u0430\u043b\u0435\u0439 \u043d\u0435\u043f\u0440\u0435\u043c\u0435\u043d\u043d\u043e \u043f\u043e\u043a\u043e\u0440\u0438\u0442 \u043a\u0430\u043a \u0438 \u0432\u0430\u0448\u0435\u0433\u043e \u0440\u0435\u0431\u0435\u043d\u043a\u0430, \u0442\u0430\u043a \u0438 \u0432\u0430\u0441 \u0441\u0430\u043c\u0438\u0445. [trim][:ro_RO]Un set fantastic de 5 ma\u0219ini superbe Hot Wheels! [&hellip;]<\/p>\n","protected":false},"featured_media":45728,"comment_status":"open","ping_status":"closed","template":"","meta":{"_acf_changed":false},"product_brand":[],"product_cat":[6724],"product_tag":[],"class_list":{"0":"post-45731","1":"product","2":"type-product","3":"status-publish","4":"has-post-thumbnail","6":"product_cat-ru_ru-nabor-avtomobilej-tri","8":"first","9":"instock","10":"shipping-taxable","11":"purchasable","12":"product-type-simple"},"acf":[],"_links":{"self":[{"href":"https:\/\/minimax.md\/ru\/wp-json\/wp\/v2\/product\/45731","targetHints":{"allow":["GET"]}}],"collection":[{"href":"https:\/\/minimax.md\/ru\/wp-json\/wp\/v2\/product"}],"about":[{"href":"https:\/\/minimax.md\/ru\/wp-json\/wp\/v2\/types\/product"}],"replies":[{"embeddable":true,"href":"https:\/\/minimax.md\/ru\/wp-json\/wp\/v2\/comments?post=45731"}],"version-history":[{"count":0,"href":"https:\/\/minimax.md\/ru\/wp-json\/wp\/v2\/product\/45731\/revisions"}],"wp:featuredmedia":[{"embeddable":true,"href":"https:\/\/minimax.md\/ru\/wp-json\/wp\/v2\/media\/45728"}],"wp:attachment":[{"href":"https:\/\/minimax.md\/ru\/wp-json\/wp\/v2\/media?parent=45731"}],"wp:term":[{"taxonomy":"product_brand","embeddable":true,"href":"https:\/\/minimax.md\/ru\/wp-json\/wp\/v2\/product_brand?post=45731"},{"taxonomy":"product_cat","embeddable":true,"href":"https:\/\/minimax.md\/ru\/wp-json\/wp\/v2\/product_cat?post=45731"},{"taxonomy":"product_tag","embeddable":true,"href":"https:\/\/minimax.md\/ru\/wp-json\/wp\/v2\/product_tag?post=45731"}],"curies":[{"name":"wp","href":"https:\/\/api.w.org\/{rel}","templated":true}]}}