{"id":45804,"date":"2024-01-11T17:15:17","date_gmt":"2024-01-11T14:15:17","guid":{"rendered":"https:\/\/minimax.md\/product\/45804.html"},"modified":"2024-03-13T00:32:01","modified_gmt":"2024-03-12T21:32:01","slug":"ru_ru-batut-427sm-h180sm-s-lestnicej-trim-ro_ro-trambulina-427sm-h180sm-cu-scara","status":"publish","type":"product","link":"https:\/\/minimax.md\/ru\/product\/45804.html","title":{"rendered":"\u0411\u0430\u0442\u0443\u0442 \u00d8427\u0441\u043c \/ h180\u0441\u043c (\u0441 \u043b\u0435\u0441\u0442\u043d\u0438\u0446\u0435\u0439)"},"content":{"rendered":"<p>[:ru_RU]\u0425\u0430\u0440\u0430\u043a\u0442\u0435\u0440\u0438\u0441\u0442\u0438\u043a\u0438 \u0438 \u043f\u0440\u0435\u0438\u043c\u0443\u0449\u0435\u0441\u0442\u0432\u0430:<\/p>\n<p> \t\u041e\u0447\u0435\u043d\u044c \u0431\u0435\u0437\u043e\u043f\u0430\u0441\u043d\u044b\u0439 \u0437\u0430 \u0441\u0447\u0435\u0442 \u043a\u043e\u043c\u043f\u043b\u0435\u043a\u0442\u043d\u043e\u0439 \u0437\u0430\u0449\u0438\u0442\u043d\u043e\u0439 \u0441\u0435\u0442\u043a\u0438 \u0438 \u043c\u044f\u0433\u043a\u043e\u0433\u043e \u0431\u0430\u0442\u0443\u0442\u043d\u043e\u0433\u043e \u043a\u043e\u0432\u0440\u0438\u043a\u0430<br \/>\n \t\u041a\u0440\u0435\u043f\u043a\u0438\u0439 \u0431\u0430\u0442\u0443\u0442\u043d\u044b\u0439 \u043c\u0430\u0442 \u0434\u043b\u044f \u043e\u0442\u043b\u0438\u0447\u043d\u044b\u0445 \u043f\u0440\u044b\u0436\u043a\u043e\u0432<br \/>\n \t\u041e\u0447\u0435\u043d\u044c \u043c\u044f\u0433\u043a\u0430\u044f \u0441\u0435\u0442\u043a\u0430 \u0431\u0435\u0437\u043e\u043f\u0430\u0441\u043d\u043e\u0441\u0442\u0438 \u0441 \u043c\u0435\u043b\u043a\u0438\u043c\u0438 \u044f\u0447\u0435\u0439\u043a\u0430\u043c\u0438<br \/>\n \t\u0420\u0430\u0437\u043c\u0435\u0440\u044b \u0431\u0430\u0442\u0443\u0442\u0430: \u00f8 427 \u0441\u043c<br \/>\n \t\u0420\u0435\u043a\u043e\u043c\u0435\u043d\u0434\u0443\u0435\u043c\u044b\u0439 \u043c\u0430\u043a\u0441\u0438\u043c\u0430\u043b\u044c\u043d\u044b\u0439 \u0432\u0435\u0441 \u043f\u043e\u043b\u044c\u0437\u043e\u0432\u0430\u0442\u0435\u043b\u044f: 150 \u043a\u0433<br \/>\n \t89 \u0441\u043c \u043e\u0442 \u0437\u0435\u043c\u043b\u0438<br \/>\n \t\u0415\u0432\u0440\u043e\u043f\u0435\u0439\u0441\u043a\u0438\u0439 \u0441\u0442\u0430\u043d\u0434\u0430\u0440\u0442 EN 71[trim][:ro_RO]<b>Caracteristici \u0219i beneficii:<\/b><\/p>\n<ul>\n<li>Siguran\u021b\u0103 maxim\u0103 datorit\u0103 plasei \u0219i a covora\u0219ului moale inclus.<\/li>\n<li>Material puternic pentru s\u0103rituri grozave.<\/li>\n<li>Plasa de siguran\u021b\u0103 foarte moale \u0219i fin\u0103.<\/li>\n<li>M\u0103rimi: \u00f8 427 cm<\/li>\n<li>Greutatea maxim\u0103 recomandat\u0103: 150 kg<\/li>\n<li>89 cm de la sol<\/li>\n<li>Standardul European EN 71<\/li>\n<\/ul>\n","protected":false},"excerpt":{"rendered":"<p>[:ru_RU]\u0425\u0430\u0440\u0430\u043a\u0442\u0435\u0440\u0438\u0441\u0442\u0438\u043a\u0438 \u0438 \u043f\u0440\u0435\u0438\u043c\u0443\u0449\u0435\u0441\u0442\u0432\u0430: \u041e\u0447\u0435\u043d\u044c \u0431\u0435\u0437\u043e\u043f\u0430\u0441\u043d\u044b\u0439 \u0437\u0430 \u0441\u0447\u0435\u0442 \u043a\u043e\u043c\u043f\u043b\u0435\u043a\u0442\u043d\u043e\u0439 \u0437\u0430\u0449\u0438\u0442\u043d\u043e\u0439 \u0441\u0435\u0442\u043a\u0438 \u0438 \u043c\u044f\u0433\u043a\u043e\u0433\u043e \u0431\u0430\u0442\u0443\u0442\u043d\u043e\u0433\u043e \u043a\u043e\u0432\u0440\u0438\u043a\u0430 \u041a\u0440\u0435\u043f\u043a\u0438\u0439 \u0431\u0430\u0442\u0443\u0442\u043d\u044b\u0439 \u043c\u0430\u0442 \u0434\u043b\u044f \u043e\u0442\u043b\u0438\u0447\u043d\u044b\u0445 \u043f\u0440\u044b\u0436\u043a\u043e\u0432 \u041e\u0447\u0435\u043d\u044c \u043c\u044f\u0433\u043a\u0430\u044f \u0441\u0435\u0442\u043a\u0430 \u0431\u0435\u0437\u043e\u043f\u0430\u0441\u043d\u043e\u0441\u0442\u0438 \u0441 \u043c\u0435\u043b\u043a\u0438\u043c\u0438 \u044f\u0447\u0435\u0439\u043a\u0430\u043c\u0438 \u0420\u0430\u0437\u043c\u0435\u0440\u044b \u0431\u0430\u0442\u0443\u0442\u0430: \u00f8 427 \u0441\u043c \u0420\u0435\u043a\u043e\u043c\u0435\u043d\u0434\u0443\u0435\u043c\u044b\u0439 \u043c\u0430\u043a\u0441\u0438\u043c\u0430\u043b\u044c\u043d\u044b\u0439 \u0432\u0435\u0441 \u043f\u043e\u043b\u044c\u0437\u043e\u0432\u0430\u0442\u0435\u043b\u044f: 150 \u043a\u0433 89 \u0441\u043c \u043e\u0442 \u0437\u0435\u043c\u043b\u0438 \u0415\u0432\u0440\u043e\u043f\u0435\u0439\u0441\u043a\u0438\u0439 \u0441\u0442\u0430\u043d\u0434\u0430\u0440\u0442 EN 71[trim][:ro_RO]Caracteristici \u0219i beneficii: Siguran\u021b\u0103 maxim\u0103 datorit\u0103 plasei \u0219i a covora\u0219ului [&hellip;]<\/p>\n","protected":false},"featured_media":45803,"comment_status":"open","ping_status":"closed","template":"","meta":{"_acf_changed":false},"product_brand":[],"product_cat":[6701],"product_tag":[],"class_list":{"0":"post-45804","1":"product","2":"type-product","3":"status-publish","4":"has-post-thumbnail","6":"product_cat-ru_ru-sportivnyj-inventar-t","8":"first","9":"instock","10":"shipping-taxable","11":"purchasable","12":"product-type-simple"},"acf":[],"_links":{"self":[{"href":"https:\/\/minimax.md\/ru\/wp-json\/wp\/v2\/product\/45804","targetHints":{"allow":["GET"]}}],"collection":[{"href":"https:\/\/minimax.md\/ru\/wp-json\/wp\/v2\/product"}],"about":[{"href":"https:\/\/minimax.md\/ru\/wp-json\/wp\/v2\/types\/product"}],"replies":[{"embeddable":true,"href":"https:\/\/minimax.md\/ru\/wp-json\/wp\/v2\/comments?post=45804"}],"version-history":[{"count":0,"href":"https:\/\/minimax.md\/ru\/wp-json\/wp\/v2\/product\/45804\/revisions"}],"wp:featuredmedia":[{"embeddable":true,"href":"https:\/\/minimax.md\/ru\/wp-json\/wp\/v2\/media\/45803"}],"wp:attachment":[{"href":"https:\/\/minimax.md\/ru\/wp-json\/wp\/v2\/media?parent=45804"}],"wp:term":[{"taxonomy":"product_brand","embeddable":true,"href":"https:\/\/minimax.md\/ru\/wp-json\/wp\/v2\/product_brand?post=45804"},{"taxonomy":"product_cat","embeddable":true,"href":"https:\/\/minimax.md\/ru\/wp-json\/wp\/v2\/product_cat?post=45804"},{"taxonomy":"product_tag","embeddable":true,"href":"https:\/\/minimax.md\/ru\/wp-json\/wp\/v2\/product_tag?post=45804"}],"curies":[{"name":"wp","href":"https:\/\/api.w.org\/{rel}","templated":true}]}}