{"id":45808,"date":"2024-01-11T17:15:17","date_gmt":"2024-01-11T14:15:17","guid":{"rendered":"https:\/\/minimax.md\/product\/45808.html"},"modified":"2024-03-13T00:17:41","modified_gmt":"2024-03-12T21:17:41","slug":"ru_ru-nabor-bleskov-dlja-gub-trim-ro_ro-set-luciu-de-buze","status":"publish","type":"product","link":"https:\/\/minimax.md\/ru\/product\/45808.html","title":{"rendered":"\u041d\u0430\u0431\u043e\u0440 \u0431\u043b\u0435\u0441\u043a\u043e\u0432 \u0434\u043b\u044f \u0433\u0443\u0431"},"content":{"rendered":"<p>[:ru_RU]\u0418\u0433\u0440\u043e\u0432\u043e\u0439 \u043d\u0430\u0431\u043e\u0440 \u0431\u043b\u0435\u0441\u043a\u043e\u0432 \u0434\u043b\u044f \u0433\u0443\u0431 \u0441\u0442\u0430\u043d\u0435\u0442 \u043a\u0440\u0430\u0441\u0438\u0432\u044b\u043c \u043f\u043e\u0434\u0430\u0440\u043a\u043e\u043c \u0434\u043b\u044f \u0434\u0435\u0432\u043e\u0447\u043a\u0438.<\/p>\n<p>\u0425\u0430\u0440\u0430\u043a\u0442\u0435\u0440\u0438\u0441\u0442\u0438\u043a\u0438:\u00a0<br \/>\n&#8211; \u0435\u0441\u0442\u044c \u0432\u0441\u0435 \u043d\u0435\u043e\u0431\u0445\u043e\u0434\u0438\u043c\u043e\u0435 \u0434\u043b\u044f \u0442\u043e\u0433\u043e \u0447\u0442\u043e\u0431\u044b \u043a\u0430\u0436\u0434\u0430\u044f \u0434\u0435\u0432\u043e\u0447\u043a\u0430 \u043c\u043e\u0433\u043b\u0430 \u043f\u043e\u0447\u0443\u0432\u0441\u0442\u0432\u043e\u0432\u0430\u0442\u044c \u0441\u0435\u0431\u044f \u0432\u0437\u0440\u043e\u0441\u043b\u043e\u0439;[trim][:ro_RO]<strong>Set luciu de buze va fi un cadou extraordinar pentru feti\u021be.<\/strong><\/p>\n<p><strong>Caracteristici:<\/strong><br \/>\n&#8211; include tot ce este necesar pentru ca fiecare fat\u0103 s\u0103 se simt\u0103 adult\u0103;<\/p>\n<p>&nbsp;<\/p>\n","protected":false},"excerpt":{"rendered":"<p>[:ru_RU]\u0418\u0433\u0440\u043e\u0432\u043e\u0439 \u043d\u0430\u0431\u043e\u0440 \u0431\u043b\u0435\u0441\u043a\u043e\u0432 \u0434\u043b\u044f \u0433\u0443\u0431 \u0441\u0442\u0430\u043d\u0435\u0442 \u043a\u0440\u0430\u0441\u0438\u0432\u044b\u043c \u043f\u043e\u0434\u0430\u0440\u043a\u043e\u043c \u0434\u043b\u044f \u0434\u0435\u0432\u043e\u0447\u043a\u0438. \u0425\u0430\u0440\u0430\u043a\u0442\u0435\u0440\u0438\u0441\u0442\u0438\u043a\u0438:\u00a0 &#8211; \u0435\u0441\u0442\u044c \u0432\u0441\u0435 \u043d\u0435\u043e\u0431\u0445\u043e\u0434\u0438\u043c\u043e\u0435 \u0434\u043b\u044f \u0442\u043e\u0433\u043e \u0447\u0442\u043e\u0431\u044b \u043a\u0430\u0436\u0434\u0430\u044f \u0434\u0435\u0432\u043e\u0447\u043a\u0430 \u043c\u043e\u0433\u043b\u0430 \u043f\u043e\u0447\u0443\u0432\u0441\u0442\u0432\u043e\u0432\u0430\u0442\u044c \u0441\u0435\u0431\u044f \u0432\u0437\u0440\u043e\u0441\u043b\u043e\u0439;[trim][:ro_RO]Set luciu de buze va fi un cadou extraordinar pentru feti\u021be. Caracteristici: &#8211; include tot ce este necesar pentru ca fiecare fat\u0103 s\u0103 se simt\u0103 adult\u0103; &nbsp;<\/p>\n","protected":false},"featured_media":45807,"comment_status":"open","ping_status":"closed","template":"","meta":{"_acf_changed":false},"product_brand":[],"product_cat":[6823],"product_tag":[],"class_list":{"0":"post-45808","1":"product","2":"type-product","3":"status-publish","4":"has-post-thumbnail","6":"product_cat-ru_ru-salon-krasoty-trim-ro","8":"first","9":"instock","10":"shipping-taxable","11":"purchasable","12":"product-type-simple"},"acf":[],"_links":{"self":[{"href":"https:\/\/minimax.md\/ru\/wp-json\/wp\/v2\/product\/45808","targetHints":{"allow":["GET"]}}],"collection":[{"href":"https:\/\/minimax.md\/ru\/wp-json\/wp\/v2\/product"}],"about":[{"href":"https:\/\/minimax.md\/ru\/wp-json\/wp\/v2\/types\/product"}],"replies":[{"embeddable":true,"href":"https:\/\/minimax.md\/ru\/wp-json\/wp\/v2\/comments?post=45808"}],"version-history":[{"count":0,"href":"https:\/\/minimax.md\/ru\/wp-json\/wp\/v2\/product\/45808\/revisions"}],"wp:featuredmedia":[{"embeddable":true,"href":"https:\/\/minimax.md\/ru\/wp-json\/wp\/v2\/media\/45807"}],"wp:attachment":[{"href":"https:\/\/minimax.md\/ru\/wp-json\/wp\/v2\/media?parent=45808"}],"wp:term":[{"taxonomy":"product_brand","embeddable":true,"href":"https:\/\/minimax.md\/ru\/wp-json\/wp\/v2\/product_brand?post=45808"},{"taxonomy":"product_cat","embeddable":true,"href":"https:\/\/minimax.md\/ru\/wp-json\/wp\/v2\/product_cat?post=45808"},{"taxonomy":"product_tag","embeddable":true,"href":"https:\/\/minimax.md\/ru\/wp-json\/wp\/v2\/product_tag?post=45808"}],"curies":[{"name":"wp","href":"https:\/\/api.w.org\/{rel}","templated":true}]}}