{"id":45811,"date":"2024-01-11T17:15:17","date_gmt":"2024-01-11T14:15:17","guid":{"rendered":"https:\/\/minimax.md\/product\/45811.html"},"modified":"2024-03-13T00:32:55","modified_gmt":"2024-03-12T21:32:55","slug":"ru_ru-3d-pazl-raketa-apollon-saturn-v-136-jelementov-trim-ro_ro-3d-puzzle-racheta-apollo-saturn-v-136-elemente","status":"publish","type":"product","link":"https:\/\/minimax.md\/ru\/product\/45811.html","title":{"rendered":"3D \u043f\u0430\u0437\u043b \u0420\u0430\u043a\u0435\u0442\u0430 \u0410\u043f\u043e\u043b\u043b\u043e\u043d \u201c\u0421\u0430\u0442\u0443\u0440\u043d V\u201d, 136 \u044d\u043b\u0435\u043c\u0435\u043d\u0442\u043e\u0432"},"content":{"rendered":"<p>[:ru_RU]3D \u043f\u0430\u0437\u043b \u0420\u0430\u043a\u0435\u0442\u0430 \u201c\u0410\u043f\u043e\u043b\u043b\u043e\u043d \u0421\u0430\u0442\u0443\u0440\u043d V\u201d \u043e\u0442\u00a0 CubicFun \u043e\u0447\u0435\u043d\u044c \u0438\u043d\u0442\u0435\u0440\u0435\u0441\u043d\u0430\u044f \u0433\u043e\u043b\u043e\u0432\u043e\u043b\u043e\u043c\u043a\u0430 \u0434\u043b\u044f \u0432\u0441\u0435\u0439 \u0441\u0435\u043c\u044c\u0438.\u00a0<\/p>\n<p>\u0412\u043c\u0435\u0441\u0442\u0435 \u0441\u043e\u0431\u0438\u0440\u0430\u044f 3D \u043f\u0430\u0437\u043b \u0441\u043e \u0441\u0432\u043e\u0438\u043c\u0438 \u0434\u0435\u0442\u044c\u043c\u0438, \u0432\u044b\u00a0 \u043c\u043e\u0436\u0435\u0442\u0435 \u0438\u043c \u0440\u0430\u0441\u0441\u043a\u0430\u0437\u0430\u0442\u044c \u043e \u0442\u043e\u043c \u0447\u0442\u043e \u00ab\u0421\u0430\u0442\u0443\u0440\u043d-5\u00bb (\u0430\u043d\u0433\u043b.\u00a0Saturn V) \u2014 \u0430\u043c\u0435\u0440\u0438\u043a\u0430\u043d\u0441\u043a\u0430\u044f \u0442\u0440\u0435\u0445\u0441\u0442\u0443\u043f\u0435\u043d\u0447\u0430\u0442\u0430\u044f \u0440\u0430\u043a\u0435\u0442\u0430-\u043d\u043e\u0441\u0438\u0442\u0435\u043b\u044c. \u0421\u0430\u043c\u0430\u044f \u043c\u043e\u0449\u043d\u0430\u044f \u0438\u0437 \u0441\u043e\u0437\u0434\u0430\u043d\u043d\u044b\u0445 \u0440\u0430\u043a\u0435\u0442, \u043f\u043e \u0441\u043e\u0441\u0442\u043e\u044f\u043d\u0438\u044e \u043d\u0430 \u043f\u0435\u0440\u0432\u043e\u0435 \u0434\u0435\u0441\u044f\u0442\u0438\u043b\u0435\u043d\u0438\u0435 21-\u0433\u043e \u0432\u0435\u043a\u0430. \u0421\u043a\u043e\u043d\u0441\u0442\u0440\u0443\u0438\u0440\u043e\u0432\u0430\u043d\u0430 \u0432 1960-\u0445 \u0433\u043e\u0434\u0430\u0445 \u0434\u043b\u044f \u0437\u0430\u0434\u0430\u0447 \u043f\u0440\u043e\u0433\u0440\u0430\u043c\u043c\u044b \u00ab\u0410\u043f\u043e\u043b\u043b\u043e\u043d\u00bb: \u0432\u044b\u0441\u0430\u0434\u043a\u0438 \u043b\u044e\u0434\u0435\u0439 \u043d\u0430 \u041b\u0443\u043d\u0443. \u0420\u0430\u043a\u0435\u0442\u0430 \u043f\u0440\u0435\u0434\u043d\u0430\u0437\u043d\u0430\u0447\u0430\u043b\u0430\u0441\u044c \u0434\u043b\u044f \u0440\u0435\u0430\u043b\u0438\u0437\u0430\u0446\u0438\u0438 \u043e\u0434\u043d\u043e\u043f\u0443\u0441\u043a\u043e\u0432\u043e\u0439 \u0441\u0445\u0435\u043c\u044b, \u043a\u043e\u0433\u0434\u0430 \u043a \u041b\u0443\u043d\u0435 \u043e\u0434\u043d\u0438\u043c \u043f\u0443\u0441\u043a\u043e\u043c \u043e\u0442\u043f\u0440\u0430\u0432\u043b\u044f\u044e\u0442\u0441\u044f \u0432\u0441\u0435 \u043a\u043e\u0440\u0430\u0431\u043b\u0438, \u043d\u0435\u043e\u0431\u0445\u043e\u0434\u0438\u043c\u044b\u0435 \u0434\u043b\u044f \u043b\u0443\u043d\u043d\u043e\u0439 \u044d\u043a\u0441\u043f\u0435\u0434\u0438\u0446\u0438\u0438. \u0420\u0430\u043a\u0435\u0442\u0430 \u043e\u0434\u043d\u043e\u0432\u0440\u0435\u043c\u0435\u043d\u043d\u043e \u043e\u0442\u043f\u0440\u0430\u0432\u043b\u044f\u043b\u0430 \u043a \u041b\u0443\u043d\u0435\u00a0\u043e\u0440\u0431\u0438\u0442\u0430\u043b\u044c\u043d\u044b\u0439 \u043a\u043e\u0440\u0430\u0431\u043b\u044c, \u043a\u0440\u0435\u043f\u0438\u0432\u0448\u0438\u0439\u0441\u044f \u0447\u0435\u0440\u0435\u0437\u00a0\u0430\u0434\u0430\u043f\u0442\u0435\u0440 \u043b\u0443\u043d\u043d\u043e\u0433\u043e \u043c\u043e\u0434\u0443\u043b\u044f\u00a0\u043a \u0435\u0435\u00a0\u0442\u0440\u0435\u0442\u044c\u0435\u0439 \u0441\u0442\u0443\u043f\u0435\u043d\u0438, \u0438\u00a0\u043b\u0443\u043d\u043d\u044b\u0439 \u043c\u043e\u0434\u0443\u043b\u044c, \u0440\u0430\u0441\u043f\u043e\u043b\u0430\u0433\u0430\u0432\u0448\u0438\u0439\u0441\u044f \u0432\u043d\u0443\u0442\u0440\u0438 \u0430\u0434\u0430\u043f\u0442\u0435\u0440\u0430.<\/p>\n<p>3D \u043f\u0430\u0437\u043b\u044b \u0443\u0434\u0438\u0432\u0438\u0442\u0435\u043b\u044c\u043d\u043e\u0435 \u0445\u043e\u0431\u0431\u0438 \u043a\u043e\u0442\u043e\u0440\u043e\u0435 \u0440\u0430\u0437\u0432\u0438\u0432\u0430\u0435\u0442 \u043d\u0435 \u0442\u043e\u043b\u044c\u043a\u043e \u043b\u043e\u0433\u0438\u0447\u0435\u0441\u043a\u043e\u0433\u043e \u043c\u044b\u0448\u043b\u0435\u043d\u0438\u044f, \u043c\u0435\u043b\u043a\u0443\u044e \u043c\u043e\u0442\u043e\u0440\u0438\u043a\u0443, \u0443\u0441\u0438\u0434\u0447\u0438\u0432\u043e\u0441\u0442\u0438 \u0438 \u0430\u043a\u043a\u0443\u0440\u0430\u0442\u043d\u043e\u0441\u0442\u044c, \u043d\u043e \u0438 \u0443\u0447\u0438\u0442 \u043c\u043d\u043e\u0433\u043e\u043c\u0443 \u0438\u043d\u0442\u0435\u0440\u0435\u0441\u043d\u043e\u043c\u0443 \u043e \u043c\u0438\u0440\u0435 \u0437\u0430 \u0432\u0435\u0441\u0435\u043b\u043e \u043f\u0440\u043e\u0432\u0435\u0434\u0435\u043d\u043d\u043e\u043c \u0432\u0440\u0435\u043c\u0435\u043d\u0438 \u0432 \u043a\u0440\u0443\u0433\u0443 \u0441\u0435\u043c\u044c\u0438.[trim][:ro_RO]<strong>Puzzle 3D Racheta Apollo \u201eSaturn V\u201d, de la CubicFun este un joc de puzzle foarte interesant pentru \u00eentreaga familie.<\/strong><\/p>\n<p>\u00cen timul jocului cu\u00a0 puzzle 3D \u00eempreun\u0103 cu copiii t\u0103i, le po\u021bi povesti c\u0103<strong> \u201eSaturn-5\u201d (eng. Saturn V)<\/strong> este o rachet\u0103 american\u0103 de lansare \u00een trei etape. Cea mai puternic\u0103 rachet\u0103 construit\u0103 vreodat\u0103, din primul deceniu al secolului XXI. Proiectat \u00een anii 1960 pentru menirea programului Apollo: aterizarea oamenilor pe Lun\u0103. Racheta a fost menit\u0103 s\u0103 implementeze o schem\u0103 de lansare unic\u0103, ca toate navele necesare unei expedi\u021bii lunare se fie trimise pe Lun\u0103 cu o singur\u0103 lansare. Racheta a trimis simultan un modul pe Lun\u0103, care a fost ata\u0219at prin adaptorul modululului\u00a0 lunar.<\/p>\n<p><strong>Puzzle-urile 3D<\/strong> sunt un hobby uimitor care dezvolt\u0103 nu numai g\u00e2ndirea logic\u0103, abilit\u0103\u021bile motorii fine, perseveren\u021ba \u0219i acurate\u021bea, dar \u00eenva\u021b\u0103 \u0219i o mul\u021bime de lucruri interesante despre univers, \u00een timp ce te distrezi cu familia ta.<\/p>\n","protected":false},"excerpt":{"rendered":"<p>[:ru_RU]3D \u043f\u0430\u0437\u043b \u0420\u0430\u043a\u0435\u0442\u0430 \u201c\u0410\u043f\u043e\u043b\u043b\u043e\u043d \u0421\u0430\u0442\u0443\u0440\u043d V\u201d \u043e\u0442\u00a0 CubicFun \u043e\u0447\u0435\u043d\u044c \u0438\u043d\u0442\u0435\u0440\u0435\u0441\u043d\u0430\u044f \u0433\u043e\u043b\u043e\u0432\u043e\u043b\u043e\u043c\u043a\u0430 \u0434\u043b\u044f \u0432\u0441\u0435\u0439 \u0441\u0435\u043c\u044c\u0438.\u00a0 \u0412\u043c\u0435\u0441\u0442\u0435 \u0441\u043e\u0431\u0438\u0440\u0430\u044f 3D \u043f\u0430\u0437\u043b \u0441\u043e \u0441\u0432\u043e\u0438\u043c\u0438 \u0434\u0435\u0442\u044c\u043c\u0438, \u0432\u044b\u00a0 \u043c\u043e\u0436\u0435\u0442\u0435 \u0438\u043c \u0440\u0430\u0441\u0441\u043a\u0430\u0437\u0430\u0442\u044c \u043e \u0442\u043e\u043c \u0447\u0442\u043e \u00ab\u0421\u0430\u0442\u0443\u0440\u043d-5\u00bb (\u0430\u043d\u0433\u043b.\u00a0Saturn V) \u2014 \u0430\u043c\u0435\u0440\u0438\u043a\u0430\u043d\u0441\u043a\u0430\u044f \u0442\u0440\u0435\u0445\u0441\u0442\u0443\u043f\u0435\u043d\u0447\u0430\u0442\u0430\u044f \u0440\u0430\u043a\u0435\u0442\u0430-\u043d\u043e\u0441\u0438\u0442\u0435\u043b\u044c. \u0421\u0430\u043c\u0430\u044f \u043c\u043e\u0449\u043d\u0430\u044f \u0438\u0437 \u0441\u043e\u0437\u0434\u0430\u043d\u043d\u044b\u0445 \u0440\u0430\u043a\u0435\u0442, \u043f\u043e \u0441\u043e\u0441\u0442\u043e\u044f\u043d\u0438\u044e \u043d\u0430 \u043f\u0435\u0440\u0432\u043e\u0435 \u0434\u0435\u0441\u044f\u0442\u0438\u043b\u0435\u043d\u0438\u0435 21-\u0433\u043e \u0432\u0435\u043a\u0430. \u0421\u043a\u043e\u043d\u0441\u0442\u0440\u0443\u0438\u0440\u043e\u0432\u0430\u043d\u0430 \u0432 1960-\u0445 \u0433\u043e\u0434\u0430\u0445 \u0434\u043b\u044f \u0437\u0430\u0434\u0430\u0447 \u043f\u0440\u043e\u0433\u0440\u0430\u043c\u043c\u044b \u00ab\u0410\u043f\u043e\u043b\u043b\u043e\u043d\u00bb: [&hellip;]<\/p>\n","protected":false},"featured_media":45809,"comment_status":"open","ping_status":"closed","template":"","meta":{"_acf_changed":false},"product_brand":[],"product_cat":[6713],"product_tag":[],"class_list":{"0":"post-45811","1":"product","2":"type-product","3":"status-publish","4":"has-post-thumbnail","6":"product_cat-ru_ru-pazly-i-mozaiki-trim","8":"first","9":"instock","10":"shipping-taxable","11":"purchasable","12":"product-type-simple"},"acf":[],"_links":{"self":[{"href":"https:\/\/minimax.md\/ru\/wp-json\/wp\/v2\/product\/45811","targetHints":{"allow":["GET"]}}],"collection":[{"href":"https:\/\/minimax.md\/ru\/wp-json\/wp\/v2\/product"}],"about":[{"href":"https:\/\/minimax.md\/ru\/wp-json\/wp\/v2\/types\/product"}],"replies":[{"embeddable":true,"href":"https:\/\/minimax.md\/ru\/wp-json\/wp\/v2\/comments?post=45811"}],"version-history":[{"count":0,"href":"https:\/\/minimax.md\/ru\/wp-json\/wp\/v2\/product\/45811\/revisions"}],"wp:featuredmedia":[{"embeddable":true,"href":"https:\/\/minimax.md\/ru\/wp-json\/wp\/v2\/media\/45809"}],"wp:attachment":[{"href":"https:\/\/minimax.md\/ru\/wp-json\/wp\/v2\/media?parent=45811"}],"wp:term":[{"taxonomy":"product_brand","embeddable":true,"href":"https:\/\/minimax.md\/ru\/wp-json\/wp\/v2\/product_brand?post=45811"},{"taxonomy":"product_cat","embeddable":true,"href":"https:\/\/minimax.md\/ru\/wp-json\/wp\/v2\/product_cat?post=45811"},{"taxonomy":"product_tag","embeddable":true,"href":"https:\/\/minimax.md\/ru\/wp-json\/wp\/v2\/product_tag?post=45811"}],"curies":[{"name":"wp","href":"https:\/\/api.w.org\/{rel}","templated":true}]}}