{"id":45822,"date":"2024-01-11T17:15:19","date_gmt":"2024-01-11T14:15:19","guid":{"rendered":"https:\/\/minimax.md\/product\/45822.html"},"modified":"2024-03-13T00:32:01","modified_gmt":"2024-03-12T21:32:01","slug":"ru_ru-derevjannaja-knizhka-zhivotnye-na-ferme-trim-ro_ro-c-r-ulie-din-lemn-animalele-la-ferm","status":"publish","type":"product","link":"https:\/\/minimax.md\/ru\/product\/45822.html","title":{"rendered":"\u0414\u0435\u0440\u0435\u0432\u044f\u043d\u043d\u0430\u044f \u043a\u043d\u0438\u0436\u043a\u0430 \"\u0416\u0438\u0432\u043e\u0442\u043d\u044b\u0435 \u043d\u0430 \u0444\u0435\u0440\u043c\u0435\""},"content":{"rendered":"<p>[:ru_RU]\u0414\u0435\u0440\u0435\u0432\u044f\u043d\u043d\u0430\u044f \u043a\u043d\u0438\u0433\u0430 \u00ab\u0424\u0435\u0440\u043c\u0430\u00bb \u043e\u0442 \u041d\u0430\u0440\u0435 \u043f\u043e\u0437\u043d\u0430\u043a\u043e\u043c\u0438\u0442 \u0432\u0430\u0448\u0435\u0433\u043e \u043a\u0430\u0440\u0430\u043f\u0443\u0437\u0430 \u0441 \u0447\u0443\u0434\u0435\u0441\u0430\u043c\u0438 \u043d\u0430 \u0444\u0435\u0440\u043c\u0435 \u0438 \u043d\u0430\u0447\u043d\u0435\u0442 \u043f\u0440\u0438\u043e\u0431\u0449\u0430\u0442\u044c \u043a \u0447\u0442\u0435\u043d\u0438\u044e \u0441 \u0440\u0430\u043d\u043d\u0435\u0433\u043e \u0432\u043e\u0437\u0440\u0430\u0441\u0442\u0430. \u041a\u043d\u0438\u0433\u0430 \u0438\u0437\u0433\u043e\u0442\u043e\u0432\u043b\u0435\u043d\u0430 \u0438\u0437 \u0434\u0435\u0440\u0435\u0432\u0430 \u0438 \u0431\u0435\u0437\u043e\u043f\u0430\u0441\u043d\u0430 \u0434\u043b\u044f \u0440\u0435\u0431\u0435\u043d\u043a\u0430, \u0434\u0430\u0436\u0435, \u0435\u0441\u043b\u0438 \u043e\u043d \u0440\u0435\u0448\u0438\u0442 \u0435\u0451 \u043f\u043e\u0433\u0440\u044b\u0437\u0442\u044c, \u043e\u043d\u0430 \u0438\u043c\u0435\u0435\u0442 \u044f\u0440\u043a\u0438\u0435 \u0438 \u043a\u0440\u0430\u0441\u043e\u0447\u043d\u044b\u0435 \u0438\u043b\u043b\u044e\u0441\u0442\u0440\u0430\u0446\u0438\u0438 \u043d\u0430 \u043a\u0430\u0436\u0434\u043e\u0439 \u0441\u0442\u0440\u0430\u043d\u0438\u0446\u0435. \u0414\u043b\u044f \u0434\u0435\u0442\u0435\u0439 \u043e\u0442 10 \u043c\u0435\u0441\u044f\u0446\u0435\u0432.[trim][:ro_RO]V\u0103 prezent\u0103m cartea Ferma animalelor din lemn \u2013 modalitatea perfect\u0103 de a v\u0103 introduce copilul \u00een lumea cititului \u0219i a animalelor domestice! Aceast\u0103 carte fermec\u0103toare este realizat\u0103 din lemn \u0219i sigur\u0103 pentru a fi mestecat\u0103, cu ilustra\u021bii luminoase \u0219i vesele pe fiecare pagin\u0103. \u021aineti aceast\u0103 carte cu bebelu\u0219ul a\u0219ezat \u00een poala dvs. \u0219i \u00eentoarce\u021bi paginile, ar\u0103t\u00e2nd diferitele animale de ferm\u0103. Bebelu\u0219ul are parte de o privire interesant\u0103 asupra animalelor de pe o pagin\u0103 pe alta. Poate ghici cine vine pe pagina urm\u0103toare? \u00eenva\u021b\u0103-l pe bebelu\u0219ul t\u0103u numele fiec\u0103rui animal \u0219i creeaz\u0103 pove\u0219ti despre fiecare dintre ele. Cartea cu animale din lemn de la ferm\u0103 este un cadou minunat pentru orice nou p\u0103rinte \u2013 sau pentru oricine dore\u0219te s\u0103 \u00eenve\u021be mai multe despre ferme!<\/p>\n","protected":false},"excerpt":{"rendered":"<p>[:ru_RU]\u0414\u0435\u0440\u0435\u0432\u044f\u043d\u043d\u0430\u044f \u043a\u043d\u0438\u0433\u0430 \u00ab\u0424\u0435\u0440\u043c\u0430\u00bb \u043e\u0442 \u041d\u0430\u0440\u0435 \u043f\u043e\u0437\u043d\u0430\u043a\u043e\u043c\u0438\u0442 \u0432\u0430\u0448\u0435\u0433\u043e \u043a\u0430\u0440\u0430\u043f\u0443\u0437\u0430 \u0441 \u0447\u0443\u0434\u0435\u0441\u0430\u043c\u0438 \u043d\u0430 \u0444\u0435\u0440\u043c\u0435 \u0438 \u043d\u0430\u0447\u043d\u0435\u0442 \u043f\u0440\u0438\u043e\u0431\u0449\u0430\u0442\u044c \u043a \u0447\u0442\u0435\u043d\u0438\u044e \u0441 \u0440\u0430\u043d\u043d\u0435\u0433\u043e \u0432\u043e\u0437\u0440\u0430\u0441\u0442\u0430. \u041a\u043d\u0438\u0433\u0430 \u0438\u0437\u0433\u043e\u0442\u043e\u0432\u043b\u0435\u043d\u0430 \u0438\u0437 \u0434\u0435\u0440\u0435\u0432\u0430 \u0438 \u0431\u0435\u0437\u043e\u043f\u0430\u0441\u043d\u0430 \u0434\u043b\u044f \u0440\u0435\u0431\u0435\u043d\u043a\u0430, \u0434\u0430\u0436\u0435, \u0435\u0441\u043b\u0438 \u043e\u043d \u0440\u0435\u0448\u0438\u0442 \u0435\u0451 \u043f\u043e\u0433\u0440\u044b\u0437\u0442\u044c, \u043e\u043d\u0430 \u0438\u043c\u0435\u0435\u0442 \u044f\u0440\u043a\u0438\u0435 \u0438 \u043a\u0440\u0430\u0441\u043e\u0447\u043d\u044b\u0435 \u0438\u043b\u043b\u044e\u0441\u0442\u0440\u0430\u0446\u0438\u0438 \u043d\u0430 \u043a\u0430\u0436\u0434\u043e\u0439 \u0441\u0442\u0440\u0430\u043d\u0438\u0446\u0435. \u0414\u043b\u044f \u0434\u0435\u0442\u0435\u0439 \u043e\u0442 10 \u043c\u0435\u0441\u044f\u0446\u0435\u0432.[trim][:ro_RO]V\u0103 prezent\u0103m cartea Ferma animalelor din lemn \u2013 [&hellip;]<\/p>\n","protected":false},"featured_media":45818,"comment_status":"open","ping_status":"closed","template":"","meta":{"_acf_changed":false},"product_brand":[],"product_cat":[6730],"product_tag":[],"class_list":{"0":"post-45822","1":"product","2":"type-product","3":"status-publish","4":"has-post-thumbnail","6":"product_cat-ru_ru-razvivashki-trim-ro_r","8":"first","9":"instock","10":"shipping-taxable","11":"purchasable","12":"product-type-simple"},"acf":[],"_links":{"self":[{"href":"https:\/\/minimax.md\/ru\/wp-json\/wp\/v2\/product\/45822","targetHints":{"allow":["GET"]}}],"collection":[{"href":"https:\/\/minimax.md\/ru\/wp-json\/wp\/v2\/product"}],"about":[{"href":"https:\/\/minimax.md\/ru\/wp-json\/wp\/v2\/types\/product"}],"replies":[{"embeddable":true,"href":"https:\/\/minimax.md\/ru\/wp-json\/wp\/v2\/comments?post=45822"}],"version-history":[{"count":0,"href":"https:\/\/minimax.md\/ru\/wp-json\/wp\/v2\/product\/45822\/revisions"}],"wp:featuredmedia":[{"embeddable":true,"href":"https:\/\/minimax.md\/ru\/wp-json\/wp\/v2\/media\/45818"}],"wp:attachment":[{"href":"https:\/\/minimax.md\/ru\/wp-json\/wp\/v2\/media?parent=45822"}],"wp:term":[{"taxonomy":"product_brand","embeddable":true,"href":"https:\/\/minimax.md\/ru\/wp-json\/wp\/v2\/product_brand?post=45822"},{"taxonomy":"product_cat","embeddable":true,"href":"https:\/\/minimax.md\/ru\/wp-json\/wp\/v2\/product_cat?post=45822"},{"taxonomy":"product_tag","embeddable":true,"href":"https:\/\/minimax.md\/ru\/wp-json\/wp\/v2\/product_tag?post=45822"}],"curies":[{"name":"wp","href":"https:\/\/api.w.org\/{rel}","templated":true}]}}