{"id":45849,"date":"2024-01-11T17:15:22","date_gmt":"2024-01-11T14:15:22","guid":{"rendered":"https:\/\/minimax.md\/product\/45849.html"},"modified":"2024-03-13T00:32:02","modified_gmt":"2024-03-12T21:32:02","slug":"ru_ru-3d-pazl-sobor-parizhskoj-bogomateri-128-jelementov-trim-ro_ro-3d-puzzle-notre-dame-de-paris-128-elemente","status":"publish","type":"product","link":"https:\/\/minimax.md\/ru\/product\/45849.html","title":{"rendered":"3D \u043f\u0430\u0437\u043b \u201c\u0421\u043e\u0431\u043e\u0440 \u041f\u0430\u0440\u0438\u0436\u0441\u043a\u043e\u0439 \u0411\u043e\u0433\u043e\u043c\u0430\u0442\u0435\u0440\u0438\u201d, 128 \u044d\u043b\u0435\u043c\u0435\u043d\u0442\u043e\u0432"},"content":{"rendered":"<p>[:ru_RU]3D \u043f\u0430\u0437\u043b \u201c\u0421\u043e\u0431\u043e\u0440 \u041f\u0430\u0440\u0438\u0436\u0441\u043a\u043e\u0439 \u0411\u043e\u0433\u043e\u043c\u0430\u0442\u0435\u0440\u0438\u201d \u043e\u0442\u00a0 CubicFun \u043e\u0447\u0435\u043d\u044c \u0438\u043d\u0442\u0435\u0440\u0435\u0441\u043d\u0430\u044f \u0433\u043e\u043b\u043e\u0432\u043e\u043b\u043e\u043c\u043a\u0430 \u0434\u043b\u044f \u0432\u0441\u0435\u0439 \u0441\u0435\u043c\u044c\u0438.\u00a0<\/p>\n<p>\u0412\u043c\u0435\u0441\u0442\u0435 \u0441\u043e\u0431\u0438\u0440\u0430\u044f 3D \u043f\u0430\u0437\u043b \u0441\u043e \u0441\u0432\u043e\u0438\u043c\u0438 \u0434\u0435\u0442\u044c\u043c\u0438, \u0432\u044b\u00a0 \u043c\u043e\u0436\u0435\u0442\u0435 \u0438\u043c \u0440\u0430\u0441\u0441\u043a\u0430\u0437\u0430\u0442\u044c \u043e \u0442\u043e\u043c \u201c\u0421\u043e\u0431\u043e\u0440 \u041f\u0430\u0440\u0438\u0436\u0441\u043a\u043e\u0439 \u0411\u043e\u0433\u043e\u043c\u0430\u0442\u0435\u0440\u0438\u201d \u043c\u043e\u0436\u0435\u0442 \u0432\u043c\u0435\u0441\u0442\u0438\u0442\u044c \u0432 \u0441\u0435\u0431\u044f \u043e\u043a\u043e\u043b\u043e \u0434\u0435\u0441\u044f\u0442\u0438 \u0442\u044b\u0441\u044f\u0447 \u0447\u0435\u043b\u043e\u0432\u0435\u043a.\u00a0 \u041c\u0435\u0441\u0442\u043d\u0430\u044f \u043a\u043e\u043b\u043e\u043a\u043e\u043b\u044c\u043d\u044f \u0440\u0430\u043d\u044c\u0448\u0435 \u0441\u043b\u0443\u0436\u0438\u043b\u0430 \u0434\u043e\u0437\u043e\u0440\u043d\u043e\u0439 \u0431\u0430\u0448\u043d\u0435\u0439,\u00a0\u0441 \u043a\u043e\u0442\u043e\u0440\u043e\u0439 \u043c\u043e\u0436\u043d\u043e \u0431\u044b\u043b\u043e \u0438\u0437\u0434\u0430\u043b\u0435\u043a\u0430 \u0437\u0430\u043c\u0435\u0442\u0438\u0442\u044c \u043d\u0430\u0441\u0442\u0443\u043f\u043b\u0435\u043d\u0438\u0435 \u043d\u0435\u043f\u0440\u0438\u044f\u0442\u0435\u043b\u044f \u0438 \u0432\u043e\u0432\u0440\u0435\u043c\u044f \u043e\u043f\u043e\u0432\u0435\u0441\u0442\u0438\u0442\u044c \u043c\u0435\u0441\u0442\u043d\u044b\u0445 \u0436\u0438\u0442\u0435\u043b\u0435\u0439, \u0447\u0442\u043e\u0431\u044b \u0442\u0435 \u0441\u043c\u043e\u0433\u043b\u0438 \u0443\u0441\u043f\u0435\u0442\u044c \u044d\u0432\u0430\u043a\u0443\u0438\u0440\u043e\u0432\u0430\u0442\u044c\u0441\u044f. \u041a\u0430\u0436\u0434\u044b\u0439 \u0432\u0445\u043e\u0434 \u0441\u043e\u0431\u043e\u0440\u0430 \u043e\u0445\u0440\u0430\u043d\u044f\u044e\u0442 \u043a\u0430\u043c\u0435\u043d\u043d\u044b\u0435 \u0441\u0442\u0430\u0442\u0443\u0438 \u0421\u0432\u044f\u0442\u044b. \u0412 \u0441\u0440\u0435\u0434\u043d\u0438\u0435 \u0432\u0435\u043a\u0430 \u041d\u043e\u0442\u0440-\u0414\u0430\u043c \u0434\u0435 \u041f\u0430\u0440\u0438 \u0431\u044b\u043b \u0411\u0438\u0431\u043b\u0438\u0435\u0439 \u0434\u043b\u044f \u043d\u0435\u0443\u043c\u0435\u044e\u0449\u0438\u0445 \u0447\u0438\u0442\u0430\u0442\u044c \u2013 \u0432\u0441\u044f \u0438\u0441\u0442\u043e\u0440\u0438\u044f \u0445\u0440\u0438\u0441\u0442\u0438\u0430\u043d\u0441\u0442\u0432\u0430 \u043e\u0442 \u0433\u0440\u0435\u0445\u043e\u043f\u0430\u0434\u0435\u043d\u0438\u044f \u0434\u043e \u0421\u0442\u0440\u0430\u0448\u043d\u043e\u0433\u043e \u0441\u0443\u0434\u0430 \u043d\u0430\u0433\u043b\u044f\u0434\u043d\u043e \u0440\u0430\u0441\u043f\u0438\u0441\u0430\u043d\u0430 \u0432 \u043c\u043d\u043e\u0433\u043e\u0447\u0438\u0441\u043b\u0435\u043d\u043d\u044b\u0445 \u0441\u043a\u0443\u043b\u044c\u043f\u0442\u0443\u0440\u0430\u0445, \u0443\u043a\u0440\u0430\u0448\u0430\u044e\u0449\u0438\u0445 \u0437\u0434\u0430\u043d\u0438\u0435. \u0410 \u0436\u0443\u0442\u043a\u043e\u0432\u0430\u0442\u043e-\u043f\u0440\u0438\u0447\u0443\u0434\u043b\u0438\u0432\u044b\u0435 \u0445\u0438\u043c\u0435\u0440\u044b \u0438 \u0433\u0430\u0440\u0433\u0443\u043b\u0438, \u043d\u0430\u0431\u043b\u044e\u0434\u0430\u044e\u0449\u0438\u0435 \u0441 \u043a\u0440\u044b\u0448\u0438 \u0437\u0430 \u0431\u0435\u0441\u043a\u043e\u043d\u0435\u0447\u043d\u044b\u043c \u043f\u043e\u0442\u043e\u043a\u043e\u043c \u043f\u0440\u0438\u0445\u043e\u0436\u0430\u043d, \u0441\u043e\u0431\u0440\u0430\u043b\u0438 \u043d\u0435\u0432\u0435\u0440\u043e\u044f\u0442\u043d\u043e\u0435 \u043a\u043e\u043b\u0438\u0447\u0435\u0441\u0442\u0432\u043e \u043b\u0435\u0433\u0435\u043d\u0434 \u0438 \u043c\u0438\u0444\u043e\u0432 \u043e \u0442\u0430\u0439\u043d\u043e\u043c \u0441\u043c\u044b\u0441\u043b\u0435 \u0441\u0438\u043c\u0432\u043e\u043b\u0438\u043a\u0438 \u043c\u0438\u0441\u0442\u0438\u0447\u0435\u0441\u043a\u043e\u0433\u043e \u0445\u0440\u0430\u043c\u0430.<\/p>\n<p>3D \u043f\u0430\u0437\u043b\u044b \u0443\u0434\u0438\u0432\u0438\u0442\u0435\u043b\u044c\u043d\u043e\u0435 \u0445\u043e\u0431\u0431\u0438 \u043a\u043e\u0442\u043e\u0440\u043e\u0435 \u0440\u0430\u0437\u0432\u0438\u0432\u0430\u0435\u0442 \u043d\u0435 \u0442\u043e\u043b\u044c\u043a\u043e \u043b\u043e\u0433\u0438\u0447\u0435\u0441\u043a\u043e\u0433\u043e \u043c\u044b\u0448\u043b\u0435\u043d\u0438\u044f, \u043c\u0435\u043b\u043a\u0443\u044e \u043c\u043e\u0442\u043e\u0440\u0438\u043a\u0443, \u0443\u0441\u0438\u0434\u0447\u0438\u0432\u043e\u0441\u0442\u0438 \u0438 \u0430\u043a\u043a\u0443\u0440\u0430\u0442\u043d\u043e\u0441\u0442\u044c, \u043d\u043e \u0438 \u0443\u0447\u0438\u0442 \u043c\u043d\u043e\u0433\u043e\u043c\u0443 \u0438\u043d\u0442\u0435\u0440\u0435\u0441[trim][:ro_RO]<strong>Puzzle 3D \u201cNotre Dame De Paris\u201d, de la CubicFun este un joc de puzzle foarte interesant pentru \u00eentreaga familie.<\/strong><\/p>\n<p>\u00cen timul jocului cu\u00a0 puzzle 3D \u00eempreun\u0103 cu copiii t\u0103i, le po\u021bi povesti c\u0103<strong> \u201eCatedrala Notre Dame\u201d<\/strong> poate g\u0103zdui aproximativ <strong>zece mii de oameni.<\/strong> Clopotni\u021ba local\u0103 a servit ca <strong>turn de veghe<\/strong>, din care se putea observa de departe \u00eenaintarea inamicului \u0219i anun\u021ba localnicii din timp pentru ca ace\u0219tia s\u0103 aib\u0103 timp s\u0103 se evacueze. Fiecare intrare a catedralei este str\u0103juit\u0103 de statui de piatr\u0103 ale Sf\u00e2n\u021bilor. \u00cen Evul Mediu, Notre Dame de Paris era o Biblie pentru cei care nu \u0219tiau s\u0103 citeasc\u0103 &#8211; \u00eentreaga istorie a cre\u0219tinismului de la c\u0103dere p\u00e2n\u0103 la Judecata de Apoi a fost pictat\u0103 clar \u00een numeroasele sculpturi care decorau cl\u0103direa. Iar himerele \u0219i garguile \u00eenfior\u0103toare-bizare, care privesc de pe acoperi\u0219ul fluxului nesf\u00e2r\u0219it de enoria\u0219i, au adunat o cantitate incredibil\u0103 de legende \u0219i mituri despre semnifica\u021bia secret\u0103 a simbolismului temp<\/p>\n","protected":false},"excerpt":{"rendered":"<p>[:ru_RU]3D \u043f\u0430\u0437\u043b \u201c\u0421\u043e\u0431\u043e\u0440 \u041f\u0430\u0440\u0438\u0436\u0441\u043a\u043e\u0439 \u0411\u043e\u0433\u043e\u043c\u0430\u0442\u0435\u0440\u0438\u201d \u043e\u0442\u00a0 CubicFun \u043e\u0447\u0435\u043d\u044c \u0438\u043d\u0442\u0435\u0440\u0435\u0441\u043d\u0430\u044f \u0433\u043e\u043b\u043e\u0432\u043e\u043b\u043e\u043c\u043a\u0430 \u0434\u043b\u044f \u0432\u0441\u0435\u0439 \u0441\u0435\u043c\u044c\u0438.\u00a0 \u0412\u043c\u0435\u0441\u0442\u0435 \u0441\u043e\u0431\u0438\u0440\u0430\u044f 3D \u043f\u0430\u0437\u043b \u0441\u043e \u0441\u0432\u043e\u0438\u043c\u0438 \u0434\u0435\u0442\u044c\u043c\u0438, \u0432\u044b\u00a0 \u043c\u043e\u0436\u0435\u0442\u0435 \u0438\u043c \u0440\u0430\u0441\u0441\u043a\u0430\u0437\u0430\u0442\u044c \u043e \u0442\u043e\u043c \u201c\u0421\u043e\u0431\u043e\u0440 \u041f\u0430\u0440\u0438\u0436\u0441\u043a\u043e\u0439 \u0411\u043e\u0433\u043e\u043c\u0430\u0442\u0435\u0440\u0438\u201d \u043c\u043e\u0436\u0435\u0442 \u0432\u043c\u0435\u0441\u0442\u0438\u0442\u044c \u0432 \u0441\u0435\u0431\u044f \u043e\u043a\u043e\u043b\u043e \u0434\u0435\u0441\u044f\u0442\u0438 \u0442\u044b\u0441\u044f\u0447 \u0447\u0435\u043b\u043e\u0432\u0435\u043a.\u00a0 \u041c\u0435\u0441\u0442\u043d\u0430\u044f \u043a\u043e\u043b\u043e\u043a\u043e\u043b\u044c\u043d\u044f \u0440\u0430\u043d\u044c\u0448\u0435 \u0441\u043b\u0443\u0436\u0438\u043b\u0430 \u0434\u043e\u0437\u043e\u0440\u043d\u043e\u0439 \u0431\u0430\u0448\u043d\u0435\u0439,\u00a0\u0441 \u043a\u043e\u0442\u043e\u0440\u043e\u0439 \u043c\u043e\u0436\u043d\u043e \u0431\u044b\u043b\u043e \u0438\u0437\u0434\u0430\u043b\u0435\u043a\u0430 \u0437\u0430\u043c\u0435\u0442\u0438\u0442\u044c \u043d\u0430\u0441\u0442\u0443\u043f\u043b\u0435\u043d\u0438\u0435 \u043d\u0435\u043f\u0440\u0438\u044f\u0442\u0435\u043b\u044f \u0438 \u0432\u043e\u0432\u0440\u0435\u043c\u044f \u043e\u043f\u043e\u0432\u0435\u0441\u0442\u0438\u0442\u044c \u043c\u0435\u0441\u0442\u043d\u044b\u0445 \u0436\u0438\u0442\u0435\u043b\u0435\u0439, [&hellip;]<\/p>\n","protected":false},"featured_media":45845,"comment_status":"open","ping_status":"closed","template":"","meta":{"_acf_changed":false},"product_brand":[],"product_cat":[6713],"product_tag":[],"class_list":{"0":"post-45849","1":"product","2":"type-product","3":"status-publish","4":"has-post-thumbnail","6":"product_cat-ru_ru-pazly-i-mozaiki-trim","8":"first","9":"instock","10":"shipping-taxable","11":"purchasable","12":"product-type-simple"},"acf":[],"_links":{"self":[{"href":"https:\/\/minimax.md\/ru\/wp-json\/wp\/v2\/product\/45849","targetHints":{"allow":["GET"]}}],"collection":[{"href":"https:\/\/minimax.md\/ru\/wp-json\/wp\/v2\/product"}],"about":[{"href":"https:\/\/minimax.md\/ru\/wp-json\/wp\/v2\/types\/product"}],"replies":[{"embeddable":true,"href":"https:\/\/minimax.md\/ru\/wp-json\/wp\/v2\/comments?post=45849"}],"version-history":[{"count":0,"href":"https:\/\/minimax.md\/ru\/wp-json\/wp\/v2\/product\/45849\/revisions"}],"wp:featuredmedia":[{"embeddable":true,"href":"https:\/\/minimax.md\/ru\/wp-json\/wp\/v2\/media\/45845"}],"wp:attachment":[{"href":"https:\/\/minimax.md\/ru\/wp-json\/wp\/v2\/media?parent=45849"}],"wp:term":[{"taxonomy":"product_brand","embeddable":true,"href":"https:\/\/minimax.md\/ru\/wp-json\/wp\/v2\/product_brand?post=45849"},{"taxonomy":"product_cat","embeddable":true,"href":"https:\/\/minimax.md\/ru\/wp-json\/wp\/v2\/product_cat?post=45849"},{"taxonomy":"product_tag","embeddable":true,"href":"https:\/\/minimax.md\/ru\/wp-json\/wp\/v2\/product_tag?post=45849"}],"curies":[{"name":"wp","href":"https:\/\/api.w.org\/{rel}","templated":true}]}}