{"id":45864,"date":"2024-01-11T17:15:23","date_gmt":"2024-01-11T14:15:23","guid":{"rendered":"https:\/\/minimax.md\/product\/45864.html"},"modified":"2024-03-13T00:32:55","modified_gmt":"2024-03-12T21:32:55","slug":"ru_ru-3d-pazl-kosmicheskij-korabl-diskaveri-126-jelementov-trim-ro_ro-3d-puzzle-nav-spa-ial-discovery-126-elemente","status":"publish","type":"product","link":"https:\/\/minimax.md\/ru\/product\/45864.html","title":{"rendered":"3D \u043f\u0430\u0437\u043b \u041a\u043e\u0441\u043c\u0438\u0447\u0435\u0441\u043a\u0438\u0439 \u043a\u043e\u0440\u0430\u0431\u043b\u044c \"\u0414\u0438\u0441\u043a\u0430\u0432\u0435\u0440\u0438\", 126 \u044d\u043b\u0435\u043c\u0435\u043d\u0442\u043e\u0432"},"content":{"rendered":"<p>[:ru_RU]3D \u043f\u0430\u0437\u043b \u041a\u043e\u0441\u043c\u0438\u0447\u0435\u0441\u043a\u0438\u0439 \u043a\u043e\u0440\u0430\u0431\u043b\u044c &#8220;\u0414\u0438\u0441\u043a\u0430\u0432\u0435\u0440\u0438&#8221; \u043e\u0442\u00a0 CubicFun \u043e\u0447\u0435\u043d\u044c \u0438\u043d\u0442\u0435\u0440\u0435\u0441\u043d\u0430\u044f \u0433\u043e\u043b\u043e\u0432\u043e\u043b\u043e\u043c\u043a\u0430 \u0434\u043b\u044f \u0432\u0441\u0435\u0439 \u0441\u0435\u043c\u044c\u0438.\u00a0<\/p>\n<p>\u0412\u043c\u0435\u0441\u0442\u0435 \u0441\u043e\u0431\u0438\u0440\u0430\u044f 3D \u043f\u0430\u0437\u043b \u0441\u043e \u0441\u0432\u043e\u0438\u043c\u0438 \u0434\u0435\u0442\u044c\u043c\u0438, \u0432\u044b\u00a0 \u043c\u043e\u0436\u0435\u0442\u0435 \u0438\u043c \u0440\u0430\u0441\u0441\u043a\u0430\u0437\u0430\u0442\u044c \u043e \u0442\u043e\u043c \u0447\u0442\u043e &#8220;\u0414\u0438\u0441\u043a\u0430\u0432\u0435\u0440\u0438&#8221;\u2013 \u043e\u043a\u0430\u0437\u0430\u043b\u0441\u044f \u0441\u0430\u043c\u044b\u043c \u043d\u0430\u0434\u0435\u0436\u043d\u044b\u043c \u0438\u0437 \u0448\u0435\u0441\u0442\u0438 \u043f\u043e\u0441\u0442\u0440\u043e\u0435\u043d\u043d\u044b\u0445 \u0432 \u0440\u0430\u043c\u043a\u0430\u0445 \u043f\u0440\u043e\u0433\u0440\u0430\u043c\u043c\u044b \u041d\u0410\u0421\u0410 &#8220;\u041a\u043e\u0441\u043c\u0438\u0447\u0435\u0441\u043a\u0430\u044f \u0442\u0440\u043d\u0430\u0441\u043f\u043e\u0440\u0442\u043d\u0430\u044f \u0441\u0438\u0441\u0442\u0435\u043c\u0430&#8221; \u043a\u043e\u0440\u0430\u0431\u043b\u0435\u0439. \u0417\u0430 27 \u043b\u0435\u0442 \u044d\u043a\u0441\u043f\u043b\u0443\u0430\u0442\u0430\u0446\u0438\u0438 &#8220;\u0414\u0438\u0441\u043a\u0430\u0432\u0435\u0440\u0438&#8221; \u0441\u043e\u0432\u0435\u0440\u0448\u0438\u043b 39 \u043f\u043e\u043b\u0435\u0442\u043e\u0432 \u0438 \u043f\u0440\u043e\u0431\u044b\u043b \u0432 \u043a\u043e\u0441\u043c\u043e\u0441\u0435 \u0440\u043e\u0432\u043d\u043e \u0433\u043e\u0434. 30 \u0430\u0432\u0433\u0443\u0441\u0442\u0430 1984 \u0433\u043e\u0434\u0430 &#8220;\u0414\u0438\u0441\u043a\u0430\u0432\u0435\u0440\u0438&#8221; \u2013 \u0442\u0440\u0435\u0442\u0438\u0439 \u0448\u0430\u0442\u0442\u043b \u0432 \u0441\u043e\u0441\u0442\u0430\u0432\u0435 \u043a\u043e\u0441\u043c\u0438\u0447\u0435\u0441\u043a\u043e\u0433\u043e \u0444\u043b\u043e\u0442\u0430 \u0421\u0428\u0410 \u2013 \u0431\u044b\u043b \u0432\u043f\u0435\u0440\u0432\u044b\u0435 \u0437\u0430\u043f\u0443\u0449\u0435\u043d \u0432 \u043a\u043e\u0441\u043c\u043e\u0441. \u0421 \u0442\u0435\u0445 \u043f\u043e\u0440 \u043e\u043d \u0441\u043e\u0432\u0435\u0440\u0448\u0438\u043b \u0431\u043e\u043b\u044c\u0448\u0435 \u043f\u043e\u043b\u0435\u0442\u043e\u0432, \u0447\u0435\u043c \u043a\u0430\u043a\u043e\u0439-\u043b\u0438\u0431\u043e \u0434\u0440\u0443\u0433\u043e\u0439 \u043a\u043e\u0440\u0430\u0431\u043b\u044c. \u0421\u0440\u0435\u0434\u0438 \u0440\u0435\u043a\u043e\u0440\u0434\u043e\u0432: \u0431\u043e\u043b\u0435\u0435 \u043f\u044f\u0442\u0438 \u0441 \u043f\u043e\u043b\u043e\u0432\u0438\u043d\u043e\u0439 \u0442\u044b\u0441\u044f\u0447 \u0432\u0438\u0442\u043a\u043e\u0432 \u0432\u043e\u043a\u0440\u0443\u0433 \u0417\u0435\u043c\u043b\u0438, \u043f\u0440\u0435\u043e\u0434\u043e\u043b\u0435\u043d\u043e \u0431\u043e\u043b\u0435\u0435 140 \u043c\u0438\u043b\u043b\u0438\u043e\u043d\u043e\u0432 \u043c\u0438\u043b\u044c, \u0447\u0435\u0442\u044b\u0440\u0435 \u0441\u0442\u0430\u0440\u0442\u0430 \u0437\u0430 \u043e\u0434\u0438\u043d \u0433\u043e\u0434 \u2013 \u0432 1985 \u0433\u043e\u0434\u0443. \u0415\u0449\u0435 \u043e\u0434\u043d\u043e \u0434\u043e\u0441\u0442\u0438\u0436\u0435\u043d\u0438\u0435 \u2013 \u0431\u043e\u043b\u0435\u0435 \u0432\u0441\u0435\u0433\u043e \u0430\u0441\u0442\u0440\u043e\u043d\u0430\u0432\u0442\u043e\u0432, \u0434\u043e\u0441\u0442\u0430\u0432\u043b\u0435\u043d\u043d\u044b\u0445 \u043d\u0430 \u043e\u0440\u0431\u0438\u0442\u0443, \u0441\u0440\u0435\u0434\u0438 \u043a\u043e\u0442\u043e\u0440\u044b\u0445 \u0431\u044b\u043b\u0438 \u043f\u0435\u0440\u0432\u0430\u044f \u0436\u0435\u043d\u0449\u0438\u043d\u0430-\u043f\u0438\u043b\u043e\u0442 \u043a\u043e\u0441\u043c\u0438\u0447\u0435\u0441\u043a\u043e\u0433\u043e \u0447\u0435\u043b\u043d\u043e\u043a\u0430 \u042d\u0439\u043b\u0438\u043d \u041a\u043e\u043b\u043b\u0438\u043d\u0437 \u2013 \u0432 1995 \u0433\u043e\u0434\u0443, \u0430 \u0442\u0440\u0435\u043c\u044f \u0433\u043e\u0434\u0430\u043c\u0438 \u043d\u0430 \u043a\u043e\u0440\u0430\u0431\u043b\u0435 \u043e\u0442\u043f\u0440\u0430\u0432\u0438\u043b\u0441\u044f \u043d\u0430 \u043e\u0440\u0431\u0438\u0442\u0443 \u0441\u0430\u043c\u044b\u0439 \u043f\u043e\u0436\u0438\u043b\u043e\u0439 \u0430\u0441\u0442\u0440\u043e\u043d\u0430\u0432\u0442 \u2013 \u0414\u0436\u043e\u043d \u0413\u043b\u0435\u043d\u043d.<\/p>\n<p>3D \u043f\u0430\u0437\u043b\u044b \u0443\u0434\u0438\u0432\u0438\u0442\u0435\u043b\u044c\u043d\u043e\u0435 \u0445\u043e\u0431\u0431\u0438 \u043a\u043e\u0442\u043e\u0440\u043e\u0435 \u0440\u0430\u0437\u0432\u0438\u0432\u0430\u0435\u0442 \u043d\u0435 \u0442\u043e\u043b\u044c\u043a\u043e \u043b\u043e\u0433[trim][:ro_RO]<strong>Puzzle 3D Nav\u0103 spa\u021bial\u0103 \u201eDiscovery\u201d, de la CubicFun este un joc de puzzle foarte interesant pentru \u00eentreaga familie.<\/strong><\/p>\n<p>\u00cen timul jocului cu\u00a0 puzzle 3D \u00eempreun\u0103 cu copiii t\u0103i, le po\u021bi povesti c\u0103<strong> Discovery<\/strong> s-a dovedit a fi cea mai fiabil\u0103 dintre cele \u0219ase nave spa\u021biale construite \u00een cadrul programului Space Transportation System al NASA. Pe parcursul a 27 de ani de func\u021bionare, <strong>Discovery<\/strong> a efectuat 39 de zboruri \u0219i a petrecut exact un an \u00een spa\u021biu. Pe 30 august 1984, <strong>Discovery,<\/strong> a treia nav\u0103 a For\u021belor Spa\u021biale\u00a0 SUA, a fost lansat\u0103 \u00een spa\u021biu pentru prima dat\u0103. De atunci a efectuat mai multe zboruri dec\u00e2t orice alt\u0103 nav\u0103. Printre \u00eenregistr\u0103ri: mai mult de cinci mii \u0219i jum\u0103tate de cercuri \u00een jurul P\u0103m\u00e2ntului, peste 140 de milioane de mile parcurse, patru porniri \u00eentr-un an &#8211; \u00een 1985. O alt\u0103 realizare este cea mai mare parte a astronau\u021bilor livra\u021bi pe orbit\u0103, printre care s-au num\u0103rat prima femeie pilot a navetei spa\u021biale, Eileen Collins, \u00een 1995, <\/p>\n","protected":false},"excerpt":{"rendered":"<p>[:ru_RU]3D \u043f\u0430\u0437\u043b \u041a\u043e\u0441\u043c\u0438\u0447\u0435\u0441\u043a\u0438\u0439 \u043a\u043e\u0440\u0430\u0431\u043b\u044c &#8220;\u0414\u0438\u0441\u043a\u0430\u0432\u0435\u0440\u0438&#8221; \u043e\u0442\u00a0 CubicFun \u043e\u0447\u0435\u043d\u044c \u0438\u043d\u0442\u0435\u0440\u0435\u0441\u043d\u0430\u044f \u0433\u043e\u043b\u043e\u0432\u043e\u043b\u043e\u043c\u043a\u0430 \u0434\u043b\u044f \u0432\u0441\u0435\u0439 \u0441\u0435\u043c\u044c\u0438.\u00a0 \u0412\u043c\u0435\u0441\u0442\u0435 \u0441\u043e\u0431\u0438\u0440\u0430\u044f 3D \u043f\u0430\u0437\u043b \u0441\u043e \u0441\u0432\u043e\u0438\u043c\u0438 \u0434\u0435\u0442\u044c\u043c\u0438, \u0432\u044b\u00a0 \u043c\u043e\u0436\u0435\u0442\u0435 \u0438\u043c \u0440\u0430\u0441\u0441\u043a\u0430\u0437\u0430\u0442\u044c \u043e \u0442\u043e\u043c \u0447\u0442\u043e &#8220;\u0414\u0438\u0441\u043a\u0430\u0432\u0435\u0440\u0438&#8221;\u2013 \u043e\u043a\u0430\u0437\u0430\u043b\u0441\u044f \u0441\u0430\u043c\u044b\u043c \u043d\u0430\u0434\u0435\u0436\u043d\u044b\u043c \u0438\u0437 \u0448\u0435\u0441\u0442\u0438 \u043f\u043e\u0441\u0442\u0440\u043e\u0435\u043d\u043d\u044b\u0445 \u0432 \u0440\u0430\u043c\u043a\u0430\u0445 \u043f\u0440\u043e\u0433\u0440\u0430\u043c\u043c\u044b \u041d\u0410\u0421\u0410 &#8220;\u041a\u043e\u0441\u043c\u0438\u0447\u0435\u0441\u043a\u0430\u044f \u0442\u0440\u043d\u0430\u0441\u043f\u043e\u0440\u0442\u043d\u0430\u044f \u0441\u0438\u0441\u0442\u0435\u043c\u0430&#8221; \u043a\u043e\u0440\u0430\u0431\u043b\u0435\u0439. \u0417\u0430 27 \u043b\u0435\u0442 \u044d\u043a\u0441\u043f\u043b\u0443\u0430\u0442\u0430\u0446\u0438\u0438 &#8220;\u0414\u0438\u0441\u043a\u0430\u0432\u0435\u0440\u0438&#8221; \u0441\u043e\u0432\u0435\u0440\u0448\u0438\u043b 39 \u043f\u043e\u043b\u0435\u0442\u043e\u0432 \u0438 \u043f\u0440\u043e\u0431\u044b\u043b \u0432 \u043a\u043e\u0441\u043c\u043e\u0441\u0435 \u0440\u043e\u0432\u043d\u043e [&hellip;]<\/p>\n","protected":false},"featured_media":45862,"comment_status":"open","ping_status":"closed","template":"","meta":{"_acf_changed":false},"product_brand":[],"product_cat":[6713],"product_tag":[],"class_list":{"0":"post-45864","1":"product","2":"type-product","3":"status-publish","4":"has-post-thumbnail","6":"product_cat-ru_ru-pazly-i-mozaiki-trim","8":"first","9":"instock","10":"shipping-taxable","11":"purchasable","12":"product-type-simple"},"acf":[],"_links":{"self":[{"href":"https:\/\/minimax.md\/ru\/wp-json\/wp\/v2\/product\/45864","targetHints":{"allow":["GET"]}}],"collection":[{"href":"https:\/\/minimax.md\/ru\/wp-json\/wp\/v2\/product"}],"about":[{"href":"https:\/\/minimax.md\/ru\/wp-json\/wp\/v2\/types\/product"}],"replies":[{"embeddable":true,"href":"https:\/\/minimax.md\/ru\/wp-json\/wp\/v2\/comments?post=45864"}],"version-history":[{"count":0,"href":"https:\/\/minimax.md\/ru\/wp-json\/wp\/v2\/product\/45864\/revisions"}],"wp:featuredmedia":[{"embeddable":true,"href":"https:\/\/minimax.md\/ru\/wp-json\/wp\/v2\/media\/45862"}],"wp:attachment":[{"href":"https:\/\/minimax.md\/ru\/wp-json\/wp\/v2\/media?parent=45864"}],"wp:term":[{"taxonomy":"product_brand","embeddable":true,"href":"https:\/\/minimax.md\/ru\/wp-json\/wp\/v2\/product_brand?post=45864"},{"taxonomy":"product_cat","embeddable":true,"href":"https:\/\/minimax.md\/ru\/wp-json\/wp\/v2\/product_cat?post=45864"},{"taxonomy":"product_tag","embeddable":true,"href":"https:\/\/minimax.md\/ru\/wp-json\/wp\/v2\/product_tag?post=45864"}],"curies":[{"name":"wp","href":"https:\/\/api.w.org\/{rel}","templated":true}]}}