{"id":45930,"date":"2024-01-11T17:15:32","date_gmt":"2024-01-11T14:15:32","guid":{"rendered":"https:\/\/minimax.md\/product\/45930.html"},"modified":"2024-03-13T00:35:06","modified_gmt":"2024-03-12T21:35:06","slug":"ru_ru-hot-wheels-konstruktor-trass-c-mashinkoj-trim-ro_ro-hot-wheels-accelerator-constructor-de-piste-cu-ma-in","status":"publish","type":"product","link":"https:\/\/minimax.md\/ru\/product\/45930.html","title":{"rendered":"Hot Wheels \"\u041a\u043e\u043d\u0441\u0442\u0440\u0443\u043a\u0442\u043e\u0440 \u0442\u0440\u0430\u0441\u0441 c \u043c\u0430\u0448\u0438\u043d\u043a\u043e\u0439\""},"content":{"rendered":"<p>[:ru_RU]\u041d\u0430\u0431\u043e\u0440 Hot Wheels \u201c\u041a\u043e\u043d\u0441\u0442\u0440\u0443\u043a\u0442\u043e\u0440 \u0442\u0440\u0430\u0441\u0441\u201d &#8211; \u043e\u0442\u043b\u0438\u0447\u043d\u044b\u0439 \u0441\u0442\u0430\u0440\u0442\u043e\u0432\u044b\u0439 \u043d\u0430\u0431\u043e\u0440 \u0434\u043b\u044f \u043d\u043e\u0432\u0438\u0447\u043a\u0430 \u0432 \u043e\u0431\u043b\u0430\u0441\u0442\u0438 \u043f\u0440\u043e\u0435\u043a\u0442\u0438\u0440\u043e\u0432\u0430\u043d\u0438\u044f \u0438 \u0441\u043e\u0437\u0434\u0430\u043d\u0438\u044f \u0442\u0440\u0430\u0441\u0441. \u041a\u0440\u043e\u043c\u0435 \u0442\u043e\u0433\u043e, \u043d\u0430\u0431\u043e\u0440 \u0432\u043a\u043b\u044e\u0447\u0430\u0435\u0442 \u0432\u0441\u0435 \u043d\u0435\u043e\u0431\u0445\u043e\u0434\u0438\u043c\u043e\u0435 \u0434\u043b\u044f \u0440\u0430\u0441\u0448\u0438\u0440\u0435\u043d\u0438\u044f \u0443\u0436\u0435 \u0441\u0443\u0449\u0435\u0441\u0442\u0432\u0443\u044e\u0449\u0438\u0445 \u043a\u043e\u043d\u0441\u0442\u0440\u0443\u043a\u0446\u0438\u0439 (\u043d\u0430\u0431\u043e\u0440\u044b \u043f\u0440\u043e\u0434\u0430\u044e\u0442\u0441\u044f \u043e\u0442\u0434\u0435\u043b\u044c\u043d\u043e).<\/p>\n<p>\u0412 \u043d\u0430\u0431\u043e\u0440\u0435 \u043f\u0440\u0435\u0434\u0441\u0442\u0430\u0432\u043b\u0435\u043d\u044b \u0434\u0435\u0442\u0430\u043b\u0438 \u0434\u043b\u044f \u0441\u043e\u0437\u0434\u0430\u043d\u0438\u044f \u0442\u0440\u0435\u043a\u0430 \u0438 \u043b\u0438\u0442\u0430\u044f \u043c\u0430\u0448\u0438\u043d\u043a\u0430 Hot Wheels \u0432 \u043c\u0430\u0441\u0448\u0442\u0430\u0431\u0435 1:64. \u0421 \u044d\u0442\u0438\u043c \u043d\u0430\u0431\u043e\u0440\u043e\u043c \u0432\u0430\u0448 \u0440\u0435\u0431\u0435\u043d\u043e\u043a \u043d\u0430\u0443\u0447\u0438\u0442\u0441\u044f \u0441\u0430\u043c\u043e\u0441\u0442\u043e\u044f\u0442\u0435\u043b\u044c\u043d\u043e \u0440\u0435\u0448\u0430\u0442\u044c \u0432\u043e\u043f\u0440\u043e\u0441\u044b, \u0432\u043e\u0437\u043d\u0438\u043a\u0430\u044e\u0449\u0438\u0435 \u0432 \u043f\u0440\u043e\u0446\u0435\u0441\u0441\u0435 \u0441\u0442\u0440\u043e\u0438\u0442\u0435\u043b\u044c\u0441\u0442\u0432\u0430, \u0438 \u0441\u043c\u043e\u0436\u0435\u0442 \u0440\u0435\u0430\u043b\u0438\u0437\u043e\u0432\u0430\u0442\u044c \u0441\u0432\u043e\u0439 \u0442\u0432\u043e\u0440\u0447\u0435\u0441\u043a\u0438\u0439 \u043f\u043e\u0442\u0435\u043d\u0446\u0438\u0430\u043b. \u0426\u0432\u0435\u0442\u0430 \u0438 \u044d\u043b\u0435\u043c\u0435\u043d\u0442\u044b \u0434\u0435\u043a\u043e\u0440\u0430 \u043c\u043e\u0433\u0443\u0442 \u043e\u0442\u043b\u0438\u0447\u0430\u0442\u044c\u0441\u044f \u043e\u0442 \u0438\u0437\u043e\u0431\u0440\u0430\u0436\u0435\u043d\u0438\u0439. \u041a\u043e\u043d\u0441\u0442\u0440\u0443\u043a\u0442\u043e\u0440 \u0442\u0440\u0430\u0441\u0441 Hot Wheels \u0441 \u043c\u0430\u0448\u0438\u043d\u043a\u043e\u0439 &#8211; \u043d\u0435\u0437\u0430\u043c\u0435\u043d\u0438\u043c\u044b\u0439 \u043d\u0430\u0431\u043e\u0440 \u0442\u0440\u0435\u043a\u043e\u0432, \u043a\u043e\u0442\u043e\u0440\u044b\u0439 \u043f\u043e\u0434\u043e\u0439\u0434\u0435\u0442 \u043a\u0430\u043a \u043d\u0430\u0447\u0438\u043d\u0430\u044e\u0449\u0435\u043c\u0443, \u0442\u0430\u043a \u0438 \u043e\u043f\u044b\u0442\u043d\u043e\u043c\u0443 \u0441\u0442\u0440\u043e\u0438\u0442\u0435\u043b\u044e \u0421 \u043f\u043e\u043c\u043e\u0449\u044c\u044e \u043c\u0430\u0442\u0435\u0440\u0438\u0430\u043b\u043e\u0432 \u0438\u0437 \u043d\u0430\u0431\u043e\u0440\u0430 \u0438 \u0432\u043e\u043e\u0431\u0440\u0430\u0436\u0435\u043d\u0438\u044f \u0434\u0435\u0442\u0438 \u043c\u043e\u0433\u0443\u0442 \u0441\u043e\u0437\u0434\u0430\u0432\u0430\u0442\u044c \u043d\u0435\u0432\u0435\u0440\u043e\u044f\u0442\u043d\u043e \u0441\u043c\u0435\u043b\u044b\u0435 \u0442\u0440\u0430\u0441\u0441\u044b, \u043e\u0442 \u043a\u043e\u0442\u043e\u0440\u044b\u0445 \u0437\u0430\u0445\u0432\u0430\u0442\u044b\u0432\u0430\u0435\u0442 \u0434\u0443\u0445.<\/p>\n<p>\u042d\u0442\u043e\u0442 \u043d\u0430\u0431\u043e\u0440 \u0441\u0442\u0430\u043d\u0435\u0442 \u0437\u0430\u043c\u0435\u0447\u0430\u0442\u0435\u043b\u044c\u043d\u044b\u043c \u043f\u043e\u0434\u0430\u0440\u043a\u043e\u043c \u0434\u043b\u044f \u043b\u044e\u0431\u043e\u0433\u043e \u043f\u043e\u043a\u043b\u043e\u043d\u043d\u0438\u043a\u0430 \u0433\u043e\u043d\u043e\u0447\u043d\u044b\u0445 \u0442\u0440\u0435\u043a\u043e\u0432; \u043a\u0430\u0436\u0434\u0430\u044f \u0434\u0435\u0442\u0430\u043b\u044c \u043d\u0430\u0431\u043e\u0440\u0430 \u0441\u043e\u0435\u0434\u0438\u043d\u044f\u0435\u0442\u0441\u044f \u0441 \u0434\u0440\u0443\u0433\u0438\u043c\u0438 \u043d\u0430\u0431\u043e\u0440\u0430\u043c\u0438 \u201c\u041a\u043e\u043d\u0441\u0442\u0440\u0443\u043a\u0442\u043e\u0440 \u0442\u0440\u0430\u0441\u0441\u201d \u043e\u0442 Hot Wheels (\u043a\u0430\u0436\u0434\u044b\u0439 \u043d\u0430\u0431\u043e\u0440 \u043f\u0440\u043e\u0434\u0430\u0435\u0442\u0441\u044f \u043e\u0442\u0434\u0435\u043b\u044c\u043d\u043e). \u0421\u0442\u0438\u043c\u0443\u043b\u0438\u0440\u0443\u0439\u0442\u0435 \u043a\u0440\u0435\u0430\u0442\u0438\u0432\u043d\u043e\u0441\u0442\u044c \u0432\u0430\u0448\u0435\u0433\u043e [trim][:ro_RO]<strong>Setul Hot Wheels &#8220;Constructor de piste cu ma\u0219in\u0103&#8221;<\/strong> este un set excelent pentru proiectarea \u0219i crearea de piste. \u00cen plus, kit-ul include tot ce ave\u021bi nevoie pentru a extinde structurile existente (seturile v\u00e2ndute separat).<\/p>\n<p>Acest set include piese de construc\u021bie \u0219i o ma\u0219in\u0103 Hot Wheels\u00a0 la scar\u0103 1\/64.<\/p>\n<p>Cu acest set, copilul dumneavoastr\u0103 va \u00eenv\u0103\u021ba s\u0103 rezolve \u00een mod independent problemele care apar \u00een timpul procesului de construc\u021bie \u0219i \u00ee\u0219i va putea realiza poten\u021bialul creativ.<\/p>\n<p>Culorile \u0219i decora\u021biunile pot varia fa\u021b\u0103 de imagini.<\/p>\n<p>Hot Wheels Track Builder with Car este un set de piste esen\u021bial at\u00e2t pentru \u00eencep\u0103tori, c\u00e2t \u0219i pentru constructorii experimenta\u021bi.Cu materialele din set \u0219i imagina\u021bia, copiii pot crea piese incredibil de \u00eendr\u0103zne\u021be care le vor t\u0103ia respira\u021bia.<\/p>\n<p>Acest set va fi un cadou minunat pentru orice fan al pistelor de curse; Fiecare pies\u0103 de set se conecteaz\u0103 la alte seturi Hot Wheels Track Builder (fiecare set v\u00e2ndut separat).<\/p>\n<p>Stimuleaz\u0103 creativitatea \u0219i interesul<\/p>\n","protected":false},"excerpt":{"rendered":"<p>[:ru_RU]\u041d\u0430\u0431\u043e\u0440 Hot Wheels \u201c\u041a\u043e\u043d\u0441\u0442\u0440\u0443\u043a\u0442\u043e\u0440 \u0442\u0440\u0430\u0441\u0441\u201d &#8211; \u043e\u0442\u043b\u0438\u0447\u043d\u044b\u0439 \u0441\u0442\u0430\u0440\u0442\u043e\u0432\u044b\u0439 \u043d\u0430\u0431\u043e\u0440 \u0434\u043b\u044f \u043d\u043e\u0432\u0438\u0447\u043a\u0430 \u0432 \u043e\u0431\u043b\u0430\u0441\u0442\u0438 \u043f\u0440\u043e\u0435\u043a\u0442\u0438\u0440\u043e\u0432\u0430\u043d\u0438\u044f \u0438 \u0441\u043e\u0437\u0434\u0430\u043d\u0438\u044f \u0442\u0440\u0430\u0441\u0441. \u041a\u0440\u043e\u043c\u0435 \u0442\u043e\u0433\u043e, \u043d\u0430\u0431\u043e\u0440 \u0432\u043a\u043b\u044e\u0447\u0430\u0435\u0442 \u0432\u0441\u0435 \u043d\u0435\u043e\u0431\u0445\u043e\u0434\u0438\u043c\u043e\u0435 \u0434\u043b\u044f \u0440\u0430\u0441\u0448\u0438\u0440\u0435\u043d\u0438\u044f \u0443\u0436\u0435 \u0441\u0443\u0449\u0435\u0441\u0442\u0432\u0443\u044e\u0449\u0438\u0445 \u043a\u043e\u043d\u0441\u0442\u0440\u0443\u043a\u0446\u0438\u0439 (\u043d\u0430\u0431\u043e\u0440\u044b \u043f\u0440\u043e\u0434\u0430\u044e\u0442\u0441\u044f \u043e\u0442\u0434\u0435\u043b\u044c\u043d\u043e). \u0412 \u043d\u0430\u0431\u043e\u0440\u0435 \u043f\u0440\u0435\u0434\u0441\u0442\u0430\u0432\u043b\u0435\u043d\u044b \u0434\u0435\u0442\u0430\u043b\u0438 \u0434\u043b\u044f \u0441\u043e\u0437\u0434\u0430\u043d\u0438\u044f \u0442\u0440\u0435\u043a\u0430 \u0438 \u043b\u0438\u0442\u0430\u044f \u043c\u0430\u0448\u0438\u043d\u043a\u0430 Hot Wheels \u0432 \u043c\u0430\u0441\u0448\u0442\u0430\u0431\u0435 1:64. \u0421 \u044d\u0442\u0438\u043c \u043d\u0430\u0431\u043e\u0440\u043e\u043c \u0432\u0430\u0448 \u0440\u0435\u0431\u0435\u043d\u043e\u043a \u043d\u0430\u0443\u0447\u0438\u0442\u0441\u044f \u0441\u0430\u043c\u043e\u0441\u0442\u043e\u044f\u0442\u0435\u043b\u044c\u043d\u043e \u0440\u0435\u0448\u0430\u0442\u044c \u0432\u043e\u043f\u0440\u043e\u0441\u044b, [&hellip;]<\/p>\n","protected":false},"featured_media":45926,"comment_status":"open","ping_status":"closed","template":"","meta":{"_acf_changed":false},"product_brand":[],"product_cat":[6711],"product_tag":[],"class_list":{"0":"post-45930","1":"product","2":"type-product","3":"status-publish","4":"has-post-thumbnail","6":"product_cat-ru_ru-konstruktory-trim-ro_","8":"first","9":"instock","10":"shipping-taxable","11":"purchasable","12":"product-type-simple"},"acf":[],"_links":{"self":[{"href":"https:\/\/minimax.md\/ru\/wp-json\/wp\/v2\/product\/45930","targetHints":{"allow":["GET"]}}],"collection":[{"href":"https:\/\/minimax.md\/ru\/wp-json\/wp\/v2\/product"}],"about":[{"href":"https:\/\/minimax.md\/ru\/wp-json\/wp\/v2\/types\/product"}],"replies":[{"embeddable":true,"href":"https:\/\/minimax.md\/ru\/wp-json\/wp\/v2\/comments?post=45930"}],"version-history":[{"count":0,"href":"https:\/\/minimax.md\/ru\/wp-json\/wp\/v2\/product\/45930\/revisions"}],"wp:featuredmedia":[{"embeddable":true,"href":"https:\/\/minimax.md\/ru\/wp-json\/wp\/v2\/media\/45926"}],"wp:attachment":[{"href":"https:\/\/minimax.md\/ru\/wp-json\/wp\/v2\/media?parent=45930"}],"wp:term":[{"taxonomy":"product_brand","embeddable":true,"href":"https:\/\/minimax.md\/ru\/wp-json\/wp\/v2\/product_brand?post=45930"},{"taxonomy":"product_cat","embeddable":true,"href":"https:\/\/minimax.md\/ru\/wp-json\/wp\/v2\/product_cat?post=45930"},{"taxonomy":"product_tag","embeddable":true,"href":"https:\/\/minimax.md\/ru\/wp-json\/wp\/v2\/product_tag?post=45930"}],"curies":[{"name":"wp","href":"https:\/\/api.w.org\/{rel}","templated":true}]}}