{"id":45941,"date":"2024-01-11T17:15:33","date_gmt":"2024-01-11T14:15:33","guid":{"rendered":"https:\/\/minimax.md\/product\/45941.html"},"modified":"2024-03-13T00:32:55","modified_gmt":"2024-03-12T21:32:55","slug":"ru_ru-3d-pazl-velociraptor-63-jelementa-trim-ro_ro-3d-puzzle-velocisaurus-63-elemente","status":"publish","type":"product","link":"https:\/\/minimax.md\/ru\/product\/45941.html","title":{"rendered":"3D \u043f\u0430\u0437\u043b \u201c\u0412\u0435\u043b\u043e\u0446\u0438\u0440\u0430\u043f\u0442\u043e\u0440\u201d, 63 \u044d\u043b\u0435\u043c\u0435\u043d\u0442\u0430"},"content":{"rendered":"<p>[:ru_RU]3D \u043f\u0430\u0437\u043b \u201c\u0412\u0435\u043b\u043e\u0446\u0438\u0440\u0430\u043f\u0442\u043e\u0440\u201d \u043e\u0442\u00a0 CubicFun \u043e\u0447\u0435\u043d\u044c \u0438\u043d\u0442\u0435\u0440\u0435\u0441\u043d\u0430\u044f \u0433\u043e\u043b\u043e\u0432\u043e\u043b\u043e\u043c\u043a\u0430 \u0434\u043b\u044f \u0432\u0441\u0435\u0439 \u0441\u0435\u043c\u044c\u0438.\u00a0<\/p>\n<p>\u0412\u043c\u0435\u0441\u0442\u0435 \u0441\u043e\u0431\u0438\u0440\u0430\u044f 3D \u043f\u0430\u0437\u043b \u0441\u043e \u0441\u0432\u043e\u0438\u043c\u0438 \u0434\u0435\u0442\u044c\u043c\u0438, \u0432\u044b\u00a0 \u043c\u043e\u0436\u0435\u0442\u0435 \u0438\u043c \u0440\u0430\u0441\u0441\u043a\u0430\u0437\u0430\u0442\u044c \u043e \u0442\u043e\u043c \u0447\u0442\u043e \u0412\u0435\u043b\u043e\u0446\u0438\u0440\u0430\u043f\u0442\u043e\u0440\u00a0(\u043b\u0430\u0442. Velociraptor; \u043e\u0442 \u043b\u0430\u0442. velox \u2014 \u0431\u044b\u0441\u0442\u0440\u044b\u0439 \u0438 raptor \u2014 \u043e\u0445\u043e\u0442\u043d\u0438\u043a) \u2014 \u0440\u043e\u0434 \u0445\u0438\u0449\u043d\u044b\u0445 \u0434\u0432\u0443\u043d\u043e\u0433\u0438\u0445 \u0434\u0438\u043d\u043e\u0437\u0430\u0432\u0440\u043e\u0432 \u0438\u0437 \u0441\u0435\u043c\u0435\u0439\u0441\u0442\u0432\u0430 \u0434\u0440\u043e\u043c\u0435\u043e\u0437\u0430\u0432\u0440\u0438\u0434. \u0421\u043e\u0434\u0435\u0440\u0436\u0438\u0442 \u043e\u0434\u0438\u043d \u043e\u0431\u0449\u0435\u043f\u0440\u0438\u0437\u043d\u0430\u043d\u043d\u044b\u0439 \u0432\u0438\u0434 \u2014 Velociraptor mongoliensis . \u0416\u0438\u043b \u0432 \u043a\u043e\u043d\u0446\u0435 \u043c\u0435\u043b\u043e\u0432\u043e\u0433\u043e \u043f\u0435\u0440\u0438\u043e\u0434\u0430 83\u201470 \u043c\u043b\u043d. \u043b\u0435\u0442 \u043d\u0430\u0437\u0430\u0434.\u00a0\u0415\u0433\u043e \u043e\u0441\u0442\u0430\u043d\u043a\u0438 \u043e\u0431\u043d\u0430\u0440\u0443\u0436\u0435\u043d\u044b \u0432 \u0440\u0435\u0441\u043f\u0443\u0431\u043b\u0438\u043a\u0435 \u041c\u043e\u043d\u0433\u043e\u043b\u0438\u044f \u0438 \u043a\u0438\u0442\u0430\u0439\u0441\u043a\u043e\u0439 \u0412\u043d\u0443\u0442\u0440\u0435\u043d\u043d\u0435\u0439 \u041c\u043e\u043d\u0433\u043e\u043b\u0438\u0438. \u0411\u044b\u043b \u043c\u0435\u043d\u044c\u0448\u0435 \u0434\u0440\u0443\u0433\u0438\u0445 \u043f\u0440\u0435\u0434\u0441\u0442\u0430\u0432\u0438\u0442\u0435\u043b\u0435\u0439 \u0441\u0432\u043e\u0435\u0433\u043e \u0441\u0435\u043c\u0435\u0439\u0441\u0442\u0432\u0430 \u2014 \u0434\u0435\u0439\u043d\u043e\u043d\u0438\u0445\u0430 \u0438 \u0430\u0445\u0438\u043b\u043b\u043e\u0431\u0430\u0442\u043e\u0440\u0430 \u2014 \u0438 \u043e\u0431\u043b\u0430\u0434\u0430\u043b \u0440\u044f\u0434\u043e\u043c \u043f\u0440\u043e\u0433\u0440\u0435\u0441\u0441\u0438\u0432\u043d\u044b\u0445 \u0430\u043d\u0430\u0442\u043e\u043c\u0438\u0447\u0435\u0441\u043a\u0438\u0445 \u0447\u0435\u0440\u0442.<\/p>\n<p>3D \u043f\u0430\u0437\u043b\u044b \u0443\u0434\u0438\u0432\u0438\u0442\u0435\u043b\u044c\u043d\u043e\u0435 \u0445\u043e\u0431\u0431\u0438 \u043a\u043e\u0442\u043e\u0440\u043e\u0435 \u0440\u0430\u0437\u0432\u0438\u0432\u0430\u0435\u0442 \u043d\u0435 \u0442\u043e\u043b\u044c\u043a\u043e \u043b\u043e\u0433\u0438\u0447\u0435\u0441\u043a\u043e\u0433\u043e \u043c\u044b\u0448\u043b\u0435\u043d\u0438\u044f, \u043c\u0435\u043b\u043a\u0443\u044e \u043c\u043e\u0442\u043e\u0440\u0438\u043a\u0443, \u0443\u0441\u0438\u0434\u0447\u0438\u0432\u043e\u0441\u0442\u0438 \u0438 \u0430\u043a\u043a\u0443\u0440\u0430\u0442\u043d\u043e\u0441\u0442\u044c, \u043d\u043e \u0438 \u0443\u0447\u0438\u0442 \u043c\u043d\u043e\u0433\u043e\u043c\u0443 \u0438\u043d\u0442\u0435\u0440\u0435\u0441\u043d\u043e\u043c\u0443 \u043e \u043c\u0438\u0440\u0435 \u0437\u0430 \u0432\u0435\u0441\u0435\u043b\u043e \u043f\u0440\u043e\u0432\u0435\u0434\u0435\u043d\u043d\u043e\u043c \u0432\u0440\u0435\u043c\u0435\u043d\u0438 \u0432 \u043a\u0440\u0443\u0433\u0443 \u0441\u0435\u043c\u044c\u0438.[trim][:ro_RO]<strong>Puzzle 3D \u201cVelocisaurus\u201d, de la CubicFun este un joc de puzzle foarte interesant pentru \u00eentreaga familie.<\/strong><\/p>\n<p>\u00cen timul jocului cu\u00a0 puzzle 3D \u00eempreun\u0103 cu copiii t\u0103i, le po\u021bi povesti c\u0103 <strong>Velociraptor (lat. Velociraptor; din lat. velox &#8211; rapid \u0219i r\u0103pitor &#8211; v\u00e2n\u0103tor)<\/strong> este un gen de dinozauri bipezi pr\u0103d\u0103tori, din familia dromaeosauridelor. Con\u021bine o specie general recunoscut\u0103 &#8211; Velociraptor mongoliensis. A tr\u0103it la sf\u00e2r\u0219itul perioadei Cretacice \u00een urm\u0103 cu 83-70 de milioane de ani. R\u0103m\u0103\u0219i\u021bele speciei au fost g\u0103site \u00een Republica Mongolia \u0219i Mongolia Interioar\u0103 Chinez\u0103. Era mai mic dec\u00e2t al\u021bi reprezentan\u021bi ai familiei sale &#8211; Deinonychus \u0219i Achillobator &#8211; \u0219i avea o serie de tr\u0103s\u0103turi anatomice progresive.<\/p>\n<p><strong>Puzzle-urile 3D<\/strong> sunt un hobby uimitor care dezvolt\u0103 nu numai g\u00e2ndirea logic\u0103, abilit\u0103\u021bile motorii fine, perseveren\u021ba \u0219i acurate\u021bea, dar \u00eenva\u021b\u0103 \u0219i o mul\u021bime de lucruri interesante despre univers, \u00een timp ce te distrezi cu familia ta.<\/p>\n","protected":false},"excerpt":{"rendered":"<p>[:ru_RU]3D \u043f\u0430\u0437\u043b \u201c\u0412\u0435\u043b\u043e\u0446\u0438\u0440\u0430\u043f\u0442\u043e\u0440\u201d \u043e\u0442\u00a0 CubicFun \u043e\u0447\u0435\u043d\u044c \u0438\u043d\u0442\u0435\u0440\u0435\u0441\u043d\u0430\u044f \u0433\u043e\u043b\u043e\u0432\u043e\u043b\u043e\u043c\u043a\u0430 \u0434\u043b\u044f \u0432\u0441\u0435\u0439 \u0441\u0435\u043c\u044c\u0438.\u00a0 \u0412\u043c\u0435\u0441\u0442\u0435 \u0441\u043e\u0431\u0438\u0440\u0430\u044f 3D \u043f\u0430\u0437\u043b \u0441\u043e \u0441\u0432\u043e\u0438\u043c\u0438 \u0434\u0435\u0442\u044c\u043c\u0438, \u0432\u044b\u00a0 \u043c\u043e\u0436\u0435\u0442\u0435 \u0438\u043c \u0440\u0430\u0441\u0441\u043a\u0430\u0437\u0430\u0442\u044c \u043e \u0442\u043e\u043c \u0447\u0442\u043e \u0412\u0435\u043b\u043e\u0446\u0438\u0440\u0430\u043f\u0442\u043e\u0440\u00a0(\u043b\u0430\u0442. Velociraptor; \u043e\u0442 \u043b\u0430\u0442. velox \u2014 \u0431\u044b\u0441\u0442\u0440\u044b\u0439 \u0438 raptor \u2014 \u043e\u0445\u043e\u0442\u043d\u0438\u043a) \u2014 \u0440\u043e\u0434 \u0445\u0438\u0449\u043d\u044b\u0445 \u0434\u0432\u0443\u043d\u043e\u0433\u0438\u0445 \u0434\u0438\u043d\u043e\u0437\u0430\u0432\u0440\u043e\u0432 \u0438\u0437 \u0441\u0435\u043c\u0435\u0439\u0441\u0442\u0432\u0430 \u0434\u0440\u043e\u043c\u0435\u043e\u0437\u0430\u0432\u0440\u0438\u0434. \u0421\u043e\u0434\u0435\u0440\u0436\u0438\u0442 \u043e\u0434\u0438\u043d \u043e\u0431\u0449\u0435\u043f\u0440\u0438\u0437\u043d\u0430\u043d\u043d\u044b\u0439 \u0432\u0438\u0434 \u2014 Velociraptor mongoliensis . \u0416\u0438\u043b \u0432 \u043a\u043e\u043d\u0446\u0435 [&hellip;]<\/p>\n","protected":false},"featured_media":45939,"comment_status":"open","ping_status":"closed","template":"","meta":{"_acf_changed":false},"product_brand":[],"product_cat":[6713],"product_tag":[],"class_list":{"0":"post-45941","1":"product","2":"type-product","3":"status-publish","4":"has-post-thumbnail","6":"product_cat-ru_ru-pazly-i-mozaiki-trim","8":"first","9":"instock","10":"shipping-taxable","11":"purchasable","12":"product-type-simple"},"acf":[],"_links":{"self":[{"href":"https:\/\/minimax.md\/ru\/wp-json\/wp\/v2\/product\/45941","targetHints":{"allow":["GET"]}}],"collection":[{"href":"https:\/\/minimax.md\/ru\/wp-json\/wp\/v2\/product"}],"about":[{"href":"https:\/\/minimax.md\/ru\/wp-json\/wp\/v2\/types\/product"}],"replies":[{"embeddable":true,"href":"https:\/\/minimax.md\/ru\/wp-json\/wp\/v2\/comments?post=45941"}],"version-history":[{"count":0,"href":"https:\/\/minimax.md\/ru\/wp-json\/wp\/v2\/product\/45941\/revisions"}],"wp:featuredmedia":[{"embeddable":true,"href":"https:\/\/minimax.md\/ru\/wp-json\/wp\/v2\/media\/45939"}],"wp:attachment":[{"href":"https:\/\/minimax.md\/ru\/wp-json\/wp\/v2\/media?parent=45941"}],"wp:term":[{"taxonomy":"product_brand","embeddable":true,"href":"https:\/\/minimax.md\/ru\/wp-json\/wp\/v2\/product_brand?post=45941"},{"taxonomy":"product_cat","embeddable":true,"href":"https:\/\/minimax.md\/ru\/wp-json\/wp\/v2\/product_cat?post=45941"},{"taxonomy":"product_tag","embeddable":true,"href":"https:\/\/minimax.md\/ru\/wp-json\/wp\/v2\/product_tag?post=45941"}],"curies":[{"name":"wp","href":"https:\/\/api.w.org\/{rel}","templated":true}]}}