{"id":46023,"date":"2024-01-11T17:16:10","date_gmt":"2024-01-11T14:16:10","guid":{"rendered":"https:\/\/minimax.md\/product\/46023.html"},"modified":"2024-03-13T01:03:53","modified_gmt":"2024-03-12T22:03:53","slug":"ru_ru-gantel-dlja-fitnesa-1-sht-2-kg-trim-ro_ro-ganter-pentru-fitness-1-buc-2-kg","status":"publish","type":"product","link":"https:\/\/minimax.md\/ru\/product\/46023.html","title":{"rendered":"\u0413\u0430\u043d\u0442\u0435\u043b\u044c \u0434\u043b\u044f \u0444\u0438\u0442\u043d\u0435\u0441\u0430, 1 \u0448\u0442. * 2 \u043a\u0433"},"content":{"rendered":"<p>[:ru_RU]\u0413\u0430\u043d\u0442\u0435\u043b\u044c \u0434\u043b\u044f \u0444\u0438\u0442\u043d\u0435\u0441\u0430 \u0432\u0435\u0441\u043e\u043c 2 \u043a\u0433 \u0445\u043e\u0440\u043e\u0448\u043e \u043f\u043e\u0434\u043e\u0439\u0434\u0443\u0442 \u0434\u043b\u044f \u043d\u0430\u0447\u0430\u043b\u0430 \u0437\u0430\u043d\u044f\u0442\u0438\u0439, \u043e\u043d\u0438 \u043f\u043e\u043c\u043e\u0433\u0443\u0442 \u0412\u0430\u043c \u0440\u0430\u0437\u0432\u0438\u0442\u044c \u0438 \u0443\u043a\u0440\u0435\u043f\u0438\u0442\u044c \u043c\u044b\u0448\u0446\u044b, \u043f\u0440\u0430\u0432\u0438\u043b\u044c\u043d\u043e \u043f\u043e\u0434\u0433\u043e\u0442\u043e\u0432\u0438\u0442\u044c\u0441\u044f \u043a \u043f\u0435\u0440\u0435\u0445\u043e\u0434\u0443 \u043d\u0430 \u0433\u0430\u043d\u0442\u0435\u043b\u0438 \u0441 \u0431\u043e\u043b\u044c\u0448\u0438\u043c \u0432\u0435\u0441\u043e\u043c. \u0422\u0430\u043a\u0436\u0435 \u0433\u0430\u043d\u0442\u0435\u043b\u0438 \u0434\u0430\u043d\u043d\u043e\u0433\u043e \u0432\u0435\u0441\u0430 \u0431\u0443\u0434\u0443\u0442 \u0445\u043e\u0440\u043e\u0448\u0438\u043c \u0432\u044b\u0431\u043e\u0440\u043e\u043c \u0434\u043b\u044f \u043d\u0430\u0447\u0438\u043d\u0430\u044e\u0449\u0438\u0445 \u0441\u043f\u043e\u0440\u0442\u0441\u043c\u0435\u043d\u043e\u0432 \u0438 \u0434\u043b\u044f \u043e\u0442\u0440\u0430\u0431\u043e\u0442\u043a\u0438 \u0443\u0434\u0430\u0440\u043e\u0432 \u0432 \u0431\u043e\u0435\u0432\u044b\u0445 \u0438\u0441\u043a\u0443\u0441\u0441\u0442\u0432\u0430\u0445. \u0418\u0445 \u043a\u0440\u0430\u0441\u0438\u0432\u044b\u0439 \u0432\u043d\u0435\u0448\u043d\u0438\u0439 \u0432\u0438\u0434 \u0435\u0449\u0435 \u043d\u0435 \u0440\u0430\u0437 \u043f\u043e\u0440\u0430\u0434\u0443\u0435\u0442 \u0441\u0432\u043e\u0435\u0433\u043e \u0432\u043b\u0430\u0434\u0435\u043b\u044c\u0446\u0430.<\/p>\n<p>\u0414\u0430\u043d\u043d\u044b\u0435 \u0433\u0430\u043d\u0442\u0435\u043b\u0438 \u043f\u043e\u043a\u0440\u044b\u0442\u044b \u0432\u0438\u043d\u0438\u043b\u043e\u0432\u044b\u043c \u043f\u043e\u043a\u0440\u044b\u0442\u0438\u0435\u043c, \u0431\u043b\u0430\u0433\u043e\u0434\u0430\u0440\u044f \u0447\u0435\u043c\u0443 \u043e\u043d\u0438 \u0443\u0434\u043e\u0431\u043d\u044b \u0432 \u0438\u0441\u043f\u043e\u043b\u044c\u0437\u043e\u0432\u0430\u043d\u0438\u0438, \u043d\u0435 \u0432\u044b\u0441\u043a\u0430\u043b\u044c\u0437\u044b\u0432\u0430\u044e\u0442 \u0438\u0437 \u0440\u0443\u043a, \u043d\u0435 \u0446\u0430\u0440\u0430\u043f\u0430\u044e\u0442 \u043f\u043e\u043b \u0438 \u0438\u043d\u0432\u0435\u043d\u0442\u0430\u0440\u044c, \u043b\u0435\u0433\u043a\u043e \u043e\u0447\u0438\u0449\u0430\u044e\u0442\u0441\u044f \u043e\u0442 \u0437\u0430\u0433\u0440\u044f\u0437\u043d\u0435\u043d\u0438\u0439. \u0411\u043b\u0430\u0433\u043e\u0434\u0430\u0440\u044f \u0441\u0432\u043e\u0435\u0439 \u0448\u0435\u0441\u0442\u0438\u0443\u0433\u043e\u043b\u044c\u043d\u043e\u0439 \u0444\u043e\u0440\u043c\u0435, \u0433\u0430\u043d\u0442\u0435\u043b\u0438 \u043d\u0435 \u043a\u0430\u0442\u0430\u044e\u0442\u0441\u044f \u043f\u043e \u043f\u043e\u043b\u0443 \u0438 \u043d\u0435 \u0433\u0440\u0435\u043c\u044f\u0442.[trim][:ro_RO]Gantera pentru fitness de 2 kg este o alegere bun\u0103 pentrua da startul exerci\u021biilor fizice; v\u0103 va ajuta s\u0103 v\u0103 dezvolta\u021bi \u0219i s\u0103 v\u0103 \u00eent\u0103ri\u021bi mu\u0219chii \u0219i s\u0103 v\u0103 preg\u0103ti\u021bi corespunz\u0103tor pentru tranzi\u021bia la gantere cu greutate mai mare. De asemenea, ganterele de aceast\u0103 greutate vor fi o alegere bun\u0103 pentru sportivii \u00eencep\u0103tori. Aspectul lor frumos va \u00eenc\u00e2nta proprietarul.<\/p>\n<p>Aceste gantere sunt acoperite cu un strat de vinil, ceea ce le face u\u0219or de utilizat, nu alunec\u0103 din m\u00e2ini, nu zg\u00e2rie podeaua \u0219i echipamentul \u0219i sunt u\u0219or de cur\u0103\u021bat de murd\u0103rie. Datorit\u0103 formei lor hexagonale, ganterele nu se rostogolesc pe podea \u0219i nu fac zgomot.<\/p>\n","protected":false},"excerpt":{"rendered":"<p>[:ru_RU]\u0413\u0430\u043d\u0442\u0435\u043b\u044c \u0434\u043b\u044f \u0444\u0438\u0442\u043d\u0435\u0441\u0430 \u0432\u0435\u0441\u043e\u043c 2 \u043a\u0433 \u0445\u043e\u0440\u043e\u0448\u043e \u043f\u043e\u0434\u043e\u0439\u0434\u0443\u0442 \u0434\u043b\u044f \u043d\u0430\u0447\u0430\u043b\u0430 \u0437\u0430\u043d\u044f\u0442\u0438\u0439, \u043e\u043d\u0438 \u043f\u043e\u043c\u043e\u0433\u0443\u0442 \u0412\u0430\u043c \u0440\u0430\u0437\u0432\u0438\u0442\u044c \u0438 \u0443\u043a\u0440\u0435\u043f\u0438\u0442\u044c \u043c\u044b\u0448\u0446\u044b, \u043f\u0440\u0430\u0432\u0438\u043b\u044c\u043d\u043e \u043f\u043e\u0434\u0433\u043e\u0442\u043e\u0432\u0438\u0442\u044c\u0441\u044f \u043a \u043f\u0435\u0440\u0435\u0445\u043e\u0434\u0443 \u043d\u0430 \u0433\u0430\u043d\u0442\u0435\u043b\u0438 \u0441 \u0431\u043e\u043b\u044c\u0448\u0438\u043c \u0432\u0435\u0441\u043e\u043c. \u0422\u0430\u043a\u0436\u0435 \u0433\u0430\u043d\u0442\u0435\u043b\u0438 \u0434\u0430\u043d\u043d\u043e\u0433\u043e \u0432\u0435\u0441\u0430 \u0431\u0443\u0434\u0443\u0442 \u0445\u043e\u0440\u043e\u0448\u0438\u043c \u0432\u044b\u0431\u043e\u0440\u043e\u043c \u0434\u043b\u044f \u043d\u0430\u0447\u0438\u043d\u0430\u044e\u0449\u0438\u0445 \u0441\u043f\u043e\u0440\u0442\u0441\u043c\u0435\u043d\u043e\u0432 \u0438 \u0434\u043b\u044f \u043e\u0442\u0440\u0430\u0431\u043e\u0442\u043a\u0438 \u0443\u0434\u0430\u0440\u043e\u0432 \u0432 \u0431\u043e\u0435\u0432\u044b\u0445 \u0438\u0441\u043a\u0443\u0441\u0441\u0442\u0432\u0430\u0445. \u0418\u0445 \u043a\u0440\u0430\u0441\u0438\u0432\u044b\u0439 \u0432\u043d\u0435\u0448\u043d\u0438\u0439 \u0432\u0438\u0434 \u0435\u0449\u0435 \u043d\u0435 \u0440\u0430\u0437 \u043f\u043e\u0440\u0430\u0434\u0443\u0435\u0442 \u0441\u0432\u043e\u0435\u0433\u043e \u0432\u043b\u0430\u0434\u0435\u043b\u044c\u0446\u0430. \u0414\u0430\u043d\u043d\u044b\u0435 [&hellip;]<\/p>\n","protected":false},"featured_media":46020,"comment_status":"open","ping_status":"closed","template":"","meta":{"_acf_changed":false},"product_brand":[],"product_cat":[6701],"product_tag":[],"class_list":{"0":"post-46023","1":"product","2":"type-product","3":"status-publish","4":"has-post-thumbnail","6":"product_cat-ru_ru-sportivnyj-inventar-t","8":"first","9":"instock","10":"shipping-taxable","11":"purchasable","12":"product-type-simple"},"acf":[],"_links":{"self":[{"href":"https:\/\/minimax.md\/ru\/wp-json\/wp\/v2\/product\/46023","targetHints":{"allow":["GET"]}}],"collection":[{"href":"https:\/\/minimax.md\/ru\/wp-json\/wp\/v2\/product"}],"about":[{"href":"https:\/\/minimax.md\/ru\/wp-json\/wp\/v2\/types\/product"}],"replies":[{"embeddable":true,"href":"https:\/\/minimax.md\/ru\/wp-json\/wp\/v2\/comments?post=46023"}],"version-history":[{"count":0,"href":"https:\/\/minimax.md\/ru\/wp-json\/wp\/v2\/product\/46023\/revisions"}],"wp:featuredmedia":[{"embeddable":true,"href":"https:\/\/minimax.md\/ru\/wp-json\/wp\/v2\/media\/46020"}],"wp:attachment":[{"href":"https:\/\/minimax.md\/ru\/wp-json\/wp\/v2\/media?parent=46023"}],"wp:term":[{"taxonomy":"product_brand","embeddable":true,"href":"https:\/\/minimax.md\/ru\/wp-json\/wp\/v2\/product_brand?post=46023"},{"taxonomy":"product_cat","embeddable":true,"href":"https:\/\/minimax.md\/ru\/wp-json\/wp\/v2\/product_cat?post=46023"},{"taxonomy":"product_tag","embeddable":true,"href":"https:\/\/minimax.md\/ru\/wp-json\/wp\/v2\/product_tag?post=46023"}],"curies":[{"name":"wp","href":"https:\/\/api.w.org\/{rel}","templated":true}]}}