{"id":46026,"date":"2024-01-11T17:16:10","date_gmt":"2024-01-11T14:16:10","guid":{"rendered":"https:\/\/minimax.md\/product\/46026.html"},"modified":"2024-03-13T01:04:13","modified_gmt":"2024-03-12T22:04:13","slug":"ru_ru-bokserskij-nabor-trim-ro_ro-set-pentru-boxat","status":"publish","type":"product","link":"https:\/\/minimax.md\/ru\/product\/46026.html","title":{"rendered":"\u0411\u043e\u043a\u0441\u0435\u0440\u0441\u043a\u0438\u0439 \u043d\u0430\u0431\u043e\u0440"},"content":{"rendered":"<p>[:ru_RU]\u0411\u043e\u043a\u0441 &#8211; \u043e\u0447\u0435\u043d\u044c \u043f\u043e\u043f\u0443\u043b\u044f\u0440\u043d\u044b\u0439 \u0438 \u043f\u043e\u043b\u0435\u0437\u043d\u044b\u0439 \u0432\u0438\u0434 \u0441\u043f\u043e\u0440\u0442\u0430. \u041f\u0440\u0430\u0432\u0438\u043b\u044c\u043d\u0430\u044f \u044d\u043a\u0438\u043f\u0438\u0440\u043e\u0432\u043a\u0430 &#8211; \u0431\u0430\u0437\u0430, \u0431\u0435\u0437 \u043a\u043e\u0442\u043e\u0440\u043e\u0433\u043e \u043d\u0435\u0432\u043e\u0437\u043c\u043e\u0436\u043d\u044b \u043f\u043e\u043b\u043d\u043e\u0446\u0435\u043d\u043d\u044b\u0435 \u0437\u0430\u043d\u044f\u0442\u0438\u044f. \u0421 \u044d\u0442\u0438\u043c \u043d\u0430\u0431\u043e\u0440\u043e\u043c \u0434\u043b\u044f \u0431\u043e\u043a\u0441\u0430 \u0440\u0435\u0431\u0435\u043d\u043e\u043a \u0441 \u0443\u0434\u043e\u0432\u043e\u043b\u044c\u0441\u0442\u0432\u0438\u0435\u043c \u0441\u0442\u0430\u043d\u0435\u0442 \u0437\u0430\u043d\u0438\u043c\u0430\u0442\u044c\u0441\u044f \u0431\u043e\u043a\u0441\u043e\u043c.<\/p>\n<p>\u041a\u043e\u043c\u043f\u0430\u043a\u0442\u043d\u044b\u0439 \u0441\u043f\u043e\u0440\u0442\u0438\u0432\u043d\u044b\u0439 \u0443\u0433\u043e\u043b\u043e\u043a \u0434\u043b\u044f \u0437\u0430\u043d\u044f\u0442\u0438\u0439 \u0434\u043e\u043c\u0430. \u0421\u043b\u043e\u0439 \u0432\u0435\u0440\u0445\u043d\u0435\u0439 \u043f\u043e\u0434\u043a\u043b\u0430\u0434\u043a\u0438 \u043c\u044f\u0433\u043a\u0438\u0439 \u0443 \u043f\u0435\u0440\u0447\u0430\u0442\u043e\u043a, \u0441\u043c\u044f\u0433\u0447\u0430\u0435\u0442 \u0443\u0434\u0430\u0440\u044b.<\/p>\n<p>\u0412 \u043a\u043e\u043c\u043f\u043b\u0435\u043a\u0442 \u0432\u0445\u043e\u0434\u044f\u0442 \u0431\u043e\u043a\u0441\u0451\u0440\u0441\u043a\u0438\u0435 \u043f\u0435\u0440\u0447\u0430\u0442\u043a\u0438, \u0431\u043e\u043a\u0441\u0451\u0440\u0441\u043a\u0430\u044f \u0433\u0440\u0443\u0448\u0430.<\/p>\n<p>\u0424\u0443\u043d\u043a\u0446\u0438\u043e\u043d\u0430\u043b \u0438\u0433\u0440\u0443\u0448\u043a\u0438:<br \/>\n-\u043f\u0435\u0440\u0447\u0430\u0442\u043a\u0438 \u043b\u0435\u0433\u043a\u043e \u043d\u0430\u0434\u0435\u0432\u0430\u044e\u0442\u0441\u044f \u0438 \u0441\u043d\u0438\u043c\u0430\u044e\u0442\u0441\u044f;<br \/>\n-\u0441 \u0432\u043d\u0435\u0448\u043d\u0435\u0439 \u0441\u0442\u043e\u0440\u043e\u043d\u044b \u043f\u0435\u0440\u0447\u0430\u0442\u043a\u0438 \u0438\u043c\u0435\u0435\u0442\u0441\u044f \u043c\u044f\u0433\u043a\u0430\u044f \u043d\u0430\u043a\u043b\u0430\u0434\u043a\u0430;<br \/>\n-\u0433\u0440\u0443\u0448\u0430 \u043e\u0441\u043d\u0430\u0449\u0435\u043d\u0430 \u0441\u043f\u0435\u0446\u0438\u0430\u043b\u044c\u043d\u043e\u0439 \u043f\u0435\u0442\u0435\u043b\u044c\u043a\u043e\u0439, \u0437\u0430 \u043a\u043e\u0442\u043e\u0440\u0443\u044e \u0435\u0451 \u0443\u0434\u043e\u0431\u043d\u043e \u043f\u043e\u0434\u0432\u0435\u0448\u0438\u0432\u0430\u0442\u044c.<\/p>\n<p>\u0420\u0430\u0437\u043c\u0435\u0440\u044b \u0433\u0440\u0443\u0448\u0438: 17*47 \u0441\u043c.<\/p>\n<p>\u0420\u0430\u0437\u043c\u0435\u0440\u044b \u043f\u0435\u0440\u0447\u0430\u0442\u043e\u043a: 18*14,5 \u0441\u043c.[trim][:ro_RO]Boxul este un sport foarte popular \u0219i util. Echipamentul potrivit este baza, f\u0103r\u0103 de care antrenamentul cu drepturi depline este imposibil. Cu acest set de box, copilul tau se va bucura de box.<\/p>\n<p>Setul ofera posibilitatea de a crea copilului un col\u021bi\u0219or sport compact pentru exersare acas\u0103.<\/p>\n<p>Stratul de c\u0103ptu\u0219eal\u0103 superior este moale pe m\u0103nu\u0219i \u0219i atenueaz\u0103 impacturile. Setul include m\u0103nu\u0219i de box \u0219i un sac de box.<\/p>\n<p>Func\u021bionalitatea juc\u0103riei:<br \/>\n-manusile sunt usor de pus si scos;<br \/>\n-exist\u0103 o c\u0103ptu\u0219eal\u0103 moale la exteriorul m\u0103nu\u0219ii;<br \/>\n&#8211; pera este echipat\u0103 cu o bucl\u0103 special\u0103, pentru care este convenabil s\u0103 o at\u00e2rna\u021bi.<\/p>\n<p>Dimensiuni pere: 17*47 cm.<\/p>\n<p>Dimensiuni manusi: 18*14,5 cm.<\/p>\n","protected":false},"excerpt":{"rendered":"<p>[:ru_RU]\u0411\u043e\u043a\u0441 &#8211; \u043e\u0447\u0435\u043d\u044c \u043f\u043e\u043f\u0443\u043b\u044f\u0440\u043d\u044b\u0439 \u0438 \u043f\u043e\u043b\u0435\u0437\u043d\u044b\u0439 \u0432\u0438\u0434 \u0441\u043f\u043e\u0440\u0442\u0430. \u041f\u0440\u0430\u0432\u0438\u043b\u044c\u043d\u0430\u044f \u044d\u043a\u0438\u043f\u0438\u0440\u043e\u0432\u043a\u0430 &#8211; \u0431\u0430\u0437\u0430, \u0431\u0435\u0437 \u043a\u043e\u0442\u043e\u0440\u043e\u0433\u043e \u043d\u0435\u0432\u043e\u0437\u043c\u043e\u0436\u043d\u044b \u043f\u043e\u043b\u043d\u043e\u0446\u0435\u043d\u043d\u044b\u0435 \u0437\u0430\u043d\u044f\u0442\u0438\u044f. \u0421 \u044d\u0442\u0438\u043c \u043d\u0430\u0431\u043e\u0440\u043e\u043c \u0434\u043b\u044f \u0431\u043e\u043a\u0441\u0430 \u0440\u0435\u0431\u0435\u043d\u043e\u043a \u0441 \u0443\u0434\u043e\u0432\u043e\u043b\u044c\u0441\u0442\u0432\u0438\u0435\u043c \u0441\u0442\u0430\u043d\u0435\u0442 \u0437\u0430\u043d\u0438\u043c\u0430\u0442\u044c\u0441\u044f \u0431\u043e\u043a\u0441\u043e\u043c. \u041a\u043e\u043c\u043f\u0430\u043a\u0442\u043d\u044b\u0439 \u0441\u043f\u043e\u0440\u0442\u0438\u0432\u043d\u044b\u0439 \u0443\u0433\u043e\u043b\u043e\u043a \u0434\u043b\u044f \u0437\u0430\u043d\u044f\u0442\u0438\u0439 \u0434\u043e\u043c\u0430. \u0421\u043b\u043e\u0439 \u0432\u0435\u0440\u0445\u043d\u0435\u0439 \u043f\u043e\u0434\u043a\u043b\u0430\u0434\u043a\u0438 \u043c\u044f\u0433\u043a\u0438\u0439 \u0443 \u043f\u0435\u0440\u0447\u0430\u0442\u043e\u043a, \u0441\u043c\u044f\u0433\u0447\u0430\u0435\u0442 \u0443\u0434\u0430\u0440\u044b. \u0412 \u043a\u043e\u043c\u043f\u043b\u0435\u043a\u0442 \u0432\u0445\u043e\u0434\u044f\u0442 \u0431\u043e\u043a\u0441\u0451\u0440\u0441\u043a\u0438\u0435 \u043f\u0435\u0440\u0447\u0430\u0442\u043a\u0438, \u0431\u043e\u043a\u0441\u0451\u0440\u0441\u043a\u0430\u044f \u0433\u0440\u0443\u0448\u0430. \u0424\u0443\u043d\u043a\u0446\u0438\u043e\u043d\u0430\u043b \u0438\u0433\u0440\u0443\u0448\u043a\u0438: -\u043f\u0435\u0440\u0447\u0430\u0442\u043a\u0438 \u043b\u0435\u0433\u043a\u043e \u043d\u0430\u0434\u0435\u0432\u0430\u044e\u0442\u0441\u044f \u0438 [&hellip;]<\/p>\n","protected":false},"featured_media":46024,"comment_status":"open","ping_status":"closed","template":"","meta":{"_acf_changed":false},"product_brand":[],"product_cat":[6701],"product_tag":[],"class_list":{"0":"post-46026","1":"product","2":"type-product","3":"status-publish","4":"has-post-thumbnail","6":"product_cat-ru_ru-sportivnyj-inventar-t","8":"first","9":"instock","10":"shipping-taxable","11":"purchasable","12":"product-type-simple"},"acf":[],"_links":{"self":[{"href":"https:\/\/minimax.md\/ru\/wp-json\/wp\/v2\/product\/46026","targetHints":{"allow":["GET"]}}],"collection":[{"href":"https:\/\/minimax.md\/ru\/wp-json\/wp\/v2\/product"}],"about":[{"href":"https:\/\/minimax.md\/ru\/wp-json\/wp\/v2\/types\/product"}],"replies":[{"embeddable":true,"href":"https:\/\/minimax.md\/ru\/wp-json\/wp\/v2\/comments?post=46026"}],"version-history":[{"count":0,"href":"https:\/\/minimax.md\/ru\/wp-json\/wp\/v2\/product\/46026\/revisions"}],"wp:featuredmedia":[{"embeddable":true,"href":"https:\/\/minimax.md\/ru\/wp-json\/wp\/v2\/media\/46024"}],"wp:attachment":[{"href":"https:\/\/minimax.md\/ru\/wp-json\/wp\/v2\/media?parent=46026"}],"wp:term":[{"taxonomy":"product_brand","embeddable":true,"href":"https:\/\/minimax.md\/ru\/wp-json\/wp\/v2\/product_brand?post=46026"},{"taxonomy":"product_cat","embeddable":true,"href":"https:\/\/minimax.md\/ru\/wp-json\/wp\/v2\/product_cat?post=46026"},{"taxonomy":"product_tag","embeddable":true,"href":"https:\/\/minimax.md\/ru\/wp-json\/wp\/v2\/product_tag?post=46026"}],"curies":[{"name":"wp","href":"https:\/\/api.w.org\/{rel}","templated":true}]}}