{"id":46034,"date":"2024-01-11T17:16:11","date_gmt":"2024-01-11T14:16:11","guid":{"rendered":"https:\/\/minimax.md\/product\/46034.html"},"modified":"2024-03-13T01:04:13","modified_gmt":"2024-03-12T22:04:13","slug":"ru_ru-mattel-hot-wheels-kontejner-dlja-36-mashinok-trim-ro_ro-mattel-hot-wheels-container-pentru-36-ma-ini","status":"publish","type":"product","link":"https:\/\/minimax.md\/ru\/product\/46034.html","title":{"rendered":"Mattel Hot Wheels \u041a\u043e\u043d\u0442\u0435\u0439\u043d\u0435\u0440 \u0434\u043b\u044f 36 \u043c\u0430\u0448\u0438\u043d\u043e\u043a"},"content":{"rendered":"<p>[:ru_RU]\u041a\u043e\u043d\u0442\u0435\u0439\u043d\u0435\u0440 \u0434\u043b\u044f 36 \u043c\u0430\u0448\u0438\u043d\u043e\u043a Hot Wheels.[trim][:ro_RO]D-str\u0103 colec\u021biona\u021bi ma\u0219inelele de cursa Hot Wheels?<br \/>\nAtunci neap\u0103rat ave\u021bi nevoie de acest box metalic de p\u0103strare a ma\u0219inelor<br \/>\n\u00cen el e posibil de p\u0103strat p\u00een\u0103 la 36 ma\u0219ini.<\/p>\n","protected":false},"excerpt":{"rendered":"<p>[:ru_RU]\u041a\u043e\u043d\u0442\u0435\u0439\u043d\u0435\u0440 \u0434\u043b\u044f 36 \u043c\u0430\u0448\u0438\u043d\u043e\u043a Hot Wheels.[trim][:ro_RO]D-str\u0103 colec\u021biona\u021bi ma\u0219inelele de cursa Hot Wheels? Atunci neap\u0103rat ave\u021bi nevoie de acest box metalic de p\u0103strare a ma\u0219inelor \u00cen el e posibil de p\u0103strat p\u00een\u0103 la 36 ma\u0219ini.<\/p>\n","protected":false},"featured_media":46031,"comment_status":"open","ping_status":"closed","template":"","meta":{"_acf_changed":false},"product_brand":[],"product_cat":[6725],"product_tag":[],"class_list":{"0":"post-46034","1":"product","2":"type-product","3":"status-publish","4":"has-post-thumbnail","6":"product_cat-ru_ru-avtoralli-trim-ro_ro","8":"first","9":"instock","10":"shipping-taxable","11":"purchasable","12":"product-type-simple"},"acf":[],"_links":{"self":[{"href":"https:\/\/minimax.md\/ru\/wp-json\/wp\/v2\/product\/46034","targetHints":{"allow":["GET"]}}],"collection":[{"href":"https:\/\/minimax.md\/ru\/wp-json\/wp\/v2\/product"}],"about":[{"href":"https:\/\/minimax.md\/ru\/wp-json\/wp\/v2\/types\/product"}],"replies":[{"embeddable":true,"href":"https:\/\/minimax.md\/ru\/wp-json\/wp\/v2\/comments?post=46034"}],"version-history":[{"count":0,"href":"https:\/\/minimax.md\/ru\/wp-json\/wp\/v2\/product\/46034\/revisions"}],"wp:featuredmedia":[{"embeddable":true,"href":"https:\/\/minimax.md\/ru\/wp-json\/wp\/v2\/media\/46031"}],"wp:attachment":[{"href":"https:\/\/minimax.md\/ru\/wp-json\/wp\/v2\/media?parent=46034"}],"wp:term":[{"taxonomy":"product_brand","embeddable":true,"href":"https:\/\/minimax.md\/ru\/wp-json\/wp\/v2\/product_brand?post=46034"},{"taxonomy":"product_cat","embeddable":true,"href":"https:\/\/minimax.md\/ru\/wp-json\/wp\/v2\/product_cat?post=46034"},{"taxonomy":"product_tag","embeddable":true,"href":"https:\/\/minimax.md\/ru\/wp-json\/wp\/v2\/product_tag?post=46034"}],"curies":[{"name":"wp","href":"https:\/\/api.w.org\/{rel}","templated":true}]}}