{"id":46068,"date":"2024-01-11T17:16:18","date_gmt":"2024-01-11T14:16:18","guid":{"rendered":"https:\/\/minimax.md\/product\/46068.html"},"modified":"2024-03-13T00:17:29","modified_gmt":"2024-03-12T21:17:29","slug":"ru_ru-derevjannaja-kuhnja-s-aksessuarami-krasnogo-cveta-trim-ro_ro-buc-t-rie-din-lemn-cu-accesorii-culoarea-ro-ie","status":"publish","type":"product","link":"https:\/\/minimax.md\/ru\/product\/46068.html","title":{"rendered":"\u0414\u0435\u0440\u0435\u0432\u044f\u043d\u043d\u0430\u044f \u043a\u0443\u0445\u043d\u044f \u0441 \u0430\u043a\u0441\u0435\u0441\u0441\u0443\u0430\u0440\u0430\u043c\u0438, \u043a\u0440\u0430\u0441\u043d\u043e\u0433\u043e \u0446\u0432\u0435\u0442\u0430"},"content":{"rendered":"<p>[:ru_RU]\u0414\u0435\u0440\u0435\u0432\u044f\u043d\u043d\u0430\u044f \u043a\u0443\u0445\u043d\u044f \u0441 \u0430\u043a\u0441\u0435\u0441\u0441\u0443\u0430\u0440\u0430\u043c\u0438, \u043a\u0440\u0430\u0441\u043d\u043e\u0433\u043e \u0446\u0432\u0435\u0442\u0430\u00a0&#8211; \u044d\u0442\u043e \u0438\u0434\u0435\u0430\u043b\u044c\u043d\u044b\u0439 \u043a\u043e\u043c\u043f\u043b\u0435\u043a\u0442 \u0434\u043b\u044f \u043d\u0430\u0447\u0438\u043d\u0430\u044e\u0449\u0435\u0433\u043e \u043f\u043e\u0432\u0430\u0440\u0430 \u0438\u043b\u0438 \u0445\u043e\u0437\u044f\u0439\u043a\u0438. \u041f\u043e\u0440\u0430 \u043d\u0430\u0434\u0435\u0442\u044c \u0431\u0435\u043b\u044b\u0439 \u043f\u043e\u0432\u0430\u0440\u0441\u043a\u043e\u0439 \u043a\u043e\u043b\u043f\u0430\u043a \u0438 \u043f\u0440\u0438\u0433\u043e\u0442\u043e\u0432\u0438\u0442\u044c \u0447\u0442\u043e-\u0442\u043e \u0437\u0430\u043c\u0435\u0447\u0430\u0442\u0435\u043b\u044c\u043d\u043e\u0435 \u0434\u043b\u044f \u0432\u0441\u0435\u0439 \u0441\u0435\u043c\u044c\u0438.<\/p>\n<p>\u0411\u043b\u0430\u0433\u043e\u0434\u0430\u0440\u044f \u043a\u0443\u0445\u043d\u0435, \u0434\u0435\u0442\u0438 \u0438\u043c\u0435\u044e\u0442 \u0432\u043e\u0437\u043c\u043e\u0436\u043d\u043e\u0441\u0442\u044c \u0441\u043e\u0432\u0435\u0440\u0448\u0435\u043d\u0441\u0442\u0432\u043e\u0432\u0430\u0442\u044c \u0441\u0432\u043e\u0438 \u043a\u0443\u043b\u0438\u043d\u0430\u0440\u043d\u044b\u0435 \u043d\u0430\u0432\u044b\u043a\u0438. \u0418\u0433\u0440\u0430 \u0432 \u043f\u0440\u0438\u0433\u043e\u0442\u043e\u0432\u043b\u0435\u043d\u0438\u0435 \u0435\u0434\u044b \u0440\u0430\u0437\u0432\u0438\u0432\u0430\u0435\u0442 \u0437\u0440\u0438\u0442\u0435\u043b\u044c\u043d\u043e-\u043c\u043e\u0442\u043e\u0440\u043d\u0443\u044e \u043a\u043e\u043e\u0440\u0434\u0438\u043d\u0430\u0446\u0438\u044e. \u0418\u0433\u0440\u043e\u0432\u043e\u0439 \u043d\u0430\u0431\u043e\u0440 \u0430\u0434\u0430\u043f\u0442\u0438\u0440\u043e\u0432\u0430\u043d \u043f\u043e \u0440\u0430\u0437\u043c\u0435\u0440\u0443 \u0434\u043b\u044f \u043a\u043e\u043c\u0444\u043e\u0440\u0442\u043d\u043e\u0439 \u0438\u0433\u0440\u044b \u043c\u0430\u043b\u0435\u043d\u044c\u043a\u043e\u0433\u043e \u0440\u0435\u0431\u0435\u043d\u043a\u0430. \u041a\u0443\u0445\u043d\u044f \u0438\u0437\u0433\u043e\u0442\u043e\u0432\u043b\u0435\u043d\u0430 \u0438\u0437 \u043b\u0430\u043a\u0438\u0440\u043e\u0432\u0430\u043d\u043d\u043e\u0439 \u0434\u0440\u0435\u0432\u0435\u0441\u0438\u043d\u044b, \u0431\u043b\u0430\u0433\u043e\u0434\u0430\u0440\u044f \u0447\u0435\u043c\u0443 \u043c\u043e\u0436\u0435\u0442 \u043f\u0440\u043e\u0441\u043b\u0443\u0436\u0438\u0442\u044c \u043c\u043d\u043e\u0433\u043e \u043b\u0435\u0442. \u042d\u043b\u0435\u043c\u0435\u043d\u0442\u044b \u043d\u0430\u0431\u043e\u0440\u0430 \u043e\u043a\u0440\u0430\u0448\u0435\u043d\u044b \u043d\u0435 \u0442\u043e\u043a\u0441\u0438\u0447\u043d\u044b\u043c\u0438 \u043a\u0440\u0430\u0441\u043a\u0430\u043c\u0438 \u0432 \u044f\u0440\u043a\u0438\u0435 \u0446\u0432\u0435\u0442\u0430.<\/p>\n<p>\u041a\u043e\u043c\u043f\u043b\u0435\u043a\u0442\u0430\u0446\u0438\u044f:<\/p>\n<p> \t\u043f\u043b\u0438\u0442\u0430,<br \/>\n \t\u0434\u0443\u0445\u043e\u0432\u043a\u0430,<br \/>\n \t\u043a\u0440\u0430\u043d,<br \/>\n \t\u043c\u0435\u0442\u0430\u043b\u043b\u0438\u0447\u0435\u0441\u043a\u0438\u0439 \u0440\u0430\u043a\u043e\u0432\u0438\u043d\u0430,<br \/>\n \t\u0448\u043a\u0430\u0444\u0447\u0438\u043a \u043f\u043e\u0434 \u0440\u0430\u043a\u043e\u0432\u0438\u043d\u043e\u0439,<br \/>\n \t\u043f\u043e\u0441\u0443\u0434\u0430 \u0434\u043b\u044f \u043f\u0440\u0438\u0433\u043e\u0442\u043e\u0432\u043b\u0435\u043d\u0438\u044f \u043f\u0438\u0449\u0438,<br \/>\n \t\u0434\u043e\u043f\u043e\u043b\u043d\u0438\u0442\u0435\u043b\u044c\u043d\u0430\u044f \u043f\u043e\u043b\u043a\u0430 \u0434\u043b\u044f \u0441\u043f\u0435\u0446\u0438\u0439,<br \/>\n \t\u0434\u0432\u0435 \u043a\u0430\u0441\u0442\u0440\u044e\u043b\u0438;[trim][:ro_RO]<strong>Bucataria din lemn cu accesorii de culoarea ro\u0219ie este un set de joac\u0103 perfect pentru un buc\u0103tar \u00eencepator. A venit clipa mult pentru copila\u0219 c\u00e2nd \u00ee\u0219i poate \u00eembraca p\u0103l\u0103ria alb\u0103 de buc\u0103tar \u0219i s\u0103 preg\u0103teasc\u0103 ceva grozav pentru \u00eentreaga familie.<\/strong><\/p>\n<p>Datorit\u0103 buc\u0103t\u0103riei, copiii au posibilitatea de a-\u0219i \u00eembun\u0103t\u0103\u021bi abilit\u0103\u021bile culinare. Jocul de a g\u0103ti dezvolt\u0103 coordonarea m\u00e2n\u0103-ochi. Setul de joc are dimensiunile adaptate pentru un joc confortabil al unui copil mic. Buc\u0103t\u0103ria este realizat\u0103 din lemn, datorit\u0103 c\u0103ruia poate rezista mul\u021bi ani. Elementele setului sunt vopsite cu vopsele non-toxice in culori vii.<\/p>\n<p><strong>Buc\u0103t\u0103ria include:<\/strong><\/p>\n<ul>\n<li>farfurie,<\/li>\n<li>cuptor,<\/li>\n<li>chiuveta metalica,<\/li>\n<li>chiuvet\u0103 sub dulap,<\/li>\n<li>ustensile pentru gatit,<\/li>\n<li>raft suplimentar pentru condimente,<\/li>\n<li>dou\u0103 tig\u0103i;<\/li>\n<\/ul>\n","protected":false},"excerpt":{"rendered":"<p>[:ru_RU]\u0414\u0435\u0440\u0435\u0432\u044f\u043d\u043d\u0430\u044f \u043a\u0443\u0445\u043d\u044f \u0441 \u0430\u043a\u0441\u0435\u0441\u0441\u0443\u0430\u0440\u0430\u043c\u0438, \u043a\u0440\u0430\u0441\u043d\u043e\u0433\u043e \u0446\u0432\u0435\u0442\u0430\u00a0&#8211; \u044d\u0442\u043e \u0438\u0434\u0435\u0430\u043b\u044c\u043d\u044b\u0439 \u043a\u043e\u043c\u043f\u043b\u0435\u043a\u0442 \u0434\u043b\u044f \u043d\u0430\u0447\u0438\u043d\u0430\u044e\u0449\u0435\u0433\u043e \u043f\u043e\u0432\u0430\u0440\u0430 \u0438\u043b\u0438 \u0445\u043e\u0437\u044f\u0439\u043a\u0438. \u041f\u043e\u0440\u0430 \u043d\u0430\u0434\u0435\u0442\u044c \u0431\u0435\u043b\u044b\u0439 \u043f\u043e\u0432\u0430\u0440\u0441\u043a\u043e\u0439 \u043a\u043e\u043b\u043f\u0430\u043a \u0438 \u043f\u0440\u0438\u0433\u043e\u0442\u043e\u0432\u0438\u0442\u044c \u0447\u0442\u043e-\u0442\u043e \u0437\u0430\u043c\u0435\u0447\u0430\u0442\u0435\u043b\u044c\u043d\u043e\u0435 \u0434\u043b\u044f \u0432\u0441\u0435\u0439 \u0441\u0435\u043c\u044c\u0438. \u0411\u043b\u0430\u0433\u043e\u0434\u0430\u0440\u044f \u043a\u0443\u0445\u043d\u0435, \u0434\u0435\u0442\u0438 \u0438\u043c\u0435\u044e\u0442 \u0432\u043e\u0437\u043c\u043e\u0436\u043d\u043e\u0441\u0442\u044c \u0441\u043e\u0432\u0435\u0440\u0448\u0435\u043d\u0441\u0442\u0432\u043e\u0432\u0430\u0442\u044c \u0441\u0432\u043e\u0438 \u043a\u0443\u043b\u0438\u043d\u0430\u0440\u043d\u044b\u0435 \u043d\u0430\u0432\u044b\u043a\u0438. \u0418\u0433\u0440\u0430 \u0432 \u043f\u0440\u0438\u0433\u043e\u0442\u043e\u0432\u043b\u0435\u043d\u0438\u0435 \u0435\u0434\u044b \u0440\u0430\u0437\u0432\u0438\u0432\u0430\u0435\u0442 \u0437\u0440\u0438\u0442\u0435\u043b\u044c\u043d\u043e-\u043c\u043e\u0442\u043e\u0440\u043d\u0443\u044e \u043a\u043e\u043e\u0440\u0434\u0438\u043d\u0430\u0446\u0438\u044e. \u0418\u0433\u0440\u043e\u0432\u043e\u0439 \u043d\u0430\u0431\u043e\u0440 \u0430\u0434\u0430\u043f\u0442\u0438\u0440\u043e\u0432\u0430\u043d \u043f\u043e \u0440\u0430\u0437\u043c\u0435\u0440\u0443 \u0434\u043b\u044f \u043a\u043e\u043c\u0444\u043e\u0440\u0442\u043d\u043e\u0439 \u0438\u0433\u0440\u044b \u043c\u0430\u043b\u0435\u043d\u044c\u043a\u043e\u0433\u043e \u0440\u0435\u0431\u0435\u043d\u043a\u0430. \u041a\u0443\u0445\u043d\u044f \u0438\u0437\u0433\u043e\u0442\u043e\u0432\u043b\u0435\u043d\u0430 \u0438\u0437 [&hellip;]<\/p>\n","protected":false},"featured_media":46057,"comment_status":"open","ping_status":"closed","template":"","meta":{"_acf_changed":false},"product_brand":[],"product_cat":[6716],"product_tag":[],"class_list":{"0":"post-46068","1":"product","2":"type-product","3":"status-publish","4":"has-post-thumbnail","6":"product_cat-ru_ru-kuhnja-trim-ro_ro-buc","8":"first","9":"instock","10":"shipping-taxable","11":"purchasable","12":"product-type-simple"},"acf":[],"_links":{"self":[{"href":"https:\/\/minimax.md\/ru\/wp-json\/wp\/v2\/product\/46068","targetHints":{"allow":["GET"]}}],"collection":[{"href":"https:\/\/minimax.md\/ru\/wp-json\/wp\/v2\/product"}],"about":[{"href":"https:\/\/minimax.md\/ru\/wp-json\/wp\/v2\/types\/product"}],"replies":[{"embeddable":true,"href":"https:\/\/minimax.md\/ru\/wp-json\/wp\/v2\/comments?post=46068"}],"version-history":[{"count":0,"href":"https:\/\/minimax.md\/ru\/wp-json\/wp\/v2\/product\/46068\/revisions"}],"wp:featuredmedia":[{"embeddable":true,"href":"https:\/\/minimax.md\/ru\/wp-json\/wp\/v2\/media\/46057"}],"wp:attachment":[{"href":"https:\/\/minimax.md\/ru\/wp-json\/wp\/v2\/media?parent=46068"}],"wp:term":[{"taxonomy":"product_brand","embeddable":true,"href":"https:\/\/minimax.md\/ru\/wp-json\/wp\/v2\/product_brand?post=46068"},{"taxonomy":"product_cat","embeddable":true,"href":"https:\/\/minimax.md\/ru\/wp-json\/wp\/v2\/product_cat?post=46068"},{"taxonomy":"product_tag","embeddable":true,"href":"https:\/\/minimax.md\/ru\/wp-json\/wp\/v2\/product_tag?post=46068"}],"curies":[{"name":"wp","href":"https:\/\/api.w.org\/{rel}","templated":true}]}}