{"id":46176,"date":"2024-01-11T17:16:34","date_gmt":"2024-01-11T14:16:34","guid":{"rendered":"https:\/\/minimax.md\/product\/46176.html"},"modified":"2024-03-13T00:17:29","modified_gmt":"2024-03-12T21:17:29","slug":"ru_ru-derevjannaja-kuhnja-s-aksessuarami-i-fantasticheskimi-cvetami-trim-ro_ro-buc-t-rie-din-lemn-cu-accesorii-i-culori-fantastice","status":"publish","type":"product","link":"https:\/\/minimax.md\/ru\/product\/46176.html","title":{"rendered":"\u0414\u0435\u0440\u0435\u0432\u044f\u043d\u043d\u0430\u044f \u043a\u0443\u0445\u043d\u044f \u0441 \u0430\u043a\u0441\u0435\u0441\u0441\u0443\u0430\u0440\u0430\u043c\u0438 \u0438 \u0444\u0430\u043d\u0442\u0430\u0441\u0442\u0438\u0447\u0435\u0441\u043a\u0438\u043c\u0438 \u0446\u0432\u0435\u0442\u0430\u043c\u0438"},"content":{"rendered":"<p>[:ru_RU]\u0414\u0435\u0440\u0435\u0432\u044f\u043d\u043d\u0430\u044f \u043a\u0443\u0445\u043d\u044f \u0441 \u0430\u043a\u0441\u0435\u0441\u0441\u0443\u0430\u0440\u0430\u043c\u0438 \u0438 \u0444\u0430\u043d\u0442\u0430\u0441\u0442\u0438\u0447\u0435\u0441\u043a\u0438\u043c\u0438 \u0446\u0432\u0435\u0442\u0430\u043c\u0438, \u0438\u0433\u0440\u0430 \u0441 \u043a\u043e\u0442\u043e\u0440\u043e\u0439 \u0441\u0442\u0430\u043d\u043e\u0432\u0438\u0442\u0441\u044f \u044f\u0440\u043a\u043e\u0439 \u0438 \u0432\u0435\u0441\u0435\u043b\u043e\u0439, \u0430 \u043f\u0440\u0438\u0433\u043e\u0442\u043e\u0432\u043b\u0435\u043d\u0438\u0435 \u0435\u0434\u044b \u0441\u0442\u0430\u043d\u043e\u0432\u0438\u0442\u0441\u044f \u043d\u0430\u0441\u0442\u043e\u044f\u0449\u0438\u043c \u0443\u0434\u043e\u0432\u043e\u043b\u044c\u0441\u0442\u0432\u0438\u0435\u043c.<\/p>\n<p>\u0414\u0435\u0440\u0435\u0432\u044f\u043d\u043d\u0430\u044f \u043a\u0443\u0445\u043d\u044f \u0434\u0435\u0442\u0441\u043a\u0430\u044f \u0432\u043a\u043b\u044e\u0447\u0430\u0435\u0442:<\/p>\n<p> \t\u043f\u043b\u0438\u0442\u0443,<br \/>\n \t\u0434\u0443\u0445\u043e\u0432\u043a\u0443,<br \/>\n \t\u0440\u0430\u043a\u043e\u0432\u0438\u043d\u0443,<br \/>\n \t\u043a\u0443\u0445\u043e\u043d\u043d\u0443\u044e<br \/>\n \t\u0432\u044b\u0442\u044f\u0436\u043a\u0443<br \/>\n \t\u0447\u0430\u0441\u044b.<\/p>\n<p>\u0422\u0430\u043a\u0436\u0435 \u0437\u0434\u0435\u0441\u044c \u0435\u0441\u0442\u044c \u0432\u0441\u0435 \u043d\u0435\u043e\u0431\u0445\u043e\u0434\u0438\u043c\u044b \u0430\u043a\u0441\u0435\u0441\u0441\u0443\u0430\u0440\u044b \u0434\u043b\u044f \u0440\u0430\u0431\u043e\u0442\u044b \u043c\u0430\u043b\u0435\u043d\u044c\u043a\u043e\u0433\u043e \u043f\u043e\u0432\u0430\u0440\u0430: \u043b\u043e\u0436\u043a\u0430, \u0434\u0432\u0430 \u0432\u0438\u0434\u0430 \u043a\u0443\u0445\u043e\u043d\u043d\u044b\u0445 \u043b\u043e\u043f\u0430\u0442\u043e\u043a, \u0434\u0432\u0435 \u0435\u043c\u043a\u043e\u0441\u0442\u0438 \u0434\u043b\u044f \u0441\u043f\u0435\u0446\u0438\u0439, \u0441\u043a\u043e\u0432\u043e\u0440\u043e\u0434\u0430 \u0438 \u043a\u0430\u0441\u0442\u0440\u044e\u043b\u044f \u0441 \u043a\u0440\u044b\u0448\u043a\u043e\u0439.<\/p>\n<p>\u0414\u0435\u0442\u0441\u043a\u0430\u044f \u043a\u0443\u0445\u043d\u044f \u0438\u0437 \u0434\u0435\u0440\u0435\u0432\u0430 \u043e\u0442\u043b\u0438\u0447\u043d\u044b\u0439 \u043f\u043e\u0434\u0430\u0440\u043e\u043a \u0434\u043b\u044f \u043c\u0430\u043b\u044c\u0447\u0438\u043a\u043e\u0432 \u0438 \u0434\u0435\u0432\u043e\u0447\u0435\u043a.[trim][:ro_RO]<strong>O buc\u0103t\u0103rie din lemn, cu accesorii \u0219i culori fantastice, care face ca jocul cu ea s\u0103 fie extraordinar \u0219i distractiv, iar g\u0103titul s\u0103 devin\u0103 o adev\u0103rat\u0103 pl\u0103cere.<\/strong><\/p>\n<p><em>Buc\u0103t\u0103ria din lemn pentru copii include:<\/em><\/p>\n<ul>\n<li>aragaz,<\/li>\n<li>cuptor,<\/li>\n<li>chiuvet\u0103,<\/li>\n<li>buc\u0103t\u0103rie<\/li>\n<li>hot\u0103<\/li>\n<li>ceas.<\/li>\n<\/ul>\n<p>De asemenea ve\u021bi g\u0103si \u0219i alte accesorii necesare pentru munca unui mic buc\u0103tar: o lingur\u0103, dou\u0103 tipuri de spatule de buc\u0103t\u0103rie, dou\u0103 recipiente pentru condimente, o tigaie \u0219i o oal\u0103 cu capac.<\/p>\n<p>Buc\u0103t\u0103ria pentru copii din lemn este un cadou grozav pentru b\u0103ie\u021bi \u0219i fete.<\/p>\n","protected":false},"excerpt":{"rendered":"<p>[:ru_RU]\u0414\u0435\u0440\u0435\u0432\u044f\u043d\u043d\u0430\u044f \u043a\u0443\u0445\u043d\u044f \u0441 \u0430\u043a\u0441\u0435\u0441\u0441\u0443\u0430\u0440\u0430\u043c\u0438 \u0438 \u0444\u0430\u043d\u0442\u0430\u0441\u0442\u0438\u0447\u0435\u0441\u043a\u0438\u043c\u0438 \u0446\u0432\u0435\u0442\u0430\u043c\u0438, \u0438\u0433\u0440\u0430 \u0441 \u043a\u043e\u0442\u043e\u0440\u043e\u0439 \u0441\u0442\u0430\u043d\u043e\u0432\u0438\u0442\u0441\u044f \u044f\u0440\u043a\u043e\u0439 \u0438 \u0432\u0435\u0441\u0435\u043b\u043e\u0439, \u0430 \u043f\u0440\u0438\u0433\u043e\u0442\u043e\u0432\u043b\u0435\u043d\u0438\u0435 \u0435\u0434\u044b \u0441\u0442\u0430\u043d\u043e\u0432\u0438\u0442\u0441\u044f \u043d\u0430\u0441\u0442\u043e\u044f\u0449\u0438\u043c \u0443\u0434\u043e\u0432\u043e\u043b\u044c\u0441\u0442\u0432\u0438\u0435\u043c. \u0414\u0435\u0440\u0435\u0432\u044f\u043d\u043d\u0430\u044f \u043a\u0443\u0445\u043d\u044f \u0434\u0435\u0442\u0441\u043a\u0430\u044f \u0432\u043a\u043b\u044e\u0447\u0430\u0435\u0442: \u043f\u043b\u0438\u0442\u0443, \u0434\u0443\u0445\u043e\u0432\u043a\u0443, \u0440\u0430\u043a\u043e\u0432\u0438\u043d\u0443, \u043a\u0443\u0445\u043e\u043d\u043d\u0443\u044e \u0432\u044b\u0442\u044f\u0436\u043a\u0443 \u0447\u0430\u0441\u044b. \u0422\u0430\u043a\u0436\u0435 \u0437\u0434\u0435\u0441\u044c \u0435\u0441\u0442\u044c \u0432\u0441\u0435 \u043d\u0435\u043e\u0431\u0445\u043e\u0434\u0438\u043c\u044b \u0430\u043a\u0441\u0435\u0441\u0441\u0443\u0430\u0440\u044b \u0434\u043b\u044f \u0440\u0430\u0431\u043e\u0442\u044b \u043c\u0430\u043b\u0435\u043d\u044c\u043a\u043e\u0433\u043e \u043f\u043e\u0432\u0430\u0440\u0430: \u043b\u043e\u0436\u043a\u0430, \u0434\u0432\u0430 \u0432\u0438\u0434\u0430 \u043a\u0443\u0445\u043e\u043d\u043d\u044b\u0445 \u043b\u043e\u043f\u0430\u0442\u043e\u043a, \u0434\u0432\u0435 \u0435\u043c\u043a\u043e\u0441\u0442\u0438 \u0434\u043b\u044f \u0441\u043f\u0435\u0446\u0438\u0439, \u0441\u043a\u043e\u0432\u043e\u0440\u043e\u0434\u0430 \u0438 \u043a\u0430\u0441\u0442\u0440\u044e\u043b\u044f \u0441 \u043a\u0440\u044b\u0448\u043a\u043e\u0439. \u0414\u0435\u0442\u0441\u043a\u0430\u044f [&hellip;]<\/p>\n","protected":false},"featured_media":46174,"comment_status":"open","ping_status":"closed","template":"","meta":{"_acf_changed":false},"product_brand":[],"product_cat":[6716],"product_tag":[],"class_list":{"0":"post-46176","1":"product","2":"type-product","3":"status-publish","4":"has-post-thumbnail","6":"product_cat-ru_ru-kuhnja-trim-ro_ro-buc","8":"first","9":"instock","10":"shipping-taxable","11":"purchasable","12":"product-type-simple"},"acf":[],"_links":{"self":[{"href":"https:\/\/minimax.md\/ru\/wp-json\/wp\/v2\/product\/46176","targetHints":{"allow":["GET"]}}],"collection":[{"href":"https:\/\/minimax.md\/ru\/wp-json\/wp\/v2\/product"}],"about":[{"href":"https:\/\/minimax.md\/ru\/wp-json\/wp\/v2\/types\/product"}],"replies":[{"embeddable":true,"href":"https:\/\/minimax.md\/ru\/wp-json\/wp\/v2\/comments?post=46176"}],"version-history":[{"count":0,"href":"https:\/\/minimax.md\/ru\/wp-json\/wp\/v2\/product\/46176\/revisions"}],"wp:featuredmedia":[{"embeddable":true,"href":"https:\/\/minimax.md\/ru\/wp-json\/wp\/v2\/media\/46174"}],"wp:attachment":[{"href":"https:\/\/minimax.md\/ru\/wp-json\/wp\/v2\/media?parent=46176"}],"wp:term":[{"taxonomy":"product_brand","embeddable":true,"href":"https:\/\/minimax.md\/ru\/wp-json\/wp\/v2\/product_brand?post=46176"},{"taxonomy":"product_cat","embeddable":true,"href":"https:\/\/minimax.md\/ru\/wp-json\/wp\/v2\/product_cat?post=46176"},{"taxonomy":"product_tag","embeddable":true,"href":"https:\/\/minimax.md\/ru\/wp-json\/wp\/v2\/product_tag?post=46176"}],"curies":[{"name":"wp","href":"https:\/\/api.w.org\/{rel}","templated":true}]}}