{"id":46187,"date":"2024-01-11T17:16:37","date_gmt":"2024-01-11T14:16:37","guid":{"rendered":"https:\/\/minimax.md\/product\/46187.html"},"modified":"2024-03-06T09:04:33","modified_gmt":"2024-03-06T06:04:33","slug":"ru_ru-3d-pazl-jejfeleva-bashnja-so-svetodiodnoj-podsvetkoj-51-jelementov-trim-ro_ro-3d-puzzle-turnul-eiffel-cu-iluminare-led-51-elemente","status":"publish","type":"product","link":"https:\/\/minimax.md\/ru\/product\/46187.html","title":{"rendered":"3D \u043f\u0430\u0437\u043b \u201c\u042d\u0439\u0444\u0435\u043b\u0435\u0432\u0430 \u0431\u0430\u0448\u043d\u044f\u201d \u0441\u043e \u0441\u0432\u0435\u0442\u043e\u0434\u0438\u043e\u0434\u043d\u043e\u0439 \u043f\u043e\u0434\u0441\u0432\u0435\u0442\u043a\u043e\u0439, 51 \u044d\u043b\u0435\u043c\u0435\u043d\u0442\u043e\u0432"},"content":{"rendered":"<p>[:ru_RU]3D \u043f\u0430\u0437\u043b \u201c\u042d\u0439\u0444\u0435\u043b\u0435\u0432\u0430 \u0431\u0430\u0448\u043d\u044f\u201d \u0441\u043e \u0441\u0432\u0435\u0442\u043e\u0434\u0438\u043e\u0434\u043d\u043e\u0439 \u043f\u043e\u0434\u0441\u0432\u0435\u0442\u043a\u043e\u0439 \u043e\u0442\u00a0 CubicFun \u043e\u0447\u0435\u043d\u044c \u0438\u043d\u0442\u0435\u0440\u0435\u0441\u043d\u0430\u044f \u0433\u043e\u043b\u043e\u0432\u043e\u043b\u043e\u043c\u043a\u0430 \u0434\u043b\u044f \u0432\u0441\u0435\u0439 \u0441\u0435\u043c\u044c\u0438.\u00a0<\/p>\n<p>\u0412\u043c\u0435\u0441\u0442\u0435 \u0441\u043e\u0431\u0438\u0440\u0430\u044f 3D \u043f\u0430\u0437\u043b \u0441\u043e \u0441\u0432\u043e\u0438\u043c\u0438 \u0434\u0435\u0442\u044c\u043c\u0438, \u0432\u044b\u00a0 \u043c\u043e\u0436\u0435\u0442\u0435 \u0438\u043c \u0440\u0430\u0441\u0441\u043a\u0430\u0437\u0430\u0442\u044c \u043e \u0442\u043e\u043c \u0447\u0442\u043e \u0431\u0430\u0448\u043d\u044e \u043c\u043e\u0433\u043b\u0438 \u043f\u043e\u0441\u0442\u0440\u043e\u0438\u0442\u044c \u043d\u0435 \u0432 \u041f\u0430\u0440\u0438\u0436\u0435. \u041f\u0435\u0440\u0432\u043e\u043d\u0430\u0447\u0430\u043b\u044c\u043d\u043e \u042d\u0439\u0444\u0435\u043b\u044c \u043f\u0440\u0435\u0434\u043b\u043e\u0436\u0438\u043b \u043f\u0440\u043e\u0435\u043a\u0442 \u0432\u043b\u0430\u0441\u0442\u044f\u043c \u0418\u0441\u043f\u0430\u043d\u0438\u0438, \u043d\u043e \u0442\u0435 \u043f\u043e\u043b\u0435\u0442\u0430 \u0444\u0430\u043d\u0442\u0430\u0437\u0438\u0438 \u0436\u0435\u043b\u0435\u0437\u043d\u043e\u0434\u043e\u0440\u043e\u0436\u043d\u043e\u0433\u043e \u0438\u043d\u0436\u0435\u043d\u0435\u0440\u0430 \u043d\u0435 \u043e\u0446\u0435\u043d\u0438\u043b\u0438. \u0412 \u0440\u0435\u0437\u0443\u043b\u044c\u0442\u0430\u0442\u0435 \u0411\u0430\u0440\u0441\u0435\u043b\u043e\u043d\u0430 \u043b\u0438\u0448\u0438\u043b\u0430\u0441\u044c \u043f\u0435\u0440\u0441\u043f\u0435\u043a\u0442\u0438\u0432\u043d\u043e\u0439 \u0434\u043e\u0441\u0442\u043e\u043f\u0440\u0438\u043c\u0435\u0447\u0430\u0442\u0435\u043b\u044c\u043d\u043e\u0441\u0442\u0438, \u0430 \u0424\u0440\u0430\u043d\u0446\u0438\u044f \u043e\u0431\u0440\u0435\u043b\u0430 \u043e\u0434\u0438\u043d \u0438\u0437 \u0441\u0432\u043e\u0438\u0445 \u0441\u0438\u043c\u0432\u043e\u043b\u043e\u0432. \u0411\u0430\u0448\u043d\u044e \u0434\u043e\u043b\u0436\u043d\u044b \u0431\u044b\u043b\u0438 \u0441\u043d\u0435\u0441\u0442\u0438 \u0432 1909 \u0433\u043e\u0434\u0443, \u0441\u043f\u0443\u0441\u0442\u044f 20 \u043b\u0435\u0442 \u043f\u043e\u0441\u043b\u0435 \u043f\u043e\u0441\u0442\u0440\u043e\u0439\u043a\u0438. \u0422\u0430\u043a\u0438\u043c \u0431\u044b\u043b\u043e \u0443\u0441\u043b\u043e\u0432\u0438\u0435 \u0435\u0435 \u0440\u0430\u0437\u043c\u0435\u0449\u0435\u043d\u0438\u044f \u043d\u0430 \u0442\u0435\u0440\u0440\u0438\u0442\u043e\u0440\u0438\u0438 \u041f\u0430\u0440\u0438\u0436\u0430. \u042d\u0442\u043e\u0442 \u0441\u0440\u043e\u043a \u043f\u043e\u0437\u0432\u043e\u043b\u044f\u043b \u042d\u0439\u0444\u0435\u043b\u044e \u0437\u0430 \u0441\u0447\u0435\u0442 \u0442\u0443\u0440\u0438\u0441\u0442\u043e\u0432 \u043f\u043e\u043b\u0443\u0447\u0438\u0442\u044c \u043d\u0430\u0437\u0430\u0434 \u0432\u043b\u043e\u0436\u0435\u043d\u043d\u044b\u0435 \u0434\u0435\u043d\u044c\u0433\u0438. \u041d\u043e \u043e\u043a\u0430\u0437\u0430\u043b\u043e\u0441\u044c, \u0447\u0442\u043e \u0431\u0430\u0448\u043d\u044f \u043f\u043e\u0434\u0445\u043e\u0434\u0438\u0442 \u0434\u043b\u044f \u0440\u0430\u0437\u043c\u0435\u0449\u0435\u043d\u0438\u044f \u0440\u0430\u0434\u0438\u043e\u043f\u0435\u0440\u0435\u0434\u0430\u0442\u0447\u0438\u043a\u043e\u0432, \u0438 \u0435\u0435 \u0440\u0435\u0448\u0438\u043b\u0438 \u043e\u0441\u0442\u0430\u0432\u0438\u0442\u044c. \u041e\u043d\u0430 \u043c\u043e\u0433\u043b\u0430 \u043f\u0435\u0440\u0435\u0435\u0445\u0430\u0442\u044c \u0432 \u041a\u0430\u043d\u0430\u0434\u0443. \u0412 1980 \u0433\u043e\u0434\u0443 \u0448\u043b\u0438 \u0440\u0430\u0437\u0433\u043e\u0432\u043e\u0440\u044b \u043e \u043f\u0435\u0440\u0435\u043d\u043e\u0441\u0435 \u0444\u0440\u0430\u043d\u0446\u0443\u0437\u0441\u043a\u043e\u0439 \u0434\u043e\u0441\u0442\u043e\u043f\u0440\u0438\u043c\u0435\u0447\u0430\u0442\u0435\u043b\u044c\u043d\u043e\u0441\u0442\u0438 \u0432 \u041c\u043e\u043d\u0440\u0435\u0430\u043b\u044c. \u041d\u043e \u043f\u0440\u043e\u0435\u043a\u0442 \u043e\u0441\u0442\u0430\u043b\u0441\u044f \u043b\u0438\u0448\u044c \u043d\u0430 \u0431\u0443\u043c\u0430\u0433\u0435.<\/p>\n<p>3D \u043f\u0430\u0437\u043b\u044b \u0443\u0434\u0438\u0432\u0438\u0442\u0435\u043b\u044c\u043d\u043e\u0435 \u0445\u043e\u0431\u0431\u0438 \u043a\u043e\u0442\u043e\u0440\u043e\u0435 \u0440\u0430\u0437\u0432\u0438\u0432\u0430\u0435\u0442 \u043d\u0435 \u0442\u043e\u043b\u044c\u043a\u043e \u043b\u043e\u0433\u0438\u0447\u0435\u0441\u043a\u043e\u0433\u043e \u043c\u044b\u0448\u043b\u0435\u043d\u0438\u044f, \u043c\u0435\u043b\u043a\u0443\u044e \u043c\u043e\u0442\u043e\u0440\u0438\u043a\u0443, \u0443\u0441\u0438\u0434\u0447\u0438\u0432\u043e\u0441\u0442\u0438 \u0438 \u0430\u043a\u043a\u0443\u0440\u0430\u0442\u043d\u043e\u0441\u0442\u044c, \u043d\u043e \u0438 \u0443\u0447\u0438\u0442 \u043c\u043d[trim][:ro_RO]<strong>Puzzle 3D \u201cTurnul Eiffel\u201d, de la CubicFun este un joc de puzzle foarte interesant pentru \u00eentreaga familie.<\/strong><\/p>\n<p>\u00cen timul jocului cu \u00a0puzzle 3D \u00eempreun\u0103 cu copiii t\u0103i, le po\u021bi povesti c\u0103 \u00a0nu se planifica ca turnul s\u0103 fie construit la Paris. Ini\u021bial, Eiffel a propus proiectul autorit\u0103\u021bilor spaniole, dar fanteziea inginerului de c\u0103i ferate nu au fost apreciat\u0103. Drept urmare, Barcelona a pierdut o atrac\u021bie promi\u021b\u0103toare, iar Fran\u021ba a c\u00e2\u0219tigat unul dintre simbolurile sale. Turnul urma s\u0103 fie demolat \u00een 1909, la 20 de ani dup\u0103 ce a fost construit. Aceasta a fost condi\u021bia plas\u0103rii sale pe teritoriul Parisului. Aceast\u0103 perioad\u0103 ia permis lui Eiffel s\u0103-\u0219i recupereze banii investi\u021bi \u00een detrimentul turi\u0219tilor. Dar s-a dovedit c\u0103 turnul era potrivit pentru amplasarea transmi\u021b\u0103toarelor radio \u0219i au decis s\u0103-l lase.\u00a0 \u00cen 1980, se vorbea despre mutarea reperului francez la Montreal. Dar proiectul a r\u0103mas doar pe h\u00e2rtie.<\/p>\n<p><strong>Puzzle-urile 3D<\/strong> sunt un hobby uimitor care dezvolt\u0103 nu numai g\u00e2ndirea log<\/p>\n","protected":false},"excerpt":{"rendered":"<p>[:ru_RU]3D \u043f\u0430\u0437\u043b \u201c\u042d\u0439\u0444\u0435\u043b\u0435\u0432\u0430 \u0431\u0430\u0448\u043d\u044f\u201d \u0441\u043e \u0441\u0432\u0435\u0442\u043e\u0434\u0438\u043e\u0434\u043d\u043e\u0439 \u043f\u043e\u0434\u0441\u0432\u0435\u0442\u043a\u043e\u0439 \u043e\u0442\u00a0 CubicFun \u043e\u0447\u0435\u043d\u044c \u0438\u043d\u0442\u0435\u0440\u0435\u0441\u043d\u0430\u044f \u0433\u043e\u043b\u043e\u0432\u043e\u043b\u043e\u043c\u043a\u0430 \u0434\u043b\u044f \u0432\u0441\u0435\u0439 \u0441\u0435\u043c\u044c\u0438.\u00a0 \u0412\u043c\u0435\u0441\u0442\u0435 \u0441\u043e\u0431\u0438\u0440\u0430\u044f 3D \u043f\u0430\u0437\u043b \u0441\u043e \u0441\u0432\u043e\u0438\u043c\u0438 \u0434\u0435\u0442\u044c\u043c\u0438, \u0432\u044b\u00a0 \u043c\u043e\u0436\u0435\u0442\u0435 \u0438\u043c \u0440\u0430\u0441\u0441\u043a\u0430\u0437\u0430\u0442\u044c \u043e \u0442\u043e\u043c \u0447\u0442\u043e \u0431\u0430\u0448\u043d\u044e \u043c\u043e\u0433\u043b\u0438 \u043f\u043e\u0441\u0442\u0440\u043e\u0438\u0442\u044c \u043d\u0435 \u0432 \u041f\u0430\u0440\u0438\u0436\u0435. \u041f\u0435\u0440\u0432\u043e\u043d\u0430\u0447\u0430\u043b\u044c\u043d\u043e \u042d\u0439\u0444\u0435\u043b\u044c \u043f\u0440\u0435\u0434\u043b\u043e\u0436\u0438\u043b \u043f\u0440\u043e\u0435\u043a\u0442 \u0432\u043b\u0430\u0441\u0442\u044f\u043c \u0418\u0441\u043f\u0430\u043d\u0438\u0438, \u043d\u043e \u0442\u0435 \u043f\u043e\u043b\u0435\u0442\u0430 \u0444\u0430\u043d\u0442\u0430\u0437\u0438\u0438 \u0436\u0435\u043b\u0435\u0437\u043d\u043e\u0434\u043e\u0440\u043e\u0436\u043d\u043e\u0433\u043e \u0438\u043d\u0436\u0435\u043d\u0435\u0440\u0430 \u043d\u0435 \u043e\u0446\u0435\u043d\u0438\u043b\u0438. \u0412 \u0440\u0435\u0437\u0443\u043b\u044c\u0442\u0430\u0442\u0435 \u0411\u0430\u0440\u0441\u0435\u043b\u043e\u043d\u0430 \u043b\u0438\u0448\u0438\u043b\u0430\u0441\u044c \u043f\u0435\u0440\u0441\u043f\u0435\u043a\u0442\u0438\u0432\u043d\u043e\u0439 \u0434\u043e\u0441\u0442\u043e\u043f\u0440\u0438\u043c\u0435\u0447\u0430\u0442\u0435\u043b\u044c\u043d\u043e\u0441\u0442\u0438, [&hellip;]<\/p>\n","protected":false},"featured_media":46180,"comment_status":"open","ping_status":"closed","template":"","meta":{"_acf_changed":false},"product_brand":[],"product_cat":[6713],"product_tag":[],"class_list":{"0":"post-46187","1":"product","2":"type-product","3":"status-publish","4":"has-post-thumbnail","6":"product_cat-ru_ru-pazly-i-mozaiki-trim","8":"first","9":"instock","10":"shipping-taxable","11":"purchasable","12":"product-type-simple"},"acf":[],"_links":{"self":[{"href":"https:\/\/minimax.md\/ru\/wp-json\/wp\/v2\/product\/46187","targetHints":{"allow":["GET"]}}],"collection":[{"href":"https:\/\/minimax.md\/ru\/wp-json\/wp\/v2\/product"}],"about":[{"href":"https:\/\/minimax.md\/ru\/wp-json\/wp\/v2\/types\/product"}],"replies":[{"embeddable":true,"href":"https:\/\/minimax.md\/ru\/wp-json\/wp\/v2\/comments?post=46187"}],"version-history":[{"count":0,"href":"https:\/\/minimax.md\/ru\/wp-json\/wp\/v2\/product\/46187\/revisions"}],"wp:featuredmedia":[{"embeddable":true,"href":"https:\/\/minimax.md\/ru\/wp-json\/wp\/v2\/media\/46180"}],"wp:attachment":[{"href":"https:\/\/minimax.md\/ru\/wp-json\/wp\/v2\/media?parent=46187"}],"wp:term":[{"taxonomy":"product_brand","embeddable":true,"href":"https:\/\/minimax.md\/ru\/wp-json\/wp\/v2\/product_brand?post=46187"},{"taxonomy":"product_cat","embeddable":true,"href":"https:\/\/minimax.md\/ru\/wp-json\/wp\/v2\/product_cat?post=46187"},{"taxonomy":"product_tag","embeddable":true,"href":"https:\/\/minimax.md\/ru\/wp-json\/wp\/v2\/product_tag?post=46187"}],"curies":[{"name":"wp","href":"https:\/\/api.w.org\/{rel}","templated":true}]}}