{"id":46231,"date":"2024-01-11T17:16:42","date_gmt":"2024-01-11T14:16:42","guid":{"rendered":"https:\/\/minimax.md\/product\/46231.html"},"modified":"2024-03-13T00:18:12","modified_gmt":"2024-03-12T21:18:12","slug":"ru_ru-igrushechnyj-vodjanoj-nasos-v-assortimente-trim-ro_ro-pompa-juc-rie-de-ap-n-asortiment","status":"publish","type":"product","link":"https:\/\/minimax.md\/ru\/product\/46231.html","title":{"rendered":"\u0418\u0433\u0440\u0443\u0448\u0435\u0447\u043d\u044b\u0439 \u0432\u043e\u0434\u044f\u043d\u043e\u0439 \u043d\u0430\u0441\u043e\u0441, \u0432 \u0430\u0441\u0441\u043e\u0440\u0442\u0438\u043c\u0435\u043d\u0442\u0435"},"content":{"rendered":"<p>[:ru_RU]\u0418\u0433\u0440\u0443\u0448\u0435\u0447\u043d\u044b\u0439 \u0432\u043e\u0434\u044f\u043d\u043e\u0439 \u043d\u0430\u0441\u043e\u0441 \u043f\u0440\u0435\u0434\u043d\u0430\u0437\u043d\u0430\u0447\u0435\u043d \u0434\u043b\u044f \u0430\u043a\u0442\u0438\u0432\u043d\u043e\u0433\u043e \u0438 \u0432\u0435\u0441\u0435\u043b\u043e\u0433\u043e \u0432\u0440\u0435\u043c\u044f\u043f\u0440\u043e\u0432\u043e\u0436\u0434\u0435\u043d\u0438\u044f \u0440\u0435\u0431\u0435\u043d\u043a\u0430!<\/p>\n<p> \t\u041d\u0430\u043f\u043e\u043b\u043d\u0438\u0442\u0435 \u0432\u043e\u0434\u043e\u0439 \u0441\u043f\u0435\u0446\u0438\u0430\u043b\u044c\u043d\u044b\u0439 \u0440\u0435\u0437\u0435\u0440\u0432\u0443\u0430\u0440, \u043a\u043e\u0442\u043e\u0440\u044b\u0439 \u043d\u0430\u0445\u043e\u0434\u0438\u0442\u0441\u044f \u0432 \u0441\u0442\u0432\u043e\u043b\u0435 \u043f\u0443\u0448\u043a\u0438. \u041d\u0430\u0441\u043e\u0441 \u0442\u0430\u043a \u0436\u0435 \u043e\u0442\u043b\u0438\u0447\u043d\u043e \u0441\u0442\u0440\u0435\u043b\u044f\u0435\u0442 \u043d\u0430 \u0434\u0430\u043b\u044c\u043d\u0435\u0435 \u0440\u0430\u0441\u0441\u0442\u043e\u044f\u043d\u0438\u0435.<br \/>\n \t\u0418\u0433\u0440\u0430 \u0441 \u0432\u043e\u0434\u043d\u044b\u043c \u043e\u0440\u0443\u0436\u0438\u0435\u043c \u0440\u0430\u0437\u0432\u0438\u0432\u0430\u0435\u0442 \u043b\u043e\u0432\u043a\u043e\u0441\u0442\u044c, \u043a\u043e\u043e\u0440\u0434\u0438\u043d\u0430\u0446\u0438\u044e \u0434\u0432\u0438\u0436\u0435\u043d\u0438\u0439 \u0438 \u0441\u043d\u043e\u0440\u043e\u0432\u043a\u0443. \u041c\u043e\u0436\u043d\u043e \u0432 \u0438\u0433\u0440\u043e\u0432\u043e\u0439 \u0444\u043e\u0440\u043c\u0435 \u043e\u0431\u0441\u0442\u0440\u0435\u043b\u044f\u0442\u044c \u0434\u0440\u0443\u0433 \u0434\u0440\u0443\u0433\u0430 \u0432\u043e\u0434\u0438\u0447\u043a\u043e\u0439 \u0432 \u043b\u0435\u0442\u043d\u0438\u0439 \u0436\u0430\u0440\u043a\u0438\u0439 \u0434\u0435\u043d\u044c.<\/p>\n<p>\u0414\u043e\u0441\u0442\u0443\u043f\u0435\u043d \u0432 4 \u0432\u0430\u0440\u0438\u0430\u0446\u0438\u0439 \u0446\u0432\u0435\u0442\u043e\u0432.[trim][:ro_RO]<strong>Pompa de ap\u0103 este destinat\u0103 distrac\u021biei active \u0219i vesele ale copilului!<\/strong><\/p>\n<ul>\n<li>Pompa\u021bi apa \u00een rezervorul special, care se afl\u0103 \u00een interiorul pistolului. Jetul\u00a0 ajunge la distan\u021be mari.<\/li>\n<li>Jocul cu ap\u0103 dezvolt\u0103 dexteritatea, coordonarea.\u00a0 Un mod vesel de a te r\u0103cori \u00eentr-o zi fierbinte de var\u0103.<\/li>\n<\/ul>\n<p>&nbsp;<\/p>\n<p><strong>Disponibil \u00een 4 variante de culori.<\/strong><\/p>\n","protected":false},"excerpt":{"rendered":"<p>[:ru_RU]\u0418\u0433\u0440\u0443\u0448\u0435\u0447\u043d\u044b\u0439 \u0432\u043e\u0434\u044f\u043d\u043e\u0439 \u043d\u0430\u0441\u043e\u0441 \u043f\u0440\u0435\u0434\u043d\u0430\u0437\u043d\u0430\u0447\u0435\u043d \u0434\u043b\u044f \u0430\u043a\u0442\u0438\u0432\u043d\u043e\u0433\u043e \u0438 \u0432\u0435\u0441\u0435\u043b\u043e\u0433\u043e \u0432\u0440\u0435\u043c\u044f\u043f\u0440\u043e\u0432\u043e\u0436\u0434\u0435\u043d\u0438\u044f \u0440\u0435\u0431\u0435\u043d\u043a\u0430! \u041d\u0430\u043f\u043e\u043b\u043d\u0438\u0442\u0435 \u0432\u043e\u0434\u043e\u0439 \u0441\u043f\u0435\u0446\u0438\u0430\u043b\u044c\u043d\u044b\u0439 \u0440\u0435\u0437\u0435\u0440\u0432\u0443\u0430\u0440, \u043a\u043e\u0442\u043e\u0440\u044b\u0439 \u043d\u0430\u0445\u043e\u0434\u0438\u0442\u0441\u044f \u0432 \u0441\u0442\u0432\u043e\u043b\u0435 \u043f\u0443\u0448\u043a\u0438. \u041d\u0430\u0441\u043e\u0441 \u0442\u0430\u043a \u0436\u0435 \u043e\u0442\u043b\u0438\u0447\u043d\u043e \u0441\u0442\u0440\u0435\u043b\u044f\u0435\u0442 \u043d\u0430 \u0434\u0430\u043b\u044c\u043d\u0435\u0435 \u0440\u0430\u0441\u0441\u0442\u043e\u044f\u043d\u0438\u0435. \u0418\u0433\u0440\u0430 \u0441 \u0432\u043e\u0434\u043d\u044b\u043c \u043e\u0440\u0443\u0436\u0438\u0435\u043c \u0440\u0430\u0437\u0432\u0438\u0432\u0430\u0435\u0442 \u043b\u043e\u0432\u043a\u043e\u0441\u0442\u044c, \u043a\u043e\u043e\u0440\u0434\u0438\u043d\u0430\u0446\u0438\u044e \u0434\u0432\u0438\u0436\u0435\u043d\u0438\u0439 \u0438 \u0441\u043d\u043e\u0440\u043e\u0432\u043a\u0443. \u041c\u043e\u0436\u043d\u043e \u0432 \u0438\u0433\u0440\u043e\u0432\u043e\u0439 \u0444\u043e\u0440\u043c\u0435 \u043e\u0431\u0441\u0442\u0440\u0435\u043b\u044f\u0442\u044c \u0434\u0440\u0443\u0433 \u0434\u0440\u0443\u0433\u0430 \u0432\u043e\u0434\u0438\u0447\u043a\u043e\u0439 \u0432 \u043b\u0435\u0442\u043d\u0438\u0439 \u0436\u0430\u0440\u043a\u0438\u0439 \u0434\u0435\u043d\u044c. \u0414\u043e\u0441\u0442\u0443\u043f\u0435\u043d \u0432 4 \u0432\u0430\u0440\u0438\u0430\u0446\u0438\u0439 \u0446\u0432\u0435\u0442\u043e\u0432.[trim][:ro_RO]Pompa de [&hellip;]<\/p>\n","protected":false},"featured_media":46230,"comment_status":"open","ping_status":"closed","template":"","meta":{"_acf_changed":false},"product_brand":[],"product_cat":[6700],"product_tag":[],"class_list":{"0":"post-46231","1":"product","2":"type-product","3":"status-publish","4":"has-post-thumbnail","6":"product_cat-ru_ru-dlja-igry-s-vodoj-tri","8":"first","9":"instock","10":"shipping-taxable","11":"purchasable","12":"product-type-simple"},"acf":[],"_links":{"self":[{"href":"https:\/\/minimax.md\/ru\/wp-json\/wp\/v2\/product\/46231","targetHints":{"allow":["GET"]}}],"collection":[{"href":"https:\/\/minimax.md\/ru\/wp-json\/wp\/v2\/product"}],"about":[{"href":"https:\/\/minimax.md\/ru\/wp-json\/wp\/v2\/types\/product"}],"replies":[{"embeddable":true,"href":"https:\/\/minimax.md\/ru\/wp-json\/wp\/v2\/comments?post=46231"}],"version-history":[{"count":0,"href":"https:\/\/minimax.md\/ru\/wp-json\/wp\/v2\/product\/46231\/revisions"}],"wp:featuredmedia":[{"embeddable":true,"href":"https:\/\/minimax.md\/ru\/wp-json\/wp\/v2\/media\/46230"}],"wp:attachment":[{"href":"https:\/\/minimax.md\/ru\/wp-json\/wp\/v2\/media?parent=46231"}],"wp:term":[{"taxonomy":"product_brand","embeddable":true,"href":"https:\/\/minimax.md\/ru\/wp-json\/wp\/v2\/product_brand?post=46231"},{"taxonomy":"product_cat","embeddable":true,"href":"https:\/\/minimax.md\/ru\/wp-json\/wp\/v2\/product_cat?post=46231"},{"taxonomy":"product_tag","embeddable":true,"href":"https:\/\/minimax.md\/ru\/wp-json\/wp\/v2\/product_tag?post=46231"}],"curies":[{"name":"wp","href":"https:\/\/api.w.org\/{rel}","templated":true}]}}