{"id":46323,"date":"2024-01-11T17:16:56","date_gmt":"2024-01-11T14:16:56","guid":{"rendered":"https:\/\/minimax.md\/product\/46323.html"},"modified":"2024-03-13T01:03:55","modified_gmt":"2024-03-12T22:03:55","slug":"ru_ru-support-kolennogo-sustava-trim-ro_ro-suport-elastic-pentru-genunchi","status":"publish","type":"product","link":"https:\/\/minimax.md\/ru\/product\/46323.html","title":{"rendered":"\u0421\u0443\u043f\u043f\u043e\u0440\u0442 \u043a\u043e\u043b\u0435\u043d\u043d\u043e\u0433\u043e \u0441\u0443\u0441\u0442\u0430\u0432\u0430"},"content":{"rendered":"<p>[:ru_RU]\u0421\u0443\u043f\u043f\u043e\u0440\u0442\u044b \u043a\u043e\u043b\u0435\u043d\u043d\u043e\u0433\u043e \u0441\u0443\u0441\u0442\u0430\u0432\u0430 \u0438\u0437\u0433\u043e\u0442\u043e\u0432\u043b\u0435\u043d\u044b \u0438\u0437 \u044d\u043b\u0430\u0441\u0442\u0438\u0447\u043d\u043e\u0433\u043e \u0442\u0435\u043a\u0441\u0442\u0438\u043b\u044c\u043d\u043e\u0433\u043e \u043c\u0430\u0442\u0435\u0440\u0438\u0430\u043b\u0430, \u043f\u0440\u0435\u0434\u043d\u0430\u0437\u043d\u0430\u0447\u0435\u043d\u044b \u0434\u043b\u044f \u043f\u0440\u043e\u0444\u0438\u043b\u0430\u043a\u0442\u0438\u043a\u0438 \u0440\u0430\u0441\u0442\u044f\u0436\u0435\u043d\u0438\u0439 \u0438 \u0443\u0448\u0438\u0431\u043e\u0432 \u0432\u043e \u0432\u0440\u0435\u043c\u044f \u0437\u0430\u043d\u044f\u0442\u0438\u044f \u0430\u043a\u0442\u0438\u0432\u043d\u044b\u043c\u0438 \u0444\u0438\u0437\u0438\u0447\u0435\u0441\u043a\u0438\u043c\u0438 \u0443\u043f\u0440\u0430\u0436\u043d\u0435\u043d\u0438\u044f\u043c\u0438, \u0441\u043d\u0438\u0436\u0430\u044e\u0442 \u0438\u0437\u043b\u0438\u0448\u043d\u0438\u0435 \u043d\u0430\u0433\u0440\u0443\u0437\u043a\u0438 \u043d\u0430 \u043a\u043e\u043b\u0435\u043d\u043d\u044b\u0439 \u0441\u0443\u0441\u0442\u0430\u0432, \u043d\u0435 \u0441\u043f\u043e\u043b\u0437\u0430\u044f \u043f\u0440\u0438 \u0445\u043e\u0434\u044c\u0431\u0435 \u0438\u043b\u0438 \u0443\u0441\u0438\u043b\u0435\u043d\u043d\u044b\u0445 \u0442\u0440\u0435\u043d\u0438\u0440\u043e\u0432\u043a\u0430\u0445, \u0441\u043f\u043e\u0441\u043e\u0431\u043d\u044b \u0437\u0430\u043c\u0435\u043d\u0438\u0442\u044c \u044d\u043b\u0430\u0441\u0442\u0438\u0447\u043d\u044b\u0439 \u0431\u0438\u043d\u0442. \u041d\u0435 \u043e\u0433\u0440\u0430\u043d\u0438\u0447\u0438\u0432\u0430\u044e\u0442 \u0434\u0432\u0438\u0436\u0435\u043d\u0438\u0439. \u0418\u0441\u043f\u043e\u043b\u044c\u0437\u043e\u0432\u0430\u043d\u0438\u0435 \u0441\u0443\u043f\u043f\u043e\u0440\u0442\u043e\u0432 \u0443\u0441\u043a\u043e\u0440\u044f\u0435\u0442 \u043f\u0440\u043e\u0446\u0435\u0441\u0441 \u0432\u043e\u0441\u0441\u0442\u0430\u043d\u043e\u0432\u043b\u0435\u043d\u0438\u044f \u043f\u043e\u0441\u043b\u0435 \u0442\u0440\u0430\u0432\u043c \u0438 \u043f\u0440\u0435\u0434\u043e\u0442\u0432\u0440\u0430\u0449\u0430\u044e\u0442 \u0438\u0445 \u043f\u043e\u043b\u0443\u0447\u0435\u043d\u0438\u0435.[trim][:ro_RO]Genunchiera elastic\u0103 asigur\u0103 sprijinul \u0219i sus\u021binerea necesar\u0103 \u00een caz de entorse, luxa\u021bii, efort, precum \u0219i \u00een timpul activit\u0103\u021bii sportive. Din material elastic de calitate care asigur\u0103 un sprijin eficient \u00een cazuri posttraumatice. Asigur\u0103 o presiune constant\u0103 \u0219i creeaz\u0103 o senza\u021bie de confort \u0219i siguran\u021b\u0103. Genunchierele elastice sunt recomandate pentru: dureri articulare \u0219i musculare cauzate de reumatism, suportul mu\u0219chilor \u0219i articula\u021biilor pentru sportivi \u0219i perioadele de recuperare dup\u0103 accident\u0103ri. U\u0219or de purtat, potrivit\u0103 pentru orice sport.<\/p>\n","protected":false},"excerpt":{"rendered":"<p>[:ru_RU]\u0421\u0443\u043f\u043f\u043e\u0440\u0442\u044b \u043a\u043e\u043b\u0435\u043d\u043d\u043e\u0433\u043e \u0441\u0443\u0441\u0442\u0430\u0432\u0430 \u0438\u0437\u0433\u043e\u0442\u043e\u0432\u043b\u0435\u043d\u044b \u0438\u0437 \u044d\u043b\u0430\u0441\u0442\u0438\u0447\u043d\u043e\u0433\u043e \u0442\u0435\u043a\u0441\u0442\u0438\u043b\u044c\u043d\u043e\u0433\u043e \u043c\u0430\u0442\u0435\u0440\u0438\u0430\u043b\u0430, \u043f\u0440\u0435\u0434\u043d\u0430\u0437\u043d\u0430\u0447\u0435\u043d\u044b \u0434\u043b\u044f \u043f\u0440\u043e\u0444\u0438\u043b\u0430\u043a\u0442\u0438\u043a\u0438 \u0440\u0430\u0441\u0442\u044f\u0436\u0435\u043d\u0438\u0439 \u0438 \u0443\u0448\u0438\u0431\u043e\u0432 \u0432\u043e \u0432\u0440\u0435\u043c\u044f \u0437\u0430\u043d\u044f\u0442\u0438\u044f \u0430\u043a\u0442\u0438\u0432\u043d\u044b\u043c\u0438 \u0444\u0438\u0437\u0438\u0447\u0435\u0441\u043a\u0438\u043c\u0438 \u0443\u043f\u0440\u0430\u0436\u043d\u0435\u043d\u0438\u044f\u043c\u0438, \u0441\u043d\u0438\u0436\u0430\u044e\u0442 \u0438\u0437\u043b\u0438\u0448\u043d\u0438\u0435 \u043d\u0430\u0433\u0440\u0443\u0437\u043a\u0438 \u043d\u0430 \u043a\u043e\u043b\u0435\u043d\u043d\u044b\u0439 \u0441\u0443\u0441\u0442\u0430\u0432, \u043d\u0435 \u0441\u043f\u043e\u043b\u0437\u0430\u044f \u043f\u0440\u0438 \u0445\u043e\u0434\u044c\u0431\u0435 \u0438\u043b\u0438 \u0443\u0441\u0438\u043b\u0435\u043d\u043d\u044b\u0445 \u0442\u0440\u0435\u043d\u0438\u0440\u043e\u0432\u043a\u0430\u0445, \u0441\u043f\u043e\u0441\u043e\u0431\u043d\u044b \u0437\u0430\u043c\u0435\u043d\u0438\u0442\u044c \u044d\u043b\u0430\u0441\u0442\u0438\u0447\u043d\u044b\u0439 \u0431\u0438\u043d\u0442. \u041d\u0435 \u043e\u0433\u0440\u0430\u043d\u0438\u0447\u0438\u0432\u0430\u044e\u0442 \u0434\u0432\u0438\u0436\u0435\u043d\u0438\u0439. \u0418\u0441\u043f\u043e\u043b\u044c\u0437\u043e\u0432\u0430\u043d\u0438\u0435 \u0441\u0443\u043f\u043f\u043e\u0440\u0442\u043e\u0432 \u0443\u0441\u043a\u043e\u0440\u044f\u0435\u0442 \u043f\u0440\u043e\u0446\u0435\u0441\u0441 \u0432\u043e\u0441\u0441\u0442\u0430\u043d\u043e\u0432\u043b\u0435\u043d\u0438\u044f \u043f\u043e\u0441\u043b\u0435 \u0442\u0440\u0430\u0432\u043c \u0438 \u043f\u0440\u0435\u0434\u043e\u0442\u0432\u0440\u0430\u0449\u0430\u044e\u0442 \u0438\u0445 \u043f\u043e\u043b\u0443\u0447\u0435\u043d\u0438\u0435.[trim][:ro_RO]Genunchiera elastic\u0103 asigur\u0103 sprijinul \u0219i [&hellip;]<\/p>\n","protected":false},"featured_media":46322,"comment_status":"open","ping_status":"closed","template":"","meta":{"_acf_changed":false},"product_brand":[],"product_cat":[6701],"product_tag":[],"class_list":{"0":"post-46323","1":"product","2":"type-product","3":"status-publish","4":"has-post-thumbnail","6":"product_cat-ru_ru-sportivnyj-inventar-t","8":"first","9":"instock","10":"shipping-taxable","11":"purchasable","12":"product-type-simple"},"acf":[],"_links":{"self":[{"href":"https:\/\/minimax.md\/ru\/wp-json\/wp\/v2\/product\/46323","targetHints":{"allow":["GET"]}}],"collection":[{"href":"https:\/\/minimax.md\/ru\/wp-json\/wp\/v2\/product"}],"about":[{"href":"https:\/\/minimax.md\/ru\/wp-json\/wp\/v2\/types\/product"}],"replies":[{"embeddable":true,"href":"https:\/\/minimax.md\/ru\/wp-json\/wp\/v2\/comments?post=46323"}],"version-history":[{"count":0,"href":"https:\/\/minimax.md\/ru\/wp-json\/wp\/v2\/product\/46323\/revisions"}],"wp:featuredmedia":[{"embeddable":true,"href":"https:\/\/minimax.md\/ru\/wp-json\/wp\/v2\/media\/46322"}],"wp:attachment":[{"href":"https:\/\/minimax.md\/ru\/wp-json\/wp\/v2\/media?parent=46323"}],"wp:term":[{"taxonomy":"product_brand","embeddable":true,"href":"https:\/\/minimax.md\/ru\/wp-json\/wp\/v2\/product_brand?post=46323"},{"taxonomy":"product_cat","embeddable":true,"href":"https:\/\/minimax.md\/ru\/wp-json\/wp\/v2\/product_cat?post=46323"},{"taxonomy":"product_tag","embeddable":true,"href":"https:\/\/minimax.md\/ru\/wp-json\/wp\/v2\/product_tag?post=46323"}],"curies":[{"name":"wp","href":"https:\/\/api.w.org\/{rel}","templated":true}]}}