{"id":46394,"date":"2024-01-11T17:17:07","date_gmt":"2024-01-11T14:17:07","guid":{"rendered":"https:\/\/minimax.md\/product\/46394.html"},"modified":"2024-03-06T09:04:33","modified_gmt":"2024-03-06T06:04:33","slug":"ru_ru-3d-pazl-big-ben-so-svetodiodnoj-podsvetkoj-32-jelem-trim-ro_ro-3d-puzzle-big-ben-cu-iluminare-led-32-elemente","status":"publish","type":"product","link":"https:\/\/minimax.md\/ru\/product\/46394.html","title":{"rendered":"3D \u043f\u0430\u0437\u043b \u201c\u0411\u0438\u0433 \u0411\u0435\u043d\u201d, \u0441\u043e \u0441\u0432\u0435\u0442\u043e\u0434\u0438\u043e\u0434\u043d\u043e\u0439 \u043f\u043e\u0434\u0441\u0432\u0435\u0442\u043a\u043e\u0439, 32 \u044d\u043b\u0435\u043c."},"content":{"rendered":"<p>[:ru_RU]3D \u043f\u0430\u0437\u043b \u201c\u0411\u0438\u0433 \u0411\u0435\u043d\u201d \u0441\u043e \u0441\u0432\u0435\u0442\u043e\u0434\u0438\u043e\u0434\u043d\u043e\u0439 \u043f\u043e\u0434\u0441\u0432\u0435\u0442\u043a\u043e\u0439 \u043e\u0442\u00a0 CubicFun \u043e\u0447\u0435\u043d\u044c \u0438\u043d\u0442\u0435\u0440\u0435\u0441\u043d\u0430\u044f \u0433\u043e\u043b\u043e\u0432\u043e\u043b\u043e\u043c\u043a\u0430 \u0434\u043b\u044f \u0432\u0441\u0435\u0439 \u0441\u0435\u043c\u044c\u0438.\u00a0<\/p>\n<p>\u0412\u043c\u0435\u0441\u0442\u0435 \u0441\u043e\u0431\u0438\u0440\u0430\u044f 3D \u043f\u0430\u0437\u043b \u0441\u043e \u0441\u0432\u043e\u0438\u043c\u0438 \u0434\u0435\u0442\u044c\u043c\u0438, \u0432\u044b\u00a0 \u043c\u043e\u0436\u0435\u0442\u0435 \u0438\u043c \u0440\u0430\u0441\u0441\u043a\u0430\u0437\u0430\u0442\u044c \u043e \u0442\u043e\u043c \u0447\u0442\u043e \u043e\u0444\u0438\u0446\u0438\u0430\u043b\u044c\u043d\u043e\u0435 \u043d\u0430\u0437\u0432\u0430\u043d\u0438\u0435\u00a0\u0411\u0438\u0433-\u0411\u0435\u043d\u0430\u00a0\u0431\u044b\u043b\u043e\u00a0\u00ab\u0427\u0430\u0441\u043e\u0432\u0430\u044f \u0431\u0430\u0448\u043d\u044f \u0412\u0435\u0441\u0442\u043c\u0438\u043d\u0441\u0442\u0435\u0440\u0441\u043a\u043e\u0433\u043e \u0434\u0432\u043e\u0440\u0446\u0430\u00bb.\u00a0\u0412 2012 \u0433\u043e\u0434\u0443 \u043f\u043e \u0440\u0435\u0448\u0435\u043d\u0438\u044e \u0431\u0440\u0438\u0442\u0430\u043d\u0441\u043a\u043e\u0433\u043e \u043f\u0430\u0440\u043b\u0430\u043c\u0435\u043d\u0442\u0430 \u044d\u0442\u0443 \u0434\u043e\u0441\u0442\u043e\u043f\u0440\u0438\u043c\u0435\u0447\u0430\u0442\u0435\u043b\u044c\u043d\u043e\u0441\u0442\u044c \u0410\u043d\u0433\u043b\u0438\u0438 \u043f\u0435\u0440\u0435\u0438\u043c\u0435\u043d\u043e\u0432\u0430\u043b\u0438 \u0432\u00a0\u0411\u0430\u0448\u043d\u044e \u0415\u043b\u0438\u0437\u0430\u0432\u0435\u0442\u044b (\u0432 \u0447\u0435\u0441\u0442\u044c 60-\u043b\u0435\u0442\u0438\u044f \u043f\u0440\u0430\u0432\u043b\u0435\u043d\u0438\u044f \u043a\u043e\u0440\u043e\u043b\u0435\u0432\u044b).\u00a0\u041d\u0435\u0441\u043c\u043e\u0442\u0440\u044f \u043d\u0430 \u0434\u0440\u0443\u0433\u0438\u0435 \u043d\u0430\u0438\u043c\u0435\u043d\u043e\u0432\u0430\u043d\u0438\u044f, \u0438\u043c\u044f\u00a0\u00ab\u0411\u0438\u0433-\u0411\u044d\u043d\u00bb\u00a0\u043e\u0441\u0442\u0430\u0435\u0442\u0441\u044f \u043d\u0430\u0438\u0431\u043e\u043b\u0435\u0435 \u043f\u043e\u043f\u0443\u043b\u044f\u0440\u043d\u044b\u043c \u0438 \u0438\u0441\u043f\u043e\u043b\u044c\u0437\u0443\u0435\u0442\u0441\u044f \u0434\u043b\u044f \u043e\u0431\u0449\u0435\u0433\u043e \u043e\u0431\u043e\u0437\u043d\u0430\u0447\u0435\u043d\u0438\u044f \u0431\u0430\u0448\u043d\u0438, \u0447\u0430\u0441\u043e\u0432 \u0438 \u043a\u043e\u043b\u043e\u043a\u043e\u043b\u043e\u0432.<\/p>\n<p>3D \u043f\u0430\u0437\u043b\u044b \u0443\u0434\u0438\u0432\u0438\u0442\u0435\u043b\u044c\u043d\u043e\u0435 \u0445\u043e\u0431\u0431\u0438 \u043a\u043e\u0442\u043e\u0440\u043e\u0435 \u0440\u0430\u0437\u0432\u0438\u0432\u0430\u0435\u0442 \u043d\u0435 \u0442\u043e\u043b\u044c\u043a\u043e \u043b\u043e\u0433\u0438\u0447\u0435\u0441\u043a\u043e\u0433\u043e \u043c\u044b\u0448\u043b\u0435\u043d\u0438\u044f, \u043c\u0435\u043b\u043a\u0443\u044e \u043c\u043e\u0442\u043e\u0440\u0438\u043a\u0443, \u0443\u0441\u0438\u0434\u0447\u0438\u0432\u043e\u0441\u0442\u0438 \u0438 \u0430\u043a\u043a\u0443\u0440\u0430\u0442\u043d\u043e\u0441\u0442\u044c, \u043d\u043e \u0438 \u0443\u0447\u0438\u0442 \u043c\u043d\u043e\u0433\u043e\u043c\u0443 \u0438\u043d\u0442\u0435\u0440\u0435\u0441\u043d\u043e\u043c\u0443 \u043e \u043c\u0438\u0440\u0435 \u0437\u0430 \u0432\u0435\u0441\u0435\u043b\u043e \u043f\u0440\u043e\u0432\u0435\u0434\u0435\u043d\u043d\u043e\u043c \u0432\u0440\u0435\u043c\u0435\u043d\u0438 \u0432 \u043a\u0440\u0443\u0433\u0443 \u0441\u0435\u043c\u044c\u0438.[trim][:ro_RO]<strong>Puzzle 3D \u201cBig Ben\u201d, de la CubicFun este un joc de puzzle foarte interesant pentru \u00eentreaga familie.<\/strong><\/p>\n<p>\u00cen timul jocului cu \u00a0puzzle 3D \u00eempreun\u0103 cu copiii t\u0103i, le po\u021bi povesti c\u0103<\/p>\n<p>numele oficial al turnului\u00a0<strong>Big Ben<\/strong>\u00a0era\u00a0<strong>\u201eTurnul cu ceas al Palatului Westminster\u201d<\/strong>. \u00cen 2012, prin decizia Parlamentului Britanic, acest reper al Angliei a fost redenumit\u00a0<strong>Turnul Elisabeta (\u00een cinstea anivers\u0103rii a 60 de ani de la domnia Reginei).<\/strong>\u00a0\u00cen ciuda altor nume, numele\u00a0<strong>\u201eBig Ben\u201d<\/strong>\u00a0r\u0103m\u00e2ne cel mai popular \u0219i este folosit generic pentru turn, ceas \u0219i clopote.<\/p>\n<p><strong>Puzzle-urile 3D<\/strong> sunt un hobby uimitor care dezvolt\u0103 nu numai g\u00e2ndirea logic\u0103, abilit\u0103\u021bile motorii fine, perseveren\u021ba \u0219i acurate\u021bea, dar \u00eenva\u021b\u0103 \u0219i o mul\u021bime de lucruri interesante despre univers, \u00een timp ce te distrezi cu familia ta.<\/p>\n","protected":false},"excerpt":{"rendered":"<p>[:ru_RU]3D \u043f\u0430\u0437\u043b \u201c\u0411\u0438\u0433 \u0411\u0435\u043d\u201d \u0441\u043e \u0441\u0432\u0435\u0442\u043e\u0434\u0438\u043e\u0434\u043d\u043e\u0439 \u043f\u043e\u0434\u0441\u0432\u0435\u0442\u043a\u043e\u0439 \u043e\u0442\u00a0 CubicFun \u043e\u0447\u0435\u043d\u044c \u0438\u043d\u0442\u0435\u0440\u0435\u0441\u043d\u0430\u044f \u0433\u043e\u043b\u043e\u0432\u043e\u043b\u043e\u043c\u043a\u0430 \u0434\u043b\u044f \u0432\u0441\u0435\u0439 \u0441\u0435\u043c\u044c\u0438.\u00a0 \u0412\u043c\u0435\u0441\u0442\u0435 \u0441\u043e\u0431\u0438\u0440\u0430\u044f 3D \u043f\u0430\u0437\u043b \u0441\u043e \u0441\u0432\u043e\u0438\u043c\u0438 \u0434\u0435\u0442\u044c\u043c\u0438, \u0432\u044b\u00a0 \u043c\u043e\u0436\u0435\u0442\u0435 \u0438\u043c \u0440\u0430\u0441\u0441\u043a\u0430\u0437\u0430\u0442\u044c \u043e \u0442\u043e\u043c \u0447\u0442\u043e \u043e\u0444\u0438\u0446\u0438\u0430\u043b\u044c\u043d\u043e\u0435 \u043d\u0430\u0437\u0432\u0430\u043d\u0438\u0435\u00a0\u0411\u0438\u0433-\u0411\u0435\u043d\u0430\u00a0\u0431\u044b\u043b\u043e\u00a0\u00ab\u0427\u0430\u0441\u043e\u0432\u0430\u044f \u0431\u0430\u0448\u043d\u044f \u0412\u0435\u0441\u0442\u043c\u0438\u043d\u0441\u0442\u0435\u0440\u0441\u043a\u043e\u0433\u043e \u0434\u0432\u043e\u0440\u0446\u0430\u00bb.\u00a0\u0412 2012 \u0433\u043e\u0434\u0443 \u043f\u043e \u0440\u0435\u0448\u0435\u043d\u0438\u044e \u0431\u0440\u0438\u0442\u0430\u043d\u0441\u043a\u043e\u0433\u043e \u043f\u0430\u0440\u043b\u0430\u043c\u0435\u043d\u0442\u0430 \u044d\u0442\u0443 \u0434\u043e\u0441\u0442\u043e\u043f\u0440\u0438\u043c\u0435\u0447\u0430\u0442\u0435\u043b\u044c\u043d\u043e\u0441\u0442\u044c \u0410\u043d\u0433\u043b\u0438\u0438 \u043f\u0435\u0440\u0435\u0438\u043c\u0435\u043d\u043e\u0432\u0430\u043b\u0438 \u0432\u00a0\u0411\u0430\u0448\u043d\u044e \u0415\u043b\u0438\u0437\u0430\u0432\u0435\u0442\u044b (\u0432 \u0447\u0435\u0441\u0442\u044c 60-\u043b\u0435\u0442\u0438\u044f \u043f\u0440\u0430\u0432\u043b\u0435\u043d\u0438\u044f \u043a\u043e\u0440\u043e\u043b\u0435\u0432\u044b).\u00a0\u041d\u0435\u0441\u043c\u043e\u0442\u0440\u044f \u043d\u0430 \u0434\u0440\u0443\u0433\u0438\u0435 \u043d\u0430\u0438\u043c\u0435\u043d\u043e\u0432\u0430\u043d\u0438\u044f, \u0438\u043c\u044f\u00a0\u00ab\u0411\u0438\u0433-\u0411\u044d\u043d\u00bb\u00a0\u043e\u0441\u0442\u0430\u0435\u0442\u0441\u044f [&hellip;]<\/p>\n","protected":false},"featured_media":46383,"comment_status":"open","ping_status":"closed","template":"","meta":{"_acf_changed":false},"product_brand":[],"product_cat":[6713],"product_tag":[],"class_list":{"0":"post-46394","1":"product","2":"type-product","3":"status-publish","4":"has-post-thumbnail","6":"product_cat-ru_ru-pazly-i-mozaiki-trim","8":"first","9":"instock","10":"shipping-taxable","11":"purchasable","12":"product-type-simple"},"acf":[],"_links":{"self":[{"href":"https:\/\/minimax.md\/ru\/wp-json\/wp\/v2\/product\/46394","targetHints":{"allow":["GET"]}}],"collection":[{"href":"https:\/\/minimax.md\/ru\/wp-json\/wp\/v2\/product"}],"about":[{"href":"https:\/\/minimax.md\/ru\/wp-json\/wp\/v2\/types\/product"}],"replies":[{"embeddable":true,"href":"https:\/\/minimax.md\/ru\/wp-json\/wp\/v2\/comments?post=46394"}],"version-history":[{"count":0,"href":"https:\/\/minimax.md\/ru\/wp-json\/wp\/v2\/product\/46394\/revisions"}],"wp:featuredmedia":[{"embeddable":true,"href":"https:\/\/minimax.md\/ru\/wp-json\/wp\/v2\/media\/46383"}],"wp:attachment":[{"href":"https:\/\/minimax.md\/ru\/wp-json\/wp\/v2\/media?parent=46394"}],"wp:term":[{"taxonomy":"product_brand","embeddable":true,"href":"https:\/\/minimax.md\/ru\/wp-json\/wp\/v2\/product_brand?post=46394"},{"taxonomy":"product_cat","embeddable":true,"href":"https:\/\/minimax.md\/ru\/wp-json\/wp\/v2\/product_cat?post=46394"},{"taxonomy":"product_tag","embeddable":true,"href":"https:\/\/minimax.md\/ru\/wp-json\/wp\/v2\/product_tag?post=46394"}],"curies":[{"name":"wp","href":"https:\/\/api.w.org\/{rel}","templated":true}]}}