{"id":46467,"date":"2024-01-11T17:17:34","date_gmt":"2024-01-11T14:17:34","guid":{"rendered":"https:\/\/minimax.md\/product\/46467.html"},"modified":"2024-03-13T00:32:24","modified_gmt":"2024-03-12T21:32:24","slug":"ru_ru-igrushechnyj-revolver-3-cveta-trim-ro_ro-juc-rie-pistol","status":"publish","type":"product","link":"https:\/\/minimax.md\/ru\/product\/46467.html","title":{"rendered":"\u0418\u0433\u0440\u0443\u0448\u0435\u0447\u043d\u044b\u0439 \u0440\u0435\u0432\u043e\u043b\u044c\u0432\u0435\u0440 (3 \u0446\u0432\u0435\u0442\u0430)"},"content":{"rendered":"<p>[:ru_RU]\u0418\u0433\u0440\u0430\u0442\u044c \u0432 \u0441\u0442\u0440\u0435\u043b\u044f\u043b\u043a\u0438 &#8211; \u043b\u044e\u0431\u0438\u043c\u0430\u044f \u0437\u0430\u0431\u0430\u0432\u0430 \u0434\u043b\u044f \u043c\u0430\u043b\u044c\u0447\u0438\u0448\u0435\u043a!<\/p>\n<p>\u0420\u0435\u0432\u043e\u043b\u044c\u0432\u0435\u0440 \u0434\u043e\u0431\u0430\u0432\u0438\u0442 \u0443\u0431\u0435\u0434\u0438\u0442\u0435\u043b\u044c\u043d\u043e\u0441\u0442\u0438 \u043e\u0431\u0440\u0430\u0437\u0443 \u043d\u0430\u0447\u0438\u043d\u0430\u044e\u0449\u0435\u0433\u043e \u043f\u043e\u043b\u0438\u0446\u0435\u0439\u0441\u043a\u043e\u0433\u043e \u0438\u043b\u0438 \u044e\u043d\u043e\u0433\u043e \u0430\u0433\u0435\u043d\u0442\u0430 \u0441\u043f\u0435\u0446\u0438\u0430\u043b\u044c\u043d\u043e\u0433\u043e \u043d\u0430\u0437\u043d\u0430\u0447\u0435\u043d\u0438\u044f. \u0418\u0433\u0440\u0443\u0448\u043a\u0430 \u043f\u0438\u0441\u0442\u043e\u043b\u0435\u0442 \u0441\u043f\u043e\u0441\u043e\u0431\u0441\u0442\u0432\u0443\u0435\u0442 \u0440\u0430\u0437\u0432\u0438\u0442\u0438\u044e \u043a\u043e\u043e\u0440\u0434\u0438\u043d\u0430\u0446\u0438\u0438, \u043b\u043e\u0432\u043a\u043e\u0441\u0442\u0438, \u043c\u0435\u0442\u043a\u043e\u0441\u0442\u0438 \u0438 \u0441\u043a\u043e\u0440\u043e\u0441\u0442\u0438 \u0440\u0435\u0430\u043a\u0446\u0438\u0438.[trim][:ro_RO]Jocul cu arma este distrac\u021bia preferat\u0103 pentru b\u0103ie\u021bi!<\/p>\n<p>Pistolul va ad\u0103uga credibilitate imaginii unui ofi\u021ber de poli\u021bie \u00eencep\u0103tor sau a unui t\u00e2n\u0103r agent al for\u021belor speciale. Pistolul de juc\u0103rie dezvolt\u0103 coordonarea, dexteritatea, acurate\u021bea \u0219i viteza de reac\u021bie.<\/p>\n","protected":false},"excerpt":{"rendered":"<p>[:ru_RU]\u0418\u0433\u0440\u0430\u0442\u044c \u0432 \u0441\u0442\u0440\u0435\u043b\u044f\u043b\u043a\u0438 &#8211; \u043b\u044e\u0431\u0438\u043c\u0430\u044f \u0437\u0430\u0431\u0430\u0432\u0430 \u0434\u043b\u044f \u043c\u0430\u043b\u044c\u0447\u0438\u0448\u0435\u043a! \u0420\u0435\u0432\u043e\u043b\u044c\u0432\u0435\u0440 \u0434\u043e\u0431\u0430\u0432\u0438\u0442 \u0443\u0431\u0435\u0434\u0438\u0442\u0435\u043b\u044c\u043d\u043e\u0441\u0442\u0438 \u043e\u0431\u0440\u0430\u0437\u0443 \u043d\u0430\u0447\u0438\u043d\u0430\u044e\u0449\u0435\u0433\u043e \u043f\u043e\u043b\u0438\u0446\u0435\u0439\u0441\u043a\u043e\u0433\u043e \u0438\u043b\u0438 \u044e\u043d\u043e\u0433\u043e \u0430\u0433\u0435\u043d\u0442\u0430 \u0441\u043f\u0435\u0446\u0438\u0430\u043b\u044c\u043d\u043e\u0433\u043e \u043d\u0430\u0437\u043d\u0430\u0447\u0435\u043d\u0438\u044f. \u0418\u0433\u0440\u0443\u0448\u043a\u0430 \u043f\u0438\u0441\u0442\u043e\u043b\u0435\u0442 \u0441\u043f\u043e\u0441\u043e\u0431\u0441\u0442\u0432\u0443\u0435\u0442 \u0440\u0430\u0437\u0432\u0438\u0442\u0438\u044e \u043a\u043e\u043e\u0440\u0434\u0438\u043d\u0430\u0446\u0438\u0438, \u043b\u043e\u0432\u043a\u043e\u0441\u0442\u0438, \u043c\u0435\u0442\u043a\u043e\u0441\u0442\u0438 \u0438 \u0441\u043a\u043e\u0440\u043e\u0441\u0442\u0438 \u0440\u0435\u0430\u043a\u0446\u0438\u0438.[trim][:ro_RO]Jocul cu arma este distrac\u021bia preferat\u0103 pentru b\u0103ie\u021bi! Pistolul va ad\u0103uga credibilitate imaginii unui ofi\u021ber de poli\u021bie \u00eencep\u0103tor sau a unui t\u00e2n\u0103r agent al for\u021belor speciale. Pistolul [&hellip;]<\/p>\n","protected":false},"featured_media":46466,"comment_status":"open","ping_status":"closed","template":"","meta":{"_acf_changed":false},"product_brand":[],"product_cat":[6718],"product_tag":[],"class_list":{"0":"post-46467","1":"product","2":"type-product","3":"status-publish","4":"has-post-thumbnail","6":"product_cat-ru_ru-igrushki-dlja-malchik","8":"first","9":"instock","10":"shipping-taxable","11":"purchasable","12":"product-type-simple"},"acf":[],"_links":{"self":[{"href":"https:\/\/minimax.md\/ru\/wp-json\/wp\/v2\/product\/46467","targetHints":{"allow":["GET"]}}],"collection":[{"href":"https:\/\/minimax.md\/ru\/wp-json\/wp\/v2\/product"}],"about":[{"href":"https:\/\/minimax.md\/ru\/wp-json\/wp\/v2\/types\/product"}],"replies":[{"embeddable":true,"href":"https:\/\/minimax.md\/ru\/wp-json\/wp\/v2\/comments?post=46467"}],"version-history":[{"count":0,"href":"https:\/\/minimax.md\/ru\/wp-json\/wp\/v2\/product\/46467\/revisions"}],"wp:featuredmedia":[{"embeddable":true,"href":"https:\/\/minimax.md\/ru\/wp-json\/wp\/v2\/media\/46466"}],"wp:attachment":[{"href":"https:\/\/minimax.md\/ru\/wp-json\/wp\/v2\/media?parent=46467"}],"wp:term":[{"taxonomy":"product_brand","embeddable":true,"href":"https:\/\/minimax.md\/ru\/wp-json\/wp\/v2\/product_brand?post=46467"},{"taxonomy":"product_cat","embeddable":true,"href":"https:\/\/minimax.md\/ru\/wp-json\/wp\/v2\/product_cat?post=46467"},{"taxonomy":"product_tag","embeddable":true,"href":"https:\/\/minimax.md\/ru\/wp-json\/wp\/v2\/product_tag?post=46467"}],"curies":[{"name":"wp","href":"https:\/\/api.w.org\/{rel}","templated":true}]}}