{"id":46556,"date":"2024-01-11T17:17:43","date_gmt":"2024-01-11T14:17:43","guid":{"rendered":"https:\/\/minimax.md\/product\/46556.html"},"modified":"2024-03-13T00:32:42","modified_gmt":"2024-03-12T21:32:42","slug":"ru_ru-mylnye-puzyri-delfin-palochka-14-sm-trim-ro_ro-bule-de-s-pun-delfin-baston-14-cm","status":"publish","type":"product","link":"https:\/\/minimax.md\/ru\/product\/46556.html","title":{"rendered":"\u041c\u044b\u043b\u044c\u043d\u044b\u0435 \u043f\u0443\u0437\u044b\u0440\u0438 \"\u0414\u0435\u043b\u044c\u0444\u0438\u043d \u043f\u0430\u043b\u043e\u0447\u043a\u0430\", 14 \u0441\u043c"},"content":{"rendered":"<p>[:ru_RU]\u041c\u044b\u043b\u044c\u043d\u044b\u0435 \u043f\u0443\u0437\u044b\u0440\u0438\u00a0 \u2013 \u044d\u0442\u043e \u043e\u0442\u043b\u0438\u0447\u043d\u043e\u0435 \u0440\u0430\u0437\u0432\u043b\u0435\u0447\u0435\u043d\u0438\u0435\u00a0 \u0434\u043b\u044f \u0434\u0435\u0442\u0435\u0439 \u0438 \u0432\u0437\u0440\u043e\u0441\u043b\u044b\u0445, \u0430 \u0442\u0430\u043a\u0436\u0435 \u0430\u043a\u0442\u0438\u0432\u043d\u044b\u0439 \u0438 \u043e\u0447\u0435\u043d\u044c \u0432\u0435\u0441\u0435\u043b\u044b\u0439 \u0434\u043e\u0441\u0443\u0433.<\/p>\n<p>\u041f\u0440\u043e\u0441\u0442\u0430\u044f \u0438\u0433\u0440\u0430 \u0441\u043f\u043e\u0441\u043e\u0431\u043d\u0430 \u0437\u0430\u0440\u044f\u0434\u0438\u0442\u044c \u0412\u0430\u0441 \u0438 \u043d\u0430\u0441\u0442\u0440\u043e\u0438\u0442\u044c \u043d\u0430 \u0445\u043e\u0440\u043e\u0448\u0435\u0435 \u043d\u0430\u0441\u0442\u0440\u043e\u0435\u043d\u0438\u0435. \u0412\u044b \u043c\u043e\u0436\u0435\u0442\u0435 \u043f\u0440\u0438\u0434\u0443\u043c\u0430\u0442\u044c \u0434\u0435\u0441\u044f\u0442\u043e\u043a \u0438\u0433\u0440 \u0438\u043b\u0438 \u043f\u0440\u043e\u0441\u0442\u043e \u043d\u0430\u0431\u043b\u044e\u0434\u0430\u0442\u044c \u0437\u0430 \u0434\u0432\u0438\u0436\u0435\u043d\u0438\u0435\u043c \u0440\u0430\u0437\u043d\u043e\u0446\u0432\u0435\u0442\u043d\u044b\u0445 \u043c\u044b\u043b\u044c\u043d\u044b\u0445 \u0448\u0430\u0440\u043e\u0432.<\/p>\n<p>&nbsp;<\/p>\n<p>&nbsp;[trim][:ro_RO]<strong>Baloanele de s\u0103pun <\/strong>\u00a0este o distrac\u021bie excelent\u0103 pentru copii \u0219i adul\u021bi, precum \u0219i un timp activ \u0219i foarte distractiv petrecut \u00eempreuna.<\/p>\n<p>Un simplu joc simplu te poate \u00eenc\u0103rca de energie pozitiv\u0103. Pute\u021bi descoperi o mul\u021bime de jocuri sau pur \u0219i simplu s\u0103 urm\u0103ri\u021bi mi\u0219carea baloanelor de s\u0103pun colorate.<\/p>\n<p>&nbsp;<\/p>\n","protected":false},"excerpt":{"rendered":"<p>[:ru_RU]\u041c\u044b\u043b\u044c\u043d\u044b\u0435 \u043f\u0443\u0437\u044b\u0440\u0438\u00a0 \u2013 \u044d\u0442\u043e \u043e\u0442\u043b\u0438\u0447\u043d\u043e\u0435 \u0440\u0430\u0437\u0432\u043b\u0435\u0447\u0435\u043d\u0438\u0435\u00a0 \u0434\u043b\u044f \u0434\u0435\u0442\u0435\u0439 \u0438 \u0432\u0437\u0440\u043e\u0441\u043b\u044b\u0445, \u0430 \u0442\u0430\u043a\u0436\u0435 \u0430\u043a\u0442\u0438\u0432\u043d\u044b\u0439 \u0438 \u043e\u0447\u0435\u043d\u044c \u0432\u0435\u0441\u0435\u043b\u044b\u0439 \u0434\u043e\u0441\u0443\u0433. \u041f\u0440\u043e\u0441\u0442\u0430\u044f \u0438\u0433\u0440\u0430 \u0441\u043f\u043e\u0441\u043e\u0431\u043d\u0430 \u0437\u0430\u0440\u044f\u0434\u0438\u0442\u044c \u0412\u0430\u0441 \u0438 \u043d\u0430\u0441\u0442\u0440\u043e\u0438\u0442\u044c \u043d\u0430 \u0445\u043e\u0440\u043e\u0448\u0435\u0435 \u043d\u0430\u0441\u0442\u0440\u043e\u0435\u043d\u0438\u0435. \u0412\u044b \u043c\u043e\u0436\u0435\u0442\u0435 \u043f\u0440\u0438\u0434\u0443\u043c\u0430\u0442\u044c \u0434\u0435\u0441\u044f\u0442\u043e\u043a \u0438\u0433\u0440 \u0438\u043b\u0438 \u043f\u0440\u043e\u0441\u0442\u043e \u043d\u0430\u0431\u043b\u044e\u0434\u0430\u0442\u044c \u0437\u0430 \u0434\u0432\u0438\u0436\u0435\u043d\u0438\u0435\u043c \u0440\u0430\u0437\u043d\u043e\u0446\u0432\u0435\u0442\u043d\u044b\u0445 \u043c\u044b\u043b\u044c\u043d\u044b\u0445 \u0448\u0430\u0440\u043e\u0432. &nbsp; &nbsp;[trim][:ro_RO]Baloanele de s\u0103pun \u00a0este o distrac\u021bie excelent\u0103 pentru copii \u0219i adul\u021bi, precum \u0219i un [&hellip;]<\/p>\n","protected":false},"featured_media":46554,"comment_status":"open","ping_status":"closed","template":"","meta":{"_acf_changed":false},"product_brand":[],"product_cat":[6699],"product_tag":[],"class_list":{"0":"post-46556","1":"product","2":"type-product","3":"status-publish","4":"has-post-thumbnail","6":"product_cat-ru_ru-mjachi-i-shary-trim-r","8":"first","9":"instock","10":"shipping-taxable","11":"purchasable","12":"product-type-simple"},"acf":[],"_links":{"self":[{"href":"https:\/\/minimax.md\/ru\/wp-json\/wp\/v2\/product\/46556","targetHints":{"allow":["GET"]}}],"collection":[{"href":"https:\/\/minimax.md\/ru\/wp-json\/wp\/v2\/product"}],"about":[{"href":"https:\/\/minimax.md\/ru\/wp-json\/wp\/v2\/types\/product"}],"replies":[{"embeddable":true,"href":"https:\/\/minimax.md\/ru\/wp-json\/wp\/v2\/comments?post=46556"}],"version-history":[{"count":0,"href":"https:\/\/minimax.md\/ru\/wp-json\/wp\/v2\/product\/46556\/revisions"}],"wp:featuredmedia":[{"embeddable":true,"href":"https:\/\/minimax.md\/ru\/wp-json\/wp\/v2\/media\/46554"}],"wp:attachment":[{"href":"https:\/\/minimax.md\/ru\/wp-json\/wp\/v2\/media?parent=46556"}],"wp:term":[{"taxonomy":"product_brand","embeddable":true,"href":"https:\/\/minimax.md\/ru\/wp-json\/wp\/v2\/product_brand?post=46556"},{"taxonomy":"product_cat","embeddable":true,"href":"https:\/\/minimax.md\/ru\/wp-json\/wp\/v2\/product_cat?post=46556"},{"taxonomy":"product_tag","embeddable":true,"href":"https:\/\/minimax.md\/ru\/wp-json\/wp\/v2\/product_tag?post=46556"}],"curies":[{"name":"wp","href":"https:\/\/api.w.org\/{rel}","templated":true}]}}