{"id":46565,"date":"2024-01-11T17:17:44","date_gmt":"2024-01-11T14:17:44","guid":{"rendered":"https:\/\/minimax.md\/product\/46565.html"},"modified":"2024-03-13T00:32:54","modified_gmt":"2024-03-12T21:32:54","slug":"ru_ru-vetrjachok-cvetochek-trim-ro_ro-mori-c-de-v-nt-floare","status":"publish","type":"product","link":"https:\/\/minimax.md\/ru\/product\/46565.html","title":{"rendered":"\u0412\u0435\u0442\u0440\u044f\u0447\u043e\u043a \"\u0426\u0432\u0435\u0442\u043e\u0447\u0435\u043a\""},"content":{"rendered":"<p>[:ru_RU]\u042f\u0440\u043a\u0430\u044f, \u043a\u0440\u0430\u0441\u043e\u0447\u043d\u0430\u044f \u0432\u0435\u0442\u0440\u044f\u043d\u0430\u044f \u043c\u0435\u043b\u044c\u043d\u0438\u0446\u0430.<br \/>\n\u0418\u0433\u0440\u0443\u0448\u043a\u0430 \u0441\u043e\u0441\u0442\u043e\u0438\u0442 \u0438\u0437 \u043e\u0441\u043d\u043e\u0432\u044b \u0432 \u0432\u0438\u0434\u0435 \u0446\u0432\u0435\u0442\u043e\u0447\u043a\u0430-\u0432\u0435\u0440\u0442\u0443\u0448\u043a\u0438, \u043a\u0440\u0430\u0441\u043e\u0447\u043d\u043e\u0439 \u0441\u0435\u0440\u0435\u0434\u0438\u043d\u043a\u0438 \u043d\u0430 \u043f\u0440\u0443\u0436\u0438\u043d\u043a\u0435 \u0438 \u043f\u0430\u043b\u043e\u0447\u043a\u0438.<br \/>\n\u041f\u0440\u0438 \u0434\u0443\u043d\u043e\u0432\u0435\u043d\u0438\u0438 \u0432\u0435\u0442\u0440\u0430 &#8211; \u0432\u0435\u0440\u0442\u0443\u0448\u043a\u0430 \u0431\u0443\u0434\u0435\u0442 \u0431\u044b\u0441\u0442\u0440\u043e \u043a\u0440\u0443\u0442\u0438\u0442\u044c\u0441\u044f \u0432\u043e\u043a\u0440\u0443\u0433 \u0441\u0435\u0440\u0435\u0434\u0438\u043d\u043a\u0438.[trim][:ro_RO]<strong>Mori\u0219c\u0103 de v\u00e2nt str\u0103lucitoare \u0219i colorat\u0103.<\/strong><\/p>\n<p>Juc\u0103ria const\u0103 dintr-o\u00a0 roat\u0103-floare cu centru care este bine fixat\u0103 pe un tub.<\/p>\n<p>C\u00e2nd bate v\u00e2ntul, spinnerul se va \u00eenv\u00e2rti rapid \u00een jurul mijlocului.<\/p>\n","protected":false},"excerpt":{"rendered":"<p>[:ru_RU]\u042f\u0440\u043a\u0430\u044f, \u043a\u0440\u0430\u0441\u043e\u0447\u043d\u0430\u044f \u0432\u0435\u0442\u0440\u044f\u043d\u0430\u044f \u043c\u0435\u043b\u044c\u043d\u0438\u0446\u0430. \u0418\u0433\u0440\u0443\u0448\u043a\u0430 \u0441\u043e\u0441\u0442\u043e\u0438\u0442 \u0438\u0437 \u043e\u0441\u043d\u043e\u0432\u044b \u0432 \u0432\u0438\u0434\u0435 \u0446\u0432\u0435\u0442\u043e\u0447\u043a\u0430-\u0432\u0435\u0440\u0442\u0443\u0448\u043a\u0438, \u043a\u0440\u0430\u0441\u043e\u0447\u043d\u043e\u0439 \u0441\u0435\u0440\u0435\u0434\u0438\u043d\u043a\u0438 \u043d\u0430 \u043f\u0440\u0443\u0436\u0438\u043d\u043a\u0435 \u0438 \u043f\u0430\u043b\u043e\u0447\u043a\u0438. \u041f\u0440\u0438 \u0434\u0443\u043d\u043e\u0432\u0435\u043d\u0438\u0438 \u0432\u0435\u0442\u0440\u0430 &#8211; \u0432\u0435\u0440\u0442\u0443\u0448\u043a\u0430 \u0431\u0443\u0434\u0435\u0442 \u0431\u044b\u0441\u0442\u0440\u043e \u043a\u0440\u0443\u0442\u0438\u0442\u044c\u0441\u044f \u0432\u043e\u043a\u0440\u0443\u0433 \u0441\u0435\u0440\u0435\u0434\u0438\u043d\u043a\u0438.[trim][:ro_RO]Mori\u0219c\u0103 de v\u00e2nt str\u0103lucitoare \u0219i colorat\u0103. Juc\u0103ria const\u0103 dintr-o\u00a0 roat\u0103-floare cu centru care este bine fixat\u0103 pe un tub. C\u00e2nd bate v\u00e2ntul, spinnerul se va \u00eenv\u00e2rti rapid \u00een jurul [&hellip;]<\/p>\n","protected":false},"featured_media":46563,"comment_status":"open","ping_status":"closed","template":"","meta":{"_acf_changed":false},"product_brand":[],"product_cat":[6826],"product_tag":[],"class_list":{"0":"post-46565","1":"product","2":"type-product","3":"status-publish","4":"has-post-thumbnail","6":"product_cat-ru_ru-aktivnye-igry-trim-ro","8":"first","9":"instock","10":"shipping-taxable","11":"purchasable","12":"product-type-simple"},"acf":[],"_links":{"self":[{"href":"https:\/\/minimax.md\/ru\/wp-json\/wp\/v2\/product\/46565","targetHints":{"allow":["GET"]}}],"collection":[{"href":"https:\/\/minimax.md\/ru\/wp-json\/wp\/v2\/product"}],"about":[{"href":"https:\/\/minimax.md\/ru\/wp-json\/wp\/v2\/types\/product"}],"replies":[{"embeddable":true,"href":"https:\/\/minimax.md\/ru\/wp-json\/wp\/v2\/comments?post=46565"}],"version-history":[{"count":0,"href":"https:\/\/minimax.md\/ru\/wp-json\/wp\/v2\/product\/46565\/revisions"}],"wp:featuredmedia":[{"embeddable":true,"href":"https:\/\/minimax.md\/ru\/wp-json\/wp\/v2\/media\/46563"}],"wp:attachment":[{"href":"https:\/\/minimax.md\/ru\/wp-json\/wp\/v2\/media?parent=46565"}],"wp:term":[{"taxonomy":"product_brand","embeddable":true,"href":"https:\/\/minimax.md\/ru\/wp-json\/wp\/v2\/product_brand?post=46565"},{"taxonomy":"product_cat","embeddable":true,"href":"https:\/\/minimax.md\/ru\/wp-json\/wp\/v2\/product_cat?post=46565"},{"taxonomy":"product_tag","embeddable":true,"href":"https:\/\/minimax.md\/ru\/wp-json\/wp\/v2\/product_tag?post=46565"}],"curies":[{"name":"wp","href":"https:\/\/api.w.org\/{rel}","templated":true}]}}