{"id":46580,"date":"2024-01-11T17:17:46","date_gmt":"2024-01-11T14:17:46","guid":{"rendered":"https:\/\/minimax.md\/product\/46580.html"},"modified":"2024-03-13T00:32:24","modified_gmt":"2024-03-12T21:32:24","slug":"ru_ru-vozdushnyj-tir-strelba-po-parjashhim-sharikam-usb-svetitsja-v-temnote-trim-ro_ro-tir-cu-ventilator-inte-te-bila-n-aer-usb-lumineaz-n-ntuneric","status":"publish","type":"product","link":"https:\/\/minimax.md\/ru\/product\/46580.html","title":{"rendered":"\u0412\u043e\u0437\u0434\u0443\u0448\u043d\u044b\u0439 \u0442\u0438\u0440 \"\u0421\u0442\u0440\u0435\u043b\u044c\u0431\u0430 \u043f\u043e \u043f\u0430\u0440\u044f\u0449\u0438\u043c \u0448\u0430\u0440\u0438\u043a\u0430\u043c\", USB, \u0441\u0432\u0435\u0442\u0438\u0442\u0441\u044f \u0432 \u0442\u0435\u043c\u043d\u043e\u0442\u0435"},"content":{"rendered":"<p>[:ru_RU]\u0418\u043d\u0442\u0435\u0440\u0430\u043a\u0442\u0438\u0432\u043d\u0430\u044f \u0438\u0433\u0440\u0430 \u0412\u043e\u0437\u0434\u0443\u0448\u043d\u044b\u0439 \u0442\u0438\u0440, \u043f\u0438\u0441\u0442\u043e\u043b\u0435\u0442 \u0441 \u0434\u0440\u043e\u0442\u0438\u043a\u0430\u043c\u0438 \u0438 \u043b\u0435\u0442\u0430\u044e\u0449\u0438\u0435 \u043c\u0438\u0448\u0435\u043d\u0438<\/p>\n<p>\u0412\u043a\u043b\u044e\u0447\u0438\u0442\u0435 \u0432\u0435\u043d\u0442\u0438\u043b\u044f\u0442\u043e\u0440 \u0438 \u0430\u043a\u043a\u0443\u0440\u0430\u0442\u043d\u043e \u043f\u043e\u043c\u0435\u0441\u0442\u0438\u0442\u0435 \u043e\u0434\u0438\u043d \u0438\u0437 \u0448\u0430\u0440\u0438\u043a\u043e\u0432 \u0438\u0437 \u043f\u0435\u043d\u043e\u043f\u043b\u0430\u0441\u0442\u0430 \u043d\u0430\u0434 \u043a\u0430\u0436\u0434\u044b\u043c \u0438\u0437 \u043f\u044f\u0442\u0438 \u0432\u0438\u0445\u0440\u0435\u0439. \u041a\u0430\u043a \u043f\u043e \u0432\u043e\u043b\u0448\u0435\u0431\u0441\u0442\u0432\u0443 \u043e\u043d\u0438 \u043c\u0433\u043d\u043e\u0432\u0435\u043d\u043d\u043e \u043d\u0430\u0447\u0438\u043d\u0430\u044e\u0442 \u0437\u0430\u0432\u0438\u0441\u0430\u0442\u044c \u0432 \u0432\u043e\u0437\u0434\u0443\u0445\u0435.<\/p>\n<p>\u0412\u043e\u0437\u044c\u043c\u0438\u0442\u0435 \u043f\u0438\u0441\u0442\u043e\u043b\u0435\u0442 \u0438 \u0437\u0430\u0433\u0440\u0443\u0437\u0438\u0442\u0435 \u0432 \u043d\u0435\u0433\u043e \u043e\u0434\u0438\u043d \u0438\u0437 \u043f\u0435\u043d\u043d\u044b\u0445 \u0434\u0440\u043e\u0442\u0438\u043a\u043e\u0432. \u041f\u043e\u0442\u044f\u043d\u0438\u0442\u0435, \u00a0\u0446\u0435\u043b\u0438\u0442\u0435\u0441\u044c \u0441 \u043f\u043e\u043c\u043e\u0449\u044c\u044e \u0432\u0441\u0442\u0440\u043e\u0435\u043d\u043d\u044b\u0445 \u043f\u0440\u0438\u0446\u0435\u043b\u043e\u0432.<br \/>\n\u0412\u043e\u0437\u0434\u0443\u0448\u043d\u044b\u0439 \u0442\u0438\u0440\u2014 \u044d\u0442\u043e \u043d\u0435\u0432\u0435\u0440\u043e\u044f\u0442\u043d\u043e\u0435 \u043f\u0440\u0438\u043a\u043b\u044e\u0447\u0435\u043d\u0438\u0435 \u0434\u043b\u044f \u0441\u0442\u0440\u0435\u043b\u043a\u043e\u0432 \u0432\u0441\u0435\u0445 \u0432\u043e\u0437\u0440\u0430\u0441\u0442\u043e\u0432.<br \/>\n\u0418\u0433\u0440\u0430 \u043f\u043e\u043c\u043e\u0433\u0430\u0435\u0442 \u0440\u0430\u0437\u0432\u0438\u0442\u044c \u0443 \u0440\u0435\u0431\u0435\u043d\u043a\u0430 \u043c\u043d\u043e\u0433\u043e \u0441\u043f\u043e\u0441\u043e\u0431\u043d\u043e\u0441\u0442\u0435\u0439 \u2014 \u043f\u043e\u043c\u043e\u0436\u0435\u0442 \u0443\u043b\u0443\u0447\u0448\u0438\u0442\u044c \u0437\u0440\u0438\u0442\u0435\u043b\u044c\u043d\u043e\u0435 \u043f\u0440\u043e\u0441\u0442\u0440\u0430\u043d\u0441\u0442\u0432\u043e \u0438 \u0440\u0430\u0437\u0432\u0438\u0442\u044c \u043a\u043e\u043e\u0440\u0434\u0438\u043d\u0430\u0446\u0438\u044e \u0440\u0443\u043a \u0438 \u0433\u043b\u0430\u0437. \u0410 \u0442\u0430\u043a\u0436\u0435 \u043f\u043e\u043c\u043e\u0436\u0435\u0442 \u0443\u043b\u0443\u0447\u0448\u0438\u0442\u044c \u043a\u043e\u043d\u0446\u0435\u043d\u0442\u0440\u0430\u0446\u0438\u044e \u0432\u043d\u0438\u043c\u0430\u043d\u0438\u044f.<\/p>\n<p>\u0420\u0430\u0431\u043e\u0442\u0430\u0435\u0442 \u043e\u0442 4-\u0445 \u0410\u0410 \u0431\u0430\u0442\u0430\u0440\u0435\u0435\u043a (\u0431\u0430\u0442\u0430\u0440\u0435\u0439\u043a\u0438 \u043d\u0435 \u0432\u0445\u043e\u0434\u044f\u0442 \u0432 \u043a\u043e\u043c\u043f\u043b\u0435\u043a\u0442) \u0438\u043b\u0438 USB-\u0448\u043d\u0443\u0440\u0430.<\/p>\n<p>\u041a\u043e\u043c\u043f\u043b\u0435\u043a\u0442\u0430\u0446\u0438\u044f:<\/p>\n<p> \t1 \u0445 \u0431\u043b\u0430\u0441\u0442\u0435\u0440 \u043f\u0438\u0441\u0442\u043e\u043b\u0435\u0442 (\u0446\u0432\u0435\u0442 \u0432 \u0430\u0441\u0441\u043e\u0440\u0442\u0438\u043c\u0435\u043d\u0442\u0435: \u0431\u0435\u043b\u044b\u0439 \u0438\u043b\u0438 \u0441\u0438\u043d\u0438\u0439)<br \/>\n \t1 \u0445\u00a0 &#8211; \u0431\u0430\u0437\u0430 \u0441 \u0432\u0441\u0442\u0440\u043e\u0435\u043d\u043d\u044b\u043c \u0432\u0435\u043d\u0442\u0438\u043b\u044f\u0442\u043e\u0440\u043e\u043c<br \/>\n \t10 x \u043f\u0435\u043d\u043d\u044b\u0445 \u0434\u0440\u043e\u0442\u0438\u043a\u043e\u0432<br \/>\n \t10 \u043f\u043b\u0430\u0432\u0443\u0447\u0438\u0445 \u0448\u0430\u0440\u0438\u043a\u043e\u0432<br \/>\n \t\u00a0\u043a\u0430\u0431\u0435\u043b\u044c USB[trim][:ro_RO]<strong>Tirul cu ventilator \u201e\u021ainte\u0219te bila \u00een aer\u201d este un joc \u00een care este necesar s\u0103 \u021binte\u0219ti in mingile care plutesc \u00een aer.<\/strong><\/p>\n<p>Porni\u021bi ventilatorul \u0219i pune\u021bi cu grij\u0103 una dintre bile de polistiren peste fiecare dintre cele cinci vortexuri. Ca prin magie, \u00eencep instantaneu s\u0103 pluteasc\u0103 \u00een aer.<\/p>\n<p>Lua\u021bi pistolul \u0219i \u00eenc\u0103rca\u021bi \u00een el una dintre s\u0103ge\u021bi. \u021ainti\u021bi \u0219i trage\u021bi.<br \/>\n<strong>Tirul cu ventilator<\/strong> este un joc incredibil pentru copila\u0219ii de toate v\u00e2rstele.<br \/>\nJocul ajut\u0103 la dezvoltarea numeroaselor abilit\u0103\u021bi ale unui copil &#8211;\u00a0 \u00eembun\u0103t\u0103\u021birea spa\u021biului vizual, dezvoltarea coordon\u0103rii ochi-m\u00e2n\u0103. De asemenea, va ajuta la \u00eembun\u0103t\u0103\u021birea concentr\u0103rii.<\/p>\n<p><strong>Func\u021bioneaz\u0103 cu 4 baterii AA (baterii nu sunt incluse) sau cablu USB.<\/strong><\/p>\n<p><strong>\u00cen set:<\/strong><\/p>\n<ul>\n<li>1 x pistol blaster (culori asortate: alb sau albastru)<\/li>\n<li>1 x &#8211; baz\u0103 cu ventilator \u00eencorporat<\/li>\n<li>10 x s\u0103ge\u021bi din spum\u0103<\/li>\n<li>10 bile<\/li>\n<li>cablu USB<\/li>\n<\/ul>\n","protected":false},"excerpt":{"rendered":"<p>[:ru_RU]\u0418\u043d\u0442\u0435\u0440\u0430\u043a\u0442\u0438\u0432\u043d\u0430\u044f \u0438\u0433\u0440\u0430 \u0412\u043e\u0437\u0434\u0443\u0448\u043d\u044b\u0439 \u0442\u0438\u0440, \u043f\u0438\u0441\u0442\u043e\u043b\u0435\u0442 \u0441 \u0434\u0440\u043e\u0442\u0438\u043a\u0430\u043c\u0438 \u0438 \u043b\u0435\u0442\u0430\u044e\u0449\u0438\u0435 \u043c\u0438\u0448\u0435\u043d\u0438 \u0412\u043a\u043b\u044e\u0447\u0438\u0442\u0435 \u0432\u0435\u043d\u0442\u0438\u043b\u044f\u0442\u043e\u0440 \u0438 \u0430\u043a\u043a\u0443\u0440\u0430\u0442\u043d\u043e \u043f\u043e\u043c\u0435\u0441\u0442\u0438\u0442\u0435 \u043e\u0434\u0438\u043d \u0438\u0437 \u0448\u0430\u0440\u0438\u043a\u043e\u0432 \u0438\u0437 \u043f\u0435\u043d\u043e\u043f\u043b\u0430\u0441\u0442\u0430 \u043d\u0430\u0434 \u043a\u0430\u0436\u0434\u044b\u043c \u0438\u0437 \u043f\u044f\u0442\u0438 \u0432\u0438\u0445\u0440\u0435\u0439. \u041a\u0430\u043a \u043f\u043e \u0432\u043e\u043b\u0448\u0435\u0431\u0441\u0442\u0432\u0443 \u043e\u043d\u0438 \u043c\u0433\u043d\u043e\u0432\u0435\u043d\u043d\u043e \u043d\u0430\u0447\u0438\u043d\u0430\u044e\u0442 \u0437\u0430\u0432\u0438\u0441\u0430\u0442\u044c \u0432 \u0432\u043e\u0437\u0434\u0443\u0445\u0435. \u0412\u043e\u0437\u044c\u043c\u0438\u0442\u0435 \u043f\u0438\u0441\u0442\u043e\u043b\u0435\u0442 \u0438 \u0437\u0430\u0433\u0440\u0443\u0437\u0438\u0442\u0435 \u0432 \u043d\u0435\u0433\u043e \u043e\u0434\u0438\u043d \u0438\u0437 \u043f\u0435\u043d\u043d\u044b\u0445 \u0434\u0440\u043e\u0442\u0438\u043a\u043e\u0432. \u041f\u043e\u0442\u044f\u043d\u0438\u0442\u0435, \u00a0\u0446\u0435\u043b\u0438\u0442\u0435\u0441\u044c \u0441 \u043f\u043e\u043c\u043e\u0449\u044c\u044e \u0432\u0441\u0442\u0440\u043e\u0435\u043d\u043d\u044b\u0445 \u043f\u0440\u0438\u0446\u0435\u043b\u043e\u0432. \u0412\u043e\u0437\u0434\u0443\u0448\u043d\u044b\u0439 \u0442\u0438\u0440\u2014 \u044d\u0442\u043e \u043d\u0435\u0432\u0435\u0440\u043e\u044f\u0442\u043d\u043e\u0435 \u043f\u0440\u0438\u043a\u043b\u044e\u0447\u0435\u043d\u0438\u0435 [&hellip;]<\/p>\n","protected":false},"featured_media":46571,"comment_status":"open","ping_status":"closed","template":"","meta":{"_acf_changed":false},"product_brand":[],"product_cat":[6718],"product_tag":[],"class_list":{"0":"post-46580","1":"product","2":"type-product","3":"status-publish","4":"has-post-thumbnail","6":"product_cat-ru_ru-igrushki-dlja-malchik","8":"first","9":"instock","10":"shipping-taxable","11":"purchasable","12":"product-type-simple"},"acf":[],"_links":{"self":[{"href":"https:\/\/minimax.md\/ru\/wp-json\/wp\/v2\/product\/46580","targetHints":{"allow":["GET"]}}],"collection":[{"href":"https:\/\/minimax.md\/ru\/wp-json\/wp\/v2\/product"}],"about":[{"href":"https:\/\/minimax.md\/ru\/wp-json\/wp\/v2\/types\/product"}],"replies":[{"embeddable":true,"href":"https:\/\/minimax.md\/ru\/wp-json\/wp\/v2\/comments?post=46580"}],"version-history":[{"count":0,"href":"https:\/\/minimax.md\/ru\/wp-json\/wp\/v2\/product\/46580\/revisions"}],"wp:featuredmedia":[{"embeddable":true,"href":"https:\/\/minimax.md\/ru\/wp-json\/wp\/v2\/media\/46571"}],"wp:attachment":[{"href":"https:\/\/minimax.md\/ru\/wp-json\/wp\/v2\/media?parent=46580"}],"wp:term":[{"taxonomy":"product_brand","embeddable":true,"href":"https:\/\/minimax.md\/ru\/wp-json\/wp\/v2\/product_brand?post=46580"},{"taxonomy":"product_cat","embeddable":true,"href":"https:\/\/minimax.md\/ru\/wp-json\/wp\/v2\/product_cat?post=46580"},{"taxonomy":"product_tag","embeddable":true,"href":"https:\/\/minimax.md\/ru\/wp-json\/wp\/v2\/product_tag?post=46580"}],"curies":[{"name":"wp","href":"https:\/\/api.w.org\/{rel}","templated":true}]}}