{"id":46620,"date":"2024-01-11T17:17:55","date_gmt":"2024-01-11T14:17:55","guid":{"rendered":"https:\/\/minimax.md\/product\/46620.html"},"modified":"2024-03-13T00:32:24","modified_gmt":"2024-03-12T21:32:24","slug":"ru_ru-derevjannyj-kukolnyj-domik-s-aksessuarami-trim-ro_ro-cas-din-lemn-cu-accesorii","status":"publish","type":"product","link":"https:\/\/minimax.md\/ru\/product\/46620.html","title":{"rendered":"\u0414\u0435\u0440\u0435\u0432\u044f\u043d\u043d\u044b\u0439 \u043a\u0443\u043a\u043e\u043b\u044c\u043d\u044b\u0439 \u0434\u043e\u043c\u0438\u043a \u0441 \u0430\u043a\u0441\u0435\u0441\u0441\u0443\u0430\u0440\u0430\u043c\u0438"},"content":{"rendered":"<p>[:ru_RU]\u041a\u043b\u0430\u0441\u0441\u0438\u0447\u0435\u0441\u043a\u0438\u0439 \u0434\u0435\u0440\u0435\u0432\u044f\u043d\u043d\u044b\u0439 \u043a\u0443\u043a\u043e\u043b\u044c\u043d\u044b\u0439 \u0434\u043e\u043c\u0438\u043a \u0438\u0437\u0433\u043e\u0442\u043e\u0432\u043b\u0435\u043d \u0438\u0437 \u043a\u0430\u0447\u0435\u0441\u0442\u0432\u0435\u043d\u043d\u043e\u0433\u043e \u0434\u0435\u0440\u0435\u0432\u044f\u043d\u043d\u043e\u0433\u043e \u043a\u0430\u0440\u043a\u0430\u0441\u0430, \u0440\u0430\u0441\u043f\u0438\u0441\u0430\u043d\u043d\u043e\u0433\u043e \u0432\u0440\u0443\u0447\u043d\u0443\u044e. \u0414\u0432\u0435\u0440\u044c \u0438 \u043e\u043a\u043d\u0430 \u043c\u043e\u0436\u043d\u043e \u043e\u0442\u043a\u0440\u044b\u0432\u0430\u0442\u044c \u0438 \u0437\u0430\u043a\u0440\u044b\u0432\u0430\u0442\u044c.<\/p>\n<p>\u0412 \u043a\u043e\u043c\u043f\u043b\u0435\u043a\u0442 \u0432\u0445\u043e\u0434\u0438\u0442 \u0433\u0440\u0443\u043f\u043f\u0430 \u0438\u0437 24 \u043f\u0440\u0435\u0434\u043c\u0435\u0442\u043e\u0432 \u043c\u0435\u0431\u0435\u043b\u0438: \u043e\u0434\u043d\u0430 \u0441\u043f\u0430\u043b\u044c\u043d\u044f, \u043e\u0434\u043d\u0430 \u0432\u0430\u043d\u043d\u0430\u044f \u043a\u043e\u043c\u043d\u0430\u0442\u0430, \u043e\u0434\u043d\u0430 \u0433\u043e\u0441\u0442\u0438\u043d\u0430\u044f, \u043e\u0434\u043d\u0430 \u043a\u0443\u0445\u043d\u044f \u0438 \u043e\u0434\u043d\u0430 \u0441\u0442\u043e\u043b\u043e\u0432\u0430\u044f, \u0430 \u0442\u0430\u043a\u0436\u0435 2 \u043a\u0443\u043a\u043b\u044b \u0434\u0435\u0434\u0443\u0448\u043a\u0438 \u0438 \u0431\u0430\u0431\u0443\u0448\u043a\u0438.<\/p>\n<p>\u0423\u043f\u0430\u043a\u043e\u0432\u0430\u043d \u0432 \u0446\u0432\u0435\u0442\u043d\u0443\u044e \u043a\u043e\u0440\u043e\u0431\u043a\u0443 \u0441 \u0440\u0443\u0447\u043a\u043e\u0439 &#8211; \u043e\u0442\u043b\u0438\u0447\u043d\u043e \u043f\u043e\u0434\u043e\u0439\u0434\u0435\u0442 \u0434\u043b\u044f \u043f\u043e\u0434\u0430\u0440\u043a\u0430.<\/p>\n<p>\u0420\u0430\u0437\u043c\u0435\u0440 \u0432 \u0441\u043e\u0431\u0440\u0430\u043d\u043d\u043e\u043c \u0432\u0438\u0434\u0435: 42 \u0441\u043c x 40 \u0441\u043c x 26 \u0441\u043c.<\/p>\n<p>\u0412\u043e\u0437\u0440\u0430\u0441\u0442: 3 \u0433\u043e\u0434\u0430 +<\/p>\n<p>\u0412\u0441\u0435 \u0438\u0433\u0440\u0443\u0448\u043a\u0438 Viga \u0441\u0434\u0435\u043b\u0430\u043d\u044b \u0438\u0437 \u043d\u0435\u0442\u043e\u043a\u0441\u0438\u0447\u043d\u044b\u0445 \u043a\u0440\u0430\u0441\u043e\u043a \u0438 \u0447\u0435\u0440\u043d\u0438\u043b, \u043f\u043e\u043b\u043d\u043e\u0441\u0442\u044c\u044e \u0441\u043e\u043e\u0442\u0432\u0435\u0442\u0441\u0442\u0432\u0443\u044e\u0449\u0438\u0445 (\u0438\u043b\u0438 \u0431\u043e\u043b\u0435\u0435) \u043f\u043e\u0441\u043b\u0435\u0434\u043d\u0438\u043c \u0441\u0442\u0430\u043d\u0434\u0430\u0440\u0442\u0430\u043c \u0431\u0435\u0437\u043e\u043f\u0430\u0441\u043d\u043e\u0441\u0442\u0438 \u0438\u0433\u0440\u0443\u0448\u0435\u043a EN71, ASTM, ST \u0438 GB6675.[trim][:ro_RO]Casa de p\u0103pu\u0219i din lemn cu mobilier \u0219i o familie.<br \/>\nAceast\u0103 cas\u0103 de p\u0103pu\u0219i din lemn deschis\u0103, in culori neutre, este o op\u021biune atr\u0103g\u0103toare at\u00e2t pentru b\u0103ie\u021bi c\u00e2t \u0219i pentru fete.<br \/>\nCasuta de papusi poate fi u\u0219or mutat\u0103, instalat\u0103 \u0219i transportat\u0103 spre locul unde copiii doresc s\u0103 se joace \u0219i poate fi folosita pe o mas\u0103 sau pe podea.<br \/>\nCasa este livrata ca un pachet cu auto-asamblare. Piesele de mobilier de dimensiuni mari sunt simple, bine concepute \u0219i se potrivesc perfect \u00een camerele care ofer\u0103 celor doua p\u0103pu\u0219i cu tot ce au nevoie. <\/p>\n<p> * Dimensiuni: 62 x 55 x 29 cm<br \/>\n * Jucarie educativa, din lemn, Montessori, potrivita pentru copiii avand v\u00e2rsta de 3 ani +<\/p>\n<p> Atentie! Toate jucariile marca VIGA sunt fabricate din lemn de calitate cu vopsele si cerneluri non-toxice, supuse testelor de siguranta respectand standardele pentru jucarii ale Uniunii Europene EN71 si ASTM. Nu lasati ambalajul produsului la indemana copiilor. Indepartati orice ambalaj al produsului inainte de a da jucaria copilului. Va recomandam sa su<\/p>\n","protected":false},"excerpt":{"rendered":"<p>[:ru_RU]\u041a\u043b\u0430\u0441\u0441\u0438\u0447\u0435\u0441\u043a\u0438\u0439 \u0434\u0435\u0440\u0435\u0432\u044f\u043d\u043d\u044b\u0439 \u043a\u0443\u043a\u043e\u043b\u044c\u043d\u044b\u0439 \u0434\u043e\u043c\u0438\u043a \u0438\u0437\u0433\u043e\u0442\u043e\u0432\u043b\u0435\u043d \u0438\u0437 \u043a\u0430\u0447\u0435\u0441\u0442\u0432\u0435\u043d\u043d\u043e\u0433\u043e \u0434\u0435\u0440\u0435\u0432\u044f\u043d\u043d\u043e\u0433\u043e \u043a\u0430\u0440\u043a\u0430\u0441\u0430, \u0440\u0430\u0441\u043f\u0438\u0441\u0430\u043d\u043d\u043e\u0433\u043e \u0432\u0440\u0443\u0447\u043d\u0443\u044e. \u0414\u0432\u0435\u0440\u044c \u0438 \u043e\u043a\u043d\u0430 \u043c\u043e\u0436\u043d\u043e \u043e\u0442\u043a\u0440\u044b\u0432\u0430\u0442\u044c \u0438 \u0437\u0430\u043a\u0440\u044b\u0432\u0430\u0442\u044c. \u0412 \u043a\u043e\u043c\u043f\u043b\u0435\u043a\u0442 \u0432\u0445\u043e\u0434\u0438\u0442 \u0433\u0440\u0443\u043f\u043f\u0430 \u0438\u0437 24 \u043f\u0440\u0435\u0434\u043c\u0435\u0442\u043e\u0432 \u043c\u0435\u0431\u0435\u043b\u0438: \u043e\u0434\u043d\u0430 \u0441\u043f\u0430\u043b\u044c\u043d\u044f, \u043e\u0434\u043d\u0430 \u0432\u0430\u043d\u043d\u0430\u044f \u043a\u043e\u043c\u043d\u0430\u0442\u0430, \u043e\u0434\u043d\u0430 \u0433\u043e\u0441\u0442\u0438\u043d\u0430\u044f, \u043e\u0434\u043d\u0430 \u043a\u0443\u0445\u043d\u044f \u0438 \u043e\u0434\u043d\u0430 \u0441\u0442\u043e\u043b\u043e\u0432\u0430\u044f, \u0430 \u0442\u0430\u043a\u0436\u0435 2 \u043a\u0443\u043a\u043b\u044b \u0434\u0435\u0434\u0443\u0448\u043a\u0438 \u0438 \u0431\u0430\u0431\u0443\u0448\u043a\u0438. \u0423\u043f\u0430\u043a\u043e\u0432\u0430\u043d \u0432 \u0446\u0432\u0435\u0442\u043d\u0443\u044e \u043a\u043e\u0440\u043e\u0431\u043a\u0443 \u0441 \u0440\u0443\u0447\u043a\u043e\u0439 &#8211; \u043e\u0442\u043b\u0438\u0447\u043d\u043e \u043f\u043e\u0434\u043e\u0439\u0434\u0435\u0442 \u0434\u043b\u044f [&hellip;]<\/p>\n","protected":false},"featured_media":0,"comment_status":"open","ping_status":"closed","template":"","meta":{"_acf_changed":false},"product_brand":[],"product_cat":[6828],"product_tag":[],"class_list":{"0":"post-46620","1":"product","2":"type-product","3":"status-publish","5":"product_cat-ru_ru-kukolnye-domiki-trim","7":"first","8":"instock","9":"shipping-taxable","10":"purchasable","11":"product-type-simple"},"acf":[],"_links":{"self":[{"href":"https:\/\/minimax.md\/ru\/wp-json\/wp\/v2\/product\/46620","targetHints":{"allow":["GET"]}}],"collection":[{"href":"https:\/\/minimax.md\/ru\/wp-json\/wp\/v2\/product"}],"about":[{"href":"https:\/\/minimax.md\/ru\/wp-json\/wp\/v2\/types\/product"}],"replies":[{"embeddable":true,"href":"https:\/\/minimax.md\/ru\/wp-json\/wp\/v2\/comments?post=46620"}],"version-history":[{"count":0,"href":"https:\/\/minimax.md\/ru\/wp-json\/wp\/v2\/product\/46620\/revisions"}],"wp:attachment":[{"href":"https:\/\/minimax.md\/ru\/wp-json\/wp\/v2\/media?parent=46620"}],"wp:term":[{"taxonomy":"product_brand","embeddable":true,"href":"https:\/\/minimax.md\/ru\/wp-json\/wp\/v2\/product_brand?post=46620"},{"taxonomy":"product_cat","embeddable":true,"href":"https:\/\/minimax.md\/ru\/wp-json\/wp\/v2\/product_cat?post=46620"},{"taxonomy":"product_tag","embeddable":true,"href":"https:\/\/minimax.md\/ru\/wp-json\/wp\/v2\/product_tag?post=46620"}],"curies":[{"name":"wp","href":"https:\/\/api.w.org\/{rel}","templated":true}]}}