{"id":46672,"date":"2024-01-11T17:18:00","date_gmt":"2024-01-11T14:18:00","guid":{"rendered":"https:\/\/minimax.md\/product\/46672.html"},"modified":"2024-03-13T00:32:55","modified_gmt":"2024-03-12T21:32:55","slug":"ru_ru-igra-vodjannoj-tetris-trim-ro_ro-juc-rie-interactiv-cu-cercule-e-n-ap","status":"publish","type":"product","link":"https:\/\/minimax.md\/ru\/product\/46672.html","title":{"rendered":"\u0418\u0433\u0440\u0430 \u0412\u043e\u0434\u044f\u043d\u043d\u043e\u0439 \u0442\u0435\u0442\u0440\u0438\u0441"},"content":{"rendered":"<p>[:ru_RU]\u041e\u0447\u0435\u043d\u044c \u0438\u043d\u0442\u0435\u0440\u0435\u0441\u043d\u0430\u044f, \u0438\u043d\u0442\u0435\u0440\u0430\u043a\u0442\u0438\u0432\u043d\u0430\u044f \u0438\u0433\u0440\u0430 \u043d\u0430 \u0432\u043d\u0438\u043c\u0430\u0442\u0435\u043b\u044c\u043d\u043e\u0441\u0442\u044c \u0438 \u0441\u043f\u043e\u0441\u043e\u0431\u043d\u043e\u0441\u0442\u044c \u043b\u043e\u0433\u0438\u0447\u0435\u0441\u043a\u0438 \u043c\u044b\u0441\u043b\u0438\u0442\u044c. \u0413\u043b\u0430\u0432\u043d\u0430\u044f \u0437\u0430\u0434\u0430\u0447\u0430 \u0441\u043e\u0431\u0440\u0430\u0442\u044c \u0432\u0441\u0435 \u043a\u043e\u043b\u044c\u0446\u0430 \u043d\u0430 \u043c\u0438\u043d\u0438 \u0448\u0442\u044b\u0440\u0438 \u043f\u0440\u0438 \u043f\u043e\u043c\u043e\u0449\u0438 \u043e\u0441\u043e\u0431\u044b\u0445 \u043a\u043d\u043e\u043f\u043e\u043a \u00ab\u043c\u0438\u043d\u0438-\u0434\u0436\u043e\u0439\u0441\u0442\u0438\u043a\u043e\u0432\u00bb. \u0418\u0437\u043c\u0435\u043d\u044f\u044f \u0441\u0442\u0435\u043f\u0435\u043d\u044c \u0434\u0430\u0432\u043b\u0435\u043d\u0438\u044f \u043d\u0430 \u043a\u043e\u0442\u043e\u0440\u044b\u0435, \u0440\u0435\u0431\u0435\u043d\u043e\u043a \u043c\u0435\u043d\u044f\u0435\u0442 \u0442\u0435\u043c \u0441\u0430\u043c\u044b\u043c \u0432\u043e\u0434\u043d\u044b\u0439 \u043f\u043e\u0442\u043e\u043a, \u043a\u043e\u0442\u043e\u0440\u044b\u0439 \u0438 \u043f\u043e\u0434\u043a\u0438\u0434\u044b\u0432\u0430\u0435\u0442 \u043a\u043e\u043b\u044c\u0446\u0430 \u0441\u043e \u0434\u043d\u0430. \u0418\u0433\u0440\u0430 \u043e\u0447\u0435\u043d\u044c \u0443\u0432\u043b\u0435\u043a\u0430\u0442\u0435\u043b\u044c\u043d\u0430\u044f \u0438 \u0430\u0431\u0441\u043e\u043b\u044e\u0442\u043d\u043e \u0431\u0435\u0437\u043e\u043f\u0430\u0441\u043d\u0430\u044f \u0434\u043b\u044f \u0434\u0435\u0442\u0435\u0439.[trim][:ro_RO]Acest joc portabil de ap\u0103 nu are nevoie de baterii pentru divertisment. Este u\u0219or de jucat \u0219i provocator de asemenea, simplu, dar distractiv. Juc\u0103ria retro cu ap\u0103 \u0219i cercule\u021be este un joc educativ de r\u0103bdare \u0219i \u00eendem\u00e2nare. Ap\u0103sa\u021bi butonul pentru a genera curen\u021bi de ap\u0103 care pun cercule\u021bele \u00een mi\u0219care pentru a le trimite pe cele 2 tije. Aceste juc\u0103rii sunt extrem de u\u0219oare \u0219i compacte, astfel \u00eenc\u00e2t sunt u\u0219or de portat \u0219i de depozitat, le pute\u021bi lua oriunde. \u00cen plus, le pute\u021bi \u00eemp\u0103rt\u0103\u0219i \u0219i concura cu familia \u0219i prietenii.<\/p>\n","protected":false},"excerpt":{"rendered":"<p>[:ru_RU]\u041e\u0447\u0435\u043d\u044c \u0438\u043d\u0442\u0435\u0440\u0435\u0441\u043d\u0430\u044f, \u0438\u043d\u0442\u0435\u0440\u0430\u043a\u0442\u0438\u0432\u043d\u0430\u044f \u0438\u0433\u0440\u0430 \u043d\u0430 \u0432\u043d\u0438\u043c\u0430\u0442\u0435\u043b\u044c\u043d\u043e\u0441\u0442\u044c \u0438 \u0441\u043f\u043e\u0441\u043e\u0431\u043d\u043e\u0441\u0442\u044c \u043b\u043e\u0433\u0438\u0447\u0435\u0441\u043a\u0438 \u043c\u044b\u0441\u043b\u0438\u0442\u044c. \u0413\u043b\u0430\u0432\u043d\u0430\u044f \u0437\u0430\u0434\u0430\u0447\u0430 \u0441\u043e\u0431\u0440\u0430\u0442\u044c \u0432\u0441\u0435 \u043a\u043e\u043b\u044c\u0446\u0430 \u043d\u0430 \u043c\u0438\u043d\u0438 \u0448\u0442\u044b\u0440\u0438 \u043f\u0440\u0438 \u043f\u043e\u043c\u043e\u0449\u0438 \u043e\u0441\u043e\u0431\u044b\u0445 \u043a\u043d\u043e\u043f\u043e\u043a \u00ab\u043c\u0438\u043d\u0438-\u0434\u0436\u043e\u0439\u0441\u0442\u0438\u043a\u043e\u0432\u00bb. \u0418\u0437\u043c\u0435\u043d\u044f\u044f \u0441\u0442\u0435\u043f\u0435\u043d\u044c \u0434\u0430\u0432\u043b\u0435\u043d\u0438\u044f \u043d\u0430 \u043a\u043e\u0442\u043e\u0440\u044b\u0435, \u0440\u0435\u0431\u0435\u043d\u043e\u043a \u043c\u0435\u043d\u044f\u0435\u0442 \u0442\u0435\u043c \u0441\u0430\u043c\u044b\u043c \u0432\u043e\u0434\u043d\u044b\u0439 \u043f\u043e\u0442\u043e\u043a, \u043a\u043e\u0442\u043e\u0440\u044b\u0439 \u0438 \u043f\u043e\u0434\u043a\u0438\u0434\u044b\u0432\u0430\u0435\u0442 \u043a\u043e\u043b\u044c\u0446\u0430 \u0441\u043e \u0434\u043d\u0430. \u0418\u0433\u0440\u0430 \u043e\u0447\u0435\u043d\u044c \u0443\u0432\u043b\u0435\u043a\u0430\u0442\u0435\u043b\u044c\u043d\u0430\u044f \u0438 \u0430\u0431\u0441\u043e\u043b\u044e\u0442\u043d\u043e \u0431\u0435\u0437\u043e\u043f\u0430\u0441\u043d\u0430\u044f \u0434\u043b\u044f \u0434\u0435\u0442\u0435\u0439.[trim][:ro_RO]Acest joc portabil de ap\u0103 nu are nevoie [&hellip;]<\/p>\n","protected":false},"featured_media":46671,"comment_status":"open","ping_status":"closed","template":"","meta":{"_acf_changed":false},"product_brand":[],"product_cat":[6709],"product_tag":[],"class_list":{"0":"post-46672","1":"product","2":"type-product","3":"status-publish","4":"has-post-thumbnail","6":"product_cat-ru_ru-interaktivnye-igrushk","8":"first","9":"instock","10":"shipping-taxable","11":"purchasable","12":"product-type-simple"},"acf":[],"_links":{"self":[{"href":"https:\/\/minimax.md\/ru\/wp-json\/wp\/v2\/product\/46672","targetHints":{"allow":["GET"]}}],"collection":[{"href":"https:\/\/minimax.md\/ru\/wp-json\/wp\/v2\/product"}],"about":[{"href":"https:\/\/minimax.md\/ru\/wp-json\/wp\/v2\/types\/product"}],"replies":[{"embeddable":true,"href":"https:\/\/minimax.md\/ru\/wp-json\/wp\/v2\/comments?post=46672"}],"version-history":[{"count":0,"href":"https:\/\/minimax.md\/ru\/wp-json\/wp\/v2\/product\/46672\/revisions"}],"wp:featuredmedia":[{"embeddable":true,"href":"https:\/\/minimax.md\/ru\/wp-json\/wp\/v2\/media\/46671"}],"wp:attachment":[{"href":"https:\/\/minimax.md\/ru\/wp-json\/wp\/v2\/media?parent=46672"}],"wp:term":[{"taxonomy":"product_brand","embeddable":true,"href":"https:\/\/minimax.md\/ru\/wp-json\/wp\/v2\/product_brand?post=46672"},{"taxonomy":"product_cat","embeddable":true,"href":"https:\/\/minimax.md\/ru\/wp-json\/wp\/v2\/product_cat?post=46672"},{"taxonomy":"product_tag","embeddable":true,"href":"https:\/\/minimax.md\/ru\/wp-json\/wp\/v2\/product_tag?post=46672"}],"curies":[{"name":"wp","href":"https:\/\/api.w.org\/{rel}","templated":true}]}}