{"id":46696,"date":"2024-01-11T17:18:02","date_gmt":"2024-01-11T14:18:02","guid":{"rendered":"https:\/\/minimax.md\/product\/46696.html"},"modified":"2024-03-13T00:32:24","modified_gmt":"2024-03-12T21:32:24","slug":"ru_ru-nabor-kosmetiki-make-up-princess-trim-ro_ro-set-de-machiaj-pentru-copii-make-up-princess-2","status":"publish","type":"product","link":"https:\/\/minimax.md\/ru\/product\/46696.html","title":{"rendered":"\u041d\u0430\u0431\u043e\u0440 \u043a\u043e\u0441\u043c\u0435\u0442\u0438\u043a\u0438 Make Up Princess"},"content":{"rendered":"<p>[:ru_RU]\u0412\u0441\u0435 \u0434\u0435\u0432\u043e\u0447\u043a\u0438 \u043c\u0435\u0447\u0442\u0430\u044e\u0442 \u0431\u044b\u0442\u044c \u043f\u043e\u0445\u043e\u0436\u0435\u0439 \u043d\u0430 \u043c\u0430\u043c\u0443 \u0438 \u0438\u043c\u0435\u0442\u044c \u0442\u0430\u043a\u0443\u044e \u0436\u0435 \u043a\u043e\u0441\u043c\u0435\u0442\u0438\u043a\u0443, \u043a\u0430\u043a \u0443 \u043d\u0435\u0435! \u041a\u043e\u0441\u043c\u0435\u0442\u0438\u043a\u0430 \u0434\u043b\u044f \u0434\u0435\u0432\u043e\u0447\u0435\u043a \u0434\u0430\u0435\u0442 \u0432\u043e\u0437\u043c\u043e\u0436\u043d\u043e\u0441\u0442\u044c \u044d\u043a\u0441\u043f\u0435\u0440\u0438\u043c\u0435\u043d\u0442\u0438\u0440\u043e\u0432\u0430\u0442\u044c \u0438 \u0441\u043e\u0437\u0434\u0430\u0432\u0430\u0442\u044c \u0441\u0432\u043e\u0439 \u044f\u0440\u043a\u0438\u0439 \u0438 \u043c\u043e\u0434\u043d\u044b\u0439 \u043e\u0431\u0440\u0430\u0437. \u0418\u0433\u0440\u043e\u0432\u043e\u0439 \u043d\u0430\u0431\u043e\u0440 \u043a\u043e\u0441\u043c\u0435\u0442\u0438\u043a\u0438 \u0434\u043b\u044f \u0434\u0435\u0432\u043e\u0447\u043a\u0438 \u2014 \u044d\u0442\u043e \u043e\u0442\u043b\u0438\u0447\u043d\u044b\u0439 \u043f\u043e\u0434\u0430\u0440\u043e\u043a \u0434\u043b\u044f \u0434\u0435\u0432\u043e\u0447\u043a\u0438, \u0440\u0430\u0437\u0432\u0438\u0432\u0430\u044e\u0449\u0438\u0439 \u0432\u043a\u0443\u0441 \u0438 \u0441\u0442\u0438\u043b\u044c![trim][:ro_RO]Toate fetele viseaz\u0103 s\u0103 fie la fel ca mama lor \u0219i s\u0103 poarte acela\u0219i machiaj ca ea! Setul de Make Up pentru feti\u021be ofer\u0103 posibilitatea de a experimenta \u0219i de a crea o imagine luminoas\u0103 \u0219i modern\u0103.<\/p>\n<p>Cu acest set de produse cosmetice feti\u021ba va putea juca rolul unui mic make-up artist \u0219i va putea s\u0103 se machieze singur\u0103. Datorit\u0103 unui astfel de joc creativ, aceasta i\u0219i va dezvolta imagina\u021bia \u0219i sim\u021bul estetic.<\/p>\n","protected":false},"excerpt":{"rendered":"<p>[:ru_RU]\u0412\u0441\u0435 \u0434\u0435\u0432\u043e\u0447\u043a\u0438 \u043c\u0435\u0447\u0442\u0430\u044e\u0442 \u0431\u044b\u0442\u044c \u043f\u043e\u0445\u043e\u0436\u0435\u0439 \u043d\u0430 \u043c\u0430\u043c\u0443 \u0438 \u0438\u043c\u0435\u0442\u044c \u0442\u0430\u043a\u0443\u044e \u0436\u0435 \u043a\u043e\u0441\u043c\u0435\u0442\u0438\u043a\u0443, \u043a\u0430\u043a \u0443 \u043d\u0435\u0435! \u041a\u043e\u0441\u043c\u0435\u0442\u0438\u043a\u0430 \u0434\u043b\u044f \u0434\u0435\u0432\u043e\u0447\u0435\u043a \u0434\u0430\u0435\u0442 \u0432\u043e\u0437\u043c\u043e\u0436\u043d\u043e\u0441\u0442\u044c \u044d\u043a\u0441\u043f\u0435\u0440\u0438\u043c\u0435\u043d\u0442\u0438\u0440\u043e\u0432\u0430\u0442\u044c \u0438 \u0441\u043e\u0437\u0434\u0430\u0432\u0430\u0442\u044c \u0441\u0432\u043e\u0439 \u044f\u0440\u043a\u0438\u0439 \u0438 \u043c\u043e\u0434\u043d\u044b\u0439 \u043e\u0431\u0440\u0430\u0437. \u0418\u0433\u0440\u043e\u0432\u043e\u0439 \u043d\u0430\u0431\u043e\u0440 \u043a\u043e\u0441\u043c\u0435\u0442\u0438\u043a\u0438 \u0434\u043b\u044f \u0434\u0435\u0432\u043e\u0447\u043a\u0438 \u2014 \u044d\u0442\u043e \u043e\u0442\u043b\u0438\u0447\u043d\u044b\u0439 \u043f\u043e\u0434\u0430\u0440\u043e\u043a \u0434\u043b\u044f \u0434\u0435\u0432\u043e\u0447\u043a\u0438, \u0440\u0430\u0437\u0432\u0438\u0432\u0430\u044e\u0449\u0438\u0439 \u0432\u043a\u0443\u0441 \u0438 \u0441\u0442\u0438\u043b\u044c![trim][:ro_RO]Toate fetele viseaz\u0103 s\u0103 fie la fel ca mama lor \u0219i s\u0103 poarte [&hellip;]<\/p>\n","protected":false},"featured_media":46695,"comment_status":"open","ping_status":"closed","template":"","meta":{"_acf_changed":false},"product_brand":[],"product_cat":[6823],"product_tag":[],"class_list":{"0":"post-46696","1":"product","2":"type-product","3":"status-publish","4":"has-post-thumbnail","6":"product_cat-ru_ru-salon-krasoty-trim-ro","8":"first","9":"instock","10":"shipping-taxable","11":"purchasable","12":"product-type-simple"},"acf":[],"_links":{"self":[{"href":"https:\/\/minimax.md\/ru\/wp-json\/wp\/v2\/product\/46696","targetHints":{"allow":["GET"]}}],"collection":[{"href":"https:\/\/minimax.md\/ru\/wp-json\/wp\/v2\/product"}],"about":[{"href":"https:\/\/minimax.md\/ru\/wp-json\/wp\/v2\/types\/product"}],"replies":[{"embeddable":true,"href":"https:\/\/minimax.md\/ru\/wp-json\/wp\/v2\/comments?post=46696"}],"version-history":[{"count":0,"href":"https:\/\/minimax.md\/ru\/wp-json\/wp\/v2\/product\/46696\/revisions"}],"wp:featuredmedia":[{"embeddable":true,"href":"https:\/\/minimax.md\/ru\/wp-json\/wp\/v2\/media\/46695"}],"wp:attachment":[{"href":"https:\/\/minimax.md\/ru\/wp-json\/wp\/v2\/media?parent=46696"}],"wp:term":[{"taxonomy":"product_brand","embeddable":true,"href":"https:\/\/minimax.md\/ru\/wp-json\/wp\/v2\/product_brand?post=46696"},{"taxonomy":"product_cat","embeddable":true,"href":"https:\/\/minimax.md\/ru\/wp-json\/wp\/v2\/product_cat?post=46696"},{"taxonomy":"product_tag","embeddable":true,"href":"https:\/\/minimax.md\/ru\/wp-json\/wp\/v2\/product_tag?post=46696"}],"curies":[{"name":"wp","href":"https:\/\/api.w.org\/{rel}","templated":true}]}}