{"id":46707,"date":"2024-01-11T17:18:03","date_gmt":"2024-01-11T14:18:03","guid":{"rendered":"https:\/\/minimax.md\/product\/46707.html"},"modified":"2024-02-21T09:03:55","modified_gmt":"2024-02-21T06:03:55","slug":"ru_ru-derevjannyj-nabor-iz-100-blokov-alfavit-i-cifry-trim-ro_ro-set-cuburi-din-lemn-100-buc-alfabet-i-cifre","status":"publish","type":"product","link":"https:\/\/minimax.md\/ru\/product\/46707.html","title":{"rendered":"\u0414\u0435\u0440\u0435\u0432\u044f\u043d\u043d\u044b\u0439 \u043d\u0430\u0431\u043e\u0440  \u0438\u0437 100 \u0431\u043b\u043e\u043a\u043e\u0432 \"\u0410\u043b\u0444\u0430\u0432\u0438\u0442 \u0438 \u0446\u0438\u0444\u0440\u044b\""},"content":{"rendered":"<p>[:ru_RU]\u0421 \u0440\u0430\u0437\u043d\u043e\u0446\u0432\u0435\u0442\u043d\u044b\u043c\u0438 \u043a\u0443\u0431\u0438\u043a\u0430\u043c\u0438 \u043e\u0442 Viga Toys \u0440\u0435\u0431\u0435\u043d\u043e\u043a \u0432\u043e\u043f\u043b\u043e\u0442\u0438\u0442 \u0441\u0432\u043e\u0438 \u0442\u0432\u043e\u0440\u0447\u0435\u0441\u043a\u0438\u0435 \u0437\u0430\u0434\u0443\u043c\u043a\u0438 \u0432 \u0441\u0442\u0440\u043e\u0438\u0442\u0435\u043b\u044c\u0441\u0442\u0432\u0435 \u043a\u0440\u0435\u043f\u043e\u0441\u0442\u0435\u0439, \u0437\u0430\u043c\u043a\u043e\u0432 \u0438 \u0441\u0430\u043c\u044b\u0445 \u043d\u0435\u0432\u0435\u0440\u043e\u044f\u0442\u043d\u044b\u0445 \u0441\u043e\u043e\u0440\u0443\u0436\u0435\u043d\u0438\u0439. \u0412 \u043d\u0430\u0431\u043e\u0440\u0435 100 \u0431\u043b\u043e\u043a\u043e\u0432 \u0438\u0437 \u043a\u0430\u0447\u0435\u0441\u0442\u0432\u0435\u043d\u043d\u043e\u0439 \u0434\u0440\u0435\u0432\u0435\u0441\u0438\u043d\u044b \u0442\u043e\u043b\u0449\u0438\u043d\u043e\u0439 3 \u0441\u043c. \u0421\u0440\u0435\u0434\u0438 \u043d\u0438\u0445 \u0435\u0441\u0442\u044c \u043a\u0443\u0431\u0438\u043a\u0438 \u0441 \u0438\u0437\u043e\u0431\u0440\u0430\u0436\u0435\u043d\u0438\u044f\u043c\u0438 \u043b\u0430\u0442\u0438\u043d\u0441\u043a\u0438\u0445 \u0431\u0443\u043a\u0432, \u0430\u0440\u0430\u0431\u0441\u043a\u0438\u0445 \u0446\u0438\u0444\u0440 \u0438 \u0430\u0440\u0438\u0444\u043c\u0435\u0442\u0438\u0447\u0435\u0441\u043a\u0438\u0445 \u0437\u043d\u0430\u043a\u043e\u0432. \u041d\u0430\u0431\u043e\u0440 \u0434\u0435\u0440\u0435\u0432\u044f\u043d\u043d\u044b\u0445 \u0431\u043b\u043e\u043a\u043e\u0432 \u043f\u043e\u0434\u043e\u0439\u0434\u0435\u0442 \u0434\u0435\u0442\u044f\u043c \u043f\u0440\u0435\u0434\u0434\u043e\u0448\u043a\u043e\u043b\u044c\u043d\u043e\u0433\u043e \u0432\u043e\u0437\u0440\u0430\u0441\u0442\u0430 \u043e\u0442 2 \u043b\u0435\u0442.<br \/>\n\u0412\u043e \u0432\u0440\u0435\u043c\u044f \u0438\u0433\u0440\u044b \u043b\u0435\u0433\u043a\u043e \u0437\u0430\u043f\u043e\u043c\u043d\u0438\u0442\u044c \u0446\u0438\u0444\u0440\u044b \u0438 \u0430\u043d\u0433\u043b\u0438\u0439\u0441\u043a\u0438\u0439 \u0430\u043b\u0444\u0430\u0432\u0438\u0442, \u043c\u043e\u0436\u043d\u043e \u0434\u0430\u0436\u0435 \u043d\u0430\u0443\u0447\u0438\u0442\u044c\u0441\u044f \u0441\u043a\u043b\u0430\u0434\u044b\u0432\u0430\u0442\u044c, \u0432\u044b\u0447\u0438\u0442\u0430\u0442\u044c \u0438 \u0443\u043c\u043d\u043e\u0436\u0430\u0442\u044c. \u0421 \u0442\u0430\u043a\u0438\u043c\u0438 \u043a\u0443\u0431\u0438\u043a\u0430\u043c\u0438 \u0434\u0435\u0442\u0438 \u0440\u0430\u0437\u0432\u0438\u0432\u0430\u044e\u0442 \u0432\u043d\u0438\u043c\u0430\u0442\u0435\u043b\u044c\u043d\u043e\u0441\u0442\u044c, \u043b\u043e\u0433\u0438\u0447\u0435\u0441\u043a\u043e\u0435 \u043c\u044b\u0448\u043b\u0435\u043d\u0438\u0435, \u043f\u0440\u043e\u044f\u0432\u043b\u044f\u044e\u0442 \u0438\u0437\u043e\u0431\u0440\u0435\u0442\u0430\u0442\u0435\u043b\u044c\u043d\u043e\u0441\u0442\u044c \u0438 \u043a\u0440\u0435\u0430\u0442\u0438\u0432\u043d\u043e\u0441\u0442\u044c, \u0437\u043d\u0430\u043a\u043e\u043c\u044f\u0442\u0441\u044f \u0441 \u043c\u0430\u0442\u0435\u043c\u0430\u0442\u0438\u043a\u043e\u0439. \u042d\u0442\u043e\u0442 \u043d\u0430\u0431\u043e\u0440 \u043f\u043e\u0434\u043e\u0439\u0434\u0435\u0442 \u0434\u043b\u044f \u0443\u0447\u0435\u0431\u043d\u043e\u0433\u043e \u043f\u0440\u043e\u0446\u0435\u0441\u0441\u0430 \u0432 \u0446\u0435\u043d\u0442\u0440\u0430\u0445 \u0440\u0430\u0437\u0432\u0438\u0442\u0438\u044f \u0438 \u0434\u0435\u0442\u0441\u043a\u0438\u0445 \u0441\u0430\u0434\u0430\u0445. \u041a\u0443\u0431\u0438\u043a\u0438 \u043e\u0442 Viga Toys \u043c\u043e\u0436\u043d\u043e \u043f\u0440\u0438\u043c\u0435\u043d\u044f\u0442\u044c \u0432 \u0440\u0430\u043c\u043a\u0430\u0445 \u043c\u0435\u0442\u043e\u0434\u0438\u043a \u0420\u0435\u0434\u0436\u0438\u043e \u0438 \u041c\u043e\u043d\u0442\u0435\u0441\u0441\u043e\u0440\u0438.<br \/>\n\u041d\u0430\u0431\u043e\u0440 \u043a\u0443\u0431\u0438\u043a\u043e\u0432 \u043e\u0442 Viga Toys \u0410\u043b\u0444\u0430\u0432\u0438\u0442 \u0438 \u0447\u0438\u0441\u043b\u0430, \u043f\u043e\u043c\u0438\u043c\u043e \u043e\u0431\u0443\u0447\u0435\u043d\u0438\u044f, \u0434\u0430\u0441\u0442 \u0432\u043e\u0437\u043c\u043e\u0436\u043d\u043e\u0441\u0442\u044c \u0440\u0430\u0437\u0432\u0438\u0442\u044c \u0432\u043e\u043e\u0431\u0440\u0430\u0436\u0435\u043d\u0438\u0435 \u0438 \u0444\u0430\u043d\u0442\u0430\u0437\u0438\u044e, \u043f\u043e\u0442\u0440\u0435\u043d\u0438\u0440\u043e\u0432\u0430\u0442\u044c \u043c\u044b\u0448\u0446\u044b \u0440\u0443\u043a. \u0412 \u043e\u0442\u043b\u0438\u0447\u0438\u0435 \u043e\u0442 \u043f\u043b\u0430\u0441\u0442\u0438\u043a\u043e\u0432\u044b\u0445 \u043a\u0443\u0431\u0438\u043a\u043e\u0432, \u0434\u0435\u0440\u0435\u0432\u044f\u043d\u043d\u044b\u0435 \u0438\u043c\u0435\u044e\u0442 \u043f\u0440\u0438\u044f\u0442\u043d\u044b\u0435 \u0434\u043b\u044f \u043e\u0441\u044f\u0437\u0430\u043d\u0438\u044f \u0432\u0435\u0441 \u0438 \u0444\u0430\u043a\u0442\u0443\u0440\u0443. \u0421\u043a\u043b\u0430\u0434\u044b\u0432\u0430\u044f \u0438\u0437 \u043a\u0443\u0431\u0438\u043a\u043e\u0432 \u0441[trim][:ro_RO]U\u0219or de apucat cu degetele mici, aceste blocuri de lemn viu colorate stimuleaz\u0103 creativitatea \u0219i perfec\u021bioneaz\u0103 abilit\u0103\u021bile motorii de baz\u0103. Copiii pot construi orice \u00ee\u0219i pot imagina cu blocuri din lemn asortate. In acelasi timp pot exersa alfabetul, numaratul si operatii simple matematice.<br \/>\nAcest set vine \u00eentr-o galeata din carton cu capac, foarte practica, astfel \u00eenc\u00e2t atunci c\u00e2nd nu sunt utilizate, blocurile pot fi depozitate perfect! Cuburile sunt fabricat din lemn masiv de \u00eenalt\u0103 calitate, \u00een diverse forme \u0219i culori.<br \/>\nJucarie educativa din lemn, Montessori.<br \/>\nDimensiuni: D 22.5 x H 22 cm<br \/>\nVarsta recomandata: 2 ani+<br \/>\n*Atentie! Toate jucariile marca VIGA sunt fabricate din lemn de calitate cu vopsele si cerneluri non-toxice, supuse testelor de siguranta respectand standardele pentru jucarii ale Uniunii Europene EN71 si ASTM. Nu lasati ambalajul produsului la indemana copiilor. Indepartati orice ambalaj al produsului inainte de a da jucaria copilului. Va recomandam sa supravegheati copilul in timp ce se f<\/p>\n","protected":false},"excerpt":{"rendered":"<p>[:ru_RU]\u0421 \u0440\u0430\u0437\u043d\u043e\u0446\u0432\u0435\u0442\u043d\u044b\u043c\u0438 \u043a\u0443\u0431\u0438\u043a\u0430\u043c\u0438 \u043e\u0442 Viga Toys \u0440\u0435\u0431\u0435\u043d\u043e\u043a \u0432\u043e\u043f\u043b\u043e\u0442\u0438\u0442 \u0441\u0432\u043e\u0438 \u0442\u0432\u043e\u0440\u0447\u0435\u0441\u043a\u0438\u0435 \u0437\u0430\u0434\u0443\u043c\u043a\u0438 \u0432 \u0441\u0442\u0440\u043e\u0438\u0442\u0435\u043b\u044c\u0441\u0442\u0432\u0435 \u043a\u0440\u0435\u043f\u043e\u0441\u0442\u0435\u0439, \u0437\u0430\u043c\u043a\u043e\u0432 \u0438 \u0441\u0430\u043c\u044b\u0445 \u043d\u0435\u0432\u0435\u0440\u043e\u044f\u0442\u043d\u044b\u0445 \u0441\u043e\u043e\u0440\u0443\u0436\u0435\u043d\u0438\u0439. \u0412 \u043d\u0430\u0431\u043e\u0440\u0435 100 \u0431\u043b\u043e\u043a\u043e\u0432 \u0438\u0437 \u043a\u0430\u0447\u0435\u0441\u0442\u0432\u0435\u043d\u043d\u043e\u0439 \u0434\u0440\u0435\u0432\u0435\u0441\u0438\u043d\u044b \u0442\u043e\u043b\u0449\u0438\u043d\u043e\u0439 3 \u0441\u043c. \u0421\u0440\u0435\u0434\u0438 \u043d\u0438\u0445 \u0435\u0441\u0442\u044c \u043a\u0443\u0431\u0438\u043a\u0438 \u0441 \u0438\u0437\u043e\u0431\u0440\u0430\u0436\u0435\u043d\u0438\u044f\u043c\u0438 \u043b\u0430\u0442\u0438\u043d\u0441\u043a\u0438\u0445 \u0431\u0443\u043a\u0432, \u0430\u0440\u0430\u0431\u0441\u043a\u0438\u0445 \u0446\u0438\u0444\u0440 \u0438 \u0430\u0440\u0438\u0444\u043c\u0435\u0442\u0438\u0447\u0435\u0441\u043a\u0438\u0445 \u0437\u043d\u0430\u043a\u043e\u0432. \u041d\u0430\u0431\u043e\u0440 \u0434\u0435\u0440\u0435\u0432\u044f\u043d\u043d\u044b\u0445 \u0431\u043b\u043e\u043a\u043e\u0432 \u043f\u043e\u0434\u043e\u0439\u0434\u0435\u0442 \u0434\u0435\u0442\u044f\u043c \u043f\u0440\u0435\u0434\u0434\u043e\u0448\u043a\u043e\u043b\u044c\u043d\u043e\u0433\u043e \u0432\u043e\u0437\u0440\u0430\u0441\u0442\u0430 \u043e\u0442 2 \u043b\u0435\u0442. \u0412\u043e \u0432\u0440\u0435\u043c\u044f \u0438\u0433\u0440\u044b [&hellip;]<\/p>\n","protected":false},"featured_media":46706,"comment_status":"open","ping_status":"closed","template":"","meta":{"_acf_changed":false},"product_brand":[],"product_cat":[6721],"product_tag":[],"class_list":{"0":"post-46707","1":"product","2":"type-product","3":"status-publish","4":"has-post-thumbnail","6":"product_cat-ru_ru-derevjannye-igrushki","8":"first","9":"instock","10":"shipping-taxable","11":"purchasable","12":"product-type-simple"},"acf":[],"_links":{"self":[{"href":"https:\/\/minimax.md\/ru\/wp-json\/wp\/v2\/product\/46707","targetHints":{"allow":["GET"]}}],"collection":[{"href":"https:\/\/minimax.md\/ru\/wp-json\/wp\/v2\/product"}],"about":[{"href":"https:\/\/minimax.md\/ru\/wp-json\/wp\/v2\/types\/product"}],"replies":[{"embeddable":true,"href":"https:\/\/minimax.md\/ru\/wp-json\/wp\/v2\/comments?post=46707"}],"version-history":[{"count":0,"href":"https:\/\/minimax.md\/ru\/wp-json\/wp\/v2\/product\/46707\/revisions"}],"wp:featuredmedia":[{"embeddable":true,"href":"https:\/\/minimax.md\/ru\/wp-json\/wp\/v2\/media\/46706"}],"wp:attachment":[{"href":"https:\/\/minimax.md\/ru\/wp-json\/wp\/v2\/media?parent=46707"}],"wp:term":[{"taxonomy":"product_brand","embeddable":true,"href":"https:\/\/minimax.md\/ru\/wp-json\/wp\/v2\/product_brand?post=46707"},{"taxonomy":"product_cat","embeddable":true,"href":"https:\/\/minimax.md\/ru\/wp-json\/wp\/v2\/product_cat?post=46707"},{"taxonomy":"product_tag","embeddable":true,"href":"https:\/\/minimax.md\/ru\/wp-json\/wp\/v2\/product_tag?post=46707"}],"curies":[{"name":"wp","href":"https:\/\/api.w.org\/{rel}","templated":true}]}}