{"id":46711,"date":"2024-01-11T17:18:04","date_gmt":"2024-01-11T14:18:04","guid":{"rendered":"https:\/\/minimax.md\/product\/46711.html"},"modified":"2024-03-13T00:17:28","modified_gmt":"2024-03-12T21:17:28","slug":"ru_ru-dvustoronnij-magnitnyj-molbert-trim-ro_ro-evalet-magnetic-cu-dou-fe-e","status":"publish","type":"product","link":"https:\/\/minimax.md\/ru\/product\/46711.html","title":{"rendered":"\u0414\u0432\u0443\u0441\u0442\u043e\u0440\u043e\u043d\u043d\u0438\u0439 \u043c\u0430\u0433\u043d\u0438\u0442\u043d\u044b\u0439 \u043c\u043e\u043b\u044c\u0431\u0435\u0440\u0442"},"content":{"rendered":"<p>[:ru_RU]\u041c\u043e\u043b\u044c\u0431\u0435\u0440\u0442 \u0434\u0432\u0443\u0441\u0442\u043e\u0440\u043e\u043d\u043d\u0438\u0439: \u0441 \u043e\u0434\u043d\u043e\u0439 \u0441\u0442\u043e\u0440\u043e\u043d\u044b \u0447\u0435\u0440\u043d\u044b\u0439 \u0438 \u0431\u0435\u043b\u044b\u0439 \u043c\u0430\u0433\u043d\u0438\u0442\u043d\u044b\u0439 &#8211; \u0441 \u0434\u0440\u0443\u0433\u043e\u0439.<\/p>\n<p>\u0423\u0441\u0442\u043e\u0439\u0447\u0438\u0432\u044b\u0439 \u043a\u0430\u0440\u043a\u0430\u0441 \u0441\u0434\u0435\u043b\u0430\u043d \u0438\u0437 \u043a\u0430\u0447\u0435\u0441\u0442\u0432\u0435\u043d\u043d\u043e\u0439 \u0438 \u043f\u0440\u043e\u0447\u043d\u043e\u0439 \u0431\u0443\u043a\u043e\u0432\u043e\u0439 \u0434\u0440\u0435\u0432\u0435\u0441\u0438\u043d\u044b. \u041d\u0430 \u0431\u0435\u043b\u043e\u0439 \u0434\u043e\u0441\u043a\u0435 \u0435\u0441\u0442\u044c \u0437\u0430\u0436\u0438\u043c\u044b \u0434\u043b\u044f \u0444\u0438\u043a\u0441\u0430\u0446\u0438\u0438 \u0431\u0443\u043c\u0430\u0433\u0438.<\/p>\n<p>\u041f\u043e\u0434 \u0434\u043e\u0441\u043a\u043e\u0439 \u0435\u0441\u0442\u044c \u043f\u043e\u043b\u043e\u0447\u043a\u0430 \u0434\u043b\u044f \u043c\u0435\u043b\u043a\u043e\u0432, \u0433\u0443\u0431\u043a\u0438 \u0434\u043b\u044f \u0441\u0442\u0438\u0440\u0430\u043d\u0438\u044f \u0438 \u0447\u0435\u0442\u044b\u0440\u0435 \u043e\u0442\u0432\u0435\u0440\u0441\u0442\u0438\u044f \u0434\u043b\u044f \u0441\u0442\u0430\u043a\u0430\u043d\u0447\u0438\u043a\u043e\u0432 \u0441 \u043c\u0430\u0440\u043a\u0435\u0440\u0430\u043c\u0438.[trim][:ro_RO]<strong>\u0218evaletul este bilateral: pe de o parte magnetic alb, negru &#8211; pe de alt\u0103 parte.<\/strong><\/p>\n<p>Cadrul stabil este realizat din lemn de fag durabil \u0219i de \u00eenalt\u0103 calitate. Pe tabla alb\u0103 sunt agrafe pentru fixarea h\u00e2rtiei.<\/p>\n<p>Sub tabl\u0103 exist\u0103 un raft pentru creioane, bure\u021bi pentru \u0219tergere \u0219i patru g\u0103uri pentru c\u0103ni cu markere.<\/p>\n","protected":false},"excerpt":{"rendered":"<p>[:ru_RU]\u041c\u043e\u043b\u044c\u0431\u0435\u0440\u0442 \u0434\u0432\u0443\u0441\u0442\u043e\u0440\u043e\u043d\u043d\u0438\u0439: \u0441 \u043e\u0434\u043d\u043e\u0439 \u0441\u0442\u043e\u0440\u043e\u043d\u044b \u0447\u0435\u0440\u043d\u044b\u0439 \u0438 \u0431\u0435\u043b\u044b\u0439 \u043c\u0430\u0433\u043d\u0438\u0442\u043d\u044b\u0439 &#8211; \u0441 \u0434\u0440\u0443\u0433\u043e\u0439. \u0423\u0441\u0442\u043e\u0439\u0447\u0438\u0432\u044b\u0439 \u043a\u0430\u0440\u043a\u0430\u0441 \u0441\u0434\u0435\u043b\u0430\u043d \u0438\u0437 \u043a\u0430\u0447\u0435\u0441\u0442\u0432\u0435\u043d\u043d\u043e\u0439 \u0438 \u043f\u0440\u043e\u0447\u043d\u043e\u0439 \u0431\u0443\u043a\u043e\u0432\u043e\u0439 \u0434\u0440\u0435\u0432\u0435\u0441\u0438\u043d\u044b. \u041d\u0430 \u0431\u0435\u043b\u043e\u0439 \u0434\u043e\u0441\u043a\u0435 \u0435\u0441\u0442\u044c \u0437\u0430\u0436\u0438\u043c\u044b \u0434\u043b\u044f \u0444\u0438\u043a\u0441\u0430\u0446\u0438\u0438 \u0431\u0443\u043c\u0430\u0433\u0438. \u041f\u043e\u0434 \u0434\u043e\u0441\u043a\u043e\u0439 \u0435\u0441\u0442\u044c \u043f\u043e\u043b\u043e\u0447\u043a\u0430 \u0434\u043b\u044f \u043c\u0435\u043b\u043a\u043e\u0432, \u0433\u0443\u0431\u043a\u0438 \u0434\u043b\u044f \u0441\u0442\u0438\u0440\u0430\u043d\u0438\u044f \u0438 \u0447\u0435\u0442\u044b\u0440\u0435 \u043e\u0442\u0432\u0435\u0440\u0441\u0442\u0438\u044f \u0434\u043b\u044f \u0441\u0442\u0430\u043a\u0430\u043d\u0447\u0438\u043a\u043e\u0432 \u0441 \u043c\u0430\u0440\u043a\u0435\u0440\u0430\u043c\u0438.[trim][:ro_RO]\u0218evaletul este bilateral: pe de o parte magnetic alb, negru &#8211; [&hellip;]<\/p>\n","protected":false},"featured_media":46708,"comment_status":"open","ping_status":"closed","template":"","meta":{"_acf_changed":false},"product_brand":[],"product_cat":[6710],"product_tag":[],"class_list":{"0":"post-46711","1":"product","2":"type-product","3":"status-publish","4":"has-post-thumbnail","6":"product_cat-ru_ru-iskusstvo-trim-ro_ro","8":"first","9":"instock","10":"shipping-taxable","11":"purchasable","12":"product-type-simple"},"acf":[],"_links":{"self":[{"href":"https:\/\/minimax.md\/ru\/wp-json\/wp\/v2\/product\/46711","targetHints":{"allow":["GET"]}}],"collection":[{"href":"https:\/\/minimax.md\/ru\/wp-json\/wp\/v2\/product"}],"about":[{"href":"https:\/\/minimax.md\/ru\/wp-json\/wp\/v2\/types\/product"}],"replies":[{"embeddable":true,"href":"https:\/\/minimax.md\/ru\/wp-json\/wp\/v2\/comments?post=46711"}],"version-history":[{"count":0,"href":"https:\/\/minimax.md\/ru\/wp-json\/wp\/v2\/product\/46711\/revisions"}],"wp:featuredmedia":[{"embeddable":true,"href":"https:\/\/minimax.md\/ru\/wp-json\/wp\/v2\/media\/46708"}],"wp:attachment":[{"href":"https:\/\/minimax.md\/ru\/wp-json\/wp\/v2\/media?parent=46711"}],"wp:term":[{"taxonomy":"product_brand","embeddable":true,"href":"https:\/\/minimax.md\/ru\/wp-json\/wp\/v2\/product_brand?post=46711"},{"taxonomy":"product_cat","embeddable":true,"href":"https:\/\/minimax.md\/ru\/wp-json\/wp\/v2\/product_cat?post=46711"},{"taxonomy":"product_tag","embeddable":true,"href":"https:\/\/minimax.md\/ru\/wp-json\/wp\/v2\/product_tag?post=46711"}],"curies":[{"name":"wp","href":"https:\/\/api.w.org\/{rel}","templated":true}]}}