{"id":46743,"date":"2024-01-11T17:18:09","date_gmt":"2024-01-11T14:18:09","guid":{"rendered":"https:\/\/minimax.md\/product\/46743.html"},"modified":"2024-03-11T22:37:45","modified_gmt":"2024-03-11T19:37:45","slug":"ru_ru-konstruktor-soberi-firurku-12-modelej-ot-25-do-36-jel-trim-ro_ro-set-de-construc-ie-construie-te-figurina-12-modele-de-la-25-p-n-la-36-elem","status":"publish","type":"product","link":"https:\/\/minimax.md\/ru\/product\/46743.html","title":{"rendered":"\u041a\u043e\u043d\u0441\u0442\u0440\u0443\u043a\u0442\u043e\u0440 \u201c\u0421\u043e\u0431\u0435\u0440\u0438 \u0444\u0438\u0440\u0443\u0440\u043a\u0443\u201d, 12 \u043c\u043e\u0434\u0435\u043b\u0435\u0439, \u043e\u0442 25 \u0434\u043e 36 \u044d\u043b."},"content":{"rendered":"<p>[:ru_RU]\u041a\u043e\u043d\u0441\u0442\u0440\u0443\u043a\u0442\u043e\u0440 Builder \u043f\u0440\u0435\u0434\u0441\u0442\u0430\u0432\u043b\u0435\u043d \u0432 \u0430\u0441\u0441\u043e\u0440\u0442\u0438\u043c\u0435\u043d\u0442\u0435. \u041a\u0430\u0436\u0434\u044b\u0439 \u043a\u043e\u043c\u043f\u043b\u0435\u043a\u0442 \u043f\u0440\u0435\u0434\u0441\u0442\u0430\u0432\u043b\u044f\u0435\u0442 \u0441\u043e\u0431\u043e\u0439 \u0438\u043d\u0442\u0435\u0440\u0435\u0441\u043d\u0443\u044e \u0438 \u0443\u043d\u0438\u043a\u0430\u043b\u044c\u043d\u0443\u044e \u043c\u043e\u0434\u0435\u043b\u044c \u0434\u043b\u044f \u0441\u0431\u043e\u0440\u043a\u0438: \u043f\u0430\u0440\u043e\u0432\u043e\u0437\u0438\u043a, \u043a\u043e\u0440\u0430\u0431\u043b\u044c, \u043b\u0435\u0442\u0430\u0442\u0435\u043b\u044c\u043d\u044b\u0439 \u0430\u043f\u043f\u0430\u0440\u0430\u0442, \u043c\u0430\u044f\u043a, \u043c\u043e\u0442\u043e\u0446\u0438\u043a\u043b, \u0442\u0430\u043d\u043a, \u0436\u0438\u0432\u043e\u0442\u043d\u043e\u0435 \u0438\u043b\u0438 \u0440\u043e\u0431\u043e\u0442\u043e\u0442\u0435\u0445\u043d\u0438\u043a\u0443.<\/p>\n<p>\u041a\u043e\u043b\u0438\u0447\u0435\u0441\u0442\u0432\u043e \u0434\u0435\u0442\u0430\u043b\u0435\u0439 \u0432\u0430\u0440\u044c\u0438\u0440\u0443\u0435\u0442\u0441\u044f \u0432 \u0437\u0430\u0432\u0438\u0441\u0438\u043c\u043e\u0441\u0442\u0438 \u043e\u0442 \u043d\u0430\u0431\u043e\u0440\u0430.<\/p>\n<p>\u041a\u043e\u043d\u0441\u0442\u0440\u0443\u043a\u0442\u043e\u0440 \u2013 \u043f\u0440\u0435\u043a\u0440\u0430\u0441\u043d\u0430\u044f \u0440\u0430\u0437\u0432\u0438\u0432\u0430\u044e\u0449\u0430\u044f \u0438\u0433\u0440\u0443\u0448\u043a\u0430. \u0425\u043e\u0440\u043e\u0448\u0438\u0439 \u0434\u0435\u0442\u0441\u043a\u0438\u0439 \u043a\u043e\u043d\u0441\u0442\u0440\u0443\u043a\u0442\u043e\u0440 \u043e\u0442\u043a\u0440\u044b\u0432\u0430\u0435\u0442 \u043f\u0440\u043e\u0441\u0442\u043e\u0440 \u0434\u043b\u044f \u0442\u0432\u043e\u0440\u0447\u0435\u0441\u0442\u0432\u0430, \u0434\u0430\u0435\u0442 \u0440\u0435\u0431\u0435\u043d\u043a\u0443 \u0432\u043e\u0437\u043c\u043e\u0436\u043d\u043e\u0441\u0442\u044c \u043f\u0440\u043e\u044f\u0432\u0438\u0442\u044c \u0441\u0432\u043e\u0438 \u0441\u043f\u043e\u0441\u043e\u0431\u043d\u043e\u0441\u0442\u0438 \u0438 \u043f\u043e\u043c\u043e\u0433\u0430\u0435\u0442 \u0440\u0430\u0437\u0432\u0438\u0432\u0430\u0442\u044c \u0438\u0445. \u0418\u0437\u0434\u0435\u043b\u0438\u0435 \u0438\u0437\u0433\u043e\u0442\u043e\u0432\u043b\u0435\u043d\u043e \u0438\u0437 \u044d\u043a\u043e\u043b\u043e\u0433\u0438\u0447\u0435\u0441\u043a\u043e\u0433\u043e \u043f\u043b\u0430\u0441\u0442\u0438\u043a\u0430, \u0441\u043e\u043e\u0442\u0432\u0435\u0442\u0441\u0442\u0432\u0443\u0435\u0442 \u0441\u0430\u043d\u0438\u0442\u0430\u0440\u043d\u043e-\u0442\u0435\u0445\u043d\u0438\u0447\u0435\u0441\u043a\u0438\u043c \u043d\u043e\u0440\u043c\u0430\u043c \u0438 \u0441\u0442\u0430\u043d\u0434\u0430\u0440\u0442\u0430\u043c \u043a\u0430\u0447\u0435\u0441\u0442\u0432\u0430.<\/p>\n<p>\u041a\u043e\u043d\u0441\u0442\u0440\u0443\u043a\u0442\u043e\u0440 Sluban \u2013 \u044d\u0442\u043e \u043f\u0440\u0435\u043a\u0440\u0430\u0441\u043d\u044b\u0439 \u043f\u043e\u0434\u0430\u0440\u043e\u043a \u0434\u043b\u044f \u0440\u0435\u0431\u0435\u043d\u043a\u0430. \u0421\u043e\u0431\u0438\u0440\u0430\u0442\u044c \u043a\u043e\u043d\u0441\u0442\u0440\u0443\u043a\u0442\u043e\u0440 \u2013 \u0443\u0432\u043b\u0435\u043a\u0430\u0442\u0435\u043b\u044c\u043d\u043e\u0435 \u0437\u0430\u043d\u044f\u0442\u0438\u0435, \u043a\u0430\u043a \u0434\u043b\u044f \u043c\u0430\u043b\u044c\u0447\u0438\u043a\u0430, \u0442\u0430\u043a \u0438 \u0434\u043b\u044f \u0434\u0435\u0432\u043e\u0447\u043a\u0438. \u0420\u0435\u0431\u0435\u043d\u043e\u043a \u043c\u043e\u0436\u0435\u0442 \u043f\u043e\u0441\u0442\u0440\u043e\u0438\u0442\u044c \u0441\u0432\u043e\u0438\u043c\u0438 \u0440\u0443\u043a\u0430\u043c\u0438 \u043c\u0430\u0448\u0438\u043d\u043a\u0443, \u0437\u0430\u043c\u043e\u043a \u0438\u043b\u0438 \u043a\u0440\u0435\u043f\u043e\u0441\u0442\u044c \u0438 \u043f\u043e\u0442\u043e\u043c \u0438\u0433\u0440\u0430\u0442\u044c \u0441 \u043d\u0438\u043c\u0438. \u041a\u043e\u043d\u0441\u0442\u0440\u0443\u043a\u0442\u043e\u0440\u044b \u043f\u0440\u043e\u0438\u0437\u0432\u043e\u0434\u0438\u0442\u0435\u043b\u044f Sluban \u0440\u0430\u0437\u0432\u0438\u0432\u0430\u044e\u0442 \u043b\u043e\u0433\u0438\u0447\u0435\u0441\u043a\u043e\u0435 \u043c\u044b\u0448\u043b\u0435\u043d\u0438\u0435 \u0438 \u043e\u0431\u044a\u0435\u043c\u043d\u043e\u0435 \u0432\u043e\u0441\u043f\u0440\u0438\u044f\u0442\u0438\u0435 \u0440\u0435\u0431\u0435\u043d\u043a\u0430.[trim][:ro_RO]<strong>Constructorul Builder<\/strong> este prezentat \u00een sortiment. Fiecare kit este un model interesant \u0219i unic: <strong>un tren, o nav\u0103, o aeronav\u0103, un far, o motociclet\u0103, un tanc, un animal sau robot.<\/strong><\/p>\n<p>Num\u0103rul de piese variaz\u0103 \u00een func\u021bie de set.<\/p>\n<p>Constructorul este o juc\u0103rie educa\u021bional\u0103 minunat\u0103. Un set bun de construc\u021bie pentru copii deschide spa\u021biu pentru creativitate, ofer\u0103 copilului posibilitatea de a-\u0219i ar\u0103ta abilit\u0103\u021bile \u0219i ajut\u0103 la dezvoltarea acestora. Produsul este fabricat din plastic ecologic \u0219i respect\u0103 standardele sanitare \u0219i tehnice \u0219i standardele de calitate.<\/p>\n<p><em>Setul de construc\u021bie Sluban este un cadou minunat pentru un copil. Asamblarea unui set de construc\u021bie este o activitate fascinant\u0103 at\u00e2t pentru b\u0103ie\u021bi, c\u00e2t \u0219i pentru fete. Un copil poate construi o ma\u0219in\u0103, un castel sau o fort\u0103rea\u021b\u0103 cu propriile m\u00e2ini \u0219i apoi s\u0103 se joace cu ele. Seturile de la produc\u0103torul Sluban dezvolt\u0103 g\u00e2ndirea logic\u0103 \u0219i percep\u021bia tridimensional\u0103 a copilului.<\/em><\/p>\n","protected":false},"excerpt":{"rendered":"<p>[:ru_RU]\u041a\u043e\u043d\u0441\u0442\u0440\u0443\u043a\u0442\u043e\u0440 Builder \u043f\u0440\u0435\u0434\u0441\u0442\u0430\u0432\u043b\u0435\u043d \u0432 \u0430\u0441\u0441\u043e\u0440\u0442\u0438\u043c\u0435\u043d\u0442\u0435. \u041a\u0430\u0436\u0434\u044b\u0439 \u043a\u043e\u043c\u043f\u043b\u0435\u043a\u0442 \u043f\u0440\u0435\u0434\u0441\u0442\u0430\u0432\u043b\u044f\u0435\u0442 \u0441\u043e\u0431\u043e\u0439 \u0438\u043d\u0442\u0435\u0440\u0435\u0441\u043d\u0443\u044e \u0438 \u0443\u043d\u0438\u043a\u0430\u043b\u044c\u043d\u0443\u044e \u043c\u043e\u0434\u0435\u043b\u044c \u0434\u043b\u044f \u0441\u0431\u043e\u0440\u043a\u0438: \u043f\u0430\u0440\u043e\u0432\u043e\u0437\u0438\u043a, \u043a\u043e\u0440\u0430\u0431\u043b\u044c, \u043b\u0435\u0442\u0430\u0442\u0435\u043b\u044c\u043d\u044b\u0439 \u0430\u043f\u043f\u0430\u0440\u0430\u0442, \u043c\u0430\u044f\u043a, \u043c\u043e\u0442\u043e\u0446\u0438\u043a\u043b, \u0442\u0430\u043d\u043a, \u0436\u0438\u0432\u043e\u0442\u043d\u043e\u0435 \u0438\u043b\u0438 \u0440\u043e\u0431\u043e\u0442\u043e\u0442\u0435\u0445\u043d\u0438\u043a\u0443. \u041a\u043e\u043b\u0438\u0447\u0435\u0441\u0442\u0432\u043e \u0434\u0435\u0442\u0430\u043b\u0435\u0439 \u0432\u0430\u0440\u044c\u0438\u0440\u0443\u0435\u0442\u0441\u044f \u0432 \u0437\u0430\u0432\u0438\u0441\u0438\u043c\u043e\u0441\u0442\u0438 \u043e\u0442 \u043d\u0430\u0431\u043e\u0440\u0430. \u041a\u043e\u043d\u0441\u0442\u0440\u0443\u043a\u0442\u043e\u0440 \u2013 \u043f\u0440\u0435\u043a\u0440\u0430\u0441\u043d\u0430\u044f \u0440\u0430\u0437\u0432\u0438\u0432\u0430\u044e\u0449\u0430\u044f \u0438\u0433\u0440\u0443\u0448\u043a\u0430. \u0425\u043e\u0440\u043e\u0448\u0438\u0439 \u0434\u0435\u0442\u0441\u043a\u0438\u0439 \u043a\u043e\u043d\u0441\u0442\u0440\u0443\u043a\u0442\u043e\u0440 \u043e\u0442\u043a\u0440\u044b\u0432\u0430\u0435\u0442 \u043f\u0440\u043e\u0441\u0442\u043e\u0440 \u0434\u043b\u044f \u0442\u0432\u043e\u0440\u0447\u0435\u0441\u0442\u0432\u0430, \u0434\u0430\u0435\u0442 \u0440\u0435\u0431\u0435\u043d\u043a\u0443 \u0432\u043e\u0437\u043c\u043e\u0436\u043d\u043e\u0441\u0442\u044c \u043f\u0440\u043e\u044f\u0432\u0438\u0442\u044c \u0441\u0432\u043e\u0438 \u0441\u043f\u043e\u0441\u043e\u0431\u043d\u043e\u0441\u0442\u0438 \u0438 \u043f\u043e\u043c\u043e\u0433\u0430\u0435\u0442 \u0440\u0430\u0437\u0432\u0438\u0432\u0430\u0442\u044c \u0438\u0445. \u0418\u0437\u0434\u0435\u043b\u0438\u0435 [&hellip;]<\/p>\n","protected":false},"featured_media":46737,"comment_status":"open","ping_status":"closed","template":"","meta":{"_acf_changed":false},"product_brand":[],"product_cat":[6711],"product_tag":[],"class_list":{"0":"post-46743","1":"product","2":"type-product","3":"status-publish","4":"has-post-thumbnail","6":"product_cat-ru_ru-konstruktory-trim-ro_","8":"first","9":"instock","10":"shipping-taxable","11":"purchasable","12":"product-type-simple"},"acf":[],"_links":{"self":[{"href":"https:\/\/minimax.md\/ru\/wp-json\/wp\/v2\/product\/46743","targetHints":{"allow":["GET"]}}],"collection":[{"href":"https:\/\/minimax.md\/ru\/wp-json\/wp\/v2\/product"}],"about":[{"href":"https:\/\/minimax.md\/ru\/wp-json\/wp\/v2\/types\/product"}],"replies":[{"embeddable":true,"href":"https:\/\/minimax.md\/ru\/wp-json\/wp\/v2\/comments?post=46743"}],"version-history":[{"count":0,"href":"https:\/\/minimax.md\/ru\/wp-json\/wp\/v2\/product\/46743\/revisions"}],"wp:featuredmedia":[{"embeddable":true,"href":"https:\/\/minimax.md\/ru\/wp-json\/wp\/v2\/media\/46737"}],"wp:attachment":[{"href":"https:\/\/minimax.md\/ru\/wp-json\/wp\/v2\/media?parent=46743"}],"wp:term":[{"taxonomy":"product_brand","embeddable":true,"href":"https:\/\/minimax.md\/ru\/wp-json\/wp\/v2\/product_brand?post=46743"},{"taxonomy":"product_cat","embeddable":true,"href":"https:\/\/minimax.md\/ru\/wp-json\/wp\/v2\/product_cat?post=46743"},{"taxonomy":"product_tag","embeddable":true,"href":"https:\/\/minimax.md\/ru\/wp-json\/wp\/v2\/product_tag?post=46743"}],"curies":[{"name":"wp","href":"https:\/\/api.w.org\/{rel}","templated":true}]}}