{"id":46814,"date":"2024-01-11T17:18:40","date_gmt":"2024-01-11T14:18:40","guid":{"rendered":"https:\/\/minimax.md\/product\/46814.html"},"modified":"2024-03-13T01:03:53","modified_gmt":"2024-03-12T22:03:53","slug":"ru_ru-pesochnyj-nabor-chernaja-zhemchuzhina-trim-ro_ro-set-de-nisip-perla-neagr","status":"publish","type":"product","link":"https:\/\/minimax.md\/ru\/product\/46814.html","title":{"rendered":"\u041f\u0435\u0441\u043e\u0447\u043d\u044b\u0439 \u043d\u0430\u0431\u043e\u0440 \"\u0427\u0435\u0440\u043d\u0430\u044f \u0436\u0435\u043c\u0447\u0443\u0436\u0438\u043d\u0430\""},"content":{"rendered":"<p>[:ru_RU]\u041f\u0435\u0441\u043e\u0447\u043d\u044b\u0439 \u043d\u0430\u0431\u043e\u0440 \u043d\u0435\u0441\u043e\u043c\u043d\u0435\u043d\u043d\u044b\u0439 \u0430\u0442\u0440\u0438\u0431\u0443\u0442 \u0432\u0441\u0435\u0445 \u043f\u0440\u043e\u0433\u0443\u043b\u043e\u043a \u043d\u0430 \u0443\u043b\u0438\u0446\u0435 \u0438 \u0438\u0433\u0440\u044b \u0432 \u043f\u0435\u0441\u043e\u0447\u043d\u0438\u0446\u0435.<br \/>\n\u041d\u0430\u0431\u043e\u0440 \u0441\u0434\u0435\u043b\u0430\u043d \u0438\u0437 \u043f\u043b\u0430\u0441\u0442\u0438\u043a\u0430, \u043f\u0440\u0435\u0434\u043c\u0435\u0442\u044b \u0443\u0434\u043e\u0431\u043d\u043e \u0434\u0435\u0440\u0436\u0430\u0442\u044c \u0432 \u0440\u0443\u043a\u0435.<br \/>\n\u041d\u0430\u0431\u043e\u0440 \u043f\u043e\u043c\u043e\u0436\u0435\u0442 \u0440\u0435\u0430\u043b\u0438\u0437\u043e\u0432\u0430\u0442\u044c \u0438\u043d\u0442\u0435\u0440\u0435\u0441\u043d\u0435\u0439\u0448\u0438\u0435 \u0438\u0434\u0435\u0438 \u0441 \u043f\u0435\u0441\u043a\u043e\u043c.<\/p>\n<p>\u0412 \u043f\u0435\u0441\u043e\u0447\u043d\u044b\u0439 \u043d\u0430\u0431\u043e\u0440 \u0432\u0445\u043e\u0434\u0438\u0442:<\/p>\n<p> \t\u0432\u0435\u0434\u0440\u043e &#8211; 12 \u0445 10 \u0445 12 \u0441\u043c (\u0431\u0435\u0437 \u0443\u0447\u0435\u0442\u0430 \u0440\u0443\u0447\u0435\u043a),<br \/>\n \t\u043b\u043e\u043f\u0430\u0442\u043a\u0430 (17 \u0441\u043c), \u0433\u0440\u0430\u0431\u043b\u0438 (15 \u0441\u043c)<br \/>\n \t\u043d\u0435\u0431\u043e\u043b\u044c\u0448\u043e\u0439 \u043a\u043e\u0440\u0430\u0431\u043b\u0438\u043a \u0441 \u043f\u0438\u0440\u0430\u0442\u0441\u043a\u0438\u043c\u0438 \u043f\u0430\u0440\u0443\u0441\u0430\u043c\u0438. (10 \u0445 6,4 \u0445 11 \u0441\u043c).<br \/>\n \t\u0413\u0430\u0431\u0430\u0440\u0438\u0442\u044b \u0432 \u0443\u043f\u0430\u043a\u043e\u0432\u043a\u0435: 12 x 12 x 10 \u0441\u043c<\/p>\n<p>\u0412 5 \u0432\u0430\u0440\u0438\u0430\u0446\u0438\u0439 \u0446\u0432\u0435\u0442\u043e\u0432.<\/p>\n<p>\u0412\u0441\u0435 \u0438\u0433\u0440\u0443\u0448\u043a\u0438 \u0422\u041c \u00ab\u041c\u0430\u043a\u0441\u0438\u043c\u0443\u0441\u00bb \u0438\u0437\u0433\u043e\u0442\u043e\u0432\u043b\u0435\u043d\u044b \u0438\u0437 \u0441\u0435\u0440\u0442\u0438\u0444\u0438\u0446\u0438\u0440\u043e\u0432\u0430\u043d\u043d\u043e\u0433\u043e \u0432\u044b\u0441\u043e\u043a\u043e\u043a\u0430\u0447\u0435\u0441\u0442\u0432\u0435\u043d\u043d\u043e\u0433\u043e \u043f\u043b\u0430\u0441\u0442\u0438\u043a\u0430 \u0438 \u0431\u0435\u0437\u043e\u043f\u0430\u0441\u043d\u044b\u0445 \u043f\u0438\u0449\u0435\u0432\u044b\u0445 \u043a\u0440\u0430\u0441\u0438\u0442\u0435\u043b\u0435\u0439.[trim][:ro_RO]<\/p>\n<p id=\"tw-target-text\" class=\"tw-data-text tw-text-large tw-ta\" dir=\"ltr\" data-placeholder=\"\u041f\u0435\u0440\u0435\u0432\u043e\u0434\"><span class=\"Y2IQFc\" lang=\"ro\">Setul pentru nisip este un atribut incontestabil al tuturor plimb\u0103rilor pe strad\u0103 \u0219i al jocului \u00een cutia cu nisip. Setul este realizat din plastic, articolele sunt confortabile de \u021binut \u00een m\u00e2n\u0103. Setul va ajuta la realizarea celor mai interesante idei cu nisip.<\/span><\/p>\n<p id=\"tw-target-text\" class=\"tw-data-text tw-text-large tw-ta\" dir=\"ltr\" data-placeholder=\"\u041f\u0435\u0440\u0435\u0432\u043e\u0434\"><span class=\"Y2IQFc\" lang=\"ro\">Setul include:<\/span><\/p>\n<ul>\n<li dir=\"ltr\" data-placeholder=\"\u041f\u0435\u0440\u0435\u0432\u043e\u0434\">g\u0103leat\u0103 &#8211; 12 x 10 x 12 cm (f\u0103r\u0103 m\u00e2ner),<\/li>\n<li dir=\"ltr\" data-placeholder=\"\u041f\u0435\u0440\u0435\u0432\u043e\u0434\">lopata (17 cm), grebla (15 cm)<\/li>\n<li dir=\"ltr\" data-placeholder=\"\u041f\u0435\u0440\u0435\u0432\u043e\u0434\">nav\u0103 mic\u0103 cu p\u00e2nze de pirat. (10 x 6,4 x 11 cm).<\/li>\n<li dir=\"ltr\" data-placeholder=\"\u041f\u0435\u0440\u0435\u0432\u043e\u0434\">Dimensiuni pachet: 12 x 12 x 10 cm.<\/li>\n<\/ul>\n<p class=\"tw-data-text tw-text-large tw-ta\" dir=\"ltr\" data-placeholder=\"\u041f\u0435\u0440\u0435\u0432\u043e\u0434\">\u00cen 5 variant<\/p>\n","protected":false},"excerpt":{"rendered":"<p>[:ru_RU]\u041f\u0435\u0441\u043e\u0447\u043d\u044b\u0439 \u043d\u0430\u0431\u043e\u0440 \u043d\u0435\u0441\u043e\u043c\u043d\u0435\u043d\u043d\u044b\u0439 \u0430\u0442\u0440\u0438\u0431\u0443\u0442 \u0432\u0441\u0435\u0445 \u043f\u0440\u043e\u0433\u0443\u043b\u043e\u043a \u043d\u0430 \u0443\u043b\u0438\u0446\u0435 \u0438 \u0438\u0433\u0440\u044b \u0432 \u043f\u0435\u0441\u043e\u0447\u043d\u0438\u0446\u0435. \u041d\u0430\u0431\u043e\u0440 \u0441\u0434\u0435\u043b\u0430\u043d \u0438\u0437 \u043f\u043b\u0430\u0441\u0442\u0438\u043a\u0430, \u043f\u0440\u0435\u0434\u043c\u0435\u0442\u044b \u0443\u0434\u043e\u0431\u043d\u043e \u0434\u0435\u0440\u0436\u0430\u0442\u044c \u0432 \u0440\u0443\u043a\u0435. \u041d\u0430\u0431\u043e\u0440 \u043f\u043e\u043c\u043e\u0436\u0435\u0442 \u0440\u0435\u0430\u043b\u0438\u0437\u043e\u0432\u0430\u0442\u044c \u0438\u043d\u0442\u0435\u0440\u0435\u0441\u043d\u0435\u0439\u0448\u0438\u0435 \u0438\u0434\u0435\u0438 \u0441 \u043f\u0435\u0441\u043a\u043e\u043c. \u0412 \u043f\u0435\u0441\u043e\u0447\u043d\u044b\u0439 \u043d\u0430\u0431\u043e\u0440 \u0432\u0445\u043e\u0434\u0438\u0442: \u0432\u0435\u0434\u0440\u043e &#8211; 12 \u0445 10 \u0445 12 \u0441\u043c (\u0431\u0435\u0437 \u0443\u0447\u0435\u0442\u0430 \u0440\u0443\u0447\u0435\u043a), \u043b\u043e\u043f\u0430\u0442\u043a\u0430 (17 \u0441\u043c), \u0433\u0440\u0430\u0431\u043b\u0438 (15 \u0441\u043c) \u043d\u0435\u0431\u043e\u043b\u044c\u0448\u043e\u0439 \u043a\u043e\u0440\u0430\u0431\u043b\u0438\u043a \u0441 \u043f\u0438\u0440\u0430\u0442\u0441\u043a\u0438\u043c\u0438 \u043f\u0430\u0440\u0443\u0441\u0430\u043c\u0438. (10 [&hellip;]<\/p>\n","protected":false},"featured_media":46812,"comment_status":"open","ping_status":"closed","template":"","meta":{"_acf_changed":false},"product_brand":[],"product_cat":[6702],"product_tag":[],"class_list":{"0":"post-46814","1":"product","2":"type-product","3":"status-publish","4":"has-post-thumbnail","6":"product_cat-ru_ru-dlja-pesochnicy-trim","8":"first","9":"instock","10":"shipping-taxable","11":"purchasable","12":"product-type-simple"},"acf":[],"_links":{"self":[{"href":"https:\/\/minimax.md\/ru\/wp-json\/wp\/v2\/product\/46814","targetHints":{"allow":["GET"]}}],"collection":[{"href":"https:\/\/minimax.md\/ru\/wp-json\/wp\/v2\/product"}],"about":[{"href":"https:\/\/minimax.md\/ru\/wp-json\/wp\/v2\/types\/product"}],"replies":[{"embeddable":true,"href":"https:\/\/minimax.md\/ru\/wp-json\/wp\/v2\/comments?post=46814"}],"version-history":[{"count":0,"href":"https:\/\/minimax.md\/ru\/wp-json\/wp\/v2\/product\/46814\/revisions"}],"wp:featuredmedia":[{"embeddable":true,"href":"https:\/\/minimax.md\/ru\/wp-json\/wp\/v2\/media\/46812"}],"wp:attachment":[{"href":"https:\/\/minimax.md\/ru\/wp-json\/wp\/v2\/media?parent=46814"}],"wp:term":[{"taxonomy":"product_brand","embeddable":true,"href":"https:\/\/minimax.md\/ru\/wp-json\/wp\/v2\/product_brand?post=46814"},{"taxonomy":"product_cat","embeddable":true,"href":"https:\/\/minimax.md\/ru\/wp-json\/wp\/v2\/product_cat?post=46814"},{"taxonomy":"product_tag","embeddable":true,"href":"https:\/\/minimax.md\/ru\/wp-json\/wp\/v2\/product_tag?post=46814"}],"curies":[{"name":"wp","href":"https:\/\/api.w.org\/{rel}","templated":true}]}}