{"id":46827,"date":"2024-01-11T17:18:42","date_gmt":"2024-01-11T14:18:42","guid":{"rendered":"https:\/\/minimax.md\/product\/46827.html"},"modified":"2024-03-13T01:03:53","modified_gmt":"2024-03-12T22:03:53","slug":"ru_ru-kukla-monster-high-v-assortimente-trim-ro_ro-p-pu-a-monster-high-n-asortiment","status":"publish","type":"product","link":"https:\/\/minimax.md\/ru\/product\/46827.html","title":{"rendered":"\u041a\u0443\u043a\u043b\u0430 Monster High \u0432 \u0430\u0441\u0441\u043e\u0440\u0442\u0438\u043c\u0435\u043d\u0442\u0435"},"content":{"rendered":"<p>[:ru_RU]Monster High \u0432\u043e\u0437\u0432\u0440\u0430\u0449\u0430\u0435\u0442\u0441\u044f \u0441 \u043e\u0447\u0430\u0440\u043e\u0432\u0430\u0442\u0435\u043b\u044c\u043d\u043e-\u0436\u0443\u0442\u043a\u0438\u043c\u0438 \u0440\u0435\u043f\u0440\u043e\u0434\u0443\u043a\u0446\u0438\u044f\u043c\u0438 \u043e\u0440\u0438\u0433\u0438\u043d\u0430\u043b\u044c\u043d\u044b\u0445 \u0433\u0443\u043b\u0435\u0439, \u0438 \u043e\u043d\u0438 \u0442\u0430\u043a\u0438\u0435 \u0436\u0435 \u043f\u0440\u0438\u0447\u0443\u0434\u043b\u0438\u0432\u043e-\u0441\u043a\u0430\u0437\u043e\u0447\u043d\u044b\u0435, \u043a\u0430\u043a \u0438 \u0432 \u043f\u0435\u0440\u0432\u044b\u0439 \u0434\u0435\u043d\u044c \u0432 \u0448\u043a\u043e\u043b\u0435!<\/p>\n<p>\u0421 \u0433\u0438\u0431\u043a\u0438\u043c\u0438 \u043b\u043e\u043a\u0442\u044f\u043c\u0438, \u0437\u0430\u043f\u044f\u0441\u0442\u044c\u044f\u043c\u0438 \u0438 \u043a\u043e\u043b\u0435\u043d\u044f\u043c\u0438 \u043f\u043e\u043a\u043b\u043e\u043d\u043d\u0438\u043a\u0438 \u043c\u043e\u0433\u0443\u0442 \u0437\u0430\u043f\u0435\u0447\u0430\u0442\u043b\u0435\u0442\u044c \u044d\u0442\u0443 \u043a\u043e\u043b\u043b\u0435\u043a\u0446\u0438\u043e\u043d\u043d\u0443\u044e \u043a\u0443\u043a\u043b\u0443 Monster High \u0432 \u0436\u0443\u0442\u043a\u0438\u0445 \u043f\u043e\u0437\u0430\u0445 \u0434\u043b\u044f \u0438\u0433\u0440\u044b \u0438\u043b\u0438 \u0434\u0435\u043c\u043e\u043d\u0441\u0442\u0440\u0430\u0446\u0438\u0438!<\/p>\n<p>\u0412\u043a\u043b\u044e\u0447\u0430\u0435\u0442 \u0440\u0435\u043f\u0440\u043e\u0434\u0443\u043a\u0446\u0438\u044e \u043a\u0443\u043a\u043b\u044b Monster High \u0414\u0440\u0430\u043a\u0443\u043b\u0430\u0443\u0440\u044b &#8211; \u043a\u043e\u0434 HKY74, \u041a\u043b\u043e\u0434\u0438\u043d \u0412\u0443\u043b\u044c\u0444 &#8211; \u043a\u043e\u0434 HKY75, \u0424\u0440\u044d\u043d\u043a\u0438 \u0428\u0442\u0430\u0439\u043d- \u043a\u043e\u0434 HKY76,\u00a0 \u0432 \u043a\u0440\u0430\u0441\u0438\u0432\u043e\u0439 \u043e\u0434\u0435\u0436\u0434\u0435 \u0438 \u0441 \u0430\u043a\u0441\u0435\u0441\u0441\u0443\u0430\u0440\u0430\u043c\u0438.<\/p>\n<p>\u041a\u0443\u043a\u043b\u0430 \u043d\u0435 \u043c\u043e\u0436\u0435\u0442 \u0441\u0442\u043e\u044f\u0442\u044c \u043e\u0434\u043d\u0430.<\/p>\n<p> \u0426\u0432\u0435\u0442\u0430 \u0438 \u0443\u043a\u0440\u0430\u0448\u0435\u043d\u0438\u044f \u043c\u043e\u0433\u0443\u0442 \u043e\u0442\u043b\u0438\u0447\u0430\u0442\u044c\u0441\u044f[trim][:ro_RO]<strong>Monster High a revenit cu reproduceri adorabil de \u00eenfior\u0103toare ale ghoul-urilor originale \u0219i sunt la fel de ciuda\u021bi \u0219i fabulosi ca \u00een prima lor zi de \u0219coal\u0103!<\/strong><\/p>\n<p>Cu un suport pentru p\u0103pu\u0219i \u0219i coate flexibile, \u00eencheieturi \u0219i genunchi, fanii pot avea aceast\u0103 p\u0103pu\u0219\u0103 Monster High de colec\u021bie \u00een ipostaze \u00eenfior\u0103toare pentru joac\u0103 sau afi\u0219are!<\/p>\n<p><em>Include o reproducere a p\u0103pu\u0219ii Monster High Draculaura &#8211; cod HKY74, \u041aClawdeen Wolf &#8211; cod HKY75, Frankie Stein &#8211; cod HKY76,\u00a0 cu haine uimitoare \u0219i accesorii.<\/em><\/p>\n<p><em>P\u0103pu\u0219a nu poate sta singur\u0103.<\/em><\/p>\n<p><em>Culorile \u0219i ornamentele pot varia<\/em><\/p>\n","protected":false},"excerpt":{"rendered":"<p>[:ru_RU]Monster High \u0432\u043e\u0437\u0432\u0440\u0430\u0449\u0430\u0435\u0442\u0441\u044f \u0441 \u043e\u0447\u0430\u0440\u043e\u0432\u0430\u0442\u0435\u043b\u044c\u043d\u043e-\u0436\u0443\u0442\u043a\u0438\u043c\u0438 \u0440\u0435\u043f\u0440\u043e\u0434\u0443\u043a\u0446\u0438\u044f\u043c\u0438 \u043e\u0440\u0438\u0433\u0438\u043d\u0430\u043b\u044c\u043d\u044b\u0445 \u0433\u0443\u043b\u0435\u0439, \u0438 \u043e\u043d\u0438 \u0442\u0430\u043a\u0438\u0435 \u0436\u0435 \u043f\u0440\u0438\u0447\u0443\u0434\u043b\u0438\u0432\u043e-\u0441\u043a\u0430\u0437\u043e\u0447\u043d\u044b\u0435, \u043a\u0430\u043a \u0438 \u0432 \u043f\u0435\u0440\u0432\u044b\u0439 \u0434\u0435\u043d\u044c \u0432 \u0448\u043a\u043e\u043b\u0435! \u0421 \u0433\u0438\u0431\u043a\u0438\u043c\u0438 \u043b\u043e\u043a\u0442\u044f\u043c\u0438, \u0437\u0430\u043f\u044f\u0441\u0442\u044c\u044f\u043c\u0438 \u0438 \u043a\u043e\u043b\u0435\u043d\u044f\u043c\u0438 \u043f\u043e\u043a\u043b\u043e\u043d\u043d\u0438\u043a\u0438 \u043c\u043e\u0433\u0443\u0442 \u0437\u0430\u043f\u0435\u0447\u0430\u0442\u043b\u0435\u0442\u044c \u044d\u0442\u0443 \u043a\u043e\u043b\u043b\u0435\u043a\u0446\u0438\u043e\u043d\u043d\u0443\u044e \u043a\u0443\u043a\u043b\u0443 Monster High \u0432 \u0436\u0443\u0442\u043a\u0438\u0445 \u043f\u043e\u0437\u0430\u0445 \u0434\u043b\u044f \u0438\u0433\u0440\u044b \u0438\u043b\u0438 \u0434\u0435\u043c\u043e\u043d\u0441\u0442\u0440\u0430\u0446\u0438\u0438! \u0412\u043a\u043b\u044e\u0447\u0430\u0435\u0442 \u0440\u0435\u043f\u0440\u043e\u0434\u0443\u043a\u0446\u0438\u044e \u043a\u0443\u043a\u043b\u044b Monster High \u0414\u0440\u0430\u043a\u0443\u043b\u0430\u0443\u0440\u044b &#8211; \u043a\u043e\u0434 HKY74, \u041a\u043b\u043e\u0434\u0438\u043d \u0412\u0443\u043b\u044c\u0444 &#8211; \u043a\u043e\u0434 HKY75, [&hellip;]<\/p>\n","protected":false},"featured_media":46815,"comment_status":"open","ping_status":"closed","template":"","meta":{"_acf_changed":false},"product_brand":[],"product_cat":[6697],"product_tag":[],"class_list":{"0":"post-46827","1":"product","2":"type-product","3":"status-publish","4":"has-post-thumbnail","6":"product_cat-ru_ru-kukly-trim-ro_ro-p-pu","8":"first","9":"instock","10":"shipping-taxable","11":"purchasable","12":"product-type-simple"},"acf":[],"_links":{"self":[{"href":"https:\/\/minimax.md\/ru\/wp-json\/wp\/v2\/product\/46827","targetHints":{"allow":["GET"]}}],"collection":[{"href":"https:\/\/minimax.md\/ru\/wp-json\/wp\/v2\/product"}],"about":[{"href":"https:\/\/minimax.md\/ru\/wp-json\/wp\/v2\/types\/product"}],"replies":[{"embeddable":true,"href":"https:\/\/minimax.md\/ru\/wp-json\/wp\/v2\/comments?post=46827"}],"version-history":[{"count":0,"href":"https:\/\/minimax.md\/ru\/wp-json\/wp\/v2\/product\/46827\/revisions"}],"wp:featuredmedia":[{"embeddable":true,"href":"https:\/\/minimax.md\/ru\/wp-json\/wp\/v2\/media\/46815"}],"wp:attachment":[{"href":"https:\/\/minimax.md\/ru\/wp-json\/wp\/v2\/media?parent=46827"}],"wp:term":[{"taxonomy":"product_brand","embeddable":true,"href":"https:\/\/minimax.md\/ru\/wp-json\/wp\/v2\/product_brand?post=46827"},{"taxonomy":"product_cat","embeddable":true,"href":"https:\/\/minimax.md\/ru\/wp-json\/wp\/v2\/product_cat?post=46827"},{"taxonomy":"product_tag","embeddable":true,"href":"https:\/\/minimax.md\/ru\/wp-json\/wp\/v2\/product_tag?post=46827"}],"curies":[{"name":"wp","href":"https:\/\/api.w.org\/{rel}","templated":true}]}}